{"id":75,"date":"2017-10-26T10:38:21","date_gmt":"2017-10-26T12:38:21","guid":{"rendered":"https:\/\/wp.ufpel.edu.br\/labnema\/?page_id=75"},"modified":"2023-05-31T12:20:43","modified_gmt":"2023-05-31T15:20:43","slug":"docentes","status":"publish","type":"page","link":"https:\/\/wp.ufpel.edu.br\/labnema\/bem-vindo-ao-site-do-laboratorio-de-nematologia-da-universidade-federal-de-pelotas-nosso-realiza-trabalho-com-nematoides-parasitos-de-plantas-nas-mais-diversas-culturas-de-interesse-economico-princi\/pessoas\/docentes\/","title":{"rendered":"Docentes"},"content":{"rendered":"<ul>\n<li><strong>Docente Respons\u00e1vel\u00a0(Dr. Jer\u00f4nimo Vieira de Ara\u00fajo Filho)<\/strong><\/li>\n<\/ul>\n<p><img class=\"size-medium wp-image-136 aligncenter\" src=\"https:\/\/wp.ufpel.edu.br\/labnema\/files\/2023\/05\/4735-300x400.jpg\" alt=\"\" width=\"300\" height=\"400\" srcset=\"https:\/\/wp.ufpel.edu.br\/labnema\/files\/2023\/05\/4735-300x400.jpg 300w, https:\/\/wp.ufpel.edu.br\/labnema\/files\/2023\/05\/4735.jpg 600w\" sizes=\"(max-width: 300px) 100vw, 300px\" \/><\/p>\n<p style=\"text-align: justify;\">Graduado em Agronomia pela Universidade de Rio Verde (2006). Mestre em Agronomia (Fitopatologia) pela Universidade de S\u00e3o Paulo (2009) e Doutor em Ci\u00eancias (Fitopatologia) pela Universidade de S\u00e3o Paulo (2012). Foi pesquisador IV na Empresa de Pesquisa Agropecu\u00e1ria e Extens\u00e3o Rural de Santa Catarina (EPAGRI\/EESJ), onde desenvolveu estudos com doen\u00e7as infecciosas em fruteiras de clima temperado (macieira, videira, goiaba-serrana, entre outras). Atualmente \u00e9 Professor Adjunto A da Universidade Federal de Pelotas-Faculdade de Agronomia Eliseu Maciel (email: jeronimo.vieira@ufpel.edu.br). Tem experi\u00eancia na \u00e1rea de Fitopatologia e Parasitologia Agricola, atuando principalmente em nematologia de plantas (taxonomia, rela\u00e7\u00e3o parasito-hospedeiro e manejo integrado).<\/p>\n<p>CV:\u00a0http:\/\/lattes.cnpq.br\/5547889561263687<\/p>\n<p>&nbsp;<\/p>\n<ul>\n<li><strong>Docente Colaborador<\/strong><\/li>\n<\/ul>\n<p>&nbsp;<\/p>\n<p>&nbsp;<\/p>\n","protected":false},"excerpt":{"rendered":"<p>Docente Respons\u00e1vel\u00a0(Dr. Jer\u00f4nimo Vieira de Ara\u00fajo Filho) Graduado em Agronomia pela Universidade de Rio Verde (2006). Mestre em Agronomia (Fitopatologia) pela Universidade de S\u00e3o Paulo (2009) e Doutor em Ci\u00eancias (Fitopatologia) pela Universidade de S\u00e3o Paulo (2012). Foi pesquisador IV na Empresa de Pesquisa Agropecu\u00e1ria e Extens\u00e3o Rural de Santa Catarina (EPAGRI\/EESJ), onde desenvolveu estudos [&hellip;]<\/p>\n","protected":false},"author":677,"featured_media":0,"parent":58,"menu_order":0,"comment_status":"closed","ping_status":"closed","template":"","meta":{"footnotes":""},"class_list":["post-75","page","type-page","status-publish","hentry"],"_links":{"self":[{"href":"https:\/\/wp.ufpel.edu.br\/labnema\/wp-json\/wp\/v2\/pages\/75","targetHints":{"allow":["GET"]}}],"collection":[{"href":"https:\/\/wp.ufpel.edu.br\/labnema\/wp-json\/wp\/v2\/pages"}],"about":[{"href":"https:\/\/wp.ufpel.edu.br\/labnema\/wp-json\/wp\/v2\/types\/page"}],"author":[{"embeddable":true,"href":"https:\/\/wp.ufpel.edu.br\/labnema\/wp-json\/wp\/v2\/users\/677"}],"replies":[{"embeddable":true,"href":"https:\/\/wp.ufpel.edu.br\/labnema\/wp-json\/wp\/v2\/comments?post=75"}],"version-history":[{"count":7,"href":"https:\/\/wp.ufpel.edu.br\/labnema\/wp-json\/wp\/v2\/pages\/75\/revisions"}],"predecessor-version":[{"id":137,"href":"https:\/\/wp.ufpel.edu.br\/labnema\/wp-json\/wp\/v2\/pages\/75\/revisions\/137"}],"up":[{"embeddable":true,"href":"https:\/\/wp.ufpel.edu.br\/labnema\/wp-json\/wp\/v2\/pages\/58"}],"wp:attachment":[{"href":"https:\/\/wp.ufpel.edu.br\/labnema\/wp-json\/wp\/v2\/media?parent=75"}],"curies":[{"name":"wp","href":"https:\/\/api.w.org\/{rel}","templated":true}]}}