{"id":160,"date":"2023-05-31T14:28:33","date_gmt":"2023-05-31T17:28:33","guid":{"rendered":"https:\/\/wp.ufpel.edu.br\/labnema\/?page_id=160"},"modified":"2023-05-31T14:44:40","modified_gmt":"2023-05-31T17:44:40","slug":"publicacoes-em-periodicos-especializados","status":"publish","type":"page","link":"https:\/\/wp.ufpel.edu.br\/labnema\/publicacoes-em-periodicos-especializados\/","title":{"rendered":"Publica\u00e7\u00f5es"},"content":{"rendered":"<p>SILVA, W.R.; DIVERS, M.; CORREIA, G.S.; MARTINS, S.O.; SCHAFER, J.T.; ARA\u00daJO FILHO, J.V.; BARROS, D.R.; GOMES, C.B. Characterization of <em>Mesocriconema<\/em> species associated with grapevine decline disease in southern Brazil. <strong>Tropical Plant Pathology<\/strong>, 2023.<\/p>\n<p>DALLAGNOL, L.J.; PAZDIORA, P.C.;DE MIRANDA, M.Z.; TATSCH, P.O.; RAMOS, A.E.R.; Araujo Filho, J.V. Silicon ameliorates wheat technological quality under biotic stress. <strong>Tropical Plant Pathology<\/strong>, v. 48, p. 226-235, 2023.<\/p>\n<p>RAMOS, E.K.K.; PAZDIORA, P.C.; DALLAGNOL, L.J.; ARA\u00daJO FILHO, J.V. Plant parasitic nematode communities associated to apple orchards in the Southern Brazil. <strong>Tropical Plant Pathology<\/strong>, 2022.<\/p>\n<p>RAMOS, E.K.K.; PAZDIORA, P.C.; DALLAGNOL, L.J.; SOUZA, M.R.; ARA\u00daJO FILHO, J.V. First report of Seville root-knot nematode (<em>Meloidogyne hispanica<\/em>) infecting tobacco in the Brazil. <strong>Journal of Plant Diseases and Protection<\/strong>, 2022.<\/p>\n<p>CORREIA, G.S.; ARA\u00daJO FILHO, J.V.; SILVA, W.R.; MOCCELLIN, R.; RESENDE, F.V.; PINHEIRO, J.B.; GRINBERG, P.S.; GOMES, C.B. Reaction of garlic genotypes to <em>Ditylenchus dipsaci<\/em> and aspects related to productivity in a naturally infested area. <strong>HORTICULTURA BRASILEIRA<\/strong>, v. 40, p. 451, 2022.<\/p>\n<div class=\"layout-cell layout-cell-1 text-align-right\">\n<div class=\"layout-cell-pad-5 text-align-right\" style=\"text-align: justify;\"><span style=\"text-align: justify;\">SCHMITT, J.; PORTELA, V.O.; SANTANA, N.A.; BELLE, C.; PACHECO, D.; ANTONIOLLI, Z.I.; ANGHINONE, I.; CARES, J.E.; <\/span>ARAUJO FILHO, J.V.<span style=\"text-align: justify;\">; JACQUES, R.J.S. Effect of Grazing Intensity on plant-parasitic nematodes in an integrated croplivestock system with low plant diversity. <strong>APPLIED SOIL ECOLOGY<\/strong><\/span><span style=\"text-align: justify;\">, v. 163, p. 103908, 2021.<\/span><\/div>\n<div><\/div>\n<div class=\"layout-cell-pad-5 text-align-right\" style=\"text-align: justify;\">A-CALSIN, C.P.; SILVA, W.R.; GRINBERG, P.S.; ARA\u00daJO FILHO, J.V.; GOMES, C.B. Occurrence of <em>Meloidogyne morocciensis<\/em> parasitizing beetroot in Brazil. <strong>EUROPEAN JOURNAL OF PLANT PATHOLOGY,<\/strong> 2021.<\/div>\n<\/div>\n<div class=\"layout-cell layout-cell-1 text-align-right\">\n<div><\/div>\n<div class=\"layout-cell-pad-5 text-align-right\">MARQUEZ, L.A.Y.; GOMES, C.B.; BELLE, C.; DALLAGNOL, L.J.; ARA\u00daJO FILHO, J.V. Unveiling the structure and distribution of plant-parasitic nematode communities in soybean fields in southern of the Brazil. <strong>EUROPEAN JOURNAL OF PLANT PATHOLOGY<\/strong>, 2021.<\/div>\n<\/div>\n<div class=\"layout-cell layout-cell-1 text-align-right\">\n<div class=\"layout-cell-pad-5 text-align-right\"><\/div>\n<\/div>\n<div class=\"layout-cell layout-cell-11\">\n<div class=\"layout-cell-pad-5\">BONFIM JUNIOR, M.F.\u00a0;\u00a0INOMOTO, M.M.; ARA\u00daJO FILHO, J.V.\u00a0Phytonematodes infesting common bean fields in Brazil, and pathogenicity tests with <em>Pratylenchus brachyurus<\/em>. <strong>ARQUIVOS DO INSTITUTO BIOL\u00d3GICO<\/strong>, v. 88, p. e00312020, 2021.<\/div>\n<\/div>\n<div class=\"layout-cell layout-cell-11\">\n<div><\/div>\n<div class=\"layout-cell-pad-5\">MARQUEZ, L.A.Y.; BRUM, D.; GOMES, C.B.; HELLER, E.; NEUSCHRANK, E.L.; ARA\u00daJO FILHO, J.V.\u00a0Host status of soybean genotypes to <em>Meloidogyne<\/em> species. <strong>CI\u00caNCIA RURAL<\/strong>, v. 50, p. e20190637, 2020.<\/div>\n<div><\/div>\n<\/div>\n<div class=\"layout-cell layout-cell-1 text-align-right\">\n<div class=\"layout-cell-pad-5 text-align-right\">BRIGHENTI, A.F.; MUNHOZ, B.; WURZ, D.A.; PASA, M.S.; PINTO, F.A.M.F.; ARA\u00daJO FILHO, J.V.; SILVA, A. L. Techniques to modify cluster architecture and their effect on the viticultural performance of the Sauvignon Blanc cultivar. <strong>PESQUISA AGROPECU\u00c1RIA BRASILEIRA<\/strong>, v. 55, p. e01900, 2020.<b><\/b><\/div>\n<div><\/div>\n<\/div>\n<div class=\"layout-cell layout-cell-11\">\n<div class=\"layout-cell-pad-5\">PAZDIORA, PC.; DORNELES, K.R.; Ara\u00fajo Filho, J.V.; ROSSETTO, E.A.; GUATIMOSIM, E.; DALLAGNOL, L.J. First report of blueberry leaf rust caused by <em>Thekopsora minima<\/em> on blueberry (<em>Vaccinium corymbosum<\/em>) in South America. <strong>PLANT DISEASE<\/strong>, 2019.<\/div>\n<\/div>\n<div class=\"layout-cell layout-cell-11\">\n<div><\/div>\n<div class=\"layout-cell-pad-5\">DIVERS, M.; GOMES, C.B.; MENEZES-NETTO, A.C.; LIMA-MEDINA, I.; NONDILLO, A.; BELLE, C.; ARA\u00daJO FILHO, J.V.\u00a0Diversity of plant-parasitic nematodes parasitising grapes in Southern Brazil. <strong>Tropical Plant Pathology<\/strong>, 2019.<\/div>\n<\/div>\n<div class=\"layout-cell layout-cell-11\">\n<div><\/div>\n<div class=\"layout-cell-pad-5\">ARAUJO, L.; PINTO, F.A.M.F. ; ARA\u00daJO FILHO, J.V.; Medeiros, H.A.; PASA, M.S.; KRUEGER, R. Sistema de alerta e previs\u00f5es para o controle das doen\u00e7as da macieira no estado de Santa Catarina. <strong>Revista Agropecu\u00e1ria Catarinense,<\/strong> v. 36, p. 86-91, 2019.<\/div>\n<\/div>\n<div class=\"layout-cell layout-cell-11\">\n<div style=\"text-align: justify;\"><\/div>\n<div class=\"layout-cell-pad-5\" style=\"text-align: justify;\">MARQUEZ, L. A.Y.; DIVERS, M.; ARA\u00daJO FILHO, J.V.; GOMES, C.B. First report of <em>Meloidogyne ethiopica<\/em> and <em>M. javanica<\/em> in <em>Rumex<\/em> spp. in Rio Grande do Sul State, Brazil. <strong>JOURNAL OF NEMATOLOGY<\/strong>, 2019.<\/div>\n<\/div>\n<p>OLIVEIRA, C.M.; PETROFEZA, S.S.; SOUZA JUNIOR, I.T.; ARA\u00daJO FILHO, J.V.; ROCHA, M.R.; FREITAS, M. Morphological, biochemical, and molecular characterization of <em>Meloidogyne<\/em> spp. populations from Brazilian soybean production regions. <strong>Ci\u00eancia Rural<\/strong>, v. 47, p. 1-4, 2017.<\/p>\n<p>MEDEIROS, H. A.;\u00a0ARA\u00daJO FILHO, J. V.; FREITAS, L. G.; CASTILLO, P.; RUBIO, M. B.; HERMOSA, R. Tomato progeny inherit resistance to the nematode <em>Meloidogyne javanica<\/em> linked to plant growth induced by the biocontrol fungus <em>Trichoderma atroviride<\/em>. Scientific Reports, v. 7, p. 40216, 2017.<\/p>\n<p>WURZ, D. A.; BRIGHENTI, A. F.; ALLEBRANDT, R.; MARCON FILHO, J. L.; BEM, B. F.;\u00a0ARA\u00daJO FILHO, J.V.; RUFATO, L.; KRETZCHMAR, A. A. Desfolha precoce como estrat\u00e9gia de controle da podrid\u00e3o de <em>Botrytis cinerea<\/em> na videira Cabernet Sauvignon em regi\u00f5es de altitude. Summa Phytopathologica, v. 43, p. 111-117, 2017.<\/p>\n<div class=\"layout-cell layout-cell-11\">\n<div class=\"layout-cell-pad-5\" style=\"text-align: justify;\">PASA, M. S.; KATSURAYAMA, J. M.; BRIGHENTI, A. F.;\u00a0ARA\u00daJO FILHO, J. V.; BONETI, J. I. Desempenho de macieiras &#8216;Imperial Gala&#8217; e &#8216;Mishima Fuji&#8217; em diferentes porta-enxertos. Pesquisa Agropecu\u00e1ria Brasileira, v. 51, p. 17-26, 2016.<\/div>\n<div style=\"text-align: justify;\"><\/div>\n<div class=\"layout-cell-pad-5\" style=\"text-align: justify;\">MACHADO, A.C.Z.; DORIGO, O.F.; CARNEIRO, R.M.D.G.; ARA\u00daJO FILHO, J.V. <em>Meloidogyne luci<\/em>, a new infecting nematode species on common bean fields at Paran\u00e1 State, Brazil. Helminthologia, v. 53, p. 207-2010, 2016.<\/div>\n<\/div>\n<div class=\"layout-cell layout-cell-11\">\n<div class=\"layout-cell-pad-5\">\n<p style=\"text-align: justify;\">ARA\u00daJO FILHO, J.V.; Machado, A.C.Z.; DALLAGNOL, L.J.; CAMARGO, L.E.A. Root-Knot Nematodes ( <em>Meloidogyne<\/em> spp.) Parasitizing Resistant Tobacco Cultivars in Southern Brazil. Plant Disease, v. 100, p. 1222-1231, 2016.<\/p>\n<p style=\"text-align: justify;\">MACHADO, A.C.Z.; ARA\u00daJO FILHO, J.V. Broad-sense heritability and variance component estimates for <em>Pratylenchus brachyurus<\/em> resistance in Brazilian soybean genotypes. Tropical Plant Pathology, v. 41, p. 390-396, 2016.<\/p>\n<p style=\"text-align: justify;\">OLIVEIRA, T.S.; DALLAGNOL, L.J.; ARAUJO FILHO, J.V.; CASTRO MORETTI, F.R.; CAMARGO, L.E.A. First Report of Powdery Mildew Caused by <em>Erysiphe platani<\/em> on <em>Platanus \u00d7 acerifolia<\/em> in Rio Grande do Sul, Brazil. Plant Disease, v. 99, p. 157-157, 2015.<\/p>\n<p style=\"text-align: justify;\">DALLAGNOL, L.J.; FERREIRA, L.; ARA\u00daJO FILHO, J.V.; MORETTI, F.C.; CAMARGO, L. E. A. Gray Mold Caused by on Edible Pods of Pea in Brazil. Plant Disease, v. 98, 2014.<\/p>\n<p style=\"text-align: justify;\">MACHADO, A.C.Z.; ARA\u00daJO FILHO, J.V. Host status and phenotypic diversity of rice cultivars resistant to <em>Meloidogyne<\/em> species under glasshouse conditions. Nematology (Leiden. Print), v. 16, p. 991-999, 2014.<\/p>\n<p style=\"text-align: justify;\">ARA\u00daJO FILHO, J.V.; BONFIM JUNIOR, M.F.; MORETTI, F.C. <em>Pratylenchus brachyurus<\/em> (Nematoda: Pratylenchidae) in Guariroba in the state of Goi\u00e1s, Brazil. Helminthologia, v. 51, p. 352-354, 2014.<\/p>\n<p style=\"text-align: justify;\">ARA\u00daJO FILHO, J. V.; MACHADO, A.C.Z.; FARIA, R.S.C.A.; CAMARGO, L.E.A. Root-Knot disease caused by <em>Meloidogyne arenaria<\/em> and <em>Meloidogyne javanica<\/em> in Teak in S\u00e3o Paulo State, Brazil. Plant Disease, v. 96, p. 151-151, 2012.<\/p>\n<p style=\"text-align: justify;\">MASCARIN, G.M.; BONFIM JUNIOR, M.F.; ARA\u00daJO FILHO, J.V. <em>Trichoderma harzianum<\/em> reduces population of <em>Meloidogyne incognita<\/em> in cucumber plants under greenhouse conditions. Journal of Entomology and Nematology, v. 6, p. 54-57, 2012.<\/p>\n<p style=\"text-align: justify;\">Bonfim, M.F.; Machado, A.C.Z.; Ara\u00fajo Filho, J.V. <em>Pratylenchus brachyurus<\/em> (Nematoda: Pratylenchidae) on macadamia in Brazil. Australasian Plant Disease Notes, v. 2011, p. 1, 2011.<\/p>\n<p style=\"text-align: justify;\">ARA\u00daJO FILHO, J.V.; INOMOTO, M.M.; GODOY, R.; FERRAZ, L.C.C.B. Resist\u00eancia de linhagens de feij\u00e3o-guandu a <em>Meloidogyne javanica<\/em>. Nematologia Brasileira, v. 34(2), p. 75-81, 2010.<\/p>\n<p style=\"text-align: justify;\">ARA\u00daJO FILHO, J.V.; MACHADO, A.C.Z.; FERRAZ, L.C.C.B. Host status of some selected Brazilian upland rice cultivars to <em>Meloidogyne incognita<\/em> race 4 and Rotylenchulus reniformis. Nematology (Leiden. Print), v. 12, p. 929-934, 2010.<\/p>\n<p style=\"text-align: justify;\">MACHADO, A.C.Z.; BONFIM JUNIOR, M.F.; ARA\u00daJO FILHO, J.V. Pequi is Host for <em>Pratylenchus zeae<\/em> in the Brazilian Cerrado Region. Plant Disease, v. 94, p. 790-790, 2010.<\/p>\n<p style=\"text-align: justify;\">ARA\u00daJO FILHO, J.V.; INOMOTO, M.M.; GODOY, R.; FERRAZ, L.C.C.B. Rea\u00e7\u00e3o de linhagens de feij\u00e3o-guandu frente a <em>Rotylenchulus reniformis<\/em> e <em>Pratylenchus zeae<\/em>. Nematologia Brasileira, v. 34(4), p. 204-210, 2010.<\/p>\n<\/div>\n<\/div>\n","protected":false},"excerpt":{"rendered":"<p>SILVA, W.R.; DIVERS, M.; CORREIA, G.S.; MARTINS, S.O.; SCHAFER, J.T.; ARA\u00daJO FILHO, J.V.; BARROS, D.R.; GOMES, C.B. Characterization of Mesocriconema species associated with grapevine decline disease in southern Brazil. Tropical Plant Pathology, 2023. DALLAGNOL, L.J.; PAZDIORA, P.C.;DE MIRANDA, M.Z.; TATSCH, P.O.; RAMOS, A.E.R.; Araujo Filho, J.V. Silicon ameliorates wheat technological quality under biotic stress. Tropical [&hellip;]<\/p>\n","protected":false},"author":677,"featured_media":0,"parent":0,"menu_order":0,"comment_status":"closed","ping_status":"closed","template":"","meta":{"footnotes":""},"class_list":["post-160","page","type-page","status-publish","hentry"],"_links":{"self":[{"href":"https:\/\/wp.ufpel.edu.br\/labnema\/wp-json\/wp\/v2\/pages\/160","targetHints":{"allow":["GET"]}}],"collection":[{"href":"https:\/\/wp.ufpel.edu.br\/labnema\/wp-json\/wp\/v2\/pages"}],"about":[{"href":"https:\/\/wp.ufpel.edu.br\/labnema\/wp-json\/wp\/v2\/types\/page"}],"author":[{"embeddable":true,"href":"https:\/\/wp.ufpel.edu.br\/labnema\/wp-json\/wp\/v2\/users\/677"}],"replies":[{"embeddable":true,"href":"https:\/\/wp.ufpel.edu.br\/labnema\/wp-json\/wp\/v2\/comments?post=160"}],"version-history":[{"count":2,"href":"https:\/\/wp.ufpel.edu.br\/labnema\/wp-json\/wp\/v2\/pages\/160\/revisions"}],"predecessor-version":[{"id":167,"href":"https:\/\/wp.ufpel.edu.br\/labnema\/wp-json\/wp\/v2\/pages\/160\/revisions\/167"}],"wp:attachment":[{"href":"https:\/\/wp.ufpel.edu.br\/labnema\/wp-json\/wp\/v2\/media?parent=160"}],"curies":[{"name":"wp","href":"https:\/\/api.w.org\/{rel}","templated":true}]}}