{"id":13,"date":"2017-10-25T13:05:13","date_gmt":"2017-10-25T15:05:13","guid":{"rendered":"https:\/\/wp.ufpel.edu.br\/labnema\/?page_id=13"},"modified":"2023-05-31T14:52:40","modified_gmt":"2023-05-31T17:52:40","slug":"bem-vindo-ao-site-do-laboratorio-de-nematologia-da-universidade-federal-de-pelotas-nosso-realiza-trabalho-com-nematoides-parasitos-de-plantas-nas-mais-diversas-culturas-de-interesse-economico-princi","status":"publish","type":"page","link":"https:\/\/wp.ufpel.edu.br\/labnema\/","title":{"rendered":"Laborat\u00f3rio de Nematologia de Plantas (Labnema)"},"content":{"rendered":"<p style=\"text-align: justify;\">Bem vindo ao site do Laborat\u00f3rio de Nematologia de Plantas (Labnema) da Universidade Federal de Pelotas, Faculdade de Agronomia &#8216;Eliseu Maciel&#8217;. Fundado recentemente (2016), nosso grupo realiza pesquisas com doen\u00e7as de plantas causadas por nematoides parasitos nas mais diversas culturas de interesse econ\u00f4mico do estado do Rio Grande do Sul, principalmente frut\u00edferas e oleaginosas. As principais linhas de pesquisa contempladas s\u00e3o taxionomia e manejo de fitonematoides. Durante todo o ano, atividades de Ensino (Gradua\u00e7\u00e3o e P\u00f3s-Gradua\u00e7\u00e3o) tamb\u00e9m s\u00e3o realizadas no Labnema.<\/p>\n","protected":false},"excerpt":{"rendered":"<p>Bem vindo ao site do Laborat\u00f3rio de Nematologia de Plantas (Labnema) da Universidade Federal de Pelotas, Faculdade de Agronomia &#8216;Eliseu Maciel&#8217;. Fundado recentemente (2016), nosso grupo realiza pesquisas com doen\u00e7as de plantas causadas por nematoides parasitos nas mais diversas culturas de interesse econ\u00f4mico do estado do Rio Grande do Sul, principalmente frut\u00edferas e oleaginosas. As [&hellip;]<\/p>\n","protected":false},"author":677,"featured_media":0,"parent":0,"menu_order":0,"comment_status":"closed","ping_status":"closed","template":"","meta":{"footnotes":""},"class_list":["post-13","page","type-page","status-publish","hentry"],"_links":{"self":[{"href":"https:\/\/wp.ufpel.edu.br\/labnema\/wp-json\/wp\/v2\/pages\/13","targetHints":{"allow":["GET"]}}],"collection":[{"href":"https:\/\/wp.ufpel.edu.br\/labnema\/wp-json\/wp\/v2\/pages"}],"about":[{"href":"https:\/\/wp.ufpel.edu.br\/labnema\/wp-json\/wp\/v2\/types\/page"}],"author":[{"embeddable":true,"href":"https:\/\/wp.ufpel.edu.br\/labnema\/wp-json\/wp\/v2\/users\/677"}],"replies":[{"embeddable":true,"href":"https:\/\/wp.ufpel.edu.br\/labnema\/wp-json\/wp\/v2\/comments?post=13"}],"version-history":[{"count":5,"href":"https:\/\/wp.ufpel.edu.br\/labnema\/wp-json\/wp\/v2\/pages\/13\/revisions"}],"predecessor-version":[{"id":181,"href":"https:\/\/wp.ufpel.edu.br\/labnema\/wp-json\/wp\/v2\/pages\/13\/revisions\/181"}],"wp:attachment":[{"href":"https:\/\/wp.ufpel.edu.br\/labnema\/wp-json\/wp\/v2\/media?parent=13"}],"curies":[{"name":"wp","href":"https:\/\/api.w.org\/{rel}","templated":true}]}}