{"id":9,"date":"2025-06-27T11:00:39","date_gmt":"2025-06-27T14:00:39","guid":{"rendered":"https:\/\/wp.ufpel.edu.br\/labmicroo\/?page_id=9"},"modified":"2025-06-27T14:12:24","modified_gmt":"2025-06-27T17:12:24","slug":"docentes","status":"publish","type":"page","link":"https:\/\/wp.ufpel.edu.br\/labmicroo\/docentes\/","title":{"rendered":"Docentes"},"content":{"rendered":"<p><img class=\"size-medium wp-image-75 alignleft\" src=\"https:\/\/wp.ufpel.edu.br\/labmicroo\/files\/2025\/06\/post-instagram-anu\u0301ncio-beba-a\u0301gua-moderno-lettering-ilustrac\u0327a\u0303o-azul-preto-e-branco-320x400.png\" alt=\"\" width=\"320\" height=\"400\" srcset=\"https:\/\/wp.ufpel.edu.br\/labmicroo\/files\/2025\/06\/post-instagram-anu\u0301ncio-beba-a\u0301gua-moderno-lettering-ilustrac\u0327a\u0303o-azul-preto-e-branco-320x400.png 320w, https:\/\/wp.ufpel.edu.br\/labmicroo\/files\/2025\/06\/post-instagram-anu\u0301ncio-beba-a\u0301gua-moderno-lettering-ilustrac\u0327a\u0303o-azul-preto-e-branco-819x1024.png 819w, https:\/\/wp.ufpel.edu.br\/labmicroo\/files\/2025\/06\/post-instagram-anu\u0301ncio-beba-a\u0301gua-moderno-lettering-ilustrac\u0327a\u0303o-azul-preto-e-branco-768x960.png 768w, https:\/\/wp.ufpel.edu.br\/labmicroo\/files\/2025\/06\/post-instagram-anu\u0301ncio-beba-a\u0301gua-moderno-lettering-ilustrac\u0327a\u0303o-azul-preto-e-branco.png 1080w\" sizes=\"(max-width: 320px) 100vw, 320px\" \/><\/p>\n<p>COORDENADOR DO PROJETO:<\/p>\n<p class=\"p1\">O Prof. Rafael Guerra Lund, docente da Faculdade de Odontologia da UFPel e bolsista de produtividade em Desenvolvimento Tecnol\u00f3gico<\/p>\n<p class=\"p1\">(DT-1D\/CNPq), coordena o projeto de desenvolvimento de um videolaringosc\u00f3pio anat\u00f4mico de baixo custo, produzido por manufatura aditiva (impress\u00e3o 3D).<span class=\"Apple-converted-space\">\u00a0<\/span><\/p>\n<p class=\"p1\">Com ampla experi\u00eancia em biomateriais, microbiologia aplicada e inova\u00e7\u00e3o em sa\u00fade. O professor Rafael lidera uma equipe multidisciplinar focada em criar um dispositivo acess\u00edvel, seguro e funcional para uso em ambientes cl\u00ednicos e de ensino.<\/p>\n<p class=\"p1\">O projeto integra pesquisa aplicada, prototipagem, testes laboratoriais e valida\u00e7\u00e3o em parceria com profissionais da sa\u00fade, visando contribuir com solu\u00e7\u00f5es tecnol\u00f3gicas nacionais voltadas \u00e0 biosseguran\u00e7a e \u00e0 amplia\u00e7\u00e3o do acesso a equipamentos m\u00e9dicos no Brasil.<\/p>\n","protected":false},"excerpt":{"rendered":"<p>COORDENADOR DO PROJETO: O Prof. Rafael Guerra Lund, docente da Faculdade de Odontologia da UFPel e bolsista de produtividade em Desenvolvimento Tecnol\u00f3gico (DT-1D\/CNPq), coordena o projeto de desenvolvimento de um videolaringosc\u00f3pio anat\u00f4mico de baixo custo, produzido por manufatura aditiva (impress\u00e3o 3D).\u00a0 Com ampla experi\u00eancia em biomateriais, microbiologia aplicada e inova\u00e7\u00e3o em sa\u00fade. O professor Rafael [&hellip;]<\/p>\n","protected":false},"author":1092,"featured_media":0,"parent":0,"menu_order":0,"comment_status":"closed","ping_status":"closed","template":"","meta":{"footnotes":""},"class_list":["post-9","page","type-page","status-publish","hentry"],"_links":{"self":[{"href":"https:\/\/wp.ufpel.edu.br\/labmicroo\/wp-json\/wp\/v2\/pages\/9","targetHints":{"allow":["GET"]}}],"collection":[{"href":"https:\/\/wp.ufpel.edu.br\/labmicroo\/wp-json\/wp\/v2\/pages"}],"about":[{"href":"https:\/\/wp.ufpel.edu.br\/labmicroo\/wp-json\/wp\/v2\/types\/page"}],"author":[{"embeddable":true,"href":"https:\/\/wp.ufpel.edu.br\/labmicroo\/wp-json\/wp\/v2\/users\/1092"}],"replies":[{"embeddable":true,"href":"https:\/\/wp.ufpel.edu.br\/labmicroo\/wp-json\/wp\/v2\/comments?post=9"}],"version-history":[{"count":3,"href":"https:\/\/wp.ufpel.edu.br\/labmicroo\/wp-json\/wp\/v2\/pages\/9\/revisions"}],"predecessor-version":[{"id":77,"href":"https:\/\/wp.ufpel.edu.br\/labmicroo\/wp-json\/wp\/v2\/pages\/9\/revisions\/77"}],"wp:attachment":[{"href":"https:\/\/wp.ufpel.edu.br\/labmicroo\/wp-json\/wp\/v2\/media?parent=9"}],"curies":[{"name":"wp","href":"https:\/\/api.w.org\/{rel}","templated":true}]}}