{"id":78,"date":"2025-06-27T14:18:02","date_gmt":"2025-06-27T17:18:02","guid":{"rendered":"https:\/\/wp.ufpel.edu.br\/labmicroo\/?page_id=78"},"modified":"2025-06-27T14:18:02","modified_gmt":"2025-06-27T17:18:02","slug":"saiba-mais","status":"publish","type":"page","link":"https:\/\/wp.ufpel.edu.br\/labmicroo\/saiba-mais\/","title":{"rendered":"Saiba mais"},"content":{"rendered":"<p><a href=\"https:\/\/wp.ufpel.edu.br\/labmicroo\/files\/2025\/06\/Captura-de-Tela-2025-06-27-a\u0300s-11.26.39-e1751044533682.png\"><img class=\"alignnone  wp-image-31\" src=\"https:\/\/wp.ufpel.edu.br\/labmicroo\/files\/2025\/06\/Captura-de-Tela-2025-06-27-a\u0300s-11.26.39-e1751044533682-400x145.png\" alt=\"\" width=\"367\" height=\"133\" srcset=\"https:\/\/wp.ufpel.edu.br\/labmicroo\/files\/2025\/06\/Captura-de-Tela-2025-06-27-a\u0300s-11.26.39-e1751044533682-400x145.png 400w, https:\/\/wp.ufpel.edu.br\/labmicroo\/files\/2025\/06\/Captura-de-Tela-2025-06-27-a\u0300s-11.26.39-e1751044533682.png 537w\" sizes=\"(max-width: 367px) 100vw, 367px\" \/><\/a><br \/>\nO problema de sa\u00fade abordado nesta pesquisa envolve as complica\u00e7\u00f5es e a alta taxa de insucesso associadas ao procedimento de intuba\u00e7\u00e3o orotraqueal, crucial em emerg\u00eancias respirat\u00f3rias e respons\u00e1vel por reduzir em 50% as mortes por COVID-19 ao assegurar vias a\u00e9reas seguras.<\/p>\n<p>Realizada em mais de 15 milh\u00f5es de pacientes anualmente, incluindo 650 mil em centros cir\u00fargicos e 346 mil em emerg\u00eancias, a intuba\u00e7\u00e3o orotraqueal ainda apresenta dificuldades em cerca de 10% dos casos, levando a complica\u00e7\u00f5es graves e at\u00e9 \u00f3bitos.<\/p>\n<p>O objetivo da pesquisa \u00e9 desenvolver um videolaringosc\u00f3pio (VLP) inovador, utilizando manufatura aditiva (Ind\u00fastria 4.0), que tornar\u00e1 a intuba\u00e7\u00e3o mais segura, precisa e acess\u00edvel. Atualmente, o VLP \u00e9 importado e caro; por\u00e9m, com a produ\u00e7\u00e3o nacional proposta, haver\u00e1 redu\u00e7\u00e3o de custos e maior disponibilidade no mercado.<\/p>\n<p>O dispositivo permitir\u00e1 uma intuba\u00e7\u00e3o mais segura e personalizada, ajustada \u00e0 anatomia do paciente. Al\u00e9m disso, ao incorporar tecnologias de sensoriamento digital e intelig\u00eancia artificial (IA), o VLP auxiliar\u00e1 na identifica\u00e7\u00e3o exata do acesso \u00e0s vias a\u00e9reas, armazenando dados anat\u00f4micos em um software espec\u00edfico. Esse software orientar\u00e1 a t\u00e9cnica de inser\u00e7\u00e3o e determinar\u00e1 o local correto de acesso, facilitando o procedimento at\u00e9 para profissionais menos experientes, especialmente em anatomias complexas ou emerg\u00eancias.<\/p>\n<p>A pesquisa visa resolver o problema de sa\u00fade ao introduzir um dispositivo avan\u00e7ado que n\u00e3o s\u00f3 melhora a precis\u00e3o e seguran\u00e7a do procedimento, mas tamb\u00e9m amplia o acesso ao equipamento para mais profissionais de sa\u00fade, incluindo os menos experientes.<\/p>\n<p>A tecnologia de reconhecimento anat\u00f4mico e IA proporcionar\u00e1 uma abordagem personalizada e assistida, reduzindo significativamente os riscos de intuba\u00e7\u00e3o, especialmente em ambientes de alta press\u00e3o e com recursos limitados.<\/p>\n<p>O car\u00e1ter inovador da pesquisa est\u00e1 na produ\u00e7\u00e3o nacional do VLP por meio de manufatura aditiva, tornando-o economicamente acess\u00edvel, e na integra\u00e7\u00e3o de tecnologias avan\u00e7adas, como sensoriamento digital e IA, que aprimoram a precis\u00e3o e seguran\u00e7a do procedimento.<\/p>\n<p>A possibilidade de personaliza\u00e7\u00e3o do dispositivo conforme a anatomia do paciente \u00e9 pioneira no campo.<\/p>\n<p>A relev\u00e2ncia da pesquisa para o Sistema \u00danico de Sa\u00fade (SUS) \u00e9 clara, pois a introdu\u00e7\u00e3o de um VLP produzido nacionalmente e de custo reduzido permitir\u00e1 maior disponibilidade em hospitais p\u00fablicos, inclusive em regi\u00f5es remotas. A facilidade de uso, com assist\u00eancia tecnol\u00f3gica, capacitar\u00e1 mais profissionais de sa\u00fade a realizar intuba\u00e7\u00f5es de forma segura e eficaz, reduzindo complica\u00e7\u00f5es e melhorando os desfechos cl\u00ednicos no sistema de sa\u00fade p\u00fablica.<\/p>\n","protected":false},"excerpt":{"rendered":"<p>O problema de sa\u00fade abordado nesta pesquisa envolve as complica\u00e7\u00f5es e a alta taxa de insucesso associadas ao procedimento de intuba\u00e7\u00e3o orotraqueal, crucial em emerg\u00eancias respirat\u00f3rias e respons\u00e1vel por reduzir em 50% as mortes por COVID-19 ao assegurar vias a\u00e9reas seguras. Realizada em mais de 15 milh\u00f5es de pacientes anualmente, incluindo 650 mil em centros [&hellip;]<\/p>\n","protected":false},"author":1092,"featured_media":0,"parent":0,"menu_order":0,"comment_status":"closed","ping_status":"closed","template":"","meta":{"footnotes":""},"class_list":["post-78","page","type-page","status-publish","hentry"],"_links":{"self":[{"href":"https:\/\/wp.ufpel.edu.br\/labmicroo\/wp-json\/wp\/v2\/pages\/78","targetHints":{"allow":["GET"]}}],"collection":[{"href":"https:\/\/wp.ufpel.edu.br\/labmicroo\/wp-json\/wp\/v2\/pages"}],"about":[{"href":"https:\/\/wp.ufpel.edu.br\/labmicroo\/wp-json\/wp\/v2\/types\/page"}],"author":[{"embeddable":true,"href":"https:\/\/wp.ufpel.edu.br\/labmicroo\/wp-json\/wp\/v2\/users\/1092"}],"replies":[{"embeddable":true,"href":"https:\/\/wp.ufpel.edu.br\/labmicroo\/wp-json\/wp\/v2\/comments?post=78"}],"version-history":[{"count":1,"href":"https:\/\/wp.ufpel.edu.br\/labmicroo\/wp-json\/wp\/v2\/pages\/78\/revisions"}],"predecessor-version":[{"id":80,"href":"https:\/\/wp.ufpel.edu.br\/labmicroo\/wp-json\/wp\/v2\/pages\/78\/revisions\/80"}],"wp:attachment":[{"href":"https:\/\/wp.ufpel.edu.br\/labmicroo\/wp-json\/wp\/v2\/media?parent=78"}],"curies":[{"name":"wp","href":"https:\/\/api.w.org\/{rel}","templated":true}]}}