{"id":20,"date":"2025-06-27T11:04:29","date_gmt":"2025-06-27T14:04:29","guid":{"rendered":"https:\/\/wp.ufpel.edu.br\/labmicroo\/?page_id=20"},"modified":"2025-06-27T14:22:43","modified_gmt":"2025-06-27T17:22:43","slug":"objetivos","status":"publish","type":"page","link":"https:\/\/wp.ufpel.edu.br\/labmicroo\/objetivos\/","title":{"rendered":"Objetivos"},"content":{"rendered":"<p><a href=\"https:\/\/wp.ufpel.edu.br\/labmicroo\/files\/2025\/06\/Captura-de-Tela-2025-06-27-a\u0300s-14.21.32.png\"><img class=\"alignnone wp-image-81\" src=\"https:\/\/wp.ufpel.edu.br\/labmicroo\/files\/2025\/06\/Captura-de-Tela-2025-06-27-a\u0300s-14.21.32-400x40.png\" alt=\"\" width=\"920\" height=\"92\" srcset=\"https:\/\/wp.ufpel.edu.br\/labmicroo\/files\/2025\/06\/Captura-de-Tela-2025-06-27-a\u0300s-14.21.32-400x40.png 400w, https:\/\/wp.ufpel.edu.br\/labmicroo\/files\/2025\/06\/Captura-de-Tela-2025-06-27-a\u0300s-14.21.32-1024x104.png 1024w, https:\/\/wp.ufpel.edu.br\/labmicroo\/files\/2025\/06\/Captura-de-Tela-2025-06-27-a\u0300s-14.21.32-768x78.png 768w, https:\/\/wp.ufpel.edu.br\/labmicroo\/files\/2025\/06\/Captura-de-Tela-2025-06-27-a\u0300s-14.21.32-1536x155.png 1536w, https:\/\/wp.ufpel.edu.br\/labmicroo\/files\/2025\/06\/Captura-de-Tela-2025-06-27-a\u0300s-14.21.32.png 1662w\" sizes=\"(max-width: 920px) 100vw, 920px\" \/><\/a><\/p>\n<p><strong>1. Desenvolver e Produzir Nacionalmente o Videolaringosc\u00f3pio (VLP)<\/strong>: Implementar o processo de manufatura aditiva para a produ\u00e7\u00e3o de VLPs no pa\u00eds, visando reduzir custos e tornar o equipamento mais acess\u00edvel ao sistema de sa\u00fade.<\/p>\n<p><strong style=\"text-align: justify;\">2. Possibilitar o Acesso a Equipamento Padr\u00e3o Ouro<\/strong><span style=\"text-align: justify;\"><span style=\"text-align: justify;\">: Oferecer aos servi\u00e7os de sa\u00fade e aos profissionais um equipamento considerado padr\u00e3o ouro para acesso \u00e0 via a\u00e9rea em procedimentos anest\u00e9sicos e de emerg\u00eancias, com custo de aquisi\u00e7\u00e3o acess\u00edvel, seguro e em conformidade com as normas vigentes.<\/span><\/span><\/p>\n<p><span style=\"text-align: justify;\"><strong>3. Avaliar Usabilidade do Dispositivo por Profissionais de Sa\u00fade<\/strong>: Avaliar a usabilidade do VLP para procedimentos de intuba\u00e7\u00e3o orotraqueal e visualiza\u00e7\u00e3o da laringe por profissionais da sa\u00fade, garantindo que o dispositivo atenda \u00e0s necessidades cl\u00ednicas com seguran\u00e7a e efic\u00e1cia.<\/span><\/p>\n<p><strong>4. Integrar Sensoriamento Digital e Vis\u00e3o Computacional ao VLP<\/strong>: Desenvolver e integrar um sistema de sensoriamento digital e vis\u00e3o computacional ao VLP, capaz de identificar a anatomia da glote e orientar a correta inser\u00e7\u00e3o do tubo durante a intuba\u00e7\u00e3o.<\/p>\n<p><strong>5. Desenvolver Ferramentas de IA para Aux\u00edlio em Intuba\u00e7\u00e3o<\/strong>: Criar ferramentas de intelig\u00eancia artificial (IA) e software de vis\u00e3o computacional que possam auxiliar no procedimento de intuba\u00e7\u00e3o orotraqueal tanto no p\u00fablico adulto quanto pedi\u00e1trico.<\/p>\n<p><strong>6. Personalizar o VLP de acordo com a Anatomia do Paciente<\/strong>: Criar um sistema que permita a personaliza\u00e7\u00e3o do VLP com base na anatomia espec\u00edfica de cada paciente, aumentando a precis\u00e3o e seguran\u00e7a do procedimento.<\/p>\n<p><strong>7. Validar <\/strong><strong>Usabilidade em Ambiente Simulado<\/strong>: Validar a usabilidade do dispositivo em ambientes simulados por meio de ensaios pr\u00e9-cl\u00ednicos, envolvendo profissionais que atuam em servi\u00e7os de sa\u00fade para atendimento adulto e pedi\u00e1trico de urg\u00eancia e emerg\u00eancia.<\/p>\n<p><strong>8. Realizar Ensaios Cl\u00ednicos em Servi\u00e7os de Sa\u00fade<\/strong>: Conduzir ensaios cl\u00ednicos em unidades de terapia intensiva e emerg\u00eancia para avaliar a efic\u00e1cia do VLP no atendimento de pacientes adultos e pedi\u00e1tricos.<\/p>\n<p><strong>9. Identificar Melhores T\u00e9cnicas de Avalia\u00e7\u00e3o de Experi\u00eancia do Usu\u00e1rio<\/strong>: Identificar e aplicar as melhores t\u00e9cnicas para avaliar a experi\u00eancia do usu\u00e1rio e a usabilidade de dispositivos m\u00e9dico-hospitalares, especialmente os endosc\u00f3picos.<\/p>\n<p><strong>10. Avaliar Percep\u00e7\u00e3o do Usu\u00e1rio com o VLP em Simula\u00e7\u00f5es Real\u00edsticas<\/strong>: Avaliar a percep\u00e7\u00e3o do usu\u00e1rio com o uso do VLP em manequins de simula\u00e7\u00e3o real\u00edstica de manejo das vias a\u00e9reas (MA).<\/p>\n","protected":false},"excerpt":{"rendered":"<p>1. Desenvolver e Produzir Nacionalmente o Videolaringosc\u00f3pio (VLP): Implementar o processo de manufatura aditiva para a produ\u00e7\u00e3o de VLPs no pa\u00eds, visando reduzir custos e tornar o equipamento mais acess\u00edvel ao sistema de sa\u00fade. 2. Possibilitar o Acesso a Equipamento Padr\u00e3o Ouro: Oferecer aos servi\u00e7os de sa\u00fade e aos profissionais um equipamento considerado padr\u00e3o ouro [&hellip;]<\/p>\n","protected":false},"author":1092,"featured_media":0,"parent":0,"menu_order":0,"comment_status":"closed","ping_status":"closed","template":"","meta":{"footnotes":""},"class_list":["post-20","page","type-page","status-publish","hentry"],"_links":{"self":[{"href":"https:\/\/wp.ufpel.edu.br\/labmicroo\/wp-json\/wp\/v2\/pages\/20","targetHints":{"allow":["GET"]}}],"collection":[{"href":"https:\/\/wp.ufpel.edu.br\/labmicroo\/wp-json\/wp\/v2\/pages"}],"about":[{"href":"https:\/\/wp.ufpel.edu.br\/labmicroo\/wp-json\/wp\/v2\/types\/page"}],"author":[{"embeddable":true,"href":"https:\/\/wp.ufpel.edu.br\/labmicroo\/wp-json\/wp\/v2\/users\/1092"}],"replies":[{"embeddable":true,"href":"https:\/\/wp.ufpel.edu.br\/labmicroo\/wp-json\/wp\/v2\/comments?post=20"}],"version-history":[{"count":4,"href":"https:\/\/wp.ufpel.edu.br\/labmicroo\/wp-json\/wp\/v2\/pages\/20\/revisions"}],"predecessor-version":[{"id":82,"href":"https:\/\/wp.ufpel.edu.br\/labmicroo\/wp-json\/wp\/v2\/pages\/20\/revisions\/82"}],"wp:attachment":[{"href":"https:\/\/wp.ufpel.edu.br\/labmicroo\/wp-json\/wp\/v2\/media?parent=20"}],"curies":[{"name":"wp","href":"https:\/\/api.w.org\/{rel}","templated":true}]}}