{"id":17,"date":"2025-06-27T11:02:29","date_gmt":"2025-06-27T14:02:29","guid":{"rendered":"https:\/\/wp.ufpel.edu.br\/labmicroo\/?page_id=17"},"modified":"2025-06-27T13:51:36","modified_gmt":"2025-06-27T16:51:36","slug":"estrutura-curricular","status":"publish","type":"page","link":"https:\/\/wp.ufpel.edu.br\/labmicroo\/estrutura-curricular\/","title":{"rendered":"Participe"},"content":{"rendered":"<p>PR\u00d3XIMAS ATIVIDADES:<\/p>\n<p><span class=\"OYPEnA font-feature-liga-off font-feature-clig-off font-feature-calt-off text-decoration-none text-strikethrough-none\">Treinamento pr\u00e1tico de manejo da via a\u00e9rea.<\/span><\/p>\n<ul>\n<li>Alunos da gradua\u00e7\u00e3o: medicina, enfermagem e fisioterapia.<\/li>\n<li><span class=\"OYPEnA font-feature-liga-off font-feature-clig-off font-feature-calt-off text-decoration-none text-strikethrough-none\">DATA: 15\/08\/2025<\/span><\/li>\n<li><span class=\"OYPEnA font-feature-liga-off font-feature-clig-off font-feature-calt-off text-decoration-none text-strikethrough-none\">LOCAL: HSIM- Campus da sa\u00fade UCPEL.<br \/>\n<a href=\"https:\/\/docs.google.com\/forms\/d\/e\/1FAIpQLSdqCx__DKytdRppGQon5qdB2vfjW4aA0iIWTidRgHp5OpoCdQ\/viewform?usp=header\"><img class=\"alignnone  wp-image-65\" src=\"https:\/\/wp.ufpel.edu.br\/labmicroo\/files\/2025\/06\/Captura-de-Tela-2025-06-27-a\u0300s-13.43.16.png\" alt=\"\" width=\"224\" height=\"99\" \/><\/a><\/span><\/li>\n<\/ul>\n","protected":false},"excerpt":{"rendered":"<p>PR\u00d3XIMAS ATIVIDADES: Treinamento pr\u00e1tico de manejo da via a\u00e9rea. Alunos da gradua\u00e7\u00e3o: medicina, enfermagem e fisioterapia. DATA: 15\/08\/2025 LOCAL: HSIM- Campus da sa\u00fade UCPEL.<\/p>\n","protected":false},"author":1092,"featured_media":0,"parent":0,"menu_order":0,"comment_status":"closed","ping_status":"closed","template":"","meta":{"footnotes":""},"class_list":["post-17","page","type-page","status-publish","hentry"],"_links":{"self":[{"href":"https:\/\/wp.ufpel.edu.br\/labmicroo\/wp-json\/wp\/v2\/pages\/17","targetHints":{"allow":["GET"]}}],"collection":[{"href":"https:\/\/wp.ufpel.edu.br\/labmicroo\/wp-json\/wp\/v2\/pages"}],"about":[{"href":"https:\/\/wp.ufpel.edu.br\/labmicroo\/wp-json\/wp\/v2\/types\/page"}],"author":[{"embeddable":true,"href":"https:\/\/wp.ufpel.edu.br\/labmicroo\/wp-json\/wp\/v2\/users\/1092"}],"replies":[{"embeddable":true,"href":"https:\/\/wp.ufpel.edu.br\/labmicroo\/wp-json\/wp\/v2\/comments?post=17"}],"version-history":[{"count":3,"href":"https:\/\/wp.ufpel.edu.br\/labmicroo\/wp-json\/wp\/v2\/pages\/17\/revisions"}],"predecessor-version":[{"id":66,"href":"https:\/\/wp.ufpel.edu.br\/labmicroo\/wp-json\/wp\/v2\/pages\/17\/revisions\/66"}],"wp:attachment":[{"href":"https:\/\/wp.ufpel.edu.br\/labmicroo\/wp-json\/wp\/v2\/media?parent=17"}],"curies":[{"name":"wp","href":"https:\/\/api.w.org\/{rel}","templated":true}]}}