{"id":88,"date":"2016-03-03T18:17:06","date_gmt":"2016-03-03T21:17:06","guid":{"rendered":"https:\/\/wp.ufpel.edu.br\/labmicro\/?page_id=88"},"modified":"2016-03-04T14:07:07","modified_gmt":"2016-03-04T17:07:07","slug":"2015-2","status":"publish","type":"page","link":"https:\/\/wp.ufpel.edu.br\/labmicro\/publicacoes\/2015-2\/","title":{"rendered":"2015"},"content":{"rendered":"<hr \/>\n<p>&nbsp;<\/p>\n<p><img loading=\"lazy\" decoding=\"async\" class=\"wp-image-219 aligncenter\" src=\"https:\/\/wp.ufpel.edu.br\/labmicro\/files\/2016\/03\/cap\u00edtulo-livro-424x109.jpg\" alt=\"cap\u00edtulo livro\" width=\"471\" height=\"121\" srcset=\"https:\/\/wp.ufpel.edu.br\/labmicro\/files\/2016\/03\/cap\u00edtulo-livro-424x109.jpg 424w, https:\/\/wp.ufpel.edu.br\/labmicro\/files\/2016\/03\/cap\u00edtulo-livro-212x54.jpg 212w, https:\/\/wp.ufpel.edu.br\/labmicro\/files\/2016\/03\/cap\u00edtulo-livro-768x197.jpg 768w, https:\/\/wp.ufpel.edu.br\/labmicro\/files\/2016\/03\/cap\u00edtulo-livro.jpg 902w\" sizes=\"auto, (max-width: 471px) 100vw, 471px\" \/><\/p>\n<p style=\"text-align: justify\">Cap\u00edtulo publicado no livro\u00a0<em>The Battle Against Microbial Pathogens: Basic Science, Technological Advances and Educational Programs<\/em> (A. M\u00e9ndez-Vilas, Ed.):\u00a0Semi-synthetic compounds as antimicrobial agents in food preservation<\/p>\n<p style=\"text-align: justify\">Autores:\u00a0E.J. Lenard\u00e3o, W. Padilha da Silva, R.G. Jacob, D.S. Volcan Maia, J. Coswig Golbeck, S. Ferraz Fonseca<\/p>\n<p>Download PDF:<a href=\"https:\/\/wp.ufpel.edu.br\/labmicro\/files\/2016\/03\/cap\u00edtulo.pdf\" rel=\"\"> Lenard\u00e3o_et_al-2015<\/a><\/p>\n<hr \/>\n<p>&nbsp;<\/p>\n<p><img loading=\"lazy\" decoding=\"async\" class=\"wp-image-155 aligncenter\" src=\"https:\/\/wp.ufpel.edu.br\/labmicro\/files\/2016\/03\/Marcia-424x147.jpg\" alt=\"Marcia\" width=\"363\" height=\"126\" srcset=\"https:\/\/wp.ufpel.edu.br\/labmicro\/files\/2016\/03\/Marcia-424x147.jpg 424w, https:\/\/wp.ufpel.edu.br\/labmicro\/files\/2016\/03\/Marcia-212x74.jpg 212w, https:\/\/wp.ufpel.edu.br\/labmicro\/files\/2016\/03\/Marcia-768x267.jpg 768w, https:\/\/wp.ufpel.edu.br\/labmicro\/files\/2016\/03\/Marcia.jpg 1107w\" sizes=\"auto, (max-width: 363px) 100vw, 363px\" \/><\/p>\n<p style=\"text-align: justify\">Artigo publicado no <em>Journal of Proteome Research :\u00a0<\/em>Attached and planktonic Listeria monocytogenes global proteomic responses and associated influence of strain genetics and temperature<\/p>\n<p style=\"text-align: justify\">Autores:\u00a0Marcia M Mata, Wladimir P da Silva, Richard Wilson, Edwin Kenneth Lowe, and John P. Bowman<\/p>\n<p>Download PDF:\u00a0<a href=\"https:\/\/wp.ufpel.edu.br\/labmicro\/files\/2016\/03\/artigo-Marcia-Mata.pdf\" rel=\"\">Mata_et_al-2015<\/a><\/p>\n<hr \/>\n<p>&nbsp;<\/p>\n<p><img loading=\"lazy\" decoding=\"async\" class=\"wp-image-157 aligncenter\" src=\"https:\/\/wp.ufpel.edu.br\/labmicro\/files\/2016\/03\/J\u00fa-424x185.jpg\" alt=\"J\u00fa\" width=\"326\" height=\"142\" srcset=\"https:\/\/wp.ufpel.edu.br\/labmicro\/files\/2016\/03\/J\u00fa-424x185.jpg 424w, https:\/\/wp.ufpel.edu.br\/labmicro\/files\/2016\/03\/J\u00fa-212x93.jpg 212w, https:\/\/wp.ufpel.edu.br\/labmicro\/files\/2016\/03\/J\u00fa-768x336.jpg 768w, https:\/\/wp.ufpel.edu.br\/labmicro\/files\/2016\/03\/J\u00fa.jpg 1069w\" sizes=\"auto, (max-width: 326px) 100vw, 326px\" \/><\/p>\n<p style=\"text-align: justify\">Artigo publicado na\u00a0<em>Industrial Crops and Products:\u00a0<\/em>Antimicrobial activity of essential oils of Origanum vulgare L. and Origanum majorana L. against Staphylococcus aureus isolated from poultry meat<\/p>\n<p style=\"text-align: justify\">Autores:\u00a0Juliana de Lima Marques, Lisiane Martins Volc\u00e3o, Graciele Daiana Funck, Isabela Schneid Kroning, Wladimir Padilha da Silva, \u00c2ngela Maria Fiorentini, Gladis Aver Ribeiro<\/p>\n<p>Download PDF:\u00a0<a href=\"https:\/\/wp.ufpel.edu.br\/labmicro\/files\/2016\/03\/Marques_et_al-2015.pdf\" rel=\"\">Marques_et_al-2015<\/a><\/p>\n<hr \/>\n<p>&nbsp;<\/p>\n<p><img loading=\"lazy\" decoding=\"async\" class=\"wp-image-160 aligncenter\" src=\"https:\/\/wp.ufpel.edu.br\/labmicro\/files\/2016\/03\/MArcelo-424x178.jpg\" alt=\"MArcelo\" width=\"336\" height=\"141\" srcset=\"https:\/\/wp.ufpel.edu.br\/labmicro\/files\/2016\/03\/MArcelo-424x178.jpg 424w, https:\/\/wp.ufpel.edu.br\/labmicro\/files\/2016\/03\/MArcelo-212x89.jpg 212w, https:\/\/wp.ufpel.edu.br\/labmicro\/files\/2016\/03\/MArcelo-768x323.jpg 768w, https:\/\/wp.ufpel.edu.br\/labmicro\/files\/2016\/03\/MArcelo.jpg 926w\" sizes=\"auto, (max-width: 336px) 100vw, 336px\" \/><\/p>\n<p style=\"text-align: justify\">Artigo publicado na\u00a0<em>Appl Microbiol Biotechnol:\u00a0<\/em><em>Pichia pastoris<\/em> X-33 has probiotic properties with remarkable antibacterial activity against <em>Salmonella<\/em> Typhimurium<\/p>\n<p style=\"text-align: justify\">Autores:\u00a0Rodrigo Correa Fran\u00e7a, Fabricio Rochedo Concei\u00e7\u00e3o, Marcelo Mendon\u00e7a, Louise Haubert, Gabriela Sabadin, Patr\u00edcia Diaz de Oliveira, Marta G. Amaral, Wladimir Padilha da Silva, \u00c2ngela Nunes Moreira<\/p>\n<p>Download PDF:\u00a0<a href=\"https:\/\/wp.ufpel.edu.br\/labmicro\/files\/2016\/03\/Fran\u00e7a_et_al-2015.pdf\" rel=\"\">Fran\u00e7a_et_al-2015<\/a><\/p>\n<hr \/>\n<p>&nbsp;<\/p>\n","protected":false},"excerpt":{"rendered":"<p>&nbsp; Cap\u00edtulo publicado no livro\u00a0The Battle Against Microbial Pathogens: Basic Science, Technological Advances and Educational Programs (A. M\u00e9ndez-Vilas, Ed.):\u00a0Semi-synthetic compounds as antimicrobial agents in food preservation Autores:\u00a0E.J. Lenard\u00e3o, W. Padilha da Silva, R.G. Jacob, D.S. Volcan Maia, J. Coswig Golbeck, S. Ferraz Fonseca Download PDF: Lenard\u00e3o_et_al-2015 &nbsp; Artigo publicado no Journal of Proteome Research :\u00a0Attached &hellip; <a href=\"https:\/\/wp.ufpel.edu.br\/labmicro\/publicacoes\/2015-2\/\" class=\"more-link\">Continue lendo <span class=\"screen-reader-text\">2015<\/span> <span class=\"meta-nav\">&rarr;<\/span><\/a><\/p>\n","protected":false},"author":619,"featured_media":0,"parent":80,"menu_order":0,"comment_status":"closed","ping_status":"closed","template":"","meta":{"footnotes":""},"class_list":["post-88","page","type-page","status-publish","hentry"],"_links":{"self":[{"href":"https:\/\/wp.ufpel.edu.br\/labmicro\/wp-json\/wp\/v2\/pages\/88","targetHints":{"allow":["GET"]}}],"collection":[{"href":"https:\/\/wp.ufpel.edu.br\/labmicro\/wp-json\/wp\/v2\/pages"}],"about":[{"href":"https:\/\/wp.ufpel.edu.br\/labmicro\/wp-json\/wp\/v2\/types\/page"}],"author":[{"embeddable":true,"href":"https:\/\/wp.ufpel.edu.br\/labmicro\/wp-json\/wp\/v2\/users\/619"}],"replies":[{"embeddable":true,"href":"https:\/\/wp.ufpel.edu.br\/labmicro\/wp-json\/wp\/v2\/comments?post=88"}],"version-history":[{"count":7,"href":"https:\/\/wp.ufpel.edu.br\/labmicro\/wp-json\/wp\/v2\/pages\/88\/revisions"}],"predecessor-version":[{"id":227,"href":"https:\/\/wp.ufpel.edu.br\/labmicro\/wp-json\/wp\/v2\/pages\/88\/revisions\/227"}],"up":[{"embeddable":true,"href":"https:\/\/wp.ufpel.edu.br\/labmicro\/wp-json\/wp\/v2\/pages\/80"}],"wp:attachment":[{"href":"https:\/\/wp.ufpel.edu.br\/labmicro\/wp-json\/wp\/v2\/media?parent=88"}],"curies":[{"name":"wp","href":"https:\/\/api.w.org\/{rel}","templated":true}]}}