{"id":74,"date":"2016-03-03T17:09:19","date_gmt":"2016-03-03T20:09:19","guid":{"rendered":"https:\/\/wp.ufpel.edu.br\/labmicro\/?page_id=74"},"modified":"2017-04-25T11:47:20","modified_gmt":"2017-04-25T14:47:20","slug":"doutorado","status":"publish","type":"page","link":"https:\/\/wp.ufpel.edu.br\/labmicro\/discentes\/doutorado\/","title":{"rendered":"Doutorado"},"content":{"rendered":"<p><span style=\"color: #333333\"><b><a style=\"color: #333333\">Carla Luciane Kreutz Braun\u00a0<img loading=\"lazy\" decoding=\"async\" class=\"wp-image-365 alignright\" src=\"https:\/\/wp.ufpel.edu.br\/labmicro\/files\/2016\/03\/carla.jpg\" alt=\"\" width=\"158\" height=\"200\" srcset=\"https:\/\/wp.ufpel.edu.br\/labmicro\/files\/2016\/03\/carla.jpg 244w, https:\/\/wp.ufpel.edu.br\/labmicro\/files\/2016\/03\/carla-126x159.jpg 126w\" sizes=\"auto, (max-width: 158px) 100vw, 158px\" \/><\/a><\/b><\/span><\/p>\n<p class=\"resumo\" style=\"text-align: justify\">Graduada em Qu\u00edmica Industrial de Alimentos pela Universidade Regional do Noroeste do Estado do Rio Grande do Sul (2007). P\u00f3s-graduada em Gest\u00e3o da Qualidade e Produtividade pelo Instituto Oswaldo Cruz (2010), Gest\u00e3o da Seguran\u00e7a de Alimentos pelo SENAC (2012) e Gest\u00e3o de Restaurantes e Similares pela UNIC (2012). Mestra em Ci\u00eancia e Tecnologia de Alimentos pelo Instituto Federal de Educa\u00e7\u00e3o, Ci\u00eancia e Tecnologia do Mato Grosso (2015) e doutoranda em Ci\u00eancia e Tecnologia de Alimentos pela Universidade Federal de Pelotas. Atuou em ind\u00fastria de bebidas desenvolvendo atividades relacionadas a gest\u00e3o e garantia da qualidade, assim como responsabilidade t\u00e9cnica. Exerceu atividades em consultoria (gest\u00e3o da qualidade) para ind\u00fastrias de diversos segmentos. Contribuiu na elabora\u00e7\u00e3o de um plano de neg\u00f3cios para implementa\u00e7\u00e3o de laborat\u00f3rios f\u00edsico-qu\u00edmicos e microbiol\u00f3gicos (alimentos). Atualmente, exerce atividades relacionadas a linha de pesquisa microbiologia de alimentos.<a href=\"http:\/\/lattes.cnpq.br\/1607897343388162\" target=\"_blank\"><img loading=\"lazy\" decoding=\"async\" class=\"alignright wp-image-250\" src=\"https:\/\/wp.ufpel.edu.br\/labmicro\/files\/2016\/03\/lattes.gif\" alt=\"lattes\" width=\"25\" height=\"30\" \/><\/a><\/p>\n<hr \/>\n<p><img loading=\"lazy\" decoding=\"async\" class=\"wp-image-187 alignleft\" src=\"https:\/\/wp.ufpel.edu.br\/labmicro\/files\/2016\/03\/servletrecuperafoto-1claudio.jpg\" alt=\"servletrecuperafoto (1)claudio\" width=\"140\" height=\"193\" srcset=\"https:\/\/wp.ufpel.edu.br\/labmicro\/files\/2016\/03\/servletrecuperafoto-1claudio.jpg 210w, https:\/\/wp.ufpel.edu.br\/labmicro\/files\/2016\/03\/servletrecuperafoto-1claudio-115x159.jpg 115w\" sizes=\"auto, (max-width: 140px) 100vw, 140px\" \/><strong>Claudio Eduardo dos Santos Cruxen<\/strong><\/p>\n<p style=\"text-align: justify\">Possui gradua\u00e7\u00e3o em Gest\u00e3o Financeira pela Universidade do Sul de Santa Catarina (2011) e gradua\u00e7\u00e3o em Tecnologia em Agroind\u00fastria pela Universidade Estadual do Rio Grande do Sul (2012). Mestrado do Programa de P\u00f3s Gradua\u00e7\u00e3o em Ci\u00eancia e Tecnologia de Alimentos da Universidade Federal de Pelotas. \u00a0Atualmente \u00e9 doutorando em Ci\u00eancia e Tecnologia de Alimentos-FAEM- UFPel.\u00a0<a href=\"http:\/\/lattes.cnpq.br\/9826203588364677\" target=\"_blank\"><img loading=\"lazy\" decoding=\"async\" class=\"wp-image-250 alignright\" src=\"https:\/\/wp.ufpel.edu.br\/labmicro\/files\/2016\/03\/lattes.gif\" alt=\"lattes\" width=\"25\" height=\"30\" \/><\/a><\/p>\n<hr \/>\n<p><strong>Darla Silveira Volcan Maia<img loading=\"lazy\" decoding=\"async\" class=\"wp-image-238 alignright\" src=\"https:\/\/wp.ufpel.edu.br\/labmicro\/files\/2016\/03\/12804426_851038355007282_1554165499_n-292x318.jpg\" alt=\"12804426_851038355007282_1554165499_n\" width=\"140\" height=\"152\" srcset=\"https:\/\/wp.ufpel.edu.br\/labmicro\/files\/2016\/03\/12804426_851038355007282_1554165499_n-292x318.jpg 292w, https:\/\/wp.ufpel.edu.br\/labmicro\/files\/2016\/03\/12804426_851038355007282_1554165499_n-146x159.jpg 146w, https:\/\/wp.ufpel.edu.br\/labmicro\/files\/2016\/03\/12804426_851038355007282_1554165499_n.jpg 328w\" sizes=\"auto, (max-width: 140px) 100vw, 140px\" \/><\/strong><\/p>\n<p style=\"text-align: justify\">Possui curso T\u00e9cnico em Agroind\u00fastria (IF-CAVG) e Bacharelado em Qu\u00edmica de Alimentos (UFPel). Mestre em Ci\u00eancia e Tecnologia de Alimentos (PPGCTA-UFPel) e doutoranda em Ci\u00eancia e Tecnologia de Alimentos (PPGCTA-UFPel). Possui experi\u00eancia na \u00e1rea de Microbiologia de Alimentos.<a href=\"http:\/\/lattes.cnpq.br\/7490886747937674\" target=\"_blank\"><img loading=\"lazy\" decoding=\"async\" class=\"alignright wp-image-250\" src=\"https:\/\/wp.ufpel.edu.br\/labmicro\/files\/2016\/03\/lattes.gif\" alt=\"lattes\" width=\"25\" height=\"29\" \/><\/a><\/p>\n<hr \/>\n<p><strong>Helena Reissig Soares Vitola\u00a0<img loading=\"lazy\" decoding=\"async\" class=\"wp-image-364 alignleft\" src=\"https:\/\/wp.ufpel.edu.br\/labmicro\/files\/2016\/03\/helana-140x318.jpg\" alt=\"\" width=\"95\" height=\"216\" srcset=\"https:\/\/wp.ufpel.edu.br\/labmicro\/files\/2016\/03\/helana-140x318.jpg 140w, https:\/\/wp.ufpel.edu.br\/labmicro\/files\/2016\/03\/helana-70x159.jpg 70w, https:\/\/wp.ufpel.edu.br\/labmicro\/files\/2016\/03\/helana.jpg 184w\" sizes=\"auto, (max-width: 95px) 100vw, 95px\" \/><br \/>\n<\/strong><\/p>\n<p style=\"text-align: justify\">Bacharela em Qu\u00edmica de Alimentos pela Universidade Federal de Pelotas (2015). Mestra em Ci\u00eancia e Tecnologia de Alimentos pela Universidade Federal de Pelotas (2017). Doutoranda no Programa de P\u00f3s-gradua\u00e7\u00e3o em Ci\u00eancia e Tecnologia de Alimentos (Universidade Federal de Pelotas). Atua na linha de pesquisa de Microbiologia de Alimentos.<\/p>\n<p><a href=\"http:\/\/lattes.cnpq.br\/0247191337053858\" target=\"_blank\"><img loading=\"lazy\" decoding=\"async\" class=\"alignright wp-image-250\" src=\"https:\/\/wp.ufpel.edu.br\/labmicro\/files\/2016\/03\/lattes.gif\" alt=\"lattes\" width=\"25\" height=\"30\" \/><\/a><\/p>\n<p>&nbsp;<\/p>\n<hr \/>\n<p><img loading=\"lazy\" decoding=\"async\" class=\"wp-image-189 alignright\" src=\"https:\/\/wp.ufpel.edu.br\/labmicro\/files\/2016\/03\/servletrecuperafoto-1Isa-252x318.jpg\" alt=\"servletrecuperafoto (1)Isa\" width=\"132\" height=\"167\" srcset=\"https:\/\/wp.ufpel.edu.br\/labmicro\/files\/2016\/03\/servletrecuperafoto-1Isa-252x318.jpg 252w, https:\/\/wp.ufpel.edu.br\/labmicro\/files\/2016\/03\/servletrecuperafoto-1Isa-126x159.jpg 126w, https:\/\/wp.ufpel.edu.br\/labmicro\/files\/2016\/03\/servletrecuperafoto-1Isa-768x971.jpg 768w, https:\/\/wp.ufpel.edu.br\/labmicro\/files\/2016\/03\/servletrecuperafoto-1Isa.jpg 1694w\" sizes=\"auto, (max-width: 132px) 100vw, 132px\" \/><strong>Isabela Schneid Kroning<\/strong><\/p>\n<p style=\"text-align: justify\">Possui gradua\u00e7\u00e3o em Qu\u00edmica de Alimentos pela Universidade Federal de Pelotas. Mestrado no Programa de P\u00f3s-Gradua\u00e7\u00e3o em Ci\u00eancia e Tecnologia de Alimentos da Universidade Federal de Pelotas.\u00a0Atualmente \u00e9 doutoranda em Ci\u00eancia e Tecnologia de Alimentos com enf\u00e2se em Microbiologia de Alimentos.\u00a0<span class=\"Apple-style-span\"><a href=\"http:\/\/lattes.cnpq.br\/1899659259824115\" target=\"_blank\"><img loading=\"lazy\" decoding=\"async\" class=\"wp-image-250 alignright\" src=\"https:\/\/wp.ufpel.edu.br\/labmicro\/files\/2016\/03\/lattes.gif\" alt=\"lattes\" width=\"25\" height=\"30\" \/><\/a><\/span><\/p>\n<hr \/>\n<p style=\"text-align: justify\"><img loading=\"lazy\" decoding=\"async\" class=\"wp-image-193 alignleft\" src=\"https:\/\/wp.ufpel.edu.br\/labmicro\/files\/2016\/03\/servletrecuperafoto-1Ju-168x318.jpg\" alt=\"servletrecuperafoto (1)Ju\" width=\"103\" height=\"195\" srcset=\"https:\/\/wp.ufpel.edu.br\/labmicro\/files\/2016\/03\/servletrecuperafoto-1Ju-168x318.jpg 168w, https:\/\/wp.ufpel.edu.br\/labmicro\/files\/2016\/03\/servletrecuperafoto-1Ju-84x159.jpg 84w, https:\/\/wp.ufpel.edu.br\/labmicro\/files\/2016\/03\/servletrecuperafoto-1Ju.jpg 419w\" sizes=\"auto, (max-width: 103px) 100vw, 103px\" \/><strong>Juliana de Lima Marques<\/strong><\/p>\n<p class=\"resumo\" style=\"text-align: justify\">Bacharel em Ci\u00eancias Biol\u00f3gicas (UFPel), bacharel em Administra\u00e7\u00e3o (UFPel) e mestre em Ci\u00eancia e Tecnologia de Alimentos (UFPel). Atualmente \u00e9 doutoranda em Biotecnologia (UFPel), graduanda em Licenciatura em Ci\u00eancias Biol\u00f3gicas (UFPel) e cursa o Programa de Forma\u00e7\u00e3o Pedag\u00f3gica (UCS).\u00a0<span class=\"Apple-style-span\"><a href=\"http:\/\/lattes.cnpq.br\/5316101445638582\" target=\"_blank\"><img loading=\"lazy\" decoding=\"async\" class=\"wp-image-250 alignright\" src=\"https:\/\/wp.ufpel.edu.br\/labmicro\/files\/2016\/03\/lattes.gif\" alt=\"lattes\" width=\"25\" height=\"29\" \/><\/a><\/span><\/p>\n<hr \/>\n<p><strong>Louise Haubert<img loading=\"lazy\" decoding=\"async\" class=\"wp-image-255 alignright\" src=\"https:\/\/wp.ufpel.edu.br\/labmicro\/files\/2016\/03\/servletrecuperafoto-1Lou-1-205x318.jpg\" alt=\"servletrecuperafoto (1)Lou\" width=\"114\" height=\"176\" srcset=\"https:\/\/wp.ufpel.edu.br\/labmicro\/files\/2016\/03\/servletrecuperafoto-1Lou-1-205x318.jpg 205w, https:\/\/wp.ufpel.edu.br\/labmicro\/files\/2016\/03\/servletrecuperafoto-1Lou-1-103x159.jpg 103w, https:\/\/wp.ufpel.edu.br\/labmicro\/files\/2016\/03\/servletrecuperafoto-1Lou-1.jpg 537w\" sizes=\"auto, (max-width: 114px) 100vw, 114px\" \/><\/strong><\/p>\n<p style=\"text-align: justify\">M\u00e9dica Veterin\u00e1ria formada pela Universidade Federal de Pelotas (2012). Mestre em Ci\u00eancia e Tecnologia de Alimentos pela Universidade Federal de Pelotas (2015). Atualmente \u00e9 doutoranda no Programa de P\u00f3s-Gradua\u00e7\u00e3o em Biotecnologia pela Universidade Federal de Pelotas.<span class=\"Apple-style-span\"><a href=\"http:\/\/lattes.cnpq.br\/0210390303639720\" target=\"_blank\"><img loading=\"lazy\" decoding=\"async\" class=\"wp-image-250 alignright\" src=\"https:\/\/wp.ufpel.edu.br\/labmicro\/files\/2016\/03\/lattes.gif\" alt=\"lattes\" width=\"25\" height=\"29\" \/><\/a><\/span><\/p>\n<hr \/>\n<p class=\"resumo\" style=\"text-align: justify\"><strong>Mariana Almeida Iglesias<img loading=\"lazy\" decoding=\"async\" class=\"wp-image-194 alignleft\" src=\"https:\/\/wp.ufpel.edu.br\/labmicro\/files\/2016\/03\/servletrecuperafoto-1MAri-239x318.jpg\" alt=\"servletrecuperafoto (1)MAri\" width=\"135\" height=\"180\" srcset=\"https:\/\/wp.ufpel.edu.br\/labmicro\/files\/2016\/03\/servletrecuperafoto-1MAri-239x318.jpg 239w, https:\/\/wp.ufpel.edu.br\/labmicro\/files\/2016\/03\/servletrecuperafoto-1MAri-119x159.jpg 119w, https:\/\/wp.ufpel.edu.br\/labmicro\/files\/2016\/03\/servletrecuperafoto-1MAri.jpg 640w\" sizes=\"auto, (max-width: 135px) 100vw, 135px\" \/><\/strong><\/p>\n<p class=\"resumo\" style=\"text-align: justify\">Bacharel em Ci\u00eancias Biol\u00f3gicas, formada pela Universidade Federal de Pelotas (2010). Mestre em Biotecnologia pela Universidade Federal de Pelotas. Atualmente \u00e9 doutoranda do Programa de P\u00f3s-Gradua\u00e7\u00e3o em Biotecnologia pela Universidade Federal de Pelotas.\u00a0<a href=\"http:\/\/lattes.cnpq.br\/0566038055175887\" target=\"_blank\"><img loading=\"lazy\" decoding=\"async\" class=\"wp-image-250 alignright\" src=\"https:\/\/wp.ufpel.edu.br\/labmicro\/files\/2016\/03\/lattes.gif\" alt=\"lattes\" width=\"25\" height=\"29\" \/><\/a><\/p>\n<hr \/>\n<p class=\"resumo\" style=\"text-align: justify\">\u00a0<strong>Tassiana Ramires\u00a0<\/strong><strong><img loading=\"lazy\" decoding=\"async\" class=\"wp-image-184 alignright\" src=\"https:\/\/wp.ufpel.edu.br\/labmicro\/files\/2016\/03\/servletrecuperafoto-2-206x318.jpg\" alt=\"servletrecuperafoto\" width=\"115\" height=\"178\" srcset=\"https:\/\/wp.ufpel.edu.br\/labmicro\/files\/2016\/03\/servletrecuperafoto-2-206x318.jpg 206w, https:\/\/wp.ufpel.edu.br\/labmicro\/files\/2016\/03\/servletrecuperafoto-2-103x159.jpg 103w, https:\/\/wp.ufpel.edu.br\/labmicro\/files\/2016\/03\/servletrecuperafoto-2.jpg 379w\" sizes=\"auto, (max-width: 115px) 100vw, 115px\" \/><\/strong><\/p>\n<p class=\"resumo\" style=\"text-align: justify\">Possui gradua\u00e7\u00e3o em Medicina Veterin\u00e1ria pela Universidade Federal de Pelotas (2014). Mestre em Ci\u00eancia e Tecnologia de Alimentos, com \u00eanfase em Microbiologia de Alimentos, pela Universidade Federal de Pelotas (2016). Atualmente \u00e9 doutoranda do programa de P\u00f3s-gradua\u00e7\u00e3o em Ci\u00eancia e Tecnologia de Alimentos da UFPel, atuando na \u00e1rea de microbiologia de alimentos, com \u00eanfase em caracteriza\u00e7\u00e3o fenot\u00edpica e molecular de Campylobacter term\u00f3filos. \u00a0 \u00a0 \u00a0 \u00a0\u00a0<a href=\"http:\/\/lattes.cnpq.br\/7608374413182000\" target=\"_blank\"><img loading=\"lazy\" decoding=\"async\" class=\"alignright wp-image-250\" src=\"https:\/\/wp.ufpel.edu.br\/labmicro\/files\/2016\/03\/lattes.gif\" alt=\"lattes\" width=\"20\" height=\"24\" \/><\/a><\/p>\n","protected":false},"excerpt":{"rendered":"<p>Carla Luciane Kreutz Braun\u00a0 Graduada em Qu\u00edmica Industrial de Alimentos pela Universidade Regional do Noroeste do Estado do Rio Grande do Sul (2007). P\u00f3s-graduada em Gest\u00e3o da Qualidade e Produtividade pelo Instituto Oswaldo Cruz (2010), Gest\u00e3o da Seguran\u00e7a de Alimentos pelo SENAC (2012) e Gest\u00e3o de Restaurantes e Similares pela UNIC (2012). Mestra em Ci\u00eancia &hellip; <a href=\"https:\/\/wp.ufpel.edu.br\/labmicro\/discentes\/doutorado\/\" class=\"more-link\">Continue lendo <span class=\"screen-reader-text\">Doutorado<\/span> <span class=\"meta-nav\">&rarr;<\/span><\/a><\/p>\n","protected":false},"author":619,"featured_media":0,"parent":44,"menu_order":3,"comment_status":"closed","ping_status":"closed","template":"","meta":{"footnotes":""},"class_list":["post-74","page","type-page","status-publish","hentry"],"_links":{"self":[{"href":"https:\/\/wp.ufpel.edu.br\/labmicro\/wp-json\/wp\/v2\/pages\/74","targetHints":{"allow":["GET"]}}],"collection":[{"href":"https:\/\/wp.ufpel.edu.br\/labmicro\/wp-json\/wp\/v2\/pages"}],"about":[{"href":"https:\/\/wp.ufpel.edu.br\/labmicro\/wp-json\/wp\/v2\/types\/page"}],"author":[{"embeddable":true,"href":"https:\/\/wp.ufpel.edu.br\/labmicro\/wp-json\/wp\/v2\/users\/619"}],"replies":[{"embeddable":true,"href":"https:\/\/wp.ufpel.edu.br\/labmicro\/wp-json\/wp\/v2\/comments?post=74"}],"version-history":[{"count":9,"href":"https:\/\/wp.ufpel.edu.br\/labmicro\/wp-json\/wp\/v2\/pages\/74\/revisions"}],"predecessor-version":[{"id":366,"href":"https:\/\/wp.ufpel.edu.br\/labmicro\/wp-json\/wp\/v2\/pages\/74\/revisions\/366"}],"up":[{"embeddable":true,"href":"https:\/\/wp.ufpel.edu.br\/labmicro\/wp-json\/wp\/v2\/pages\/44"}],"wp:attachment":[{"href":"https:\/\/wp.ufpel.edu.br\/labmicro\/wp-json\/wp\/v2\/media?parent=74"}],"curies":[{"name":"wp","href":"https:\/\/api.w.org\/{rel}","templated":true}]}}