{"id":71,"date":"2016-03-03T17:08:56","date_gmt":"2016-03-03T20:08:56","guid":{"rendered":"https:\/\/wp.ufpel.edu.br\/labmicro\/?page_id=71"},"modified":"2017-04-25T12:00:49","modified_gmt":"2017-04-25T15:00:49","slug":"mestrado","status":"publish","type":"page","link":"https:\/\/wp.ufpel.edu.br\/labmicro\/discentes\/mestrado\/","title":{"rendered":"Mestrado"},"content":{"rendered":"<p>&nbsp;<\/p>\n<h6 class=\"nome\">Camila Waschburger Ames<img loading=\"lazy\" decoding=\"async\" class=\"wp-image-369 alignright\" src=\"https:\/\/wp.ufpel.edu.br\/labmicro\/files\/2016\/03\/camila-223x318.jpg\" alt=\"\" width=\"168\" height=\"240\" srcset=\"https:\/\/wp.ufpel.edu.br\/labmicro\/files\/2016\/03\/camila-223x318.jpg 223w, https:\/\/wp.ufpel.edu.br\/labmicro\/files\/2016\/03\/camila-112x159.jpg 112w, https:\/\/wp.ufpel.edu.br\/labmicro\/files\/2016\/03\/camila.jpg 382w\" sizes=\"auto, (max-width: 168px) 100vw, 168px\" \/><\/h6>\n<p style=\"text-align: justify\">Possui gradua\u00e7\u00e3o em Qu\u00edmica Industrial pela Universidade Regional Integrada do Alto Uruguai e das Miss\u00f5es &#8211; Santo \u00c2ngelo (2015). Atualmente \u00e9 mestranda no Programa de P\u00f3s-Gradua\u00e7\u00e3o em Ci\u00eancia e Tecnologia de Alimentos na Universidade Federal de Pelotas, exercendo atividades na \u00e1rea de Microbiologia de Alimentos.<\/p>\n<p style=\"text-align: justify\"><img loading=\"lazy\" decoding=\"async\" class=\"wp-image-250 alignleft\" src=\"https:\/\/wp.ufpel.edu.br\/labmicro\/files\/2016\/03\/lattes.gif\" alt=\"lattes\" width=\"22\" height=\"27\" \/><\/p>\n<p>&nbsp;<\/p>\n<hr \/>\n<h6 class=\"nome\">Kamila Furtado da Cunha<img loading=\"lazy\" decoding=\"async\" class=\"wp-image-368 alignleft\" src=\"https:\/\/wp.ufpel.edu.br\/labmicro\/files\/2016\/03\/kamila.jpg\" alt=\"\" width=\"133\" height=\"200\" srcset=\"https:\/\/wp.ufpel.edu.br\/labmicro\/files\/2016\/03\/kamila.jpg 177w, https:\/\/wp.ufpel.edu.br\/labmicro\/files\/2016\/03\/kamila-106x159.jpg 106w\" sizes=\"auto, (max-width: 133px) 100vw, 133px\" \/><\/h6>\n<p style=\"text-align: justify\">Possui gradua\u00e7\u00e3o em Ci\u00eancias Biol\u00f3gicas Bacharelado pela Universidade Federal de Pelotas (2017). Foi colaboradora no Laborat\u00f3rio de Bacteriologia, situado no Departamento de Microbiologia e Parasiologia do Insituto de Biologia da Universidade Federal de Pelotas dos anos de 2013 a 2016. Foi monitara das disciplinas de Microbiologia Geral e Microbiologia e Imunologia na mesma institui\u00e7\u00e3o de ensino, nos anos de 2014 e 2015. Atualmente \u00e9 mestranda no Programa de P\u00f3s Gradua\u00e7\u00e3o em Ci\u00eancia e Tecnologia de Alimentos da UFPel. Possu\u00ed experi\u00eancia na \u00e1rea de Microbiologia de Alimentos com \u00eanfase em Bacteriologia.<\/p>\n<p style=\"text-align: justify\"><a href=\"http:\/\/lattes.cnpq.br\/0924600072029124\"><img loading=\"lazy\" decoding=\"async\" class=\"wp-image-250 alignleft\" src=\"https:\/\/wp.ufpel.edu.br\/labmicro\/files\/2016\/03\/lattes.gif\" alt=\"lattes\" width=\"22\" height=\"27\" \/><\/a><\/p>\n<p>&nbsp;<\/p>\n<hr \/>\n<p><strong>Let\u00edcia Klein Scheik\u00a0<\/strong><\/p>\n<p class=\"resumo\"><strong><img loading=\"lazy\" decoding=\"async\" class=\"wp-image-311 alignright\" src=\"https:\/\/wp.ufpel.edu.br\/labmicro\/files\/2016\/03\/servletrecuperafoto-1let\u00edcia-281x318.jpg\" alt=\"servletrecuperafoto (1)let\u00edcia\" width=\"165\" height=\"187\" srcset=\"https:\/\/wp.ufpel.edu.br\/labmicro\/files\/2016\/03\/servletrecuperafoto-1let\u00edcia-281x318.jpg 281w, https:\/\/wp.ufpel.edu.br\/labmicro\/files\/2016\/03\/servletrecuperafoto-1let\u00edcia-140x159.jpg 140w, https:\/\/wp.ufpel.edu.br\/labmicro\/files\/2016\/03\/servletrecuperafoto-1let\u00edcia.jpg 375w\" sizes=\"auto, (max-width: 165px) 100vw, 165px\" \/><\/strong><\/p>\n<p class=\"resumo\" style=\"text-align: justify\">Possu\u00ed gradua\u00e7\u00e3o no curso\u00a0de Tecnologia em Alimentos pela Universidade Federal de Pelotas. Mestranda do Programa de P\u00f3s-Gradua\u00e7\u00e3o em Ci\u00eancia e Tecnologia de Alimentos da Universidade Federal de Pelotas.<\/p>\n<p class=\"resumo\" style=\"text-align: justify\"><img loading=\"lazy\" decoding=\"async\" class=\"wp-image-250 alignleft\" src=\"https:\/\/wp.ufpel.edu.br\/labmicro\/files\/2016\/03\/lattes.gif\" alt=\"lattes\" width=\"22\" height=\"27\" \/><\/p>\n<hr \/>\n<h6 class=\"nome\">Natalie Rauber Kleinubing<img loading=\"lazy\" decoding=\"async\" class=\"wp-image-367 alignleft\" src=\"https:\/\/wp.ufpel.edu.br\/labmicro\/files\/2016\/03\/natalie-318x318.jpg\" alt=\"\" width=\"174\" height=\"174\" srcset=\"https:\/\/wp.ufpel.edu.br\/labmicro\/files\/2016\/03\/natalie-318x318.jpg 318w, https:\/\/wp.ufpel.edu.br\/labmicro\/files\/2016\/03\/natalie-159x159.jpg 159w, https:\/\/wp.ufpel.edu.br\/labmicro\/files\/2016\/03\/natalie-768x769.jpg 768w, https:\/\/wp.ufpel.edu.br\/labmicro\/files\/2016\/03\/natalie.jpg 865w\" sizes=\"auto, (max-width: 174px) 100vw, 174px\" \/><\/h6>\n<p class=\"resumo\" style=\"text-align: justify\">Graduada em Medicina Veterin\u00e1ria pela Universidade Federal de Pelotas (2016). Mestranda\u00a0do Programa de P\u00f3s-Gradua\u00e7\u00e3o em Ci\u00eancia e Tecnologia de Alimentos da Universidade Federal de Pelotas, com \u00eanfase em microbiologia de alimentos.<\/p>\n<p class=\"resumo\" style=\"text-align: justify\"><img loading=\"lazy\" decoding=\"async\" class=\"wp-image-250 alignleft\" src=\"https:\/\/wp.ufpel.edu.br\/labmicro\/files\/2016\/03\/lattes.gif\" alt=\"lattes\" width=\"22\" height=\"27\" \/><\/p>\n<hr \/>\n<p class=\"resumo\" style=\"text-align: left\"><strong>Pedro Lima Bellinazo\u00a0<img loading=\"lazy\" decoding=\"async\" class=\"wp-image-310 alignright\" src=\"https:\/\/wp.ufpel.edu.br\/labmicro\/files\/2016\/03\/servletrecuperafoto-1pedro-220x318.jpg\" alt=\"servletrecuperafoto (1)pedro\" width=\"139\" height=\"201\" srcset=\"https:\/\/wp.ufpel.edu.br\/labmicro\/files\/2016\/03\/servletrecuperafoto-1pedro-220x318.jpg 220w, https:\/\/wp.ufpel.edu.br\/labmicro\/files\/2016\/03\/servletrecuperafoto-1pedro-110x159.jpg 110w, https:\/\/wp.ufpel.edu.br\/labmicro\/files\/2016\/03\/servletrecuperafoto-1pedro.jpg 763w\" sizes=\"auto, (max-width: 139px) 100vw, 139px\" \/><\/strong><\/p>\n<p class=\"resumo\" style=\"text-align: justify\">Possui gradua\u00e7\u00e3o em Agronomia pela Universidade Federal de Pelotas e gradua\u00e7\u00e3o em Processos Gerenciais pela Universidade Norte do Paran\u00e1.\u00a0Mestrando do Programa de P\u00f3s-Gradua\u00e7\u00e3o em Ci\u00eancia e Tecnologia de Alimentos da Universidade Federal de Pelotas.<\/p>\n<p class=\"resumo\" style=\"text-align: right\"><a href=\"http:\/\/lattes.cnpq.br\/4467902609487444\" target=\"_blank\"><img loading=\"lazy\" decoding=\"async\" class=\"wp-image-250 alignleft\" src=\"https:\/\/wp.ufpel.edu.br\/labmicro\/files\/2016\/03\/lattes.gif\" alt=\"lattes\" width=\"22\" height=\"27\" \/><\/a><\/p>\n","protected":false},"excerpt":{"rendered":"<p>&nbsp; Camila Waschburger Ames Possui gradua\u00e7\u00e3o em Qu\u00edmica Industrial pela Universidade Regional Integrada do Alto Uruguai e das Miss\u00f5es &#8211; Santo \u00c2ngelo (2015). Atualmente \u00e9 mestranda no Programa de P\u00f3s-Gradua\u00e7\u00e3o em Ci\u00eancia e Tecnologia de Alimentos na Universidade Federal de Pelotas, exercendo atividades na \u00e1rea de Microbiologia de Alimentos. &nbsp; Kamila Furtado da Cunha Possui &hellip; <a href=\"https:\/\/wp.ufpel.edu.br\/labmicro\/discentes\/mestrado\/\" class=\"more-link\">Continue lendo <span class=\"screen-reader-text\">Mestrado<\/span> <span class=\"meta-nav\">&rarr;<\/span><\/a><\/p>\n","protected":false},"author":619,"featured_media":0,"parent":44,"menu_order":2,"comment_status":"closed","ping_status":"closed","template":"","meta":{"footnotes":""},"class_list":["post-71","page","type-page","status-publish","hentry"],"_links":{"self":[{"href":"https:\/\/wp.ufpel.edu.br\/labmicro\/wp-json\/wp\/v2\/pages\/71","targetHints":{"allow":["GET"]}}],"collection":[{"href":"https:\/\/wp.ufpel.edu.br\/labmicro\/wp-json\/wp\/v2\/pages"}],"about":[{"href":"https:\/\/wp.ufpel.edu.br\/labmicro\/wp-json\/wp\/v2\/types\/page"}],"author":[{"embeddable":true,"href":"https:\/\/wp.ufpel.edu.br\/labmicro\/wp-json\/wp\/v2\/users\/619"}],"replies":[{"embeddable":true,"href":"https:\/\/wp.ufpel.edu.br\/labmicro\/wp-json\/wp\/v2\/comments?post=71"}],"version-history":[{"count":16,"href":"https:\/\/wp.ufpel.edu.br\/labmicro\/wp-json\/wp\/v2\/pages\/71\/revisions"}],"predecessor-version":[{"id":374,"href":"https:\/\/wp.ufpel.edu.br\/labmicro\/wp-json\/wp\/v2\/pages\/71\/revisions\/374"}],"up":[{"embeddable":true,"href":"https:\/\/wp.ufpel.edu.br\/labmicro\/wp-json\/wp\/v2\/pages\/44"}],"wp:attachment":[{"href":"https:\/\/wp.ufpel.edu.br\/labmicro\/wp-json\/wp\/v2\/media?parent=71"}],"curies":[{"name":"wp","href":"https:\/\/api.w.org\/{rel}","templated":true}]}}