{"id":282,"date":"2016-03-09T21:55:43","date_gmt":"2016-03-10T00:55:43","guid":{"rendered":"https:\/\/wp.ufpel.edu.br\/labmicro\/?page_id=282"},"modified":"2016-03-09T21:56:15","modified_gmt":"2016-03-10T00:56:15","slug":"282-2","status":"publish","type":"page","link":"https:\/\/wp.ufpel.edu.br\/labmicro\/282-2\/","title":{"rendered":"Servi\u00e7os"},"content":{"rendered":"<p style=\"text-align: center\"><b><strong>PRESTA\u00c7\u00c3O DE SERVI\u00c7OS<\/strong><\/b><\/p>\n<p style=\"text-align: justify\">O Laborat\u00f3rio de Microbiologia de Alimentos realiza an\u00e1lises microbiol\u00f3gicas de alimentos, \u00e1gua, instala\u00e7\u00f5es industriais e equipamentos.<\/p>\n<ul>\n<ul>\n<li><b><strong>Pesquisa de <em>Listeria monocytogenes<\/em><\/strong><\/b><\/li>\n<\/ul>\n<\/ul>\n<ul>\n<ul>\n<li><b><strong>Pesquisa de <em>Salmonella<\/em> spp.<\/strong><\/b><\/li>\n<\/ul>\n<\/ul>\n<ul>\n<ul>\n<li><b><strong>Contagem de <em>Staphylococcus<\/em> coagulase positiva<\/strong><\/b><\/li>\n<\/ul>\n<\/ul>\n<ul>\n<ul>\n<li><b><strong>Contagem de Enterobact\u00e9rias<\/strong><\/b><\/li>\n<\/ul>\n<\/ul>\n<ul>\n<ul>\n<li><b><strong>Contagem de <em>Bacillus cereus<\/em><\/strong><\/b><\/li>\n<\/ul>\n<\/ul>\n<ul>\n<ul>\n<li><b><strong>Contagem de Clostr\u00eddios sulfito-redutores<\/strong><\/b><\/li>\n<\/ul>\n<\/ul>\n<ul>\n<ul>\n<li><b><strong>Contagem de mes\u00f3filos aer\u00f3bios facultativos<\/strong><\/b><\/li>\n<\/ul>\n<\/ul>\n<ul>\n<ul>\n<li><b><strong>Contagem de bolores e leveduras<\/strong><\/b><\/li>\n<\/ul>\n<\/ul>\n<ul>\n<ul>\n<li><b><strong>Enumera\u00e7\u00e3o de coliformes totais<\/strong><\/b><\/li>\n<\/ul>\n<\/ul>\n<ul>\n<ul>\n<li><b><strong>Enumera\u00e7\u00e3o de coliformes termotolerantes<\/strong><\/b><\/li>\n<\/ul>\n<\/ul>\n<ul>\n<ul>\n<li><b><strong>Potabilidade<\/strong><\/b><b><strong> de \u00e1gua<\/strong><\/b><\/li>\n<\/ul>\n<\/ul>\n<ul>\n<li><b><strong>An\u00e1lise de esterilidade comercial<\/strong><\/b><\/li>\n<\/ul>\n<p style=\"text-align: justify\">Para todos os resultados das an\u00e1lises s\u00e3o emitidos laudos t\u00e9cnicos especificando a conformidade do produto em rela\u00e7\u00e3o \u00e0 legisla\u00e7\u00e3o nacional vigente: ANVISA (Minist\u00e9rio da Sa\u00fade) e regulamentos do Minist\u00e9rio da Agricultura.<\/p>\n<p style=\"text-align: justify\">\n","protected":false},"excerpt":{"rendered":"<p>PRESTA\u00c7\u00c3O DE SERVI\u00c7OS O Laborat\u00f3rio de Microbiologia de Alimentos realiza an\u00e1lises microbiol\u00f3gicas de alimentos, \u00e1gua, instala\u00e7\u00f5es industriais e equipamentos. Pesquisa de Listeria monocytogenes Pesquisa de Salmonella spp. Contagem de Staphylococcus coagulase positiva Contagem de Enterobact\u00e9rias Contagem de Bacillus cereus Contagem de Clostr\u00eddios sulfito-redutores Contagem de mes\u00f3filos aer\u00f3bios facultativos Contagem de bolores e leveduras Enumera\u00e7\u00e3o de &hellip; <a href=\"https:\/\/wp.ufpel.edu.br\/labmicro\/282-2\/\" class=\"more-link\">Continue lendo <span class=\"screen-reader-text\">Servi\u00e7os<\/span> <span class=\"meta-nav\">&rarr;<\/span><\/a><\/p>\n","protected":false},"author":619,"featured_media":0,"parent":0,"menu_order":0,"comment_status":"closed","ping_status":"closed","template":"","meta":{"footnotes":""},"class_list":["post-282","page","type-page","status-publish","hentry"],"_links":{"self":[{"href":"https:\/\/wp.ufpel.edu.br\/labmicro\/wp-json\/wp\/v2\/pages\/282","targetHints":{"allow":["GET"]}}],"collection":[{"href":"https:\/\/wp.ufpel.edu.br\/labmicro\/wp-json\/wp\/v2\/pages"}],"about":[{"href":"https:\/\/wp.ufpel.edu.br\/labmicro\/wp-json\/wp\/v2\/types\/page"}],"author":[{"embeddable":true,"href":"https:\/\/wp.ufpel.edu.br\/labmicro\/wp-json\/wp\/v2\/users\/619"}],"replies":[{"embeddable":true,"href":"https:\/\/wp.ufpel.edu.br\/labmicro\/wp-json\/wp\/v2\/comments?post=282"}],"version-history":[{"count":2,"href":"https:\/\/wp.ufpel.edu.br\/labmicro\/wp-json\/wp\/v2\/pages\/282\/revisions"}],"predecessor-version":[{"id":285,"href":"https:\/\/wp.ufpel.edu.br\/labmicro\/wp-json\/wp\/v2\/pages\/282\/revisions\/285"}],"wp:attachment":[{"href":"https:\/\/wp.ufpel.edu.br\/labmicro\/wp-json\/wp\/v2\/media?parent=282"}],"curies":[{"name":"wp","href":"https:\/\/api.w.org\/{rel}","templated":true}]}}