{"id":207,"date":"2016-03-04T13:31:38","date_gmt":"2016-03-04T16:31:38","guid":{"rendered":"https:\/\/wp.ufpel.edu.br\/labmicro\/?page_id=207"},"modified":"2016-03-04T19:01:48","modified_gmt":"2016-03-04T22:01:48","slug":"contato","status":"publish","type":"page","link":"https:\/\/wp.ufpel.edu.br\/labmicro\/contato\/","title":{"rendered":"Contato"},"content":{"rendered":"<p><strong><br \/>\n<img loading=\"lazy\" decoding=\"async\" class=\"size-medium wp-image-4 alignleft\" src=\"https:\/\/wp.ufpel.edu.br\/labmicro\/files\/2016\/03\/lab-1-424x194.png\" alt=\"lab (1)\" width=\"424\" height=\"194\" srcset=\"https:\/\/wp.ufpel.edu.br\/labmicro\/files\/2016\/03\/lab-1-424x194.png 424w, https:\/\/wp.ufpel.edu.br\/labmicro\/files\/2016\/03\/lab-1-212x97.png 212w, https:\/\/wp.ufpel.edu.br\/labmicro\/files\/2016\/03\/lab-1.png 486w\" sizes=\"auto, (max-width: 424px) 100vw, 424px\" \/><\/strong><\/p>\n<p>&nbsp;<\/p>\n<p>&nbsp;<\/p>\n<p>&nbsp;<\/p>\n<p><strong>Endere\u00e7o: <\/strong><\/p>\n<p>Laborat\u00f3rio de Microbiologia de Alimentos<\/p>\n<p>Departamento de Ci\u00eancia e Tecnologia de Alimentos \u2013 sala 703<\/p>\n<p>Faculdade de Agronomia Eliseu Maciel<\/p>\n<p>Campus Universit\u00e1rio \u2013 Universidade Federal de Pelotas, s\/n<\/p>\n<p>CEP: 96010-900\u00a0\u00a0\u00a0\u00a0 Pelotas\/RS<\/p>\n<p><strong>Telefone:<\/strong><\/p>\n<p>(53) 3275.7284 \u2013 Ramal 202<\/p>\n","protected":false},"excerpt":{"rendered":"<p>&nbsp; &nbsp; &nbsp; Endere\u00e7o: Laborat\u00f3rio de Microbiologia de Alimentos Departamento de Ci\u00eancia e Tecnologia de Alimentos \u2013 sala 703 Faculdade de Agronomia Eliseu Maciel Campus Universit\u00e1rio \u2013 Universidade Federal de Pelotas, s\/n CEP: 96010-900\u00a0\u00a0\u00a0\u00a0 Pelotas\/RS Telefone: (53) 3275.7284 \u2013 Ramal 202<\/p>\n","protected":false},"author":619,"featured_media":0,"parent":0,"menu_order":7,"comment_status":"closed","ping_status":"closed","template":"","meta":{"footnotes":""},"class_list":["post-207","page","type-page","status-publish","hentry"],"_links":{"self":[{"href":"https:\/\/wp.ufpel.edu.br\/labmicro\/wp-json\/wp\/v2\/pages\/207","targetHints":{"allow":["GET"]}}],"collection":[{"href":"https:\/\/wp.ufpel.edu.br\/labmicro\/wp-json\/wp\/v2\/pages"}],"about":[{"href":"https:\/\/wp.ufpel.edu.br\/labmicro\/wp-json\/wp\/v2\/types\/page"}],"author":[{"embeddable":true,"href":"https:\/\/wp.ufpel.edu.br\/labmicro\/wp-json\/wp\/v2\/users\/619"}],"replies":[{"embeddable":true,"href":"https:\/\/wp.ufpel.edu.br\/labmicro\/wp-json\/wp\/v2\/comments?post=207"}],"version-history":[{"count":3,"href":"https:\/\/wp.ufpel.edu.br\/labmicro\/wp-json\/wp\/v2\/pages\/207\/revisions"}],"predecessor-version":[{"id":243,"href":"https:\/\/wp.ufpel.edu.br\/labmicro\/wp-json\/wp\/v2\/pages\/207\/revisions\/243"}],"wp:attachment":[{"href":"https:\/\/wp.ufpel.edu.br\/labmicro\/wp-json\/wp\/v2\/media?parent=207"}],"curies":[{"name":"wp","href":"https:\/\/api.w.org\/{rel}","templated":true}]}}