{"id":178,"date":"2016-03-04T10:56:05","date_gmt":"2016-03-04T13:56:05","guid":{"rendered":"https:\/\/wp.ufpel.edu.br\/labmicro\/?page_id=178"},"modified":"2017-04-25T12:24:20","modified_gmt":"2017-04-25T15:24:20","slug":"pos-doutores","status":"publish","type":"page","link":"https:\/\/wp.ufpel.edu.br\/labmicro\/discentes\/pos-doutores\/","title":{"rendered":"P\u00f3s Doutorado"},"content":{"rendered":"<h6 class=\"nome\">Graciela V\u00f6lz Lopes<img loading=\"lazy\" decoding=\"async\" class=\" wp-image-377 alignright\" src=\"https:\/\/wp.ufpel.edu.br\/labmicro\/files\/2016\/03\/graci-319x318.jpg\" alt=\"\" width=\"197\" height=\"196\" srcset=\"https:\/\/wp.ufpel.edu.br\/labmicro\/files\/2016\/03\/graci-319x318.jpg 319w, https:\/\/wp.ufpel.edu.br\/labmicro\/files\/2016\/03\/graci-159x159.jpg 159w, https:\/\/wp.ufpel.edu.br\/labmicro\/files\/2016\/03\/graci-768x766.jpg 768w, https:\/\/wp.ufpel.edu.br\/labmicro\/files\/2016\/03\/graci.jpg 1193w\" sizes=\"auto, (max-width: 197px) 100vw, 197px\" \/><\/h6>\n<p class=\"resumo\" style=\"text-align: justify\">Possui gradua\u00e7\u00e3o em Medicina Veterin\u00e1ria pela Universidade Federal de Pelotas (2007), Mestrado em Ci\u00eancia dos Alimentos pela Universidade de S\u00e3o Paulo (2009) e Doutorado em Ci\u00eancias Veterin\u00e1rias pela Universidade Federal do Rio Grande do Sul (2014). Realizou doutorado com per\u00edodo sandu\u00edche no Instituto de Gen\u00e9tica Animal (Institute of Farm Animal Genetics) Friedrich-Loeffler Institut (FLI), na Alemanha (2012-2013). Foi bolsista na modalidade Est\u00e1gio P\u00f3s-doutoral PNPD (CAPES) no Laborat\u00f3rio de Medicina Veterin\u00e1ria Preventiva da UFRGS e exerceu atividades como professora colaboradora do PPGCV-UFRGS. Atualmente \u00e9 bolsista de p\u00f3s-doutorado (CAPES) no Laborat\u00f3rio de Microbiologia de Alimentos, da Faculdade de Agronomia Eliseu Maciel da Universidade Federal de Pelotas (UFPel). Tem experi\u00eancia na \u00e1rea de Microbiologia e Biologia Molecular, com \u00eanfase nos seguintes temas: Bacteriologia, Microbiologia de Alimentos, Resist\u00eancia a Antimicrobianos, Caracteriza\u00e7\u00e3o fenot\u00edpica e genot\u00edpica de micro-organismos\u00a0 \u00a0 \u00a0 \u00a0 <span class=\"Apple-style-span\"><a href=\"http:\/\/lattes.cnpq.br\/3716019861332453\" target=\"_blank\" rel=\"noopener noreferrer\"><img loading=\"lazy\" decoding=\"async\" class=\"alignright wp-image-250\" src=\"https:\/\/wp.ufpel.edu.br\/labmicro\/files\/2016\/03\/lattes.gif\" alt=\"lattes\" width=\"21\" height=\"25\" \/><\/a><\/span><\/p>\n","protected":false},"excerpt":{"rendered":"<p>Graciela V\u00f6lz Lopes Possui gradua\u00e7\u00e3o em Medicina Veterin\u00e1ria pela Universidade Federal de Pelotas (2007), Mestrado em Ci\u00eancia dos Alimentos pela Universidade de S\u00e3o Paulo (2009) e Doutorado em Ci\u00eancias Veterin\u00e1rias pela Universidade Federal do Rio Grande do Sul (2014). Realizou doutorado com per\u00edodo sandu\u00edche no Instituto de Gen\u00e9tica Animal (Institute of Farm Animal Genetics) Friedrich-Loeffler &hellip; <a href=\"https:\/\/wp.ufpel.edu.br\/labmicro\/discentes\/pos-doutores\/\" class=\"more-link\">Continue lendo <span class=\"screen-reader-text\">P\u00f3s Doutorado<\/span> <span class=\"meta-nav\">&rarr;<\/span><\/a><\/p>\n","protected":false},"author":619,"featured_media":0,"parent":44,"menu_order":4,"comment_status":"closed","ping_status":"closed","template":"","meta":{"footnotes":""},"class_list":["post-178","page","type-page","status-publish","hentry"],"_links":{"self":[{"href":"https:\/\/wp.ufpel.edu.br\/labmicro\/wp-json\/wp\/v2\/pages\/178","targetHints":{"allow":["GET"]}}],"collection":[{"href":"https:\/\/wp.ufpel.edu.br\/labmicro\/wp-json\/wp\/v2\/pages"}],"about":[{"href":"https:\/\/wp.ufpel.edu.br\/labmicro\/wp-json\/wp\/v2\/types\/page"}],"author":[{"embeddable":true,"href":"https:\/\/wp.ufpel.edu.br\/labmicro\/wp-json\/wp\/v2\/users\/619"}],"replies":[{"embeddable":true,"href":"https:\/\/wp.ufpel.edu.br\/labmicro\/wp-json\/wp\/v2\/comments?post=178"}],"version-history":[{"count":5,"href":"https:\/\/wp.ufpel.edu.br\/labmicro\/wp-json\/wp\/v2\/pages\/178\/revisions"}],"predecessor-version":[{"id":378,"href":"https:\/\/wp.ufpel.edu.br\/labmicro\/wp-json\/wp\/v2\/pages\/178\/revisions\/378"}],"up":[{"embeddable":true,"href":"https:\/\/wp.ufpel.edu.br\/labmicro\/wp-json\/wp\/v2\/pages\/44"}],"wp:attachment":[{"href":"https:\/\/wp.ufpel.edu.br\/labmicro\/wp-json\/wp\/v2\/media?parent=178"}],"curies":[{"name":"wp","href":"https:\/\/api.w.org\/{rel}","templated":true}]}}