{"id":172,"date":"2016-03-04T10:47:50","date_gmt":"2016-03-04T13:47:50","guid":{"rendered":"https:\/\/wp.ufpel.edu.br\/labmicro\/?page_id=172"},"modified":"2016-03-04T20:29:54","modified_gmt":"2016-03-04T23:29:54","slug":"tecnica-em-laboratorio","status":"publish","type":"page","link":"https:\/\/wp.ufpel.edu.br\/labmicro\/discentes\/tecnica-em-laboratorio\/","title":{"rendered":"T\u00e9cnica em Laborat\u00f3rio"},"content":{"rendered":"<p><img loading=\"lazy\" decoding=\"async\" class=\"alignnone size-full wp-image-175\" src=\"https:\/\/wp.ufpel.edu.br\/labmicro\/files\/2016\/03\/sem-foto.jpg\" alt=\"sem foto\" width=\"95\" height=\"99\" \/>\u00a0 <strong>Andreia Saldanha de Lima<\/strong><\/p>\n<p style=\"text-align: justify\">Bacharel em Qu\u00edmica de Alimentos pela UFPel, Mestre em Ci\u00eancia e Tecnologia de Alimentos\u00a0pelo programa de P\u00f3s-Gradua\u00e7\u00e3o em Ci\u00eancia e Tecnologia de Alimentos-DCTA-FAEM-UFPel. Atua como t\u00e9cnica no laborat\u00f3rio de microbiologia de alimentos.\u00a0<span class=\"Apple-style-span\"><a href=\"http:\/\/lattes.cnpq.br\/3464225731838721\" target=\"_blank\"><img loading=\"lazy\" decoding=\"async\" class=\"wp-image-250 alignright\" src=\"https:\/\/wp.ufpel.edu.br\/labmicro\/files\/2016\/03\/lattes.gif\" alt=\"lattes\" width=\"21\" height=\"25\" \/><\/a><\/span><\/p>\n<p>&nbsp;<\/p>\n","protected":false},"excerpt":{"rendered":"<p>\u00a0 Andreia Saldanha de Lima Bacharel em Qu\u00edmica de Alimentos pela UFPel, Mestre em Ci\u00eancia e Tecnologia de Alimentos\u00a0pelo programa de P\u00f3s-Gradua\u00e7\u00e3o em Ci\u00eancia e Tecnologia de Alimentos-DCTA-FAEM-UFPel. Atua como t\u00e9cnica no laborat\u00f3rio de microbiologia de alimentos.\u00a0 &nbsp;<\/p>\n","protected":false},"author":619,"featured_media":0,"parent":44,"menu_order":5,"comment_status":"closed","ping_status":"closed","template":"","meta":{"footnotes":""},"class_list":["post-172","page","type-page","status-publish","hentry"],"_links":{"self":[{"href":"https:\/\/wp.ufpel.edu.br\/labmicro\/wp-json\/wp\/v2\/pages\/172","targetHints":{"allow":["GET"]}}],"collection":[{"href":"https:\/\/wp.ufpel.edu.br\/labmicro\/wp-json\/wp\/v2\/pages"}],"about":[{"href":"https:\/\/wp.ufpel.edu.br\/labmicro\/wp-json\/wp\/v2\/types\/page"}],"author":[{"embeddable":true,"href":"https:\/\/wp.ufpel.edu.br\/labmicro\/wp-json\/wp\/v2\/users\/619"}],"replies":[{"embeddable":true,"href":"https:\/\/wp.ufpel.edu.br\/labmicro\/wp-json\/wp\/v2\/comments?post=172"}],"version-history":[{"count":4,"href":"https:\/\/wp.ufpel.edu.br\/labmicro\/wp-json\/wp\/v2\/pages\/172\/revisions"}],"predecessor-version":[{"id":261,"href":"https:\/\/wp.ufpel.edu.br\/labmicro\/wp-json\/wp\/v2\/pages\/172\/revisions\/261"}],"up":[{"embeddable":true,"href":"https:\/\/wp.ufpel.edu.br\/labmicro\/wp-json\/wp\/v2\/pages\/44"}],"wp:attachment":[{"href":"https:\/\/wp.ufpel.edu.br\/labmicro\/wp-json\/wp\/v2\/media?parent=172"}],"curies":[{"name":"wp","href":"https:\/\/api.w.org\/{rel}","templated":true}]}}