{"id":80,"date":"2011-10-20T18:55:17","date_gmt":"2011-10-20T21:55:17","guid":{"rendered":"https:\/\/wp.ufpel.edu.br\/labmequi\/"},"modified":"2021-07-23T15:12:46","modified_gmt":"2021-07-23T18:12:46","slug":"eventos","status":"publish","type":"page","link":"https:\/\/wp.ufpel.edu.br\/labmequi\/eventos\/","title":{"rendered":"Eventos"},"content":{"rendered":"<h2><strong>Divulga\u00e7\u00e3o<\/strong><\/h2>\n<address><span style=\"color: #000000\">P\u00e1gina destinada a divulga\u00e7\u00e3o de eventos relacionados com \u00e1rea de Qu\u00edmica Anal\u00edtica.<\/span><\/address>\n<address><span style=\"color: #808080\">Para maiores informa\u00e7\u00f5es clique na imagem<\/span><\/address>\n<address>\u00a0<\/address>\n<address><span style=\"color: #808080\"><strong><span style=\"color: #000000\">_____________________________________________________<\/span><\/strong><\/span><\/address>\n<h3 style=\"text-align: left\"><a href=\"https:\/\/wp.ufpel.edu.br\/siiepe\/\"><img class=\"aligncenter wp-image-1282 size-full\" src=\"https:\/\/wp.ufpel.edu.br\/labmequi\/files\/2021\/07\/Captura-de-Tela-2021-07-23-a\u0300s-15.06.44.png\" alt=\"\" width=\"677\" height=\"221\" srcset=\"https:\/\/wp.ufpel.edu.br\/labmequi\/files\/2021\/07\/Captura-de-Tela-2021-07-23-a\u0300s-15.06.44.png 677w, https:\/\/wp.ufpel.edu.br\/labmequi\/files\/2021\/07\/Captura-de-Tela-2021-07-23-a\u0300s-15.06.44-400x131.png 400w\" sizes=\"(max-width: 677px) 100vw, 677px\" \/><\/a><\/h3>\n<p><a href=\"https:\/\/www.sbqsul21.com.br\/\"><img class=\"aligncenter wp-image-1283 size-medium\" src=\"https:\/\/wp.ufpel.edu.br\/labmequi\/files\/2021\/07\/sbqsul-400x400.jpg\" alt=\"\" width=\"400\" height=\"400\" srcset=\"https:\/\/wp.ufpel.edu.br\/labmequi\/files\/2021\/07\/sbqsul-400x400.jpg 400w, https:\/\/wp.ufpel.edu.br\/labmequi\/files\/2021\/07\/sbqsul-1024x1024.jpg 1024w, https:\/\/wp.ufpel.edu.br\/labmequi\/files\/2021\/07\/sbqsul-200x200.jpg 200w, https:\/\/wp.ufpel.edu.br\/labmequi\/files\/2021\/07\/sbqsul-768x768.jpg 768w, https:\/\/wp.ufpel.edu.br\/labmequi\/files\/2021\/07\/sbqsul.jpg 1080w\" sizes=\"(max-width: 400px) 100vw, 400px\" \/><\/a><\/p>\n","protected":false},"excerpt":{"rendered":"<p>Divulga\u00e7\u00e3o P\u00e1gina destinada a divulga\u00e7\u00e3o de eventos relacionados com \u00e1rea de Qu\u00edmica Anal\u00edtica. Para maiores informa\u00e7\u00f5es clique na imagem \u00a0 _____________________________________________________<\/p>\n","protected":false},"author":113,"featured_media":0,"parent":0,"menu_order":4,"comment_status":"closed","ping_status":"closed","template":"","meta":{"footnotes":""},"class_list":["post-80","page","type-page","status-publish","hentry"],"_links":{"self":[{"href":"https:\/\/wp.ufpel.edu.br\/labmequi\/wp-json\/wp\/v2\/pages\/80","targetHints":{"allow":["GET"]}}],"collection":[{"href":"https:\/\/wp.ufpel.edu.br\/labmequi\/wp-json\/wp\/v2\/pages"}],"about":[{"href":"https:\/\/wp.ufpel.edu.br\/labmequi\/wp-json\/wp\/v2\/types\/page"}],"author":[{"embeddable":true,"href":"https:\/\/wp.ufpel.edu.br\/labmequi\/wp-json\/wp\/v2\/users\/113"}],"replies":[{"embeddable":true,"href":"https:\/\/wp.ufpel.edu.br\/labmequi\/wp-json\/wp\/v2\/comments?post=80"}],"version-history":[{"count":67,"href":"https:\/\/wp.ufpel.edu.br\/labmequi\/wp-json\/wp\/v2\/pages\/80\/revisions"}],"predecessor-version":[{"id":1285,"href":"https:\/\/wp.ufpel.edu.br\/labmequi\/wp-json\/wp\/v2\/pages\/80\/revisions\/1285"}],"wp:attachment":[{"href":"https:\/\/wp.ufpel.edu.br\/labmequi\/wp-json\/wp\/v2\/media?parent=80"}],"curies":[{"name":"wp","href":"https:\/\/api.w.org\/{rel}","templated":true}]}}