{"id":245,"date":"2011-10-21T15:16:32","date_gmt":"2011-10-21T18:16:32","guid":{"rendered":"https:\/\/wp.ufpel.edu.br\/labmequi\/"},"modified":"2021-07-23T19:40:37","modified_gmt":"2021-07-23T22:40:37","slug":"meibel-teixeira-lisboa","status":"publish","type":"page","link":"https:\/\/wp.ufpel.edu.br\/labmequi\/grupo-de-pesquisa\/pos-doutorandos\/meibel-teixeira-lisboa\/","title":{"rendered":"Meibel Teixeira Lisboa"},"content":{"rendered":"<p><a href=\"https:\/\/wp.ufpel.edu.br\/labmequi\/files\/2011\/10\/imagem-07.jpeg\"><img class=\"alignleft size-full wp-image-246\" src=\"https:\/\/wp.ufpel.edu.br\/labmequi\/files\/2011\/10\/imagem-07.jpeg\" alt=\"\" width=\"106\" height=\"160\" \/><\/a><\/p>\n<p style=\"text-align: justify\"><span style=\"color: #000000\">Possui gradua\u00e7\u00e3o em Qu\u00edmica Licenciatura pela Universidade Federal do Rio Grande (2009). Mestrado em Qu\u00edmica (2012) e Doutorado em Qu\u00edmica (2016) pelo Programa de P\u00f3s-Gradua\u00e7\u00e3o em Qu\u00edmica da Universidade Federal de Pelotas, tendo desenvolvido os trabalhos na \u00e1rea da Qu\u00edmica Anal\u00edtica. Atualmente \u00e9 bolsista de p\u00f3s-doutorado PNPD\/Capes na Universidade Federal de Pelotas (UFPEL). Possui experi\u00eancia em linhas de pesquisa relacionadas com desenvolvimento de m\u00e9todos anal\u00edticos para a determina\u00e7\u00e3o de elementos tra\u00e7o por t\u00e9cnicas de espectrometria at\u00f4mica. <\/span><\/p>\n<p style=\"text-align: justify\"><span style=\"color: #000000\"><span style=\"color: #000000\">Orientadora:<\/span> <span style=\"color: #808080\"><em>Profa. Mariana Antunes Vieira<\/em><\/span><\/span><\/p>\n<p><span style=\"color: #000000\">Email: meibellisboa@hotmail.com<\/span><\/p>\n<p><a href=\"http:\/\/lattes.cnpq.br\/7035400097734690\"><img class=\"aligncenter wp-image-1322\" src=\"https:\/\/wp.ufpel.edu.br\/labmequi\/files\/2021\/07\/lattes.jpg\" alt=\"\" width=\"160\" height=\"160\" srcset=\"https:\/\/wp.ufpel.edu.br\/labmequi\/files\/2021\/07\/lattes.jpg 345w, https:\/\/wp.ufpel.edu.br\/labmequi\/files\/2021\/07\/lattes-200x200.jpg 200w\" sizes=\"(max-width: 160px) 100vw, 160px\" \/><\/a><\/p>\n","protected":false},"excerpt":{"rendered":"<p>Possui gradua\u00e7\u00e3o em Qu\u00edmica Licenciatura pela Universidade Federal do Rio Grande (2009). Mestrado em Qu\u00edmica (2012) e Doutorado em Qu\u00edmica (2016) pelo Programa de P\u00f3s-Gradua\u00e7\u00e3o em Qu\u00edmica da Universidade Federal de Pelotas, tendo desenvolvido os trabalhos na \u00e1rea da Qu\u00edmica Anal\u00edtica. Atualmente \u00e9 bolsista de p\u00f3s-doutorado PNPD\/Capes na Universidade Federal de Pelotas (UFPEL). Possui experi\u00eancia [&hellip;]<\/p>\n","protected":false},"author":113,"featured_media":0,"parent":1164,"menu_order":0,"comment_status":"closed","ping_status":"closed","template":"","meta":{"footnotes":""},"class_list":["post-245","page","type-page","status-publish","hentry"],"_links":{"self":[{"href":"https:\/\/wp.ufpel.edu.br\/labmequi\/wp-json\/wp\/v2\/pages\/245","targetHints":{"allow":["GET"]}}],"collection":[{"href":"https:\/\/wp.ufpel.edu.br\/labmequi\/wp-json\/wp\/v2\/pages"}],"about":[{"href":"https:\/\/wp.ufpel.edu.br\/labmequi\/wp-json\/wp\/v2\/types\/page"}],"author":[{"embeddable":true,"href":"https:\/\/wp.ufpel.edu.br\/labmequi\/wp-json\/wp\/v2\/users\/113"}],"replies":[{"embeddable":true,"href":"https:\/\/wp.ufpel.edu.br\/labmequi\/wp-json\/wp\/v2\/comments?post=245"}],"version-history":[{"count":11,"href":"https:\/\/wp.ufpel.edu.br\/labmequi\/wp-json\/wp\/v2\/pages\/245\/revisions"}],"predecessor-version":[{"id":1328,"href":"https:\/\/wp.ufpel.edu.br\/labmequi\/wp-json\/wp\/v2\/pages\/245\/revisions\/1328"}],"up":[{"embeddable":true,"href":"https:\/\/wp.ufpel.edu.br\/labmequi\/wp-json\/wp\/v2\/pages\/1164"}],"wp:attachment":[{"href":"https:\/\/wp.ufpel.edu.br\/labmequi\/wp-json\/wp\/v2\/media?parent=245"}],"curies":[{"name":"wp","href":"https:\/\/api.w.org\/{rel}","templated":true}]}}