{"id":112,"date":"2011-10-20T20:02:15","date_gmt":"2011-10-20T23:02:15","guid":{"rendered":"https:\/\/wp.ufpel.edu.br\/labmequi\/"},"modified":"2021-07-23T19:29:08","modified_gmt":"2021-07-23T22:29:08","slug":"mariana-antunes-vieira","status":"publish","type":"page","link":"https:\/\/wp.ufpel.edu.br\/labmequi\/docentes\/mariana-antunes-vieira\/","title":{"rendered":"Mariana Antunes Vieira"},"content":{"rendered":"<p style=\"text-align: justify\"><img class=\"alignleft wp-image-921 size-thumbnail\" src=\"https:\/\/wp.ufpel.edu.br\/labmequi\/files\/2016\/03\/servletrecuperafoto-150x150.jpg\" alt=\"\" width=\"150\" height=\"150\" \/>Possui Gradua\u00e7\u00e3o em Qu\u00edmica (Bacharelado e Licenciatura), Mestrado e Doutorado em Qu\u00edmica Anal\u00edtica pela Universidade Federal de Santa Catarina (UFSC). Desenvolveu parte do doutorado (Doutorado Sandu\u00edche) no National Research Council Canada (NRCC) em Ottawa\/Canada. Possui P\u00f3s-Doutorado pela PUC-Rio (2008) onde atuou no projeto de Desenvolvimento e valida\u00e7\u00e3o de m\u00e9todos para determina\u00e7\u00e3o de metais em fluidos biol\u00f3gicos. Atuou como Pesquisadora junto ao Departamento de Qu\u00edmica da PUC-Rio em um conv\u00eanio PUC-Rio\/PETROBRAS (2009), no Desenvolvimento de metodologias de an\u00e1lise para a determina\u00e7\u00e3o de elementos tra\u00e7o em amostras de biocombust\u00edveis. Em 2011, recebeu o pr\u00eamio &#8220;Para Mulheres na Ci\u00eancia (2011) da LOr\u00e9al Brasil em parceria com a Academia Brasileira de Ci\u00eancias (ABC) e a UNESCO, na \u00e1rea de Ci\u00eancias Qu\u00edmicas. \u00c9 Professora Associada 2 na Universidade Federal de Pelotas (UFPEL), Coordenadora do Curso de Qu\u00edmica Industrial e Professora Permanente junto ao Programa de P\u00f3s-Gradua\u00e7\u00e3o em Qu\u00edmica (PPGQ). \u00c9 membro do Instituto Nacional de Ci\u00eancias e Tecnologias Anal\u00edticas Avan\u00e7adas (INCTAA). Tem experi\u00eancia na \u00e1rea de Qu\u00edmica Anal\u00edtica, com \u00eanfase em An\u00e1lise de Elementos Tra\u00e7o, Qu\u00edmica Ambiental e An\u00e1lise de Alimentos, atuando principalmente nos seguintes temas: T\u00e9cnicas de Espectrometria At\u00f4mica; Sistema de gera\u00e7\u00e3o qu\u00edmica e fotoqu\u00edmica de vapor; An\u00e1lises de Amostras Ambientais e An\u00e1lise de Alimentos. Atualmente, possui 64 artigos publicados e 1 aceito em revistas cient\u00edficas especializadas e fator H=20.<\/p>\n<p>Email: maryanavieira@hotmail.com<a href=\"http:\/\/lattes.cnpq.br\/4097437753995552\"><img class=\"aligncenter wp-image-1322\" src=\"https:\/\/wp.ufpel.edu.br\/labmequi\/files\/2021\/07\/lattes.jpg\" alt=\"\" width=\"150\" height=\"150\" srcset=\"https:\/\/wp.ufpel.edu.br\/labmequi\/files\/2021\/07\/lattes.jpg 345w, https:\/\/wp.ufpel.edu.br\/labmequi\/files\/2021\/07\/lattes-200x200.jpg 200w\" sizes=\"(max-width: 150px) 100vw, 150px\" \/><\/a><\/p>\n","protected":false},"excerpt":{"rendered":"<p>Possui Gradua\u00e7\u00e3o em Qu\u00edmica (Bacharelado e Licenciatura), Mestrado e Doutorado em Qu\u00edmica Anal\u00edtica pela Universidade Federal de Santa Catarina (UFSC). Desenvolveu parte do doutorado (Doutorado Sandu\u00edche) no National Research Council Canada (NRCC) em Ottawa\/Canada. Possui P\u00f3s-Doutorado pela PUC-Rio (2008) onde atuou no projeto de Desenvolvimento e valida\u00e7\u00e3o de m\u00e9todos para determina\u00e7\u00e3o de metais em fluidos [&hellip;]<\/p>\n","protected":false},"author":113,"featured_media":0,"parent":1105,"menu_order":0,"comment_status":"closed","ping_status":"closed","template":"","meta":{"footnotes":""},"class_list":["post-112","page","type-page","status-publish","hentry"],"_links":{"self":[{"href":"https:\/\/wp.ufpel.edu.br\/labmequi\/wp-json\/wp\/v2\/pages\/112","targetHints":{"allow":["GET"]}}],"collection":[{"href":"https:\/\/wp.ufpel.edu.br\/labmequi\/wp-json\/wp\/v2\/pages"}],"about":[{"href":"https:\/\/wp.ufpel.edu.br\/labmequi\/wp-json\/wp\/v2\/types\/page"}],"author":[{"embeddable":true,"href":"https:\/\/wp.ufpel.edu.br\/labmequi\/wp-json\/wp\/v2\/users\/113"}],"replies":[{"embeddable":true,"href":"https:\/\/wp.ufpel.edu.br\/labmequi\/wp-json\/wp\/v2\/comments?post=112"}],"version-history":[{"count":18,"href":"https:\/\/wp.ufpel.edu.br\/labmequi\/wp-json\/wp\/v2\/pages\/112\/revisions"}],"predecessor-version":[{"id":1324,"href":"https:\/\/wp.ufpel.edu.br\/labmequi\/wp-json\/wp\/v2\/pages\/112\/revisions\/1324"}],"up":[{"embeddable":true,"href":"https:\/\/wp.ufpel.edu.br\/labmequi\/wp-json\/wp\/v2\/pages\/1105"}],"wp:attachment":[{"href":"https:\/\/wp.ufpel.edu.br\/labmequi\/wp-json\/wp\/v2\/media?parent=112"}],"curies":[{"name":"wp","href":"https:\/\/api.w.org\/{rel}","templated":true}]}}