{"id":34,"date":"2020-08-04T20:25:01","date_gmt":"2020-08-04T23:25:01","guid":{"rendered":"https:\/\/wp.ufpel.edu.br\/labioenergia\/?page_id=34"},"modified":"2020-08-26T11:25:09","modified_gmt":"2020-08-26T14:25:09","slug":"linhas-de-pesquisa","status":"publish","type":"page","link":"https:\/\/wp.ufpel.edu.br\/labioenergia\/linhas-de-pesquisa\/","title":{"rendered":"Linhas de Pesquisa"},"content":{"rendered":"<div>Caracteriza\u00e7\u00e3o qu\u00edmica e t\u00e9rmica de biomassa<\/p>\n<p>Aproveitamento de res\u00edduos para produ\u00e7\u00e3o de\u00a0 etanol celul\u00f3sico<\/p>\n<p>Uso de res\u00edduos de pr\u00e9 tratamento da biomassa como co produtos na remo\u00e7\u00e3o de metais e corantes<\/p><\/div>\n<p>&nbsp;<\/p>\n","protected":false},"excerpt":{"rendered":"<p>Caracteriza\u00e7\u00e3o qu\u00edmica e t\u00e9rmica de biomassa Aproveitamento de res\u00edduos para produ\u00e7\u00e3o de\u00a0 etanol celul\u00f3sico Uso de res\u00edduos de pr\u00e9 tratamento da biomassa como co produtos na remo\u00e7\u00e3o de metais e corantes &nbsp;<\/p>\n","protected":false},"author":1052,"featured_media":0,"parent":0,"menu_order":0,"comment_status":"closed","ping_status":"closed","template":"","meta":{"footnotes":""},"class_list":["post-34","page","type-page","status-publish","hentry"],"_links":{"self":[{"href":"https:\/\/wp.ufpel.edu.br\/labioenergia\/wp-json\/wp\/v2\/pages\/34","targetHints":{"allow":["GET"]}}],"collection":[{"href":"https:\/\/wp.ufpel.edu.br\/labioenergia\/wp-json\/wp\/v2\/pages"}],"about":[{"href":"https:\/\/wp.ufpel.edu.br\/labioenergia\/wp-json\/wp\/v2\/types\/page"}],"author":[{"embeddable":true,"href":"https:\/\/wp.ufpel.edu.br\/labioenergia\/wp-json\/wp\/v2\/users\/1052"}],"replies":[{"embeddable":true,"href":"https:\/\/wp.ufpel.edu.br\/labioenergia\/wp-json\/wp\/v2\/comments?post=34"}],"version-history":[{"count":6,"href":"https:\/\/wp.ufpel.edu.br\/labioenergia\/wp-json\/wp\/v2\/pages\/34\/revisions"}],"predecessor-version":[{"id":87,"href":"https:\/\/wp.ufpel.edu.br\/labioenergia\/wp-json\/wp\/v2\/pages\/34\/revisions\/87"}],"wp:attachment":[{"href":"https:\/\/wp.ufpel.edu.br\/labioenergia\/wp-json\/wp\/v2\/media?parent=34"}],"curies":[{"name":"wp","href":"https:\/\/api.w.org\/{rel}","templated":true}]}}