{"id":28,"date":"2020-08-04T20:23:31","date_gmt":"2020-08-04T23:23:31","guid":{"rendered":"https:\/\/wp.ufpel.edu.br\/labioenergia\/?page_id=28"},"modified":"2020-08-13T21:16:37","modified_gmt":"2020-08-14T00:16:37","slug":"discentes","status":"publish","type":"page","link":"https:\/\/wp.ufpel.edu.br\/labioenergia\/discentes\/","title":{"rendered":"Discentes"},"content":{"rendered":"<p><strong>Bruno Alexander de Freitas<\/strong> &#8211; Engenharia Ambiental e Sanit\u00e1ria<\/p>\n<p><strong>Cipriane Maciel Viana<\/strong> &#8211; Engenharia Ambiental e Sanit\u00e1ria<\/p>\n<p><strong>Douglas Correa Migues<\/strong> &#8211; Engenharia Ambiental e Sanit\u00e1ria<\/p>\n<p><strong>Patricia Oliveira Schmitt<\/strong> &#8211; Engenharia Ambiental e Sanit\u00e1ria<\/p>\n","protected":false},"excerpt":{"rendered":"<p>Bruno Alexander de Freitas &#8211; Engenharia Ambiental e Sanit\u00e1ria Cipriane Maciel Viana &#8211; Engenharia Ambiental e Sanit\u00e1ria Douglas Correa Migues &#8211; Engenharia Ambiental e Sanit\u00e1ria Patricia Oliveira Schmitt &#8211; Engenharia Ambiental e Sanit\u00e1ria<\/p>\n","protected":false},"author":1052,"featured_media":0,"parent":0,"menu_order":0,"comment_status":"closed","ping_status":"closed","template":"","meta":{"footnotes":""},"class_list":["post-28","page","type-page","status-publish","hentry"],"_links":{"self":[{"href":"https:\/\/wp.ufpel.edu.br\/labioenergia\/wp-json\/wp\/v2\/pages\/28","targetHints":{"allow":["GET"]}}],"collection":[{"href":"https:\/\/wp.ufpel.edu.br\/labioenergia\/wp-json\/wp\/v2\/pages"}],"about":[{"href":"https:\/\/wp.ufpel.edu.br\/labioenergia\/wp-json\/wp\/v2\/types\/page"}],"author":[{"embeddable":true,"href":"https:\/\/wp.ufpel.edu.br\/labioenergia\/wp-json\/wp\/v2\/users\/1052"}],"replies":[{"embeddable":true,"href":"https:\/\/wp.ufpel.edu.br\/labioenergia\/wp-json\/wp\/v2\/comments?post=28"}],"version-history":[{"count":3,"href":"https:\/\/wp.ufpel.edu.br\/labioenergia\/wp-json\/wp\/v2\/pages\/28\/revisions"}],"predecessor-version":[{"id":50,"href":"https:\/\/wp.ufpel.edu.br\/labioenergia\/wp-json\/wp\/v2\/pages\/28\/revisions\/50"}],"wp:attachment":[{"href":"https:\/\/wp.ufpel.edu.br\/labioenergia\/wp-json\/wp\/v2\/media?parent=28"}],"curies":[{"name":"wp","href":"https:\/\/api.w.org\/{rel}","templated":true}]}}