{"id":25,"date":"2023-03-19T20:15:42","date_gmt":"2023-03-19T23:15:42","guid":{"rendered":"https:\/\/wp.ufpel.edu.br\/labgrima\/?page_id=25"},"modified":"2026-04-09T13:50:33","modified_gmt":"2026-04-09T16:50:33","slug":"membros","status":"publish","type":"page","link":"https:\/\/wp.ufpel.edu.br\/labgrima\/membros\/","title":{"rendered":"Membros\/Members"},"content":{"rendered":"<p><img loading=\"lazy\" decoding=\"async\" class=\"wp-image-354 alignleft\" src=\"https:\/\/wp.ufpel.edu.br\/labgrima\/files\/2019\/09\/Labgrima-6-400x215.jpg\" alt=\"\" width=\"469\" height=\"252\" \/><\/p>\n<p>&nbsp;<\/p>\n<p>&nbsp;<\/p>\n<p>&nbsp;<\/p>\n<p>&nbsp;<\/p>\n<p>&nbsp;<\/p>\n<p>&nbsp;<\/p>\n<p>&nbsp;<\/p>\n<p>Clique sob o nome para acessar Lattes\/Click on name to access Lattes<\/p>\n<p><strong>Coordenadores\/Coordinators<\/strong>:<\/p>\n<p><a href=\"http:\/\/buscatextual.cnpq.br\/buscatextual\/visualizacv.do?id=K4739977E1\">Prof. Dr. Charles Pennaforte <\/a><\/p>\n<p><a href=\"http:\/\/buscatextual.cnpq.br\/buscatextual\/visualizacv.do?id=K4763746Z6\">Prof. Dr. Edgar Gandra<\/a><\/p>\n<p><strong>Pesquisadores\/Researchers<\/strong>:<\/p>\n<p>PhD Marcos C\u00e9sar Borges de Oliveira (Universidade Federal de Pelotas)<\/p>\n<p>PhD Gustavo Peretti Wagner (Universidade Federal de Pelotas)<\/p>\n<p>PhD Candidate<a href=\"http:\/\/buscatextual.cnpq.br\/buscatextual\/visualizacv.do?id=K8065616Y0\">\u00a0Nairana Bones <\/a>(Universidade Federal de Pelotas)<\/p>\n<p>PhD Candidate\u00a0 Mateus Jos\u00e9 da Silva Santos\u00a0 (Universidade Federal de Pelotas)\u00a0 &#8211; Research fellow Capes<\/p>\n<p>MSc studant\/mestrando Lucas Mota Ferreira\u00a0 (Universidade Federal de Santa Catarina)<\/p>\n<p><strong>Pesquisadores associados\/Associated researchers:<\/strong><\/p>\n<p class=\"cvGsUA direction-ltr align-center para-style-subtitle\"><span class=\"OYPEnA text-decoration-none text-strikethrough-none\">Dr.\/PhD <\/span>Antonio Celso Ribeiro Brasiliano (<span class=\"OYPEnA text-decoration-none text-strikethrough-none\">Cambridge International University). Brasiliano INTERISK<\/span><\/p>\n<p>Dr.\/PhD Bryan Gonz\u00e1lez &#8211; Universidad de Costa Rica<\/p>\n<p>Dr.\/PhD Daniele Benzi &#8211; Universidade Federal da Bahia<\/p>\n<p>Dr.\/PhD Diego Pautasso &#8211; Col\u00e9gio Militar de Porto Alegre<\/p>\n<p><span class=\"OYPEnA text-decoration-none text-strikethrough-none\">D\u00e9cio Lu\u00eds Schons, General de Ex\u00e9rcito na Reserva,\u00a0 Brasiliano INTERISK<\/span><\/p>\n<p>Dra. Georgina\u00a0 N\u00e9meth Lesznova &#8211;\u00a0 \u00a0<span class=\"nc684nl6\">Instituto Superior de Relaciones Internacionales &#8220;Ra\u00fal Roa Garc\u00eda&#8221; (Cuba)<\/span><\/p>\n<p>Dr.\/PhD Guilherme Sandoval &#8211; Escola Superior de Guerra\/Escola do Comando Maior do Ex\u00e9rcito\/Universidade Est\u00e1cio de S\u00e1<\/p>\n<p>MSc. Izan Reis de Ara\u00fajo &#8211; International Institute for Geopolitics &amp; Security Intelligence &#8211; IIGSI (USA)<\/p>\n<p>MSc studant\/mestrando &#8211;\u00a0 Juan Martin Gonzalez Caba\u00f1as &#8211;\u00a0 MGIMO (R\u00fassia)<\/p>\n<p>Dr.\/PhD Luciano Vaz-Ferreira &#8212; Universidade Federal de Pelotas<\/p>\n<p>Dr.\/PhD Ricardo Luigi &#8211; Universidade Federal Fluminense<\/p>\n<p>Dr.\/PhD Paulo Visentini &#8211; Universidade Federal do Rio Grande do Sul<\/p>\n<p>Dr.\/PhD P\u00e1vel Grass &#8211; Universidade Federal do Rio de Janeiro<\/p>\n<p>Dr.\/PhD Raphael Helid\u00a0 &#8211; Instituto de Estudos Estrat\u00e9gicos\/Universidade Federal Fluminense<\/p>\n<p>Dr.\/PhD Marcos Ant\u00f4nio F\u00e1varo Martins &#8211; Universidade Paulista<\/p>\n<p>Dr.\/PhD Roy Williams &#8211; Universidad Nacional de Rosario (ARG)<\/p>\n<p><strong>Pesquisador\/Researcher, B.A. in International Relations:<\/strong><\/p>\n<p>Eduardo Grecco<\/p>\n<p>Juan Santos Batista Ramirez<\/p>\n<p>Giancarlo Cristiano de Gouveia<\/p>\n<p>Glauco da Rocha Winkel<\/p>\n<p><strong>Acad\u00eamicos\/Undergraduate:<\/strong><\/p>\n<p>Jo\u00e3o Leonardo (bolsista UFPel)<\/p>\n<p>Victoria de Aquino<\/p>\n<p>Lisa Marie Bastos (bolsista Capes)<\/p>\n<p>Maria Eduarda Motta<\/p>\n<p>&nbsp;<\/p>\n","protected":false},"excerpt":{"rendered":"<p>&nbsp; &nbsp; &nbsp; &nbsp; &nbsp; &nbsp; &nbsp; Clique sob o nome para acessar Lattes\/Click on name to access Lattes Coordenadores\/Coordinators: Prof. Dr. Charles Pennaforte Prof. Dr. Edgar Gandra Pesquisadores\/Researchers: PhD Marcos C\u00e9sar Borges de Oliveira (Universidade Federal de Pelotas) PhD Gustavo Peretti Wagner (Universidade Federal de Pelotas) PhD Candidate\u00a0Nairana Bones (Universidade Federal de Pelotas) PhD &hellip; <\/p>\n<p><a class=\"more-link btn\" href=\"https:\/\/wp.ufpel.edu.br\/labgrima\/membros\/\">Continue lendo<\/a><\/p>\n","protected":false},"author":636,"featured_media":0,"parent":0,"menu_order":0,"comment_status":"closed","ping_status":"closed","template":"","meta":{"footnotes":""},"class_list":["post-25","page","type-page","status-publish","hentry","nodate","item-wrap"],"_links":{"self":[{"href":"https:\/\/wp.ufpel.edu.br\/labgrima\/wp-json\/wp\/v2\/pages\/25","targetHints":{"allow":["GET"]}}],"collection":[{"href":"https:\/\/wp.ufpel.edu.br\/labgrima\/wp-json\/wp\/v2\/pages"}],"about":[{"href":"https:\/\/wp.ufpel.edu.br\/labgrima\/wp-json\/wp\/v2\/types\/page"}],"author":[{"embeddable":true,"href":"https:\/\/wp.ufpel.edu.br\/labgrima\/wp-json\/wp\/v2\/users\/636"}],"replies":[{"embeddable":true,"href":"https:\/\/wp.ufpel.edu.br\/labgrima\/wp-json\/wp\/v2\/comments?post=25"}],"version-history":[{"count":4,"href":"https:\/\/wp.ufpel.edu.br\/labgrima\/wp-json\/wp\/v2\/pages\/25\/revisions"}],"predecessor-version":[{"id":2790,"href":"https:\/\/wp.ufpel.edu.br\/labgrima\/wp-json\/wp\/v2\/pages\/25\/revisions\/2790"}],"wp:attachment":[{"href":"https:\/\/wp.ufpel.edu.br\/labgrima\/wp-json\/wp\/v2\/media?parent=25"}],"curies":[{"name":"wp","href":"https:\/\/api.w.org\/{rel}","templated":true}]}}