{"id":24,"date":"2022-02-22T00:00:42","date_gmt":"2022-02-22T03:00:42","guid":{"rendered":"https:\/\/wp.ufpel.edu.br\/labgrima\/?page_id=24"},"modified":"2022-08-17T22:43:43","modified_gmt":"2022-08-18T01:43:43","slug":"projeto-de-pesquisa","status":"publish","type":"page","link":"https:\/\/wp.ufpel.edu.br\/labgrima\/projeto-de-pesquisa\/","title":{"rendered":"Projeto de Pesquisa\/Research Project"},"content":{"rendered":"<p><strong>Movimentos Antissist\u00eamicos no Sistema-Mundo Atual\/<\/strong><strong>Antisystemic\u00a0 Movements in the Current World System<\/strong><\/p>\n<p>O projeto de pesquisa tem como objetivo analisar a realidade antissist\u00eamica internacional a partir da constata\u00e7\u00e3o do decl\u00ednio da hegemonia estadunidense (WALLERSTEIN,1994; ARRIGHI, 1996) no \u00e2mbito da geopol\u00edtica, economia e cultura. Ser\u00e1 analisado o papel de pa\u00edses como China e R\u00fassia ou organiza\u00e7\u00f5es como o BRICS, que apresentam capacidade militar e\/ou econ\u00f4mica para manter os seus interesses nacionais frente as hostilidades relativas (econ\u00f4mica e cultural) dos EUA, bem como movimentos regionais. A linha conta com\u00a0 a base te\u00f3rica anal\u00edtica de Immanuel Wallestein (Sistema-Mundo), Giovanni Arrighi (Ciclos Sist\u00eamicos de Acumula\u00e7\u00e3o), Fernand Braudel (<em>Longue Dur\u00e9e<\/em>) e Antonio Gramsci (Hegemonia).<\/p>\n<p id=\"tw-target-text\" class=\"tw-data-text tw-ta tw-text-small\" dir=\"ltr\" data-placeholder=\"Tradu\u00e7\u00e3o\"><span lang=\"en\">The research project has as objective to analyze the international antisystemic reality from the discovery of the decline of the US hegemony (WALLERSTEIN, 1994; ARRIGHI, 1996) in the scope of geopolitics, economy and culture.\u00a0<\/span><span lang=\"en\">It will examine the role of countries such as China and Russia or organizations such as the BRICS, which have military and\/or economic capacity to maintain their national interests against the relative (economic and cultural) hostilities of the US, as well as regional movements. <\/span><span lang=\"en\">The line counts on the theoretical analytical basis of Immanuel Wallerstein (World System), Giovanni Arrighi (Systemic Cycles of Accumulation), Fernand Braudel (Longue Dur\u00e9e) and Antonio Gramsci (Hegemony).<\/span><\/p>\n<p><strong>Ciberseguran\u00e7a e Geopol\u00edtica\/Cibersecurity and Geopolitics<\/strong><\/p>\n<p><em><b>A Ciberseguran\u00e7a como cen\u00e1rio das disputas geopol\u00edticas contempor\u00e2neas: dimens\u00f5es, perspectivas e an\u00e1lises<\/b><\/em><\/p>\n<p class=\"_04xlpA direction-ltr align-center para-style-body\"><span class=\"JsGRdQ\">Objetivo: Identificar e analisar a atual din\u00e2mica geopol\u00edtica no ciberespa\u00e7o e as\u00a0 disputas entre as grandes pot\u00eancias Ao mesmo tempo analisar o papel do Brasil frente \u00e0 essa nova din\u00e2mica;<\/span><\/p>\n<p><strong><em>Cybersecurity as a scenario of contemporary geopolitical disputes: dimensions, perspectives and analyzes<\/em><\/strong><\/p>\n<p>Objective : Identify and analyze the current geopolitical dynamics and the disputes between the great powers. At the same time, analyzing Brazil\u2019s role vis-\u00e0-vis this new dynamic.<\/p>\n","protected":false},"excerpt":{"rendered":"<p>Movimentos Antissist\u00eamicos no Sistema-Mundo Atual\/Antisystemic\u00a0 Movements in the Current World System O projeto de pesquisa tem como objetivo analisar a realidade antissist\u00eamica internacional a partir da constata\u00e7\u00e3o do decl\u00ednio da hegemonia estadunidense (WALLERSTEIN,1994; ARRIGHI, 1996) no \u00e2mbito da geopol\u00edtica, economia e cultura. Ser\u00e1 analisado o papel de pa\u00edses como China e R\u00fassia ou organiza\u00e7\u00f5es como &hellip; <\/p>\n<p><a class=\"more-link btn\" href=\"https:\/\/wp.ufpel.edu.br\/labgrima\/projeto-de-pesquisa\/\">Continue lendo<\/a><\/p>\n","protected":false},"author":636,"featured_media":0,"parent":0,"menu_order":0,"comment_status":"closed","ping_status":"closed","template":"","meta":{"footnotes":""},"class_list":["post-24","page","type-page","status-publish","hentry","nodate","item-wrap"],"_links":{"self":[{"href":"https:\/\/wp.ufpel.edu.br\/labgrima\/wp-json\/wp\/v2\/pages\/24","targetHints":{"allow":["GET"]}}],"collection":[{"href":"https:\/\/wp.ufpel.edu.br\/labgrima\/wp-json\/wp\/v2\/pages"}],"about":[{"href":"https:\/\/wp.ufpel.edu.br\/labgrima\/wp-json\/wp\/v2\/types\/page"}],"author":[{"embeddable":true,"href":"https:\/\/wp.ufpel.edu.br\/labgrima\/wp-json\/wp\/v2\/users\/636"}],"replies":[{"embeddable":true,"href":"https:\/\/wp.ufpel.edu.br\/labgrima\/wp-json\/wp\/v2\/comments?post=24"}],"version-history":[{"count":13,"href":"https:\/\/wp.ufpel.edu.br\/labgrima\/wp-json\/wp\/v2\/pages\/24\/revisions"}],"predecessor-version":[{"id":1093,"href":"https:\/\/wp.ufpel.edu.br\/labgrima\/wp-json\/wp\/v2\/pages\/24\/revisions\/1093"}],"wp:attachment":[{"href":"https:\/\/wp.ufpel.edu.br\/labgrima\/wp-json\/wp\/v2\/media?parent=24"}],"curies":[{"name":"wp","href":"https:\/\/api.w.org\/{rel}","templated":true}]}}