{"id":23,"date":"2019-05-17T18:15:42","date_gmt":"2019-05-17T21:15:42","guid":{"rendered":"https:\/\/wp.ufpel.edu.br\/labgrima\/?page_id=23"},"modified":"2024-01-05T19:54:05","modified_gmt":"2024-01-05T22:54:05","slug":"objetivos","status":"publish","type":"page","link":"https:\/\/wp.ufpel.edu.br\/labgrima\/objetivos\/","title":{"rendered":"About Us"},"content":{"rendered":"<p style=\"text-align: justify;\">O LabGRIMA \u00e9 um projeto derivado do Grupo de Pesquisa CNPq Geopol\u00edtica e Mercosul com a finalidade de congregar pesquisadores de v\u00e1rios campos do conhecimento para analisar a realidade contempor\u00e2nea regional e internacional a partir da perspectiva antissist\u00eamica proposta por Immanuel Wallerstein.<\/p>\n<p><span class=\"JsGRdQ\">Ap\u00f3s a sua cria\u00e7\u00e3o tornou-se um proposta interdisciplinar<\/span> <span class=\"JsGRdQ\">entre a Hist\u00f3ria (Edgar Gandra) e as Rela\u00e7\u00f5es Internarcionais (Charles Pennaforte)\u00a0 com o objetivo de promover uma compreens\u00e3o ampla e sist\u00eamica da realidade brasileira, latino-americana e mundial.<\/span><\/p>\n<p>The LabGRIMA is a project derived from the Research group CNPq: &#8220;Geopol\u00edtica e Mercosul&#8221;, with the intention of congregating researchers from several areas of knowledge to analyse the contemporary regional and international reality from the antisystemic perspective proposed by Immanuel Wallerstein.<\/p>\n<p><span class=\"VIiyi\" lang=\"en\"><span class=\"JLqJ4b ChMk0b\" data-language-for-alternatives=\"en\" data-language-to-translate-into=\"pt\" data-phrase-index=\"0\" data-number-of-phrases=\"1\">After its creation, it became an interdisciplinary proposal between History (Edgar Gandra) and International Relations (Charles Pennaforte) with the objective of promoting a broad and systemic understanding of the Brazilian, Latin American and global reality.<\/span><\/span><\/p>\n<p>&nbsp;<\/p>\n<div style=\"width: 555px;\" class=\"wp-video\"><video class=\"wp-video-shortcode\" id=\"video-23-1\" width=\"555\" height=\"312\" preload=\"metadata\" controls=\"controls\"><source type=\"video\/mp4\" src=\"https:\/\/wp.ufpel.edu.br\/labgrima\/files\/2024\/01\/ENG-Video-LABGRIMA-GEOMERCOSUL-presentation.mp4?_=1\" \/><a href=\"https:\/\/wp.ufpel.edu.br\/labgrima\/files\/2024\/01\/ENG-Video-LABGRIMA-GEOMERCOSUL-presentation.mp4\">https:\/\/wp.ufpel.edu.br\/labgrima\/files\/2024\/01\/ENG-Video-LABGRIMA-GEOMERCOSUL-presentation.mp4<\/a><\/video><\/div>\n<p>&nbsp;<\/p>\n<div id=\"attachment_1015\" style=\"width: 400px\" class=\"wp-caption aligncenter\"><img loading=\"lazy\" decoding=\"async\" aria-describedby=\"caption-attachment-1015\" class=\"wp-image-1015 size-medium\" src=\"https:\/\/wp.ufpel.edu.br\/labgrima\/files\/2022\/03\/CharlesGandra-400x400.jpg\" alt=\"\" width=\"400\" height=\"400\" srcset=\"https:\/\/wp.ufpel.edu.br\/labgrima\/files\/2022\/03\/CharlesGandra-400x400.jpg 400w, https:\/\/wp.ufpel.edu.br\/labgrima\/files\/2022\/03\/CharlesGandra-200x200.jpg 200w, https:\/\/wp.ufpel.edu.br\/labgrima\/files\/2022\/03\/CharlesGandra-768x768.jpg 768w, https:\/\/wp.ufpel.edu.br\/labgrima\/files\/2022\/03\/CharlesGandra-555x555.jpg 555w, https:\/\/wp.ufpel.edu.br\/labgrima\/files\/2022\/03\/CharlesGandra.jpg 960w\" sizes=\"auto, (max-width: 400px) 100vw, 400px\" \/><p id=\"caption-attachment-1015\" class=\"wp-caption-text\">Doutores Edgar Gandra e Charles Pennaforte, coordenadores do LabGRIMA<\/p><\/div>\n<p>&nbsp;<\/p>\n<div id=\"attachment_356\" style=\"width: 400px\" class=\"wp-caption aligncenter\"><img loading=\"lazy\" decoding=\"async\" aria-describedby=\"caption-attachment-356\" class=\"wp-image-356 size-medium\" src=\"https:\/\/wp.ufpel.edu.br\/labgrima\/files\/2019\/09\/Labgrima-12-400x222.jpg\" alt=\"\" width=\"400\" height=\"222\" \/><p id=\"caption-attachment-356\" class=\"wp-caption-text\">Reuni\u00e3o LabGRIMA\/working meeting<\/p><\/div>\n<p>&nbsp;<\/p>\n<p>&nbsp;<\/p>\n<div id=\"attachment_385\" style=\"width: 400px\" class=\"wp-caption aligncenter\"><img loading=\"lazy\" decoding=\"async\" aria-describedby=\"caption-attachment-385\" class=\"wp-image-385 size-medium\" src=\"https:\/\/wp.ufpel.edu.br\/labgrima\/files\/2019\/09\/IMG_20190926_200748_842-1-400x400.jpg\" alt=\"\" width=\"400\" height=\"400\" srcset=\"https:\/\/wp.ufpel.edu.br\/labgrima\/files\/2019\/09\/IMG_20190926_200748_842-1-400x400.jpg 400w, https:\/\/wp.ufpel.edu.br\/labgrima\/files\/2019\/09\/IMG_20190926_200748_842-1-200x200.jpg 200w, https:\/\/wp.ufpel.edu.br\/labgrima\/files\/2019\/09\/IMG_20190926_200748_842-1-768x768.jpg 768w, https:\/\/wp.ufpel.edu.br\/labgrima\/files\/2019\/09\/IMG_20190926_200748_842-1.jpg 960w\" sizes=\"auto, (max-width: 400px) 100vw, 400px\" \/><p id=\"caption-attachment-385\" class=\"wp-caption-text\">I Seminar Contemporary Geopolitics and International Relations<\/p><\/div>\n<p>&nbsp;<\/p>\n<div id=\"attachment_162\" style=\"width: 400px\" class=\"wp-caption aligncenter\"><img loading=\"lazy\" decoding=\"async\" aria-describedby=\"caption-attachment-162\" class=\"wp-image-162 size-medium\" src=\"https:\/\/wp.ufpel.edu.br\/labgrima\/files\/2019\/07\/60907632_450811989013701_3312578717716316160_n-400x300.jpg\" alt=\"\" width=\"400\" height=\"300\" srcset=\"https:\/\/wp.ufpel.edu.br\/labgrima\/files\/2019\/07\/60907632_450811989013701_3312578717716316160_n-400x300.jpg 400w, https:\/\/wp.ufpel.edu.br\/labgrima\/files\/2019\/07\/60907632_450811989013701_3312578717716316160_n-768x576.jpg 768w, https:\/\/wp.ufpel.edu.br\/labgrima\/files\/2019\/07\/60907632_450811989013701_3312578717716316160_n.jpg 960w\" sizes=\"auto, (max-width: 400px) 100vw, 400px\" \/><p id=\"caption-attachment-162\" class=\"wp-caption-text\">Meeting of Geopolitics<\/p><\/div>\n<p>&nbsp;<\/p>\n<p>As atividades desenvolvidas no LabGRIMA envolvem a orienta\u00e7\u00e3o de graduandos (IC), p\u00f3s-graduandos (mestrado e doutorado), elabora\u00e7\u00e3o de\u00a0 semin\u00e1rios, encontros, congressos,\u00a0 artigos, livros etc.<\/p>\n<p>The activities developed on LabGrima involve the orientation of graduating and post graduate students (master and PhD), the elaboration of presentations, meetings, conferences, articles, books etc.<\/p>\n","protected":false},"excerpt":{"rendered":"<p>O LabGRIMA \u00e9 um projeto derivado do Grupo de Pesquisa CNPq Geopol\u00edtica e Mercosul com a finalidade de congregar pesquisadores de v\u00e1rios campos do conhecimento para analisar a realidade contempor\u00e2nea regional e internacional a partir da perspectiva antissist\u00eamica proposta por Immanuel Wallerstein. Ap\u00f3s a sua cria\u00e7\u00e3o tornou-se um proposta interdisciplinar entre a Hist\u00f3ria (Edgar Gandra) &hellip; <\/p>\n<p><a class=\"more-link btn\" href=\"https:\/\/wp.ufpel.edu.br\/labgrima\/objetivos\/\">Continue lendo<\/a><\/p>\n","protected":false},"author":636,"featured_media":0,"parent":0,"menu_order":0,"comment_status":"closed","ping_status":"closed","template":"","meta":{"footnotes":""},"class_list":["post-23","page","type-page","status-publish","hentry","nodate","item-wrap"],"_links":{"self":[{"href":"https:\/\/wp.ufpel.edu.br\/labgrima\/wp-json\/wp\/v2\/pages\/23","targetHints":{"allow":["GET"]}}],"collection":[{"href":"https:\/\/wp.ufpel.edu.br\/labgrima\/wp-json\/wp\/v2\/pages"}],"about":[{"href":"https:\/\/wp.ufpel.edu.br\/labgrima\/wp-json\/wp\/v2\/types\/page"}],"author":[{"embeddable":true,"href":"https:\/\/wp.ufpel.edu.br\/labgrima\/wp-json\/wp\/v2\/users\/636"}],"replies":[{"embeddable":true,"href":"https:\/\/wp.ufpel.edu.br\/labgrima\/wp-json\/wp\/v2\/comments?post=23"}],"version-history":[{"count":18,"href":"https:\/\/wp.ufpel.edu.br\/labgrima\/wp-json\/wp\/v2\/pages\/23\/revisions"}],"predecessor-version":[{"id":1700,"href":"https:\/\/wp.ufpel.edu.br\/labgrima\/wp-json\/wp\/v2\/pages\/23\/revisions\/1700"}],"wp:attachment":[{"href":"https:\/\/wp.ufpel.edu.br\/labgrima\/wp-json\/wp\/v2\/media?parent=23"}],"curies":[{"name":"wp","href":"https:\/\/api.w.org\/{rel}","templated":true}]}}