{"id":1171,"date":"2022-10-23T17:20:54","date_gmt":"2022-10-23T20:20:54","guid":{"rendered":"https:\/\/wp.ufpel.edu.br\/labgrima\/?page_id=1171"},"modified":"2022-10-23T17:20:54","modified_gmt":"2022-10-23T20:20:54","slug":"book-movimentos-antissistemicos-e-relacoes-internacionais-uma-perspectiva-teorica-para-compreender-o-sistema-mundo-2020","status":"publish","type":"page","link":"https:\/\/wp.ufpel.edu.br\/labgrima\/book-movimentos-antissistemicos-e-relacoes-internacionais-uma-perspectiva-teorica-para-compreender-o-sistema-mundo-2020\/","title":{"rendered":"Book: &#8220;Movimentos antissist\u00eamicos e rela\u00e7\u00f5es internacionais: uma perspectiva te\u00f3rica para compreender o sistema-mundo&#8221; (2020)"},"content":{"rendered":"<h4>Movimentos antissist\u00eamicos e rela\u00e7\u00f5es internacionais: uma perspectiva te\u00f3rica para compreender o sistema-mundo (2022)<\/h4>\n<p>&nbsp;<\/p>\n<p>Author: Charles Pennaforte<\/p>\n<p>Publisher: Editora da Universidade Federal de Pelotas (EDUFPEL)<\/p>\n<p>&nbsp;<\/p>\n<div id=\"attachment_1174\" style=\"width: 268px\" class=\"wp-caption aligncenter\"><a href=\"http:\/\/guaiaca.ufpel.edu.br:8080\/handle\/prefix\/6632\"><img loading=\"lazy\" decoding=\"async\" aria-describedby=\"caption-attachment-1174\" class=\"wp-image-1174 size-medium\" src=\"https:\/\/wp.ufpel.edu.br\/labgrima\/files\/2022\/10\/CAPA_FINAL01-268x400.jpg\" alt=\"\" width=\"268\" height=\"400\" srcset=\"https:\/\/wp.ufpel.edu.br\/labgrima\/files\/2022\/10\/CAPA_FINAL01-268x400.jpg 268w, https:\/\/wp.ufpel.edu.br\/labgrima\/files\/2022\/10\/CAPA_FINAL01-686x1024.jpg 686w, https:\/\/wp.ufpel.edu.br\/labgrima\/files\/2022\/10\/CAPA_FINAL01-768x1147.jpg 768w, https:\/\/wp.ufpel.edu.br\/labgrima\/files\/2022\/10\/CAPA_FINAL01-1029x1536.jpg 1029w, https:\/\/wp.ufpel.edu.br\/labgrima\/files\/2022\/10\/CAPA_FINAL01-1372x2048.jpg 1372w, https:\/\/wp.ufpel.edu.br\/labgrima\/files\/2022\/10\/CAPA_FINAL01-555x829.jpg 555w, https:\/\/wp.ufpel.edu.br\/labgrima\/files\/2022\/10\/CAPA_FINAL01.jpg 1649w\" sizes=\"auto, (max-width: 268px) 100vw, 268px\" \/><\/a><p id=\"caption-attachment-1174\" class=\"wp-caption-text\">Click on the cover to download (Portuguese Edition)<\/p><\/div>\n","protected":false},"excerpt":{"rendered":"<p>Movimentos antissist\u00eamicos e rela\u00e7\u00f5es internacionais: uma perspectiva te\u00f3rica para compreender o sistema-mundo (2022) &nbsp; Author: Charles Pennaforte Publisher: Editora da Universidade Federal de Pelotas (EDUFPEL) &nbsp;<\/p>\n","protected":false},"author":636,"featured_media":0,"parent":0,"menu_order":0,"comment_status":"closed","ping_status":"closed","template":"","meta":{"footnotes":""},"class_list":["post-1171","page","type-page","status-publish","hentry","nodate","item-wrap"],"_links":{"self":[{"href":"https:\/\/wp.ufpel.edu.br\/labgrima\/wp-json\/wp\/v2\/pages\/1171","targetHints":{"allow":["GET"]}}],"collection":[{"href":"https:\/\/wp.ufpel.edu.br\/labgrima\/wp-json\/wp\/v2\/pages"}],"about":[{"href":"https:\/\/wp.ufpel.edu.br\/labgrima\/wp-json\/wp\/v2\/types\/page"}],"author":[{"embeddable":true,"href":"https:\/\/wp.ufpel.edu.br\/labgrima\/wp-json\/wp\/v2\/users\/636"}],"replies":[{"embeddable":true,"href":"https:\/\/wp.ufpel.edu.br\/labgrima\/wp-json\/wp\/v2\/comments?post=1171"}],"version-history":[{"count":1,"href":"https:\/\/wp.ufpel.edu.br\/labgrima\/wp-json\/wp\/v2\/pages\/1171\/revisions"}],"predecessor-version":[{"id":1175,"href":"https:\/\/wp.ufpel.edu.br\/labgrima\/wp-json\/wp\/v2\/pages\/1171\/revisions\/1175"}],"wp:attachment":[{"href":"https:\/\/wp.ufpel.edu.br\/labgrima\/wp-json\/wp\/v2\/media?parent=1171"}],"curies":[{"name":"wp","href":"https:\/\/api.w.org\/{rel}","templated":true}]}}