{"id":1164,"date":"2022-10-23T17:08:05","date_gmt":"2022-10-23T20:08:05","guid":{"rendered":"https:\/\/wp.ufpel.edu.br\/labgrima\/?page_id=1164"},"modified":"2022-10-23T17:08:05","modified_gmt":"2022-10-23T20:08:05","slug":"book-dimensoes-da-integracao-regional-uma-perspectiva-panoramica-2018","status":"publish","type":"page","link":"https:\/\/wp.ufpel.edu.br\/labgrima\/book-dimensoes-da-integracao-regional-uma-perspectiva-panoramica-2018\/","title":{"rendered":"Book: &#8220;Dimens\u00f5es da integra\u00e7\u00e3o regional: uma perspectiva panor\u00e2mica&#8221; (2018)"},"content":{"rendered":"<h4><strong>Dimens\u00f5es da integra\u00e7\u00e3o regional: uma perspectiva panor\u00e2mica (2018)<\/strong><\/h4>\n<p>&nbsp;<\/p>\n<p>Editors: Charles Pennaforte and Marco Ant\u00f4nio F\u00e1varo Martins<\/p>\n<p>Autors: Felipe Moreira Kern, Alexandre Fuccile, Claudete de Castro Silva Vitte, Gloria Edel Mendicoa, Roy Carlos Williams, Helid Raphael de Carvalho, Ricardo Luigi, Marcos Ant\u00f4nio F\u00e1varo Martins and Charles Pennaforte.<\/p>\n<p>Publisher: Editora da Universidade Federal de Pelotas (EDUFPEL).<\/p>\n<p>&nbsp;<\/p>\n<div id=\"attachment_1166\" style=\"width: 300px\" class=\"wp-caption aligncenter\"><a href=\"http:\/\/guaiaca.ufpel.edu.br:8080\/handle\/prefix\/4192\"><img loading=\"lazy\" decoding=\"async\" aria-describedby=\"caption-attachment-1166\" class=\"wp-image-1166 size-medium\" src=\"https:\/\/wp.ufpel.edu.br\/labgrima\/files\/2022\/10\/2018-300x400.png\" alt=\"\" width=\"300\" height=\"400\" srcset=\"https:\/\/wp.ufpel.edu.br\/labgrima\/files\/2022\/10\/2018-300x400.png 300w, https:\/\/wp.ufpel.edu.br\/labgrima\/files\/2022\/10\/2018-555x740.png 555w, https:\/\/wp.ufpel.edu.br\/labgrima\/files\/2022\/10\/2018.png 600w\" sizes=\"auto, (max-width: 300px) 100vw, 300px\" \/><\/a><p id=\"caption-attachment-1166\" class=\"wp-caption-text\">Click on the cover to download (Portuguese Edition)<\/p><\/div>\n<p>&nbsp;<\/p>\n","protected":false},"excerpt":{"rendered":"<p>Dimens\u00f5es da integra\u00e7\u00e3o regional: uma perspectiva panor\u00e2mica (2018) &nbsp; Editors: Charles Pennaforte and Marco Ant\u00f4nio F\u00e1varo Martins Autors: Felipe Moreira Kern, Alexandre Fuccile, Claudete de Castro Silva Vitte, Gloria Edel Mendicoa, Roy Carlos Williams, Helid Raphael de Carvalho, Ricardo Luigi, Marcos Ant\u00f4nio F\u00e1varo Martins and Charles Pennaforte. Publisher: Editora da Universidade Federal de Pelotas (EDUFPEL). &hellip; <\/p>\n<p><a class=\"more-link btn\" href=\"https:\/\/wp.ufpel.edu.br\/labgrima\/book-dimensoes-da-integracao-regional-uma-perspectiva-panoramica-2018\/\">Continue lendo<\/a><\/p>\n","protected":false},"author":636,"featured_media":0,"parent":0,"menu_order":0,"comment_status":"closed","ping_status":"closed","template":"","meta":{"footnotes":""},"class_list":["post-1164","page","type-page","status-publish","hentry","nodate","item-wrap"],"_links":{"self":[{"href":"https:\/\/wp.ufpel.edu.br\/labgrima\/wp-json\/wp\/v2\/pages\/1164","targetHints":{"allow":["GET"]}}],"collection":[{"href":"https:\/\/wp.ufpel.edu.br\/labgrima\/wp-json\/wp\/v2\/pages"}],"about":[{"href":"https:\/\/wp.ufpel.edu.br\/labgrima\/wp-json\/wp\/v2\/types\/page"}],"author":[{"embeddable":true,"href":"https:\/\/wp.ufpel.edu.br\/labgrima\/wp-json\/wp\/v2\/users\/636"}],"replies":[{"embeddable":true,"href":"https:\/\/wp.ufpel.edu.br\/labgrima\/wp-json\/wp\/v2\/comments?post=1164"}],"version-history":[{"count":1,"href":"https:\/\/wp.ufpel.edu.br\/labgrima\/wp-json\/wp\/v2\/pages\/1164\/revisions"}],"predecessor-version":[{"id":1168,"href":"https:\/\/wp.ufpel.edu.br\/labgrima\/wp-json\/wp\/v2\/pages\/1164\/revisions\/1168"}],"wp:attachment":[{"href":"https:\/\/wp.ufpel.edu.br\/labgrima\/wp-json\/wp\/v2\/media?parent=1164"}],"curies":[{"name":"wp","href":"https:\/\/api.w.org\/{rel}","templated":true}]}}