{"id":77,"date":"2019-10-10T10:22:10","date_gmt":"2019-10-10T13:22:10","guid":{"rendered":"https:\/\/wp.ufpel.edu.br\/labgeotec\/?page_id=77"},"modified":"2019-10-10T10:59:49","modified_gmt":"2019-10-10T13:59:49","slug":"geografia-bacharelado","status":"publish","type":"page","link":"https:\/\/wp.ufpel.edu.br\/labgeotec\/ensino\/disciplinas\/geografia-bacharelado\/","title":{"rendered":"Geografia Bacharelado"},"content":{"rendered":"<p>No LABGeotec s\u00e3o ministradas as seguintes disciplinas do curso de Geografia Bacharelado da UFPel:<\/p>\n<p>1) Introdu\u00e7\u00e3o ao Sistema de Informa\u00e7\u00f5es Geogr\u00e1ficas (<a href=\"https:\/\/wp.ufpel.edu.br\/labgeotec\/files\/2019\/10\/disciplina_sig_bacharelado.pdf\">Ementa<\/a>);<\/p>\n<p>2) Sensoriamento Remoto (<a href=\"https:\/\/wp.ufpel.edu.br\/labgeotec\/files\/2019\/10\/disciplina_sr_bacharelado.pdf\">Ementa<\/a>);<\/p>\n<p>3) Topografia (<a href=\"https:\/\/wp.ufpel.edu.br\/labgeotec\/files\/2019\/10\/disciplina_topografia_bacharelado.pdf\">Ementa)<\/a>; e<\/p>\n<p>4) Geoprocessamento (<a href=\"https:\/\/wp.ufpel.edu.br\/labgeotec\/files\/2019\/10\/disciplina_geoprocessamento_bacharelado.pdf\">Ementa<\/a>).<\/p>\n<p>&nbsp;<\/p>\n<p>O Projeto Pedag\u00f3gico Bacharelado em Geografia pode ser visualizado na \u00edntegra acessando o\u00a0<a href=\"https:\/\/wp.ufpel.edu.br\/labgeotec\/files\/2019\/10\/ppp-geografia-bacharelado-3-de-dezembro.pdf\">link<\/a>.<\/p>\n","protected":false},"excerpt":{"rendered":"<p>No LABGeotec s\u00e3o ministradas as seguintes disciplinas do curso de Geografia Bacharelado da UFPel: 1) Introdu\u00e7\u00e3o ao Sistema de Informa\u00e7\u00f5es Geogr\u00e1ficas (Ementa); 2) Sensoriamento Remoto (Ementa); 3) Topografia (Ementa); e 4) Geoprocessamento (Ementa). &nbsp; O Projeto Pedag\u00f3gico Bacharelado em Geografia pode ser visualizado na \u00edntegra acessando o\u00a0link.<\/p>\n","protected":false},"author":969,"featured_media":0,"parent":23,"menu_order":1,"comment_status":"closed","ping_status":"closed","template":"","meta":{"footnotes":""},"class_list":["post-77","page","type-page","status-publish","hentry"],"jetpack_sharing_enabled":true,"publishpress_future_action":{"enabled":false,"date":"2026-04-17 15:48:05","action":"change-status","newStatus":"draft","terms":[],"taxonomy":"","extraData":[]},"publishpress_future_workflow_manual_trigger":{"enabledWorkflows":[]},"_links":{"self":[{"href":"https:\/\/wp.ufpel.edu.br\/labgeotec\/wp-json\/wp\/v2\/pages\/77","targetHints":{"allow":["GET"]}}],"collection":[{"href":"https:\/\/wp.ufpel.edu.br\/labgeotec\/wp-json\/wp\/v2\/pages"}],"about":[{"href":"https:\/\/wp.ufpel.edu.br\/labgeotec\/wp-json\/wp\/v2\/types\/page"}],"author":[{"embeddable":true,"href":"https:\/\/wp.ufpel.edu.br\/labgeotec\/wp-json\/wp\/v2\/users\/969"}],"replies":[{"embeddable":true,"href":"https:\/\/wp.ufpel.edu.br\/labgeotec\/wp-json\/wp\/v2\/comments?post=77"}],"version-history":[{"count":8,"href":"https:\/\/wp.ufpel.edu.br\/labgeotec\/wp-json\/wp\/v2\/pages\/77\/revisions"}],"predecessor-version":[{"id":101,"href":"https:\/\/wp.ufpel.edu.br\/labgeotec\/wp-json\/wp\/v2\/pages\/77\/revisions\/101"}],"up":[{"embeddable":true,"href":"https:\/\/wp.ufpel.edu.br\/labgeotec\/wp-json\/wp\/v2\/pages\/23"}],"wp:attachment":[{"href":"https:\/\/wp.ufpel.edu.br\/labgeotec\/wp-json\/wp\/v2\/media?parent=77"}],"curies":[{"name":"wp","href":"https:\/\/api.w.org\/{rel}","templated":true}]}}