{"id":383,"date":"2025-05-23T11:43:09","date_gmt":"2025-05-23T14:43:09","guid":{"rendered":"https:\/\/wp.ufpel.edu.br\/labgeotec\/?page_id=383"},"modified":"2025-05-23T12:17:32","modified_gmt":"2025-05-23T15:17:32","slug":"projetos-unificados","status":"publish","type":"page","link":"https:\/\/wp.ufpel.edu.br\/labgeotec\/projetos-unificados\/","title":{"rendered":"Projetos Unificados"},"content":{"rendered":"<ul>\n<li style=\"text-align: justify;\">Mapeamento geomorfol\u00f3gico do munic\u00edpio de Pelotas (RS). Prof. Dr. Mois\u00e9s Rehbein<\/li>\n<\/ul>\n<p style=\"text-align: center;\"><a href=\"https:\/\/institucional.ufpel.edu.br\/projetos\/id\/u3878\">https:\/\/institucional.ufpel.edu.br\/projetos\/id\/u3878<\/a><\/p>\n<p>&nbsp;<\/p>\n<ul>\n<li>Levantamento, cadastro e atualiza\u00e7\u00e3o das \u00e1reas verdes do per\u00edmetro urbano do munic\u00edpio de Pelotas\/RS: subs\u00eddio ao planejamento ambiental. Prof. Dr. Roberto Luiz dos Santos Antunes<\/li>\n<\/ul>\n<p>&nbsp;<\/p>\n<ul>\n<li>Custos ambientais e econ\u00f4micos da din\u00e2mica de uso da terra vinculada \u00e0s commodities agr\u00edcolas na serra dos Tapes\/RS: an\u00e1lise a partir dos servi\u00e7os ecossist\u00eamicos prestados pelos campos nativos alterados e fragmentados. Profa Dra. Edvania A.C. Alves<\/li>\n<\/ul>\n<p>&nbsp;<\/p>\n<ul>\n<li>Reposit\u00f3rio de Dados Geoespaciais do LEAGEF\/UFPEL. Profa Dra. Edvania A. C. Alves<\/li>\n<\/ul>\n","protected":false},"excerpt":{"rendered":"<p>Mapeamento geomorfol\u00f3gico do munic\u00edpio de Pelotas (RS). Prof. Dr. Mois\u00e9s Rehbein https:\/\/institucional.ufpel.edu.br\/projetos\/id\/u3878 &nbsp; Levantamento, cadastro e atualiza\u00e7\u00e3o das \u00e1reas verdes do per\u00edmetro urbano do munic\u00edpio de Pelotas\/RS: subs\u00eddio ao planejamento ambiental. Prof. Dr. Roberto Luiz dos Santos Antunes &nbsp; Custos ambientais e econ\u00f4micos da din\u00e2mica de uso da terra vinculada \u00e0s commodities agr\u00edcolas na serra [&hellip;]<\/p>\n","protected":false},"author":969,"featured_media":0,"parent":0,"menu_order":0,"comment_status":"closed","ping_status":"closed","template":"","meta":{"footnotes":""},"class_list":["post-383","page","type-page","status-publish","hentry"],"jetpack_sharing_enabled":true,"publishpress_future_action":{"enabled":false,"date":"2026-04-15 23:02:32","action":"change-status","newStatus":"draft","terms":[],"taxonomy":"","extraData":[]},"publishpress_future_workflow_manual_trigger":{"enabledWorkflows":[]},"_links":{"self":[{"href":"https:\/\/wp.ufpel.edu.br\/labgeotec\/wp-json\/wp\/v2\/pages\/383","targetHints":{"allow":["GET"]}}],"collection":[{"href":"https:\/\/wp.ufpel.edu.br\/labgeotec\/wp-json\/wp\/v2\/pages"}],"about":[{"href":"https:\/\/wp.ufpel.edu.br\/labgeotec\/wp-json\/wp\/v2\/types\/page"}],"author":[{"embeddable":true,"href":"https:\/\/wp.ufpel.edu.br\/labgeotec\/wp-json\/wp\/v2\/users\/969"}],"replies":[{"embeddable":true,"href":"https:\/\/wp.ufpel.edu.br\/labgeotec\/wp-json\/wp\/v2\/comments?post=383"}],"version-history":[{"count":9,"href":"https:\/\/wp.ufpel.edu.br\/labgeotec\/wp-json\/wp\/v2\/pages\/383\/revisions"}],"predecessor-version":[{"id":394,"href":"https:\/\/wp.ufpel.edu.br\/labgeotec\/wp-json\/wp\/v2\/pages\/383\/revisions\/394"}],"wp:attachment":[{"href":"https:\/\/wp.ufpel.edu.br\/labgeotec\/wp-json\/wp\/v2\/media?parent=383"}],"curies":[{"name":"wp","href":"https:\/\/api.w.org\/{rel}","templated":true}]}}