{"id":29,"date":"2019-10-04T11:55:35","date_gmt":"2019-10-04T14:55:35","guid":{"rendered":"https:\/\/wp.ufpel.edu.br\/labgeotec\/?page_id=29"},"modified":"2019-10-10T16:56:13","modified_gmt":"2019-10-10T19:56:13","slug":"extensao","status":"publish","type":"page","link":"https:\/\/wp.ufpel.edu.br\/labgeotec\/extensao\/","title":{"rendered":"Extens\u00e3o"},"content":{"rendered":"<p style=\"text-align: justify\">\u00c9 responsabilidade da UFPel, por meio da extens\u00e3o, promover a integra\u00e7\u00e3o transformadora com outros setores da sociedade, de modo a contribuir com os interesses coletivos, com a forma\u00e7\u00e3o cr\u00edtica e com pr\u00e1ticas participativas e cidad\u00e3s. Nos mesmos n\u00edveis que o ensino e a pesquisa, a extens\u00e3o universit\u00e1ria constitui-se em dimens\u00e3o formativa essencial, direcionada para a produ\u00e7\u00e3o do conhecimento e para a forma\u00e7\u00e3o acad\u00eamica inovadora e socialmente comprometida com os valores de desenvolvimento humano (PDI\/UFPel, 2015).<\/p>\n","protected":false},"excerpt":{"rendered":"<p>\u00c9 responsabilidade da UFPel, por meio da extens\u00e3o, promover a integra\u00e7\u00e3o transformadora com outros setores da sociedade, de modo a contribuir com os interesses coletivos, com a forma\u00e7\u00e3o cr\u00edtica e com pr\u00e1ticas participativas e cidad\u00e3s. Nos mesmos n\u00edveis que o ensino e a pesquisa, a extens\u00e3o universit\u00e1ria constitui-se em dimens\u00e3o formativa essencial, direcionada para a [&hellip;]<\/p>\n","protected":false},"author":969,"featured_media":0,"parent":0,"menu_order":3,"comment_status":"closed","ping_status":"closed","template":"","meta":{"footnotes":""},"class_list":["post-29","page","type-page","status-publish","hentry"],"jetpack_sharing_enabled":true,"publishpress_future_action":{"enabled":false,"date":"2026-04-16 04:38:51","action":"change-status","newStatus":"draft","terms":[],"taxonomy":"","extraData":[]},"publishpress_future_workflow_manual_trigger":{"enabledWorkflows":[]},"_links":{"self":[{"href":"https:\/\/wp.ufpel.edu.br\/labgeotec\/wp-json\/wp\/v2\/pages\/29","targetHints":{"allow":["GET"]}}],"collection":[{"href":"https:\/\/wp.ufpel.edu.br\/labgeotec\/wp-json\/wp\/v2\/pages"}],"about":[{"href":"https:\/\/wp.ufpel.edu.br\/labgeotec\/wp-json\/wp\/v2\/types\/page"}],"author":[{"embeddable":true,"href":"https:\/\/wp.ufpel.edu.br\/labgeotec\/wp-json\/wp\/v2\/users\/969"}],"replies":[{"embeddable":true,"href":"https:\/\/wp.ufpel.edu.br\/labgeotec\/wp-json\/wp\/v2\/comments?post=29"}],"version-history":[{"count":4,"href":"https:\/\/wp.ufpel.edu.br\/labgeotec\/wp-json\/wp\/v2\/pages\/29\/revisions"}],"predecessor-version":[{"id":155,"href":"https:\/\/wp.ufpel.edu.br\/labgeotec\/wp-json\/wp\/v2\/pages\/29\/revisions\/155"}],"wp:attachment":[{"href":"https:\/\/wp.ufpel.edu.br\/labgeotec\/wp-json\/wp\/v2\/media?parent=29"}],"curies":[{"name":"wp","href":"https:\/\/api.w.org\/{rel}","templated":true}]}}