{"id":25,"date":"2019-10-04T11:55:17","date_gmt":"2019-10-04T14:55:17","guid":{"rendered":"https:\/\/wp.ufpel.edu.br\/labgeotec\/?page_id=25"},"modified":"2019-10-10T19:57:04","modified_gmt":"2019-10-10T22:57:04","slug":"projetos","status":"publish","type":"page","link":"https:\/\/wp.ufpel.edu.br\/labgeotec\/ensino\/projetos\/","title":{"rendered":"Projetos de Ensino"},"content":{"rendered":"<p style=\"text-align: justify\">O ensino, a pesquisa e a extens\u00e3o s\u00e3o partes integrantes da forma\u00e7\u00e3o acad\u00eamica e da pr\u00e1tica cotidiana da comunidade universit\u00e1ria (PDI\/UFPel, 2015). Entretanto, o ensino n\u00e3o deve ser compreendido apenas a partir das disciplinas constantes no projetos pedag\u00f3gicos dos cursos, mas tamb\u00e9m por meio de projetos de ensino. Abaixo est\u00e3o listados projetos de ensino realizados no LABGeotec:<\/p>\n<p><a href=\"https:\/\/wp.ufpel.edu.br\/labgeotec\/projetos-2019\/\">Projetos de Ensino 2019<\/a><\/p>\n<p><a href=\"https:\/\/wp.ufpel.edu.br\/labgeotec\/ensino\/projetos\/projetos-2018\/\">Projetos de Ensino 2018<\/a><\/p>\n<p><a href=\"https:\/\/wp.ufpel.edu.br\/labgeotec\/ensino\/projetos\/projetos-2017\/\">Projetos de Ensino 2017<\/a><\/p>\n<p><a href=\"https:\/\/wp.ufpel.edu.br\/labgeotec\/ensino\/projetos\/projetos-2016\/\">Projetos de Ensino 2016<\/a><\/p>\n<p><a href=\"https:\/\/wp.ufpel.edu.br\/labgeotec\/ensino\/projetos\/projetos-2015\/\">Projetos de Ensino 2015<\/a><\/p>\n","protected":false},"excerpt":{"rendered":"<p>O ensino, a pesquisa e a extens\u00e3o s\u00e3o partes integrantes da forma\u00e7\u00e3o acad\u00eamica e da pr\u00e1tica cotidiana da comunidade universit\u00e1ria (PDI\/UFPel, 2015). Entretanto, o ensino n\u00e3o deve ser compreendido apenas a partir das disciplinas constantes no projetos pedag\u00f3gicos dos cursos, mas tamb\u00e9m por meio de projetos de ensino. Abaixo est\u00e3o listados projetos de ensino realizados [&hellip;]<\/p>\n","protected":false},"author":969,"featured_media":0,"parent":21,"menu_order":2,"comment_status":"closed","ping_status":"closed","template":"","meta":{"footnotes":""},"class_list":["post-25","page","type-page","status-publish","hentry"],"jetpack_sharing_enabled":true,"publishpress_future_action":{"enabled":false,"date":"2026-04-16 13:37:58","action":"change-status","newStatus":"draft","terms":[],"taxonomy":"","extraData":[]},"publishpress_future_workflow_manual_trigger":{"enabledWorkflows":[]},"_links":{"self":[{"href":"https:\/\/wp.ufpel.edu.br\/labgeotec\/wp-json\/wp\/v2\/pages\/25","targetHints":{"allow":["GET"]}}],"collection":[{"href":"https:\/\/wp.ufpel.edu.br\/labgeotec\/wp-json\/wp\/v2\/pages"}],"about":[{"href":"https:\/\/wp.ufpel.edu.br\/labgeotec\/wp-json\/wp\/v2\/types\/page"}],"author":[{"embeddable":true,"href":"https:\/\/wp.ufpel.edu.br\/labgeotec\/wp-json\/wp\/v2\/users\/969"}],"replies":[{"embeddable":true,"href":"https:\/\/wp.ufpel.edu.br\/labgeotec\/wp-json\/wp\/v2\/comments?post=25"}],"version-history":[{"count":7,"href":"https:\/\/wp.ufpel.edu.br\/labgeotec\/wp-json\/wp\/v2\/pages\/25\/revisions"}],"predecessor-version":[{"id":188,"href":"https:\/\/wp.ufpel.edu.br\/labgeotec\/wp-json\/wp\/v2\/pages\/25\/revisions\/188"}],"up":[{"embeddable":true,"href":"https:\/\/wp.ufpel.edu.br\/labgeotec\/wp-json\/wp\/v2\/pages\/21"}],"wp:attachment":[{"href":"https:\/\/wp.ufpel.edu.br\/labgeotec\/wp-json\/wp\/v2\/media?parent=25"}],"curies":[{"name":"wp","href":"https:\/\/api.w.org\/{rel}","templated":true}]}}