{"id":184,"date":"2019-10-10T19:51:27","date_gmt":"2019-10-10T22:51:27","guid":{"rendered":"https:\/\/wp.ufpel.edu.br\/labgeotec\/?page_id=184"},"modified":"2019-10-14T15:40:04","modified_gmt":"2019-10-14T18:40:04","slug":"projetos-2015","status":"publish","type":"page","link":"https:\/\/wp.ufpel.edu.br\/labgeotec\/ensino\/projetos\/projetos-2015\/","title":{"rendered":"Projetos de Ensino 2015"},"content":{"rendered":"<div class=\"layout-cell layout-cell-12 data-cell\">\n<div class=\"layout-cell layout-cell-9\">\n<div class=\"layout-cell-pad-5\">\n<p><strong>O ENSINO DE GEOTECNOLOGIAS: POSSIBILIDADES E APLICA\u00c7\u00d5ES<\/strong><\/p>\n<\/div>\n<\/div>\n<div class=\"layout-cell layout-cell-9\">\n<div class=\"layout-cell-pad-5\">\n<p><strong>Descri\u00e7\u00e3o:<\/strong> Objetivo Geral: Melhoria da qualidade do processo de ensino-aprendizagem, combate \u00e0 reprova\u00e7\u00e3o, \u00e0 reten\u00e7\u00e3o e \u00e0 evas\u00e3o nos cursos de gradua\u00e7\u00e3o em Geografia (Licenciatura e Bacharelado) e Antropologia e Arqueologia da UFPEL, mediante atua\u00e7\u00e3o de monitores de ensino no apoio ao desenvolvimento das disciplinas de car\u00e1ter t\u00e9cnico\/pr\u00e1tico.<\/p>\n<p><strong>Coordenador:<\/strong> Mois\u00e9s Ortemar Rehbein<\/p>\n<hr \/>\n<\/div>\n<\/div>\n<\/div>\n","protected":false},"excerpt":{"rendered":"<p>O ENSINO DE GEOTECNOLOGIAS: POSSIBILIDADES E APLICA\u00c7\u00d5ES Descri\u00e7\u00e3o: Objetivo Geral: Melhoria da qualidade do processo de ensino-aprendizagem, combate \u00e0 reprova\u00e7\u00e3o, \u00e0 reten\u00e7\u00e3o e \u00e0 evas\u00e3o nos cursos de gradua\u00e7\u00e3o em Geografia (Licenciatura e Bacharelado) e Antropologia e Arqueologia da UFPEL, mediante atua\u00e7\u00e3o de monitores de ensino no apoio ao desenvolvimento das disciplinas de car\u00e1ter t\u00e9cnico\/pr\u00e1tico. [&hellip;]<\/p>\n","protected":false},"author":969,"featured_media":0,"parent":25,"menu_order":5,"comment_status":"closed","ping_status":"closed","template":"","meta":{"footnotes":""},"class_list":["post-184","page","type-page","status-publish","hentry"],"jetpack_sharing_enabled":true,"publishpress_future_action":{"enabled":false,"date":"2026-05-15 08:42:27","action":"change-status","newStatus":"draft","terms":[],"taxonomy":"","extraData":[]},"publishpress_future_workflow_manual_trigger":{"enabledWorkflows":[]},"_links":{"self":[{"href":"https:\/\/wp.ufpel.edu.br\/labgeotec\/wp-json\/wp\/v2\/pages\/184","targetHints":{"allow":["GET"]}}],"collection":[{"href":"https:\/\/wp.ufpel.edu.br\/labgeotec\/wp-json\/wp\/v2\/pages"}],"about":[{"href":"https:\/\/wp.ufpel.edu.br\/labgeotec\/wp-json\/wp\/v2\/types\/page"}],"author":[{"embeddable":true,"href":"https:\/\/wp.ufpel.edu.br\/labgeotec\/wp-json\/wp\/v2\/users\/969"}],"replies":[{"embeddable":true,"href":"https:\/\/wp.ufpel.edu.br\/labgeotec\/wp-json\/wp\/v2\/comments?post=184"}],"version-history":[{"count":7,"href":"https:\/\/wp.ufpel.edu.br\/labgeotec\/wp-json\/wp\/v2\/pages\/184\/revisions"}],"predecessor-version":[{"id":233,"href":"https:\/\/wp.ufpel.edu.br\/labgeotec\/wp-json\/wp\/v2\/pages\/184\/revisions\/233"}],"up":[{"embeddable":true,"href":"https:\/\/wp.ufpel.edu.br\/labgeotec\/wp-json\/wp\/v2\/pages\/25"}],"wp:attachment":[{"href":"https:\/\/wp.ufpel.edu.br\/labgeotec\/wp-json\/wp\/v2\/media?parent=184"}],"curies":[{"name":"wp","href":"https:\/\/api.w.org\/{rel}","templated":true}]}}