{"id":178,"date":"2019-10-10T19:50:42","date_gmt":"2019-10-10T22:50:42","guid":{"rendered":"https:\/\/wp.ufpel.edu.br\/labgeotec\/?page_id=178"},"modified":"2019-10-14T15:38:58","modified_gmt":"2019-10-14T18:38:58","slug":"projetos-2018","status":"publish","type":"page","link":"https:\/\/wp.ufpel.edu.br\/labgeotec\/ensino\/projetos\/projetos-2018\/","title":{"rendered":"Projetos de Ensino 2018"},"content":{"rendered":"<div class=\"layout-cell layout-cell-3 text-align-right\">\n<div class=\"layout-cell-pad-5 text-align-right\" style=\"text-align: justify\">\n<p><strong>SISTEMA DE INFORMA\u00c7\u00d5ES GEOGR\u00c1FICAS: CAPTURA, ARMAZENAMENTO, CONSULTA, MANIPULA\u00c7\u00c3O E AN\u00c1LISE DE DADOS ESPACIAIS E N\u00c3O ESPACIAIS<\/strong><\/p>\n<\/div>\n<\/div>\n<div class=\"layout-cell layout-cell-9\" style=\"text-align: justify\">\n<div class=\"layout-cell-pad-5\"><strong>Descri\u00e7\u00e3o:<\/strong> O Projeto de ensino &#8220;Sistema de Informa\u00e7\u00f5es Geogr\u00e1ficas: captura, armazenamento, consulta, manipula\u00e7\u00e3o e an\u00e1lise de dados espaciais e n\u00e3o espaciais&#8221;, busca realizar aperfei\u00e7oamento dos alunos de Geografia da UFPel e \u00e1reas afins na manipula\u00e7\u00e3o de dados espaciais e n\u00e3o espaciais em Sistema de Informa\u00e7\u00f5es Geogr\u00e1ficas. Esta tem\u00e1tica faz parte das atividades realizadas no Laborat\u00f3rio de Geotecnologias Aplicadas \u00e0 Geografia, em que s\u00e3o ministradas disciplinas de Introdu\u00e7\u00e3o ao Sistema de Informa\u00e7\u00f5es Geogr\u00e1ficas (SIG), Sensoriamento Remoto, Geoprocessamento e Topografia.<\/div>\n<div class=\"layout-cell-pad-5\"><strong>Coordenador:<\/strong> Allan de Oliveira de Oliveira<\/div>\n<\/div>\n<div class=\"layout-cell layout-cell-3 text-align-right\" style=\"text-align: justify\">\n<div class=\"layout-cell-pad-5 text-align-right\">\n<hr \/>\n<\/div>\n<\/div>\n<div class=\"layout-cell layout-cell-9\" style=\"text-align: justify\">\n<div class=\"layout-cell-pad-5\">\n<p><strong>CARTOGRAFIA SISTEM\u00c1TICA E TEM\u00c1TICA: DIGITALIZA\u00c7\u00c3O DO ACERVO DE CARTAS TOPOGR\u00c1FICAS DO LABCARTO\/UFPEL E ESTRUTURA\u00c7\u00c3O DE UM BANCO DE DADOS GEOESPACIAL E SISTEMA DE INFORMA\u00c7\u00d5ES GEOGR\u00c1FICAS<\/strong><\/p>\n<\/div>\n<\/div>\n<div class=\"layout-cell layout-cell-9\">\n<div class=\"layout-cell-pad-5\" style=\"text-align: justify\"><strong>Descri\u00e7\u00e3o:<\/strong> Os cursos de Geografia da Universidade Federal de Pelotas possuem em suas grades curriculares as disciplinas de Cartografia Geral e Tem\u00e1tica, ministradas no Laborat\u00f3rio Did\u00e1tico de Cartografia (LABCarto) do Departamento de Geografia\/ICH. A Cartografia possui uma divis\u00e3o conceitual, divis\u00e3o esta un\u00e2nime: sistem\u00e1tica e tem\u00e1tica. O Laborat\u00f3rio Did\u00e1tico de Cartografia (LABCarto\/DEGEO) possui acervo de cartas topogr\u00e1ficas, que s\u00e3o os recursos did\u00e1ticos utilizados para trabalhar os conte\u00fados program\u00e1ticos das disciplinas acima citadas, assim como a divis\u00e3o conceitual da Cartografia. O acervo do laborat\u00f3rio \u00e9 anal\u00f3gico, e com a expans\u00e3o da cartografia assistida por computador \u00e9 importante que as informa\u00e7\u00f5es anal\u00f3gicas sejam convertidas para o formato digital. O processo que converte informa\u00e7\u00f5es anal\u00f3gicas em digitais \u00e9 denominado de digitaliza\u00e7\u00e3o, que consiste na utiliza\u00e7\u00e3o de scanner. Entretanto, o processo de convers\u00e3o destas informa\u00e7\u00f5es deve ser criterioso, levando em considera\u00e7\u00e3o que as cartas e mapas em formatos anal\u00f3gicos foram gerados a partir de um Padr\u00e3o de Exatid\u00e3o Cartogr\u00e1fico. Logo, o processo de digitaliza\u00e7\u00e3o deve seguir procedimentos que permitam manter tais padr\u00f5es de exatid\u00e3o.<\/div>\n<div class=\"layout-cell-pad-5\" style=\"text-align: justify\"><strong>Coordenador:<\/strong> Allan de Oliveira de Oliveira<\/div>\n<div>\n<hr \/>\n<\/div>\n<\/div>\n","protected":false},"excerpt":{"rendered":"<p>SISTEMA DE INFORMA\u00c7\u00d5ES GEOGR\u00c1FICAS: CAPTURA, ARMAZENAMENTO, CONSULTA, MANIPULA\u00c7\u00c3O E AN\u00c1LISE DE DADOS ESPACIAIS E N\u00c3O ESPACIAIS Descri\u00e7\u00e3o: O Projeto de ensino &#8220;Sistema de Informa\u00e7\u00f5es Geogr\u00e1ficas: captura, armazenamento, consulta, manipula\u00e7\u00e3o e an\u00e1lise de dados espaciais e n\u00e3o espaciais&#8221;, busca realizar aperfei\u00e7oamento dos alunos de Geografia da UFPel e \u00e1reas afins na manipula\u00e7\u00e3o de dados espaciais e [&hellip;]<\/p>\n","protected":false},"author":969,"featured_media":0,"parent":25,"menu_order":2,"comment_status":"closed","ping_status":"closed","template":"","meta":{"footnotes":""},"class_list":["post-178","page","type-page","status-publish","hentry"],"jetpack_sharing_enabled":true,"publishpress_future_action":{"enabled":false,"date":"2026-04-18 07:31:19","action":"change-status","newStatus":"draft","terms":[],"taxonomy":"","extraData":[]},"publishpress_future_workflow_manual_trigger":{"enabledWorkflows":[]},"_links":{"self":[{"href":"https:\/\/wp.ufpel.edu.br\/labgeotec\/wp-json\/wp\/v2\/pages\/178","targetHints":{"allow":["GET"]}}],"collection":[{"href":"https:\/\/wp.ufpel.edu.br\/labgeotec\/wp-json\/wp\/v2\/pages"}],"about":[{"href":"https:\/\/wp.ufpel.edu.br\/labgeotec\/wp-json\/wp\/v2\/types\/page"}],"author":[{"embeddable":true,"href":"https:\/\/wp.ufpel.edu.br\/labgeotec\/wp-json\/wp\/v2\/users\/969"}],"replies":[{"embeddable":true,"href":"https:\/\/wp.ufpel.edu.br\/labgeotec\/wp-json\/wp\/v2\/comments?post=178"}],"version-history":[{"count":8,"href":"https:\/\/wp.ufpel.edu.br\/labgeotec\/wp-json\/wp\/v2\/pages\/178\/revisions"}],"predecessor-version":[{"id":230,"href":"https:\/\/wp.ufpel.edu.br\/labgeotec\/wp-json\/wp\/v2\/pages\/178\/revisions\/230"}],"up":[{"embeddable":true,"href":"https:\/\/wp.ufpel.edu.br\/labgeotec\/wp-json\/wp\/v2\/pages\/25"}],"wp:attachment":[{"href":"https:\/\/wp.ufpel.edu.br\/labgeotec\/wp-json\/wp\/v2\/media?parent=178"}],"curies":[{"name":"wp","href":"https:\/\/api.w.org\/{rel}","templated":true}]}}