{"id":145,"date":"2019-10-10T16:39:52","date_gmt":"2019-10-10T19:39:52","guid":{"rendered":"https:\/\/wp.ufpel.edu.br\/labgeotec\/?page_id=145"},"modified":"2019-10-15T11:07:36","modified_gmt":"2019-10-15T14:07:36","slug":"links","status":"publish","type":"page","link":"https:\/\/wp.ufpel.edu.br\/labgeotec\/links\/","title":{"rendered":"Links \u00dateis"},"content":{"rendered":"<p><a href=\"https:\/\/ibge.gov.br\/\" target=\"_blank\" rel=\"noopener noreferrer\">Instituto Brasileiro de Geografia e Estat\u00edstica<\/a><\/p>\n<p><a href=\"http:\/\/www.inpe.br\/\" target=\"_blank\" rel=\"noopener noreferrer\">Instituto Nacional de Pesquisas Espaciais<\/a><\/p>\n<p><a href=\"https:\/\/www.cptec.inpe.br\/\" target=\"_blank\" rel=\"noopener noreferrer\">Centro de Previs\u00e3o de Tempo e Clima<\/a><\/p>\n<p><a href=\"http:\/\/www.inmet.gov.br\/portal\/\" target=\"_blank\" rel=\"noopener noreferrer\">Instituto Nacional de Meteorologia<\/a><\/p>\n<p><a href=\"https:\/\/www.embrapa.br\/clima-temperado\" target=\"_blank\" rel=\"noopener noreferrer\">Embrapa\/Clima Temperado<\/a><\/p>\n<p><a href=\"https:\/\/www.ana.gov.br\/\" target=\"_blank\" rel=\"noopener noreferrer\">Ag\u00eancia Nacional das \u00c1guas<\/a><\/p>\n<p><a href=\"https:\/\/www.mma.gov.br\/\" target=\"_blank\" rel=\"noopener noreferrer\">Minist\u00e9rio do Meio Ambiente<\/a><\/p>\n<p><a href=\"https:\/\/www.ibama.gov.br\/\" target=\"_blank\" rel=\"noopener noreferrer\">Instituto Brasileiro do Meio Ambiente e dos Recursos Renov\u00e1veis<\/a><\/p>\n<p><a href=\"http:\/\/www.icmbio.gov.br\/portal\/\" target=\"_blank\" rel=\"noopener noreferrer\">Instituto Chico Mendes de Conserva\u00e7\u00e3o da Biodiversidade<\/a><\/p>\n<p><a href=\"http:\/\/www.fepam.rs.gov.br\/\" target=\"_blank\" rel=\"noopener noreferrer\">Funda\u00e7\u00e3o Estadual de Prote\u00e7\u00e3o Ambiental Henrique Luiz Roessler &#8211; RS<\/a><\/p>\n<p><a href=\"http:\/\/www.cprm.gov.br\/\" target=\"_blank\" rel=\"noopener noreferrer\">Servi\u00e7o Geol\u00f3gico do Brasil<\/a><\/p>\n<p><a href=\"https:\/\/www.ufrgs.br\/labgeo\/\" target=\"_blank\" rel=\"noopener noreferrer\">Laborat\u00f3rio de Geoprocessamento\/UFRGS<\/a><\/p>\n<p><a href=\"https:\/\/glovis.usgs.gov\/\">USGS Global Visualization Viewer<\/a><\/p>\n<p><a href=\"http:\/\/www-periodicos-capes-gov-br.ez66.periodicos.capes.gov.br\/index.php?\" target=\"_blank\" rel=\"noopener noreferrer\">Peri\u00f3dicos Capes<\/a><\/p>\n<p>&nbsp;<\/p>\n","protected":false},"excerpt":{"rendered":"<p>Instituto Brasileiro de Geografia e Estat\u00edstica Instituto Nacional de Pesquisas Espaciais Centro de Previs\u00e3o de Tempo e Clima Instituto Nacional de Meteorologia Embrapa\/Clima Temperado Ag\u00eancia Nacional das \u00c1guas Minist\u00e9rio do Meio Ambiente Instituto Brasileiro do Meio Ambiente e dos Recursos Renov\u00e1veis Instituto Chico Mendes de Conserva\u00e7\u00e3o da Biodiversidade Funda\u00e7\u00e3o Estadual de Prote\u00e7\u00e3o Ambiental Henrique Luiz [&hellip;]<\/p>\n","protected":false},"author":969,"featured_media":0,"parent":0,"menu_order":6,"comment_status":"closed","ping_status":"closed","template":"","meta":{"footnotes":""},"class_list":["post-145","page","type-page","status-publish","hentry"],"jetpack_sharing_enabled":true,"publishpress_future_action":{"enabled":false,"date":"2026-04-15 17:43:16","action":"change-status","newStatus":"draft","terms":[],"taxonomy":"","extraData":[]},"publishpress_future_workflow_manual_trigger":{"enabledWorkflows":[]},"_links":{"self":[{"href":"https:\/\/wp.ufpel.edu.br\/labgeotec\/wp-json\/wp\/v2\/pages\/145","targetHints":{"allow":["GET"]}}],"collection":[{"href":"https:\/\/wp.ufpel.edu.br\/labgeotec\/wp-json\/wp\/v2\/pages"}],"about":[{"href":"https:\/\/wp.ufpel.edu.br\/labgeotec\/wp-json\/wp\/v2\/types\/page"}],"author":[{"embeddable":true,"href":"https:\/\/wp.ufpel.edu.br\/labgeotec\/wp-json\/wp\/v2\/users\/969"}],"replies":[{"embeddable":true,"href":"https:\/\/wp.ufpel.edu.br\/labgeotec\/wp-json\/wp\/v2\/comments?post=145"}],"version-history":[{"count":11,"href":"https:\/\/wp.ufpel.edu.br\/labgeotec\/wp-json\/wp\/v2\/pages\/145\/revisions"}],"predecessor-version":[{"id":270,"href":"https:\/\/wp.ufpel.edu.br\/labgeotec\/wp-json\/wp\/v2\/pages\/145\/revisions\/270"}],"wp:attachment":[{"href":"https:\/\/wp.ufpel.edu.br\/labgeotec\/wp-json\/wp\/v2\/media?parent=145"}],"curies":[{"name":"wp","href":"https:\/\/api.w.org\/{rel}","templated":true}]}}