{"id":132,"date":"2019-10-10T16:28:44","date_gmt":"2019-10-10T19:28:44","guid":{"rendered":"https:\/\/wp.ufpel.edu.br\/labgeotec\/?page_id=132"},"modified":"2019-10-14T10:41:22","modified_gmt":"2019-10-14T13:41:22","slug":"projetos-em-andamento","status":"publish","type":"page","link":"https:\/\/wp.ufpel.edu.br\/labgeotec\/pesquisa\/projetos-em-andamento\/","title":{"rendered":"Projetos em Andamento"},"content":{"rendered":"<p style=\"text-align: justify\"><strong>AVALIA\u00c7\u00c3O DA VULNERABILIDADE F\u00cdSICA E SOCIOECON\u00d4MICA \u00c0 INUNDA\u00c7\u00c3O DE SISTEMAS COSTEIROS ABRIGADOS: ESTUDO DE CASO DA ORLA DO MUNIC\u00cdPIO DE PELOTAS\/RS<\/strong><\/p>\n<p style=\"text-align: justify\"><strong>Descri\u00e7\u00e3o:<\/strong> O objetivo geral deste projeto de pesquisa \u00e9 de avaliar a vulnerabilidade f\u00edsica e socioecon\u00f4mica para as \u00e1reas adjacentes a orla do munic\u00edpio de Pelotas\/RS. Os objetivos espec\u00edficos s\u00e3o: a) Mapear os tipos de cobertura das terras existentes ao longo da orla; b) Avaliar, a partir de dados do Censo Demogr\u00e1fico do IBGE, a vulnerabilidade socioecon\u00f4mica das \u00e1reas adjacentes a orla, determinando o \u00cdndice de Vulnerabilidade Socioecon\u00f4mico (IVSo); c) Avaliar, a partir do comportamento hidrodin\u00e2mico da Lagoa dos Patos, a susceptibilidade da orla quanto a processos de inunda\u00e7\u00e3o, determinando assim a vulnerabilidade f\u00edsica; d) Criar um \u00cdndice de Vulnerabilidade Costeira que integre vari\u00e1veis estruturais, de processo e par\u00e2metros socioecon\u00f4micos.<\/p>\n<p style=\"text-align: justify\"><strong>Coordena\u00e7\u00e3o:<\/strong> Allan de Oliveira de Oliveira<\/p>\n<hr \/>\n<p style=\"text-align: justify\"><strong>MAPEAMENTO GEOMORFOL\u00d3GICO DO MUNIC\u00cdPIO DE PELOTAS\/RS\/BRASIL<\/strong><\/p>\n<p style=\"text-align: justify\"><strong>Descri\u00e7\u00e3o:<\/strong> O objetivo principal da pesquisa consiste na estrutura\u00e7\u00e3o de um mapeamento geomorfol\u00f3gico para \u00e1rea do munic\u00edpio de Pelotas\/ RS. Para tanto, faz-se necess\u00e1rio o levantamento de dados morfogen\u00e9ticos, morfocronol\u00f3gicos, morfol\u00f3gicos (morfom\u00e9tricos e morfogr\u00e1ficos) e morfodin\u00e2micos do relevo. Utilizar-se-\u00e3o das orienta\u00e7\u00f5es metodol\u00f3gicas da International Geographical Union &#8211; Commission on Geomorphological Survay and Mapping (DEMEK et al, 1972); Ross (1992); IBGE (2009) e Rehbein (2011). Operacionalmente se desenvolver\u00e3o atividades alternadas entre o gabinete e o campo: revis\u00f5es bibliogr\u00e1ficas, t\u00e9cnicas cartogr\u00e1ficas (estrutura\u00e7\u00e3o de um banco de dados de cartografia de base, mapeamento dos usos e coberturas da terra, cartografia de dados morfol\u00f3gicos do relevo), trabalhos de campo e o mapeamento geomorfol\u00f3gico. O mapeamento geomorfol\u00f3gico de Pelotas contemplar\u00e1 graficamente o 3\u00b0 T\u00e1xon, dos padr\u00f5es de formas semelhantes do relevo (ROSS, 1992). S\u00e3o in\u00fameras as aplica\u00e7\u00f5es do conhecimento que se intenciona gerar, podem servir de base para politicas, planejamento, gerenciamento e ou monitoramento ambiental, a fim de contribuir na qualifica\u00e7\u00e3o da gest\u00e3o ambiental do munic\u00edpio de Pelotas.<\/p>\n<p style=\"text-align: justify\"><strong>Coordena\u00e7\u00e3o:<\/strong> Mois\u00e9s Ortemar Rehbein<\/p>\n<hr \/>\n<p style=\"text-align: justify\">\n","protected":false},"excerpt":{"rendered":"<p>AVALIA\u00c7\u00c3O DA VULNERABILIDADE F\u00cdSICA E SOCIOECON\u00d4MICA \u00c0 INUNDA\u00c7\u00c3O DE SISTEMAS COSTEIROS ABRIGADOS: ESTUDO DE CASO DA ORLA DO MUNIC\u00cdPIO DE PELOTAS\/RS Descri\u00e7\u00e3o: O objetivo geral deste projeto de pesquisa \u00e9 de avaliar a vulnerabilidade f\u00edsica e socioecon\u00f4mica para as \u00e1reas adjacentes a orla do munic\u00edpio de Pelotas\/RS. Os objetivos espec\u00edficos s\u00e3o: a) Mapear os tipos [&hellip;]<\/p>\n","protected":false},"author":969,"featured_media":0,"parent":27,"menu_order":1,"comment_status":"closed","ping_status":"closed","template":"","meta":{"footnotes":""},"class_list":["post-132","page","type-page","status-publish","hentry"],"jetpack_sharing_enabled":true,"publishpress_future_action":{"enabled":false,"date":"2026-04-15 23:01:56","action":"change-status","newStatus":"draft","terms":[],"taxonomy":"","extraData":[]},"publishpress_future_workflow_manual_trigger":{"enabledWorkflows":[]},"_links":{"self":[{"href":"https:\/\/wp.ufpel.edu.br\/labgeotec\/wp-json\/wp\/v2\/pages\/132","targetHints":{"allow":["GET"]}}],"collection":[{"href":"https:\/\/wp.ufpel.edu.br\/labgeotec\/wp-json\/wp\/v2\/pages"}],"about":[{"href":"https:\/\/wp.ufpel.edu.br\/labgeotec\/wp-json\/wp\/v2\/types\/page"}],"author":[{"embeddable":true,"href":"https:\/\/wp.ufpel.edu.br\/labgeotec\/wp-json\/wp\/v2\/users\/969"}],"replies":[{"embeddable":true,"href":"https:\/\/wp.ufpel.edu.br\/labgeotec\/wp-json\/wp\/v2\/comments?post=132"}],"version-history":[{"count":4,"href":"https:\/\/wp.ufpel.edu.br\/labgeotec\/wp-json\/wp\/v2\/pages\/132\/revisions"}],"predecessor-version":[{"id":208,"href":"https:\/\/wp.ufpel.edu.br\/labgeotec\/wp-json\/wp\/v2\/pages\/132\/revisions\/208"}],"up":[{"embeddable":true,"href":"https:\/\/wp.ufpel.edu.br\/labgeotec\/wp-json\/wp\/v2\/pages\/27"}],"wp:attachment":[{"href":"https:\/\/wp.ufpel.edu.br\/labgeotec\/wp-json\/wp\/v2\/media?parent=132"}],"curies":[{"name":"wp","href":"https:\/\/api.w.org\/{rel}","templated":true}]}}