{"id":111,"date":"2019-10-10T11:42:05","date_gmt":"2019-10-10T14:42:05","guid":{"rendered":"https:\/\/wp.ufpel.edu.br\/labgeotec\/?page_id=111"},"modified":"2019-10-14T15:38:10","modified_gmt":"2019-10-14T18:38:10","slug":"projetos-2019","status":"publish","type":"page","link":"https:\/\/wp.ufpel.edu.br\/labgeotec\/ensino\/projetos\/projetos-2019\/","title":{"rendered":"Projetos de Ensino 2019"},"content":{"rendered":"<p><strong><span style=\"color: #333333\">SISTEMA DE INFORMA\u00c7\u00d5ES GEOGR\u00c1FICAS: CAPTURA, ARMAZENAMENTO, CONSULTA, MANIPULA\u00c7\u00c3O E AN\u00c1LISE DE DADOS ESPACIAIS E N\u00c3O ESPACIAIS<\/span><\/strong><\/p>\n<p style=\"text-align: justify\"><strong>Descri\u00e7\u00e3o:<\/strong> O Projeto de ensino &#8220;Sistema de Informa\u00e7\u00f5es Geogr\u00e1ficas: captura, armazenamento, consulta, manipula\u00e7\u00e3o e an\u00e1lise de dados espaciais e n\u00e3o espaciais&#8221;, busca realizar aperfei\u00e7oamento dos alunos de Geografia da UFPel e \u00e1reas afins na manipula\u00e7\u00e3o de dados espaciais e n\u00e3o espaciais em Sistema de Informa\u00e7\u00f5es Geogr\u00e1ficas. Esta tem\u00e1tica faz parte das atividades realizadas no Laborat\u00f3rio de Geotecnologias Aplicadas \u00e0 Geografia, em que s\u00e3o ministradas disciplinas de Introdu\u00e7\u00e3o ao Sistema de Informa\u00e7\u00f5es Geogr\u00e1ficas (SIG), Sensoriamento Remoto, Geoprocessamento e Topografia.<\/p>\n<p style=\"text-align: justify\"><strong>Coordena\u00e7\u00e3o:<\/strong> Allan de Oliveira de Oliveira<\/p>\n<hr \/>\n<div class=\"layout-cell layout-cell-9\">\n<div class=\"layout-cell-pad-5\" style=\"text-align: justify\"><strong>DESCOBRINDO A GEOMORFOLOGIA E HIDROGEOGRAFIA DO MUNIC\u00cdPIO DE PELOTAS\/ RS: CONHECIMENTOS PARA SENSIBILIZA\u00c7\u00c3O E PRESERVA\u00c7\u00c3O AMBIENTAL &#8211; PROJETO DE ENSINO<\/strong><\/div>\n<\/div>\n<div class=\"layout-cell layout-cell-3 text-align-right\" style=\"text-align: justify\">\n<div class=\"layout-cell-pad-5 text-align-right\"><\/div>\n<\/div>\n<div class=\"layout-cell layout-cell-9\">\n<div class=\"layout-cell-pad-5\" style=\"text-align: justify\">\n<p><strong>Descri\u00e7\u00e3o:<\/strong> Esse projeto de ensino t\u00eam a inten\u00e7\u00e3o de qualificar o processo de ensino?aprendizagem nas disciplinas de Geomorfologia, Hidrogeografia, Hidrogeografia B e o Sensoriamento Remoto dos cursos de Geografia (Licenciatura e Bacharelado), com prioridade ao combate \u00e0 reten\u00e7\u00e3o e \u00e0 evas\u00e3o discente. Tamb\u00e9m, a inten\u00e7\u00e3o de viabilizar atividades de monitoria e, pela inser\u00e7\u00e3o de discente monitor em atividades de ensino das disciplinas mencionadas, contribuir para sua forma\u00e7\u00e3o acad\u00eamico-profissional. A Geomorfologia \u00e9 uma \u00e1rea de conhecimentos sistematizados que se dedica ao estudo do relevo, seus materiais constituintes, formas e processos. A Hidrogeografia estuda as diferentes din\u00e2micas h\u00eddricas, assim como, o recurso h\u00eddrico, na constitui\u00e7\u00e3o do espa\u00e7o geogr\u00e1fico. O Sensoriamento Remoto permite a sele\u00e7\u00e3o de materiais e t\u00e9cnicas que, entre outras possibilidades, corroboram as an\u00e1lises sobre a evolu\u00e7\u00e3o nos usos e coberturas da terra, trazendo importantes contribui\u00e7\u00f5es ao entendimento da evolu\u00e7\u00e3o do modelado terrestre, do relevo, e das infer\u00eancias antr\u00f3picas na hidrologia de uma determinada \u00e1rea. Tratam-se todas de disciplinas b\u00e1sicas e obrigat\u00f3rias nos curr\u00edculos dos cursos de Geografia, \u00e0s quais, estabelecem importantes e complementares di\u00e1logos que corroboram para qualifica\u00e7\u00e3o de reflex\u00f5es da ci\u00eancia geogr\u00e1fica.<\/p>\n<p><strong>Coordenador:<\/strong> Mois\u00e9s Ortemar Rehbein<\/p>\n<hr \/>\n<\/div>\n<\/div>\n","protected":false},"excerpt":{"rendered":"<p>SISTEMA DE INFORMA\u00c7\u00d5ES GEOGR\u00c1FICAS: CAPTURA, ARMAZENAMENTO, CONSULTA, MANIPULA\u00c7\u00c3O E AN\u00c1LISE DE DADOS ESPACIAIS E N\u00c3O ESPACIAIS Descri\u00e7\u00e3o: O Projeto de ensino &#8220;Sistema de Informa\u00e7\u00f5es Geogr\u00e1ficas: captura, armazenamento, consulta, manipula\u00e7\u00e3o e an\u00e1lise de dados espaciais e n\u00e3o espaciais&#8221;, busca realizar aperfei\u00e7oamento dos alunos de Geografia da UFPel e \u00e1reas afins na manipula\u00e7\u00e3o de dados espaciais e [&hellip;]<\/p>\n","protected":false},"author":969,"featured_media":0,"parent":25,"menu_order":1,"comment_status":"closed","ping_status":"closed","template":"","meta":{"footnotes":""},"class_list":["post-111","page","type-page","status-publish","hentry"],"jetpack_sharing_enabled":true,"publishpress_future_action":{"enabled":false,"date":"2026-05-14 19:34:10","action":"change-status","newStatus":"draft","terms":[],"taxonomy":"","extraData":[]},"publishpress_future_workflow_manual_trigger":{"enabledWorkflows":[]},"_links":{"self":[{"href":"https:\/\/wp.ufpel.edu.br\/labgeotec\/wp-json\/wp\/v2\/pages\/111","targetHints":{"allow":["GET"]}}],"collection":[{"href":"https:\/\/wp.ufpel.edu.br\/labgeotec\/wp-json\/wp\/v2\/pages"}],"about":[{"href":"https:\/\/wp.ufpel.edu.br\/labgeotec\/wp-json\/wp\/v2\/types\/page"}],"author":[{"embeddable":true,"href":"https:\/\/wp.ufpel.edu.br\/labgeotec\/wp-json\/wp\/v2\/users\/969"}],"replies":[{"embeddable":true,"href":"https:\/\/wp.ufpel.edu.br\/labgeotec\/wp-json\/wp\/v2\/comments?post=111"}],"version-history":[{"count":12,"href":"https:\/\/wp.ufpel.edu.br\/labgeotec\/wp-json\/wp\/v2\/pages\/111\/revisions"}],"predecessor-version":[{"id":228,"href":"https:\/\/wp.ufpel.edu.br\/labgeotec\/wp-json\/wp\/v2\/pages\/111\/revisions\/228"}],"up":[{"embeddable":true,"href":"https:\/\/wp.ufpel.edu.br\/labgeotec\/wp-json\/wp\/v2\/pages\/25"}],"wp:attachment":[{"href":"https:\/\/wp.ufpel.edu.br\/labgeotec\/wp-json\/wp\/v2\/media?parent=111"}],"curies":[{"name":"wp","href":"https:\/\/api.w.org\/{rel}","templated":true}]}}