{"id":11,"date":"2019-10-04T11:58:21","date_gmt":"2019-10-04T14:58:21","guid":{"rendered":"https:\/\/wp.ufpel.edu.br\/labgeotec\/?page_id=11"},"modified":"2024-08-22T17:16:01","modified_gmt":"2024-08-22T20:16:01","slug":"apresentacao","status":"publish","type":"page","link":"https:\/\/wp.ufpel.edu.br\/labgeotec\/apresentacao\/","title":{"rendered":"Apresenta\u00e7\u00e3o"},"content":{"rendered":"<p style=\"text-indent: 36.05pt; line-height: 150%; margin: 6pt -0.3pt 0.0001pt 0.15pt; text-align: center;\"><span style=\"color: black;\">O Laborat\u00f3rio de Ensino em Geotecnologias Aplicadas \u00e0 Geografia <strong>(LABGeotec)<\/strong> est\u00e1 vinculado ao Departamento de Geografia, no Instituto de Ci\u00eancias Humanas\/UFPel. Este laborat\u00f3rio abrange o conjunto de atividades acad\u00eamicas (de Ensino, pesquisa e extens\u00e3o), dos cursos de Licenciatura e Bacharelado em Geografia. <\/span><\/p>\n","protected":false},"excerpt":{"rendered":"<p>O Laborat\u00f3rio de Ensino em Geotecnologias Aplicadas \u00e0 Geografia (LABGeotec) est\u00e1 vinculado ao Departamento de Geografia, no Instituto de Ci\u00eancias Humanas\/UFPel. Este laborat\u00f3rio abrange o conjunto de atividades acad\u00eamicas (de Ensino, pesquisa e extens\u00e3o), dos cursos de Licenciatura e Bacharelado em Geografia.<\/p>\n","protected":false},"author":969,"featured_media":0,"parent":0,"menu_order":0,"comment_status":"closed","ping_status":"closed","template":"","meta":{"footnotes":""},"class_list":["post-11","page","type-page","status-publish","hentry"],"jetpack_sharing_enabled":true,"publishpress_future_action":{"enabled":false,"date":"2026-05-15 23:05:46","action":"change-status","newStatus":"draft","terms":[],"taxonomy":"","extraData":[]},"publishpress_future_workflow_manual_trigger":{"enabledWorkflows":[]},"_links":{"self":[{"href":"https:\/\/wp.ufpel.edu.br\/labgeotec\/wp-json\/wp\/v2\/pages\/11","targetHints":{"allow":["GET"]}}],"collection":[{"href":"https:\/\/wp.ufpel.edu.br\/labgeotec\/wp-json\/wp\/v2\/pages"}],"about":[{"href":"https:\/\/wp.ufpel.edu.br\/labgeotec\/wp-json\/wp\/v2\/types\/page"}],"author":[{"embeddable":true,"href":"https:\/\/wp.ufpel.edu.br\/labgeotec\/wp-json\/wp\/v2\/users\/969"}],"replies":[{"embeddable":true,"href":"https:\/\/wp.ufpel.edu.br\/labgeotec\/wp-json\/wp\/v2\/comments?post=11"}],"version-history":[{"count":6,"href":"https:\/\/wp.ufpel.edu.br\/labgeotec\/wp-json\/wp\/v2\/pages\/11\/revisions"}],"predecessor-version":[{"id":276,"href":"https:\/\/wp.ufpel.edu.br\/labgeotec\/wp-json\/wp\/v2\/pages\/11\/revisions\/276"}],"wp:attachment":[{"href":"https:\/\/wp.ufpel.edu.br\/labgeotec\/wp-json\/wp\/v2\/media?parent=11"}],"curies":[{"name":"wp","href":"https:\/\/api.w.org\/{rel}","templated":true}]}}