{"id":8,"date":"2021-05-13T16:21:22","date_gmt":"2021-05-13T19:21:22","guid":{"rendered":"https:\/\/wp.ufpel.edu.br\/labgeo\/?page_id=8"},"modified":"2023-07-25T15:28:19","modified_gmt":"2023-07-25T18:28:19","slug":"integrantes","status":"publish","type":"page","link":"https:\/\/wp.ufpel.edu.br\/labgeo\/integrantes\/","title":{"rendered":"Integrantes"},"content":{"rendered":"<p>Juliana Pertille da Silva<\/p>\n<p>Ge\u00f3loga e Doutora em Geoci\u00eancias<\/p>\n<p>Coordenadora do Laborat\u00f3rio de do Grupo de Pesquisa Geoqu\u00edmica e Modelagem Hidrogeol\u00f3gica<\/p>\n<p>&nbsp;<\/p>\n<p>Ma. Paula Josyane Francisco<\/p>\n<p>Engenheira H\u00eddrica pela UFPel, Ma. Recursos H\u00eddricos e doutoranda pelo Programa de P\u00f3s-Gradua\u00e7\u00e3o em Recursos H\u00b4\u00eddricos<\/p>\n<p>Modelagem hidrogeol\u00f3gica, an\u00e1lise de dados e intelig\u00eancia artificial<\/p>\n<p>&nbsp;<\/p>\n<p>Me. Henrique Franz<\/p>\n<p>Engenheiro Ambiental pela UFPel, Me. Recursos H\u00eddricos e doutorando pelo Programa de P\u00f3s-Gradua\u00e7\u00e3o em Recursos H\u00eddricos<\/p>\n<p>Geoqu\u00edmica, modelagem hidrol\u00f3gica,\u00a0Modelagem hidrogeol\u00f3gica.<\/p>\n<p>&nbsp;<\/p>\n<p>Bruna B. Moura<\/p>\n<p>Engenheira H\u00eddrica pela UFPel e mestranda pelo Programa de P\u00f3s-Gradua\u00e7\u00e3o em Recursos H\u00eddricos<\/p>\n<p>Fragilidade ambiental de bacias\u00a0hidrogr\u00e1ficas e modelagem\u00a0hidrogeol\u00f3gica<\/p>\n<p>&nbsp;<\/p>\n<p>&nbsp;<\/p>\n<p>Daniel Sanhudo<\/p>\n<p>Gestor Ambiental pela UERGS e mestrando pelo PPGRH<\/p>\n<p>Desenvolvimento Regional Sustent\u00e1veis\u00a0\u00a0e geoqu\u00edmica de \u00e1guas subterr\u00e2neas<\/p>\n<p>&nbsp;<\/p>\n<p>&nbsp;<\/p>\n<p>Gustavo Schmidt Cabral<\/p>\n<p>Estudante de Engenharia Geol\u00f3gica e bolsista de Inicia\u00e7\u00e3o Tecnol\u00f3gica<\/p>\n<p>Hidrogeologia, an\u00e1lise de dados e intelig\u00eancia artificia<\/p>\n<p>&nbsp;<\/p>\n<p>&nbsp;<\/p>\n<p>&nbsp;<\/p>\n<p>&nbsp;<\/p>\n<p>&nbsp;<\/p>\n<p>&nbsp;<\/p>\n<p>&nbsp;<\/p>\n<p>&nbsp;<\/p>\n","protected":false},"excerpt":{"rendered":"<p>Juliana Pertille da Silva Ge\u00f3loga e Doutora em Geoci\u00eancias Coordenadora do Laborat\u00f3rio de do Grupo de Pesquisa Geoqu\u00edmica e Modelagem Hidrogeol\u00f3gica &nbsp; Ma. Paula Josyane Francisco Engenheira H\u00eddrica pela UFPel, Ma. Recursos H\u00eddricos e doutoranda pelo Programa de P\u00f3s-Gradua\u00e7\u00e3o em Recursos H\u00b4\u00eddricos Modelagem hidrogeol\u00f3gica, an\u00e1lise de dados e intelig\u00eancia artificial &nbsp; Me. Henrique Franz Engenheiro [&hellip;]<\/p>\n","protected":false},"author":1145,"featured_media":0,"parent":0,"menu_order":0,"comment_status":"closed","ping_status":"closed","template":"","meta":{"footnotes":""},"class_list":["post-8","page","type-page","status-publish","hentry"],"_links":{"self":[{"href":"https:\/\/wp.ufpel.edu.br\/labgeo\/wp-json\/wp\/v2\/pages\/8","targetHints":{"allow":["GET"]}}],"collection":[{"href":"https:\/\/wp.ufpel.edu.br\/labgeo\/wp-json\/wp\/v2\/pages"}],"about":[{"href":"https:\/\/wp.ufpel.edu.br\/labgeo\/wp-json\/wp\/v2\/types\/page"}],"author":[{"embeddable":true,"href":"https:\/\/wp.ufpel.edu.br\/labgeo\/wp-json\/wp\/v2\/users\/1145"}],"replies":[{"embeddable":true,"href":"https:\/\/wp.ufpel.edu.br\/labgeo\/wp-json\/wp\/v2\/comments?post=8"}],"version-history":[{"count":3,"href":"https:\/\/wp.ufpel.edu.br\/labgeo\/wp-json\/wp\/v2\/pages\/8\/revisions"}],"predecessor-version":[{"id":48,"href":"https:\/\/wp.ufpel.edu.br\/labgeo\/wp-json\/wp\/v2\/pages\/8\/revisions\/48"}],"wp:attachment":[{"href":"https:\/\/wp.ufpel.edu.br\/labgeo\/wp-json\/wp\/v2\/media?parent=8"}],"curies":[{"name":"wp","href":"https:\/\/api.w.org\/{rel}","templated":true}]}}