{"id":11,"date":"2021-05-13T16:22:41","date_gmt":"2021-05-13T19:22:41","guid":{"rendered":"https:\/\/wp.ufpel.edu.br\/labgeo\/?page_id=11"},"modified":"2023-07-25T15:30:52","modified_gmt":"2023-07-25T18:30:52","slug":"projetos-de-pesquisa","status":"publish","type":"page","link":"https:\/\/wp.ufpel.edu.br\/labgeo\/projetos-de-pesquisa\/","title":{"rendered":"Pesquisa"},"content":{"rendered":"<p>O Laborat\u00b4\u00f3rio de Geoci\u00eancias est\u00e1 localizado no curso de Engenharia H\u00eddrica do Centro de Desenvolvimento Tecnol\u00f3gico da UFPel e desenvolve atividades de ensino, pesquisa e extens\u00e3o em temas relacionados \u00e0 Geologia, Geologia Ambiental, Hidrogeologia e Gest\u00e3o de \u00c1guas Subterr\u00e2neas.<\/p>\n<p>&nbsp;<\/p>\n","protected":false},"excerpt":{"rendered":"<p>O Laborat\u00b4\u00f3rio de Geoci\u00eancias est\u00e1 localizado no curso de Engenharia H\u00eddrica do Centro de Desenvolvimento Tecnol\u00f3gico da UFPel e desenvolve atividades de ensino, pesquisa e extens\u00e3o em temas relacionados \u00e0 Geologia, Geologia Ambiental, Hidrogeologia e Gest\u00e3o de \u00c1guas Subterr\u00e2neas. &nbsp;<\/p>\n","protected":false},"author":1145,"featured_media":0,"parent":0,"menu_order":0,"comment_status":"closed","ping_status":"closed","template":"","meta":{"footnotes":""},"class_list":["post-11","page","type-page","status-publish","hentry"],"_links":{"self":[{"href":"https:\/\/wp.ufpel.edu.br\/labgeo\/wp-json\/wp\/v2\/pages\/11","targetHints":{"allow":["GET"]}}],"collection":[{"href":"https:\/\/wp.ufpel.edu.br\/labgeo\/wp-json\/wp\/v2\/pages"}],"about":[{"href":"https:\/\/wp.ufpel.edu.br\/labgeo\/wp-json\/wp\/v2\/types\/page"}],"author":[{"embeddable":true,"href":"https:\/\/wp.ufpel.edu.br\/labgeo\/wp-json\/wp\/v2\/users\/1145"}],"replies":[{"embeddable":true,"href":"https:\/\/wp.ufpel.edu.br\/labgeo\/wp-json\/wp\/v2\/comments?post=11"}],"version-history":[{"count":5,"href":"https:\/\/wp.ufpel.edu.br\/labgeo\/wp-json\/wp\/v2\/pages\/11\/revisions"}],"predecessor-version":[{"id":53,"href":"https:\/\/wp.ufpel.edu.br\/labgeo\/wp-json\/wp\/v2\/pages\/11\/revisions\/53"}],"wp:attachment":[{"href":"https:\/\/wp.ufpel.edu.br\/labgeo\/wp-json\/wp\/v2\/media?parent=11"}],"curies":[{"name":"wp","href":"https:\/\/api.w.org\/{rel}","templated":true}]}}