{"id":56,"date":"2021-05-28T20:15:14","date_gmt":"2021-05-28T23:15:14","guid":{"rendered":"https:\/\/wp.ufpel.edu.br\/labforma\/?page_id=56"},"modified":"2024-08-03T13:01:21","modified_gmt":"2024-08-03T16:01:21","slug":"publicacoes","status":"publish","type":"page","link":"https:\/\/wp.ufpel.edu.br\/labforma\/publicacoes\/","title":{"rendered":"Biblioteca"},"content":{"rendered":"<p><img loading=\"lazy\" decoding=\"async\" class=\"alignleft\" src=\"https:\/\/m.media-amazon.com\/images\/I\/91DKCVppr2L._AC_UF1000,1000_QL80_.jpg\" alt=\"O Papel do Ateli\u00ea na Educa\u00e7\u00e3o Infantil: A Inspira\u00e7\u00e3o de Reggio Emilia | Amazon.com.br\" width=\"260\" height=\"372\" \/><\/p>\n<p><span style=\"font-family: arial, helvetica, sans-serif; font-size: 12pt;\">GANDINI, Lella et al. <\/span><b style=\"font-family: arial, helvetica, sans-serif; font-size: 12pt; font-style: inherit;\">O papel do ateli\u00ea na educa\u00e7\u00e3o infantil: a inspira\u00e7\u00e3o de Reggio Emilia<\/b><span style=\"font-family: arial, helvetica, sans-serif; font-size: 12pt;\">. Penso Editora, 2019.<\/span><\/p>\n<p style=\"text-align: justify;\"><span style=\"font-family: arial, helvetica, sans-serif; font-size: 12pt;\"><a href=\"https:\/\/drive.google.com\/file\/d\/108iiH4BKVoREFEC_3a2pgSnlYoW-DTup\/view?usp=sharing\">Dispon\u00edvel aqui.<\/a><\/span><\/p>\n<p>&nbsp;<\/p>\n<p>&nbsp;<\/p>\n<p>&nbsp;<\/p>\n<p>&nbsp;<\/p>\n<p>&nbsp;<\/p>\n<p>&nbsp;<\/p>\n<p>&nbsp;<\/p>\n<p style=\"text-align: justify;\"><img loading=\"lazy\" decoding=\"async\" class=\"alignleft\" src=\"https:\/\/m.media-amazon.com\/images\/I\/61Ey-7tQsML._AC_UF1000,1000_QL80_.jpg\" alt=\"Rincones de actividad en la escuela infantil (0-6 a\u00f1os): 026 | Amazon.com.br\" width=\"258\" height=\"365\" \/><\/p>\n<p>&nbsp;<\/p>\n<p style=\"text-align: justify;\"><span style=\"font-family: arial, helvetica, sans-serif; font-size: 12pt;\">P\u00c9REZ, M. Jos\u00e9 Lagu\u00eda; ALTADILL, Cinta Vidal.\u00a0<b>Rincones de actividad en la escuela infantil (0-6 a\u00f1os)<\/b>. Grao, 2008. <\/span><\/p>\n<p style=\"text-align: justify;\"><a href=\"https:\/\/drive.google.com\/file\/d\/1se-KnS9Kal0llmNJEQArub2B2ptQA3BT\/view?usp=sharing\"><span style=\"font-family: arial, helvetica, sans-serif; font-size: 12pt;\">Dispon\u00edvel <\/span><\/a><a href=\"https:\/\/drive.google.com\/file\/d\/1se-KnS9Kal0llmNJEQArub2B2ptQA3BT\/view?usp=sharing\"><span style=\"font-family: arial, helvetica, sans-serif; font-size: 12pt;\">aqui.<\/span><\/a><\/p>\n<p>&nbsp;<\/p>\n<p>&nbsp;<\/p>\n<p>&nbsp;<\/p>\n<p>&nbsp;<\/p>\n<p>&nbsp;<\/p>\n<p>&nbsp;<\/p>\n<p style=\"text-align: justify;\"><img loading=\"lazy\" decoding=\"async\" class=\"alignleft\" src=\"https:\/\/m.media-amazon.com\/images\/I\/81-hV2MDP1L._AC_UF1000,1000_QL80_.jpg\" alt=\"Documenta\u00e7\u00e3o Pedag\u00f3gica e Avalia\u00e7\u00e3o na Educa\u00e7\u00e3o Infantil: Um Caminho para a Transforma\u00e7\u00e3o | Amazon.com.br\" width=\"257\" height=\"385\" \/><\/p>\n<p>&nbsp;<\/p>\n<p style=\"text-align: justify;\"><span style=\"font-family: arial, helvetica, sans-serif; font-size: 12pt;\">OLIVEIRA-FORMOSINHO, J\u00falia; PASCAL, Christine.\u00a0<b>Documenta\u00e7\u00e3o pedag\u00f3gica e avalia\u00e7\u00e3o na educa\u00e7\u00e3o infantil: um caminho para a transforma\u00e7\u00e3o<\/b>. Penso Editora, 2018.<\/span><\/p>\n<p><a href=\"https:\/\/drive.google.com\/file\/d\/1RQ7gU7NkWhpAUA8iyCoNuAF7JTpIuPMe\/view?usp=sharing\"><span style=\"font-family: arial, helvetica, sans-serif; font-size: 12pt;\">Dispon\u00edvel aqui.<\/span><\/a><\/p>\n<p>&nbsp;<\/p>\n<p>&nbsp;<\/p>\n<p>&nbsp;<\/p>\n<p>&nbsp;<\/p>\n<p>&nbsp;<\/p>\n<p>&nbsp;<\/p>\n<p><img loading=\"lazy\" decoding=\"async\" class=\"alignleft\" src=\"https:\/\/carrefourbr.vtexassets.com\/arquivos\/ids\/118300853\/8734e8c7ae06458ead28088efde43606.jpg?v=638217517423000000\" alt=\"Experi\u00eancias Formativas Com Mini-hist\u00f3rias - Carrefour\" width=\"255\" height=\"378\" \/><\/p>\n<p>&nbsp;<\/p>\n<p style=\"text-align: justify;\"><span style=\"font-family: arial, helvetica, sans-serif; font-size: 12pt;\">CONTE, Elaine; DOS SANTOS CARDOSO, Cristiele Borges.\u00a0<b>Experi\u00eancias formativas com mini-hist\u00f3rias: pesquisas contempor\u00e2neas<\/b>. Pimenta Cultural, 2022.<\/span><\/p>\n<p><a href=\"https:\/\/drive.google.com\/file\/d\/1SmxcPBg22dEj2VQEEPYn5lqC9_b10xuY\/view?usp=sharing\"><span style=\"font-family: arial, helvetica, sans-serif; font-size: 12pt;\">Dispon\u00edvel aqui.<\/span><\/a><\/p>\n<p>&nbsp;<\/p>\n<p>&nbsp;<\/p>\n<p>&nbsp;<\/p>\n<p>&nbsp;<\/p>\n<p>&nbsp;<\/p>\n<p>&nbsp;<\/p>\n<p style=\"text-align: justify;\"><img loading=\"lazy\" decoding=\"async\" class=\"alignleft\" src=\"https:\/\/m.media-amazon.com\/images\/I\/81OOafQQiFL._AC_UF1000,1000_QL80_.jpg\" alt=\"As Cem Linguagens em Mini-hist\u00f3rias: Contadas por Professores e Crian\u00e7as de Reggio Emilia | Amazon.com.br\" width=\"254\" height=\"364\" \/><\/p>\n<p>&nbsp;<\/p>\n<p style=\"text-align: justify;\"><span style=\"font-family: arial, helvetica, sans-serif; font-size: 12pt;\">CHILDREN, Reggio. <strong>As cem linguagens em mini-hist\u00f3rias: contadas por professores e alunos de Reggio Emilia.<\/strong> Escolas e creches da inf\u00e2ncia de Reggio Emilia. Porto Alegre: Penso, 2021.<\/span><\/p>\n<p><a href=\"https:\/\/drive.google.com\/file\/d\/1nYAAswKnt5-4UUDyu5Lvflrs4lRFcnpD\/view?usp=sharing\"><span style=\"font-family: arial, helvetica, sans-serif; font-size: 12pt;\">Dispon\u00edvel aqui.<\/span><\/a><\/p>\n<p>&nbsp;<\/p>\n<p>&nbsp;<\/p>\n<p>&nbsp;<\/p>\n<p>&nbsp;<\/p>\n<p>&nbsp;<\/p>\n<p><img loading=\"lazy\" decoding=\"async\" class=\"alignleft\" src=\"https:\/\/www.fundacaosantillana.org.br\/wp-content\/uploads\/2023\/03\/Territorios-Vol-2-420x608.jpg.webp\" width=\"253\" height=\"367\" \/><\/p>\n<p><span style=\"font-family: arial, helvetica, sans-serif; font-size: 12pt;\">SINGER, Helena et al. Territ\u00f3rios educativos: experi\u00eancias em di\u00e1logo com o Bairro-Escola.\u00a0<b>S\u00e3o Paulo: Moderna<\/b>, v. 2, 2015.<\/span><\/p>\n<p><a href=\"https:\/\/drive.google.com\/file\/d\/1THVn4VgxVbpFAj3aftLLgaseBCBcNW3a\/view?usp=sharing\"><span style=\"font-family: arial, helvetica, sans-serif; font-size: 12pt;\">Dispon\u00edvel aqui.<\/span><\/a><\/p>\n","protected":false},"excerpt":{"rendered":"<p>GANDINI, Lella et al. O papel do ateli\u00ea na educa\u00e7\u00e3o infantil: a inspira\u00e7\u00e3o de Reggio Emilia. Penso Editora, 2019. Dispon\u00edvel aqui. &nbsp; &nbsp; &nbsp; &nbsp; &nbsp; &nbsp; &nbsp; &nbsp; P\u00c9REZ, M. Jos\u00e9 Lagu\u00eda; ALTADILL, Cinta Vidal.\u00a0Rincones de actividad en la escuela infantil (0-6 a\u00f1os). Grao, 2008. Dispon\u00edvel aqui. &nbsp; &nbsp; &nbsp; &nbsp; &nbsp; &nbsp; &nbsp;&hellip;<\/p>\n","protected":false},"author":1155,"featured_media":0,"parent":0,"menu_order":0,"comment_status":"closed","ping_status":"closed","template":"","meta":{"footnotes":""},"class_list":["post-56","page","type-page","status-publish","hentry"],"_links":{"self":[{"href":"https:\/\/wp.ufpel.edu.br\/labforma\/wp-json\/wp\/v2\/pages\/56","targetHints":{"allow":["GET"]}}],"collection":[{"href":"https:\/\/wp.ufpel.edu.br\/labforma\/wp-json\/wp\/v2\/pages"}],"about":[{"href":"https:\/\/wp.ufpel.edu.br\/labforma\/wp-json\/wp\/v2\/types\/page"}],"author":[{"embeddable":true,"href":"https:\/\/wp.ufpel.edu.br\/labforma\/wp-json\/wp\/v2\/users\/1155"}],"replies":[{"embeddable":true,"href":"https:\/\/wp.ufpel.edu.br\/labforma\/wp-json\/wp\/v2\/comments?post=56"}],"version-history":[{"count":7,"href":"https:\/\/wp.ufpel.edu.br\/labforma\/wp-json\/wp\/v2\/pages\/56\/revisions"}],"predecessor-version":[{"id":329,"href":"https:\/\/wp.ufpel.edu.br\/labforma\/wp-json\/wp\/v2\/pages\/56\/revisions\/329"}],"wp:attachment":[{"href":"https:\/\/wp.ufpel.edu.br\/labforma\/wp-json\/wp\/v2\/media?parent=56"}],"curies":[{"name":"wp","href":"https:\/\/api.w.org\/{rel}","templated":true}]}}