{"id":21,"date":"2021-05-28T18:07:35","date_gmt":"2021-05-28T21:07:35","guid":{"rendered":"https:\/\/wp.ufpel.edu.br\/labforma\/?page_id=21"},"modified":"2025-09-03T11:57:36","modified_gmt":"2025-09-03T14:57:36","slug":"noticias","status":"publish","type":"page","link":"https:\/\/wp.ufpel.edu.br\/labforma\/noticias\/","title":{"rendered":"Not\u00edcias"},"content":{"rendered":"<p style=\"text-align: justify;\"><img loading=\"lazy\" decoding=\"async\" class=\"size-medium wp-image-581 alignleft\" src=\"https:\/\/wp.ufpel.edu.br\/labforma\/files\/2025\/09\/Screenshot_6-398x400.png\" alt=\"\" width=\"398\" height=\"400\" srcset=\"https:\/\/wp.ufpel.edu.br\/labforma\/files\/2025\/09\/Screenshot_6-398x400.png 398w, https:\/\/wp.ufpel.edu.br\/labforma\/files\/2025\/09\/Screenshot_6-200x200.png 200w, https:\/\/wp.ufpel.edu.br\/labforma\/files\/2025\/09\/Screenshot_6-768x772.png 768w, https:\/\/wp.ufpel.edu.br\/labforma\/files\/2025\/09\/Screenshot_6-50x50.png 50w, https:\/\/wp.ufpel.edu.br\/labforma\/files\/2025\/09\/Screenshot_6.png 858w\" sizes=\"auto, (max-width: 398px) 100vw, 398px\" \/><strong><span style=\"font-family: arial, helvetica, sans-serif;\">\ud83d\udccd<span style=\"font-size: 12pt;\">Oportunidade de participa\u00e7\u00e3o em um projeto de pesquisa.<\/span><\/span><\/strong><\/p>\n<p><span style=\"font-family: arial, helvetica, sans-serif; font-size: 12pt;\">\u27a1\ufe0f O projeto se chama &#8220;Documentos de Reconhecimento Docente: experi\u00eancias formativas e materialidades pedag\u00f3gicas na Educa\u00e7\u00e3o Infantil&#8221; e tem como foco investigar os processos de forma\u00e7\u00e3o de professores e professoras da Educa\u00e7\u00e3o Infantil, com aten\u00e7\u00e3o especial \u00e0s experi\u00eancias de reconhecimento que atravessam suas trajet\u00f3rias formativas e pr\u00e1ticas pedag\u00f3gicas.<\/span><\/p>\n<p><span style=\"font-family: arial, helvetica, sans-serif; font-size: 12pt;\">\u2705 Ficou interessado? Envia pra gente uma carta memorial contando um pouco sobre voc\u00ea, seu interesse no projeto e seu hist\u00f3rico acad\u00eamico.<\/span><\/p>\n<p><strong><span style=\"font-family: arial, helvetica, sans-serif; font-size: 12pt;\">\ud83d\udcc5 Inscri\u00e7\u00f5es at\u00e9 o dia 12\/07\/2025, pelo e-mail labforma.ufpel@gmail.com<\/span><\/strong><\/p>\n<p><span style=\"font-family: arial, helvetica, sans-serif; font-size: 12pt;\">\u26a0\ufe0f Para participar da sele\u00e7\u00e3o de bolsista de inicia\u00e7\u00e3o cient\u00edfica, os interessados precisam estar regularmente matriculados em um curso de gradua\u00e7\u00e3o na UFPel.<\/span><\/p>\n<p><span style=\"font-family: arial, helvetica, sans-serif; font-size: 12pt;\">\u27a1\ufe0f A bolsa da FAPERGS tem o valor mensal de R$700 e exige que os bolsistas tenham conta corrente no Banrisul.<\/span><\/p>\n<hr \/>\n<p style=\"text-align: justify;\"><span style=\"font-size: 12pt; font-family: arial, helvetica, sans-serif;\"><strong>Resultado final da segunda etapa para participa\u00e7\u00e3o do curso de atualiza\u00e7\u00e3o: Pedagogias Participativas em A\u00e7\u00e3o<\/strong><\/span><\/p>\n<p style=\"text-align: justify;\"><span style=\"font-size: 12pt; font-family: arial, helvetica, sans-serif;\">O Grupo de Pesquisa Laborat\u00f3rio de Forma\u00e7\u00e3o e Estudos da Inf\u00e2ncia (LabForma), da Universidade Federal de Pelotas (UFPel\/CNPq), vem a p\u00fablico divulgar o <a href=\"https:\/\/wp.ufpel.edu.br\/labforma\/files\/2021\/11\/Resultado-segunda-etapa.pdf\">Resultado segunda etapa<\/a> para participa\u00e7\u00e3o do curso de atualiza\u00e7\u00e3o: Pedagogias Participativas em A\u00e7\u00e3o.<\/span><\/p>\n<hr \/>\n<p style=\"text-align: justify;\"><strong><span style=\"font-size: 12pt; font-family: arial, helvetica, sans-serif;\">Resultado final da primeira etapa de sele\u00e7\u00e3o para participa\u00e7\u00e3o do curso de atualiza\u00e7\u00e3o: Pedagogias Participativas em A\u00e7\u00e3o<\/span><\/strong><\/p>\n<p style=\"text-align: justify;\"><span style=\"font-size: 12pt;\"><span style=\"font-weight: 400;\">O <\/span><span style=\"font-weight: 400;\">Grupo de Pesquisa Laborat\u00f3rio de Forma\u00e7\u00e3o e Estudos da Inf\u00e2ncia (LabForma), da Universidade Federal de Pelotas (UFPel\/CNPq),<\/span><\/span><span style=\"font-weight: 400;\"><span style=\"font-size: 12pt;\"> vem a p\u00fablico divulgar o <a href=\"https:\/\/wp.ufpel.edu.br\/labforma\/files\/2021\/10\/Resultado-primeira-etapa.pdf\">Resultado primeira etapa<\/a><\/span><\/span><\/p>\n<hr \/>\n<p><img loading=\"lazy\" decoding=\"async\" class=\"size-medium wp-image-419 alignleft\" src=\"https:\/\/wp.ufpel.edu.br\/labforma\/files\/2021\/08\/Screenshot_13-400x377.png\" alt=\"\" width=\"400\" height=\"377\" srcset=\"https:\/\/wp.ufpel.edu.br\/labforma\/files\/2021\/08\/Screenshot_13-400x377.png 400w, https:\/\/wp.ufpel.edu.br\/labforma\/files\/2021\/08\/Screenshot_13.png 479w\" sizes=\"auto, (max-width: 400px) 100vw, 400px\" \/><\/p>\n<p style=\"text-align: justify;\"><span style=\"font-family: arial, helvetica, sans-serif; font-size: 12pt;\"><span style=\"font-weight: 400;\">O <\/span><span style=\"font-weight: 400;\">Grupo de Pesquisa Laborat\u00f3rio de Forma\u00e7\u00e3o e Estudos da Inf\u00e2ncia (LabForma), da Universidade Federal de Pelotas (UFPel\/CNPq)<\/span><span style=\"font-weight: 400;\"> torna p\u00fablico, para conhecimento dos interessados, o processo de sele\u00e7\u00e3o de escolas municipais de Educa\u00e7\u00e3o Infantil para participa\u00e7\u00e3o no Curso de Atualiza\u00e7\u00e3o: Pedagogias em A\u00e7\u00e3o, uma a\u00e7\u00e3o do Projeto Unificado Pedagogia da Presen\u00e7a: redes de desenvolvimento humano em tempos de pandemia.<\/span><\/span><\/p>\n<p style=\"text-align: justify;\"><span style=\"font-family: arial, helvetica, sans-serif; font-size: 12pt;\"><a href=\"https:\/\/wp.ufpel.edu.br\/labforma\/files\/2021\/08\/Edital-de-publicacao-Pedagogias-Participativas-em-Acao-1.pdf\">Edital interno 2021\/2<\/a><\/span><\/p>\n<p style=\"text-align: justify;\"><span style=\"font-family: arial, helvetica, sans-serif; font-size: 12pt;\">As inscri\u00e7\u00f5es estar\u00e3o abertas at\u00e9 11 de setembro de\u00a02021 e devem ser realizadas exclusivamente mediante o preenchimento do formul\u00e1rio: <a href=\"https:\/\/forms.gle\/SrVKAgbKwjckVLGZ9\">Formul\u00e1rio de inscri\u00e7\u00e3o &#8211; Curso de atualiza\u00e7\u00e3o: Pedagogias em A\u00e7\u00e3o<\/a><\/span><\/p>\n","protected":false},"excerpt":{"rendered":"<p>\ud83d\udccdOportunidade de participa\u00e7\u00e3o em um projeto de pesquisa. \u27a1\ufe0f O projeto se chama &#8220;Documentos de Reconhecimento Docente: experi\u00eancias formativas e materialidades pedag\u00f3gicas na Educa\u00e7\u00e3o Infantil&#8221; e tem como foco investigar os processos de forma\u00e7\u00e3o de professores e professoras da Educa\u00e7\u00e3o Infantil, com aten\u00e7\u00e3o especial \u00e0s experi\u00eancias de reconhecimento que atravessam suas trajet\u00f3rias formativas e pr\u00e1ticas&hellip;<\/p>\n","protected":false},"author":1155,"featured_media":0,"parent":0,"menu_order":0,"comment_status":"closed","ping_status":"closed","template":"","meta":{"footnotes":""},"class_list":["post-21","page","type-page","status-publish","hentry"],"_links":{"self":[{"href":"https:\/\/wp.ufpel.edu.br\/labforma\/wp-json\/wp\/v2\/pages\/21","targetHints":{"allow":["GET"]}}],"collection":[{"href":"https:\/\/wp.ufpel.edu.br\/labforma\/wp-json\/wp\/v2\/pages"}],"about":[{"href":"https:\/\/wp.ufpel.edu.br\/labforma\/wp-json\/wp\/v2\/types\/page"}],"author":[{"embeddable":true,"href":"https:\/\/wp.ufpel.edu.br\/labforma\/wp-json\/wp\/v2\/users\/1155"}],"replies":[{"embeddable":true,"href":"https:\/\/wp.ufpel.edu.br\/labforma\/wp-json\/wp\/v2\/comments?post=21"}],"version-history":[{"count":4,"href":"https:\/\/wp.ufpel.edu.br\/labforma\/wp-json\/wp\/v2\/pages\/21\/revisions"}],"predecessor-version":[{"id":582,"href":"https:\/\/wp.ufpel.edu.br\/labforma\/wp-json\/wp\/v2\/pages\/21\/revisions\/582"}],"wp:attachment":[{"href":"https:\/\/wp.ufpel.edu.br\/labforma\/wp-json\/wp\/v2\/media?parent=21"}],"curies":[{"name":"wp","href":"https:\/\/api.w.org\/{rel}","templated":true}]}}