{"id":2,"date":"2021-05-27T23:48:26","date_gmt":"2021-05-28T02:48:26","guid":{"rendered":"https:\/\/wp.ufpel.edu.br\/labforma\/?page_id=2"},"modified":"2026-03-27T09:23:26","modified_gmt":"2026-03-27T12:23:26","slug":"sobreogrupo","status":"publish","type":"page","link":"https:\/\/wp.ufpel.edu.br\/labforma\/sobreogrupo\/","title":{"rendered":"O grupo"},"content":{"rendered":"<p style=\"text-align: justify;\"><span style=\"font-family: arial, helvetica, sans-serif; font-size: 12pt;\"><strong>SOBRE O LABFORMA<\/strong><\/span><\/p>\n<p style=\"text-align: justify;\"><span style=\"font-weight: 400; font-family: arial, helvetica, sans-serif; font-size: 12pt;\">O Laborat\u00f3rio de forma\u00e7\u00e3o docente e reconhecimento das inf\u00e2ncias, ou LabForma, \u00e9 um grupo de pesquisa vinculado ao CNPq e \u00e0 Universidade Federal de Pelotas. Liderado pela prof\u00aa Dr\u00aa Maiane Liana Hatschbach Ourique, o grupo \u00e9 integrado por alunos da gradua\u00e7\u00e3o, especializa\u00e7\u00e3o, mestrado, doutorado, professoras da rede municipal e privada de Pelotas, professoras do ensino superior e estudantes de outras universidades.<\/span><\/p>\n<p style=\"text-align: justify;\"><span style=\"font-family: arial, helvetica, sans-serif; font-size: 12pt;\"><strong>LINHAS DE PESQUISA<\/strong><\/span><\/p>\n<p style=\"text-align: justify;\"><span style=\"font-weight: 400; font-family: arial, helvetica, sans-serif; font-size: 12pt;\">Os trabalhos desenvolvidos, as a\u00e7\u00f5es de ensino, de pesquisa e de extens\u00e3o realizados pelo LabForma refletem as tr\u00eas grandes linhas de pesquisa que orientam o grupo:\u00a0<\/span><\/p>\n<ul style=\"text-align: justify;\">\n<li><span style=\"font-family: arial, helvetica, sans-serif; font-size: 12pt;\">A forma\u00e7\u00e3o docente e o lugar da Inf\u00e2ncia: imagens e autoimagens;<\/span><\/li>\n<li><span style=\"font-family: arial, helvetica, sans-serif; font-size: 12pt;\">Educa\u00e7\u00e3o Infantil, Escola, Crian\u00e7as;<\/span><\/li>\n<li><span style=\"font-family: arial, helvetica, sans-serif; font-size: 12pt;\">Reconhecimento, Injusti\u00e7as, Tecnologias na Educa\u00e7\u00e3o.<\/span><\/li>\n<\/ul>\n<hr \/>\n<p style=\"text-align: justify;\"><span style=\"font-family: arial, helvetica, sans-serif; font-size: 12pt;\"><strong>A LOGO DO GRUPO<\/strong><\/span><\/p>\n<p style=\"text-align: justify;\"><span style=\"font-weight: 400; font-family: arial, helvetica, sans-serif; font-size: 12pt;\">O Dente-de-le\u00e3o, planta que inspirou a logo do grupo, representa a Esperan\u00e7a, a Inf\u00e2ncia, o Desprendimento e a Viagem. Muito ligado \u00e0 liberdade e a emo\u00e7\u00e3o, a planta tamb\u00e9m \u00e9 s\u00edmbolo dos desejos, que se desprendem e se espalham pelo mundo atrav\u00e9s do sopro e do vento, representando a sensibilidade e os sonhos da inf\u00e2ncia, conectando-se tamb\u00e9m com o desejo do LabForma, de espalhar com delicadeza, beleza e simplicidade as potentes mensagens que carregam a educa\u00e7\u00e3o.<\/span><\/p>\n<p style=\"text-align: justify;\"><span style=\"font-family: arial, helvetica, sans-serif; font-size: 12pt;\"><img loading=\"lazy\" decoding=\"async\" class=\"size-medium wp-image-517 aligncenter\" src=\"https:\/\/wp.ufpel.edu.br\/labforma\/files\/2024\/09\/2-400x358.png\" alt=\"\" width=\"400\" height=\"358\" srcset=\"https:\/\/wp.ufpel.edu.br\/labforma\/files\/2024\/09\/2-400x358.png 400w, https:\/\/wp.ufpel.edu.br\/labforma\/files\/2024\/09\/2.png 500w\" sizes=\"auto, (max-width: 400px) 100vw, 400px\" \/><\/span><\/p>\n<hr \/>\n<p><strong><span style=\"font-family: arial, helvetica, sans-serif; font-size: 12pt;\">E-MAIL PARA CONTATO<\/span><\/strong><\/p>\n<p><span style=\"font-family: arial, helvetica, sans-serif; font-size: 12pt;\">labforma.ufpel@gmail.com<\/span><\/p>\n<hr \/>\n<p><span style=\"font-family: arial, helvetica, sans-serif; font-size: 12pt;\"><strong>DIRET\u00d3RIO DE GRUPOS DE PESQUISA &#8211; Plataforma Lattes &#8211; CNPq<\/strong><\/span><\/p>\n<p><a href=\"http:\/\/dgp.cnpq.br\/dgp\/espelhogrupo\/809584\"><span style=\"font-family: arial, helvetica, sans-serif; font-size: 12pt;\">http:\/\/dgp.cnpq.br\/dgp\/espelhogrupo\/809584<\/span><\/a><\/p>\n<hr \/>\n<p style=\"text-align: justify;\"><span style=\"font-family: arial, helvetica, sans-serif; font-size: 12pt;\"><strong>INTEGRANTES DO LABFORMA<\/strong><\/span><\/p>\n<p style=\"text-align: justify;\"><strong><span style=\"font-family: arial, helvetica, sans-serif; font-size: 12pt;\">\u21d2\u00a0Orientadoras:<\/span><\/strong><\/p>\n<p style=\"text-align: justify;\"><img loading=\"lazy\" decoding=\"async\" class=\"wp-image-587 alignleft\" src=\"https:\/\/wp.ufpel.edu.br\/labforma\/files\/2025\/10\/servletrecuperafoto-2-341x400.jpg\" alt=\"\" width=\"127\" height=\"149\" srcset=\"https:\/\/wp.ufpel.edu.br\/labforma\/files\/2025\/10\/servletrecuperafoto-2-341x400.jpg 341w, https:\/\/wp.ufpel.edu.br\/labforma\/files\/2025\/10\/servletrecuperafoto-2.jpg 682w\" sizes=\"auto, (max-width: 127px) 100vw, 127px\" \/><\/p>\n<p>&nbsp;<\/p>\n<p style=\"text-align: justify;\"><span style=\"font-family: arial, helvetica, sans-serif; font-size: 12pt;\">Maiane Liana Hatschbach Ourique<\/span><\/p>\n<p style=\"text-align: justify;\"><span style=\"font-family: arial, helvetica, sans-serif; font-size: 12pt;\">Lattes: <a href=\"http:\/\/lattes.cnpq.br\/3241620845064515\">http:\/\/lattes.cnpq.br\/3241620845064515<\/a><\/span><\/p>\n<p>&nbsp;<\/p>\n<p>&nbsp;<\/p>\n<p style=\"text-align: justify;\"><img loading=\"lazy\" decoding=\"async\" class=\" wp-image-520 alignleft\" src=\"https:\/\/wp.ufpel.edu.br\/labforma\/files\/2024\/09\/servletrecuperafoto-1-354x400.jpg\" alt=\"\" width=\"124\" height=\"140\" srcset=\"https:\/\/wp.ufpel.edu.br\/labforma\/files\/2024\/09\/servletrecuperafoto-1-354x400.jpg 354w, https:\/\/wp.ufpel.edu.br\/labforma\/files\/2024\/09\/servletrecuperafoto-1.jpg 719w\" sizes=\"auto, (max-width: 124px) 100vw, 124px\" \/><\/p>\n<p>&nbsp;<\/p>\n<p style=\"text-align: justify;\"><span style=\"font-family: arial, helvetica, sans-serif; font-size: 12pt;\">Elisa dos Santos Vanti<\/span><\/p>\n<p style=\"text-align: justify;\"><span style=\"font-family: arial, helvetica, sans-serif; font-size: 12pt;\">Lattes: <a href=\"http:\/\/lattes.cnpq.br\/1814729352827890\">http:\/\/lattes.cnpq.br\/1814729352827890<\/a><\/span><\/p>\n<p>&nbsp;<\/p>\n<p>&nbsp;<\/p>\n<p style=\"text-align: justify;\"><strong><span style=\"font-family: arial, helvetica, sans-serif; font-size: 12pt;\">\u21d2 Orientandos:<\/span><\/strong><\/p>\n<p style=\"text-align: justify;\"><img loading=\"lazy\" decoding=\"async\" class=\" wp-image-521 alignleft\" src=\"https:\/\/wp.ufpel.edu.br\/labforma\/files\/2024\/09\/servletrecuperafoto-2-360x400.jpg\" alt=\"\" width=\"124\" height=\"138\" srcset=\"https:\/\/wp.ufpel.edu.br\/labforma\/files\/2024\/09\/servletrecuperafoto-2-360x400.jpg 360w, https:\/\/wp.ufpel.edu.br\/labforma\/files\/2024\/09\/servletrecuperafoto-2.jpg 755w\" sizes=\"auto, (max-width: 124px) 100vw, 124px\" \/><\/p>\n<p>&nbsp;<\/p>\n<p style=\"text-align: justify;\"><span style=\"font-family: arial, helvetica, sans-serif; font-size: 12pt;\">Alessandra Londero Almeida<\/span><\/p>\n<p style=\"text-align: justify;\"><span style=\"font-family: arial, helvetica, sans-serif; font-size: 12pt;\">Lattes: <a href=\"http:\/\/lattes.cnpq.br\/1427796749876555\">http:\/\/lattes.cnpq.br\/1427796749876555<\/a><\/span><\/p>\n<p>&nbsp;<\/p>\n<p><img loading=\"lazy\" decoding=\"async\" class=\"alignleft\" src=\"http:\/\/servicosweb.cnpq.br\/wspessoa\/servletrecuperafoto?tipo=1&amp;id=K1520679Z3\" width=\"136\" height=\"136\" \/><\/p>\n<p>&nbsp;<\/p>\n<p><span style=\"font-family: arial, helvetica, sans-serif; font-size: 12pt;\">Aline Munh\u00f3z Red\u00fc <\/span><\/p>\n<p><span style=\"font-family: arial, helvetica, sans-serif; font-size: 12pt;\">Lattes: <a href=\"http:\/\/lattes.cnpq.br\/4526215425347581\">http:\/\/lattes.cnpq.br\/4526215425347581<\/a><\/span><\/p>\n<p>&nbsp;<\/p>\n<p><img loading=\"lazy\" decoding=\"async\" class=\"wp-image-522 alignleft\" src=\"https:\/\/wp.ufpel.edu.br\/labforma\/files\/2024\/09\/servletrecuperafoto-4-400x292.jpg\" alt=\"\" width=\"162\" height=\"118\" srcset=\"https:\/\/wp.ufpel.edu.br\/labforma\/files\/2024\/09\/servletrecuperafoto-4-400x292.jpg 400w, https:\/\/wp.ufpel.edu.br\/labforma\/files\/2024\/09\/servletrecuperafoto-4-1024x747.jpg 1024w, https:\/\/wp.ufpel.edu.br\/labforma\/files\/2024\/09\/servletrecuperafoto-4-768x560.jpg 768w, https:\/\/wp.ufpel.edu.br\/labforma\/files\/2024\/09\/servletrecuperafoto-4-1536x1120.jpg 1536w, https:\/\/wp.ufpel.edu.br\/labforma\/files\/2024\/09\/servletrecuperafoto-4-2048x1493.jpg 2048w\" sizes=\"auto, (max-width: 162px) 100vw, 162px\" \/><\/p>\n<p>&nbsp;<\/p>\n<p><span style=\"font-family: arial, helvetica, sans-serif; font-size: 12pt;\">Erika Leite Cardoso <\/span><\/p>\n<p><span style=\"font-family: arial, helvetica, sans-serif; font-size: 12pt;\">Lattes: <a href=\"http:\/\/lattes.cnpq.br\/2209505201468817\">http:\/\/lattes.cnpq.br\/2209505201468817\u00a0<\/a><\/span><\/p>\n<p>&nbsp;<\/p>\n<p><img loading=\"lazy\" decoding=\"async\" class=\"wp-image-583 alignleft\" src=\"https:\/\/wp.ufpel.edu.br\/labforma\/files\/2025\/10\/servletrecuperafoto-299x400.jpg\" alt=\"\" width=\"127\" height=\"170\" srcset=\"https:\/\/wp.ufpel.edu.br\/labforma\/files\/2025\/10\/servletrecuperafoto-299x400.jpg 299w, https:\/\/wp.ufpel.edu.br\/labforma\/files\/2025\/10\/servletrecuperafoto-765x1024.jpg 765w, https:\/\/wp.ufpel.edu.br\/labforma\/files\/2025\/10\/servletrecuperafoto-768x1028.jpg 768w, https:\/\/wp.ufpel.edu.br\/labforma\/files\/2025\/10\/servletrecuperafoto.jpg 911w\" sizes=\"auto, (max-width: 127px) 100vw, 127px\" \/><\/p>\n<p>&nbsp;<\/p>\n<p><span style=\"font-family: arial, helvetica, sans-serif; font-size: 12pt;\">Fabiane e Silva da Silva<\/span><\/p>\n<p><span style=\"font-family: arial, helvetica, sans-serif; font-size: 12pt;\">Lattes: <a href=\"http:\/\/lattes.cnpq.br\/9811992556467738\">http:\/\/lattes.cnpq.br\/9811992556467738<\/a><\/span><\/p>\n<p>&nbsp;<\/p>\n<p>&nbsp;<\/p>\n<p><img loading=\"lazy\" decoding=\"async\" class=\"wp-image-584 alignleft\" src=\"https:\/\/wp.ufpel.edu.br\/labforma\/files\/2025\/10\/servletrecuperafoto-1.jpg\" alt=\"\" width=\"128\" height=\"165\" \/><\/p>\n<p>&nbsp;<\/p>\n<p><span style=\"font-family: arial, helvetica, sans-serif; font-size: 12pt;\">Helbia Reis FernandesHelbia Reis Fernandes<\/span><\/p>\n<p><span style=\"font-family: arial, helvetica, sans-serif; font-size: 12pt;\">Lattes: <a href=\"http:\/\/lattes.cnpq.br\/0601433897127667\">http:\/\/lattes.cnpq.br\/0601433897127667<\/a><\/span><\/p>\n<p>&nbsp;<\/p>\n<p>&nbsp;<\/p>\n<p style=\"text-align: justify;\"><img loading=\"lazy\" decoding=\"async\" class=\" wp-image-523 alignleft\" src=\"https:\/\/wp.ufpel.edu.br\/labforma\/files\/2024\/09\/servletrecuperafoto-5-300x400.jpg\" alt=\"\" width=\"127\" height=\"169\" srcset=\"https:\/\/wp.ufpel.edu.br\/labforma\/files\/2024\/09\/servletrecuperafoto-5-300x400.jpg 300w, https:\/\/wp.ufpel.edu.br\/labforma\/files\/2024\/09\/servletrecuperafoto-5-768x1024.jpg 768w, https:\/\/wp.ufpel.edu.br\/labforma\/files\/2024\/09\/servletrecuperafoto-5.jpg 960w\" sizes=\"auto, (max-width: 127px) 100vw, 127px\" \/><\/p>\n<p>&nbsp;<\/p>\n<p style=\"text-align: justify;\"><span style=\"font-family: arial, helvetica, sans-serif; font-size: 12pt;\">Juliana Marques de Farias<\/span><\/p>\n<p style=\"text-align: justify;\"><span style=\"font-family: arial, helvetica, sans-serif; font-size: 12pt;\">Lattes: <a href=\"http:\/\/lattes.cnpq.br\/6048577126428268\">http:\/\/lattes.cnpq.br\/6048577126428268<\/a><\/span><\/p>\n<p>&nbsp;<\/p>\n<p>&nbsp;<\/p>\n<p style=\"text-align: justify;\"><img loading=\"lazy\" decoding=\"async\" class=\" wp-image-524 alignleft\" src=\"https:\/\/wp.ufpel.edu.br\/labforma\/files\/2024\/09\/servletrecuperafoto-7-275x400.jpg\" alt=\"\" width=\"127\" height=\"185\" srcset=\"https:\/\/wp.ufpel.edu.br\/labforma\/files\/2024\/09\/servletrecuperafoto-7-275x400.jpg 275w, https:\/\/wp.ufpel.edu.br\/labforma\/files\/2024\/09\/servletrecuperafoto-7-703x1024.jpg 703w, https:\/\/wp.ufpel.edu.br\/labforma\/files\/2024\/09\/servletrecuperafoto-7-768x1118.jpg 768w, https:\/\/wp.ufpel.edu.br\/labforma\/files\/2024\/09\/servletrecuperafoto-7-1055x1536.jpg 1055w, https:\/\/wp.ufpel.edu.br\/labforma\/files\/2024\/09\/servletrecuperafoto-7-1407x2048.jpg 1407w, https:\/\/wp.ufpel.edu.br\/labforma\/files\/2024\/09\/servletrecuperafoto-7-scaled.jpg 1758w\" sizes=\"auto, (max-width: 127px) 100vw, 127px\" \/><\/p>\n<p>&nbsp;<\/p>\n<p style=\"text-align: justify;\"><span style=\"font-family: arial, helvetica, sans-serif; font-size: 12pt;\">Lais da Rosa Pedrozo<\/span><\/p>\n<p style=\"text-align: justify;\"><span style=\"font-family: arial, helvetica, sans-serif; font-size: 12pt;\">Lattes: <a href=\"http:\/\/lattes.cnpq.br\/0316261112576380\">http:\/\/lattes.cnpq.br\/0316261112576380<\/a><\/span><\/p>\n<p>&nbsp;<\/p>\n<p>&nbsp;<\/p>\n<p><img loading=\"lazy\" decoding=\"async\" class=\" wp-image-525 alignleft\" src=\"https:\/\/wp.ufpel.edu.br\/labforma\/files\/2024\/09\/servletrecuperafoto-8-400x371.jpg\" alt=\"\" width=\"139\" height=\"129\" srcset=\"https:\/\/wp.ufpel.edu.br\/labforma\/files\/2024\/09\/servletrecuperafoto-8-400x371.jpg 400w, https:\/\/wp.ufpel.edu.br\/labforma\/files\/2024\/09\/servletrecuperafoto-8.jpg 402w\" sizes=\"auto, (max-width: 139px) 100vw, 139px\" \/><\/p>\n<p>&nbsp;<\/p>\n<p><span style=\"font-family: arial, helvetica, sans-serif; font-size: 12pt;\">Larissa dos Santos Nunes <\/span><\/p>\n<p><span style=\"font-family: arial, helvetica, sans-serif; font-size: 12pt;\">Lattes: <a href=\"http:\/\/lattes.cnpq.br\/7101479085320223\">http:\/\/lattes.cnpq.br\/7101479085320223<\/a><\/span><\/p>\n<p>&nbsp;<\/p>\n<p><img loading=\"lazy\" decoding=\"async\" class=\" wp-image-528 alignleft\" src=\"https:\/\/wp.ufpel.edu.br\/labforma\/files\/2024\/09\/servletrecuperafoto-11-400x400.jpg\" alt=\"\" width=\"142\" height=\"142\" srcset=\"https:\/\/wp.ufpel.edu.br\/labforma\/files\/2024\/09\/servletrecuperafoto-11-400x400.jpg 400w, https:\/\/wp.ufpel.edu.br\/labforma\/files\/2024\/09\/servletrecuperafoto-11-200x200.jpg 200w, https:\/\/wp.ufpel.edu.br\/labforma\/files\/2024\/09\/servletrecuperafoto-11-50x50.jpg 50w, https:\/\/wp.ufpel.edu.br\/labforma\/files\/2024\/09\/servletrecuperafoto-11.jpg 540w\" sizes=\"auto, (max-width: 142px) 100vw, 142px\" \/><\/p>\n<p>&nbsp;<\/p>\n<p><span style=\"font-family: arial, helvetica, sans-serif; font-size: 12pt;\">Mogar Damasceno Miranda <\/span><\/p>\n<p><span style=\"font-family: arial, helvetica, sans-serif; font-size: 12pt;\">Lattes: <a href=\"http:\/\/lattes.cnpq.br\/9311306499578348\">http:\/\/lattes.cnpq.br\/9311306499578348<\/a><\/span><\/p>\n<p>&nbsp;<\/p>\n<p><img loading=\"lazy\" decoding=\"async\" class=\" wp-image-585 alignleft\" src=\"https:\/\/wp.ufpel.edu.br\/labforma\/files\/2025\/10\/servletrecuperafoto-1-353x400.png\" alt=\"\" width=\"136\" height=\"154\" srcset=\"https:\/\/wp.ufpel.edu.br\/labforma\/files\/2025\/10\/servletrecuperafoto-1-353x400.png 353w, https:\/\/wp.ufpel.edu.br\/labforma\/files\/2025\/10\/servletrecuperafoto-1.png 520w\" sizes=\"auto, (max-width: 136px) 100vw, 136px\" \/><\/p>\n<p><span style=\"font-family: arial, helvetica, sans-serif; font-size: 12pt;\">Rafaela Lemos da Luz Furtado<\/span><\/p>\n<p><span style=\"font-family: arial, helvetica, sans-serif; font-size: 12pt;\">Lattes: <a href=\"http:\/\/lattes.cnpq.br\/5550330984385486\">http:\/\/lattes.cnpq.br\/5550330984385486<\/a><\/span><\/p>\n<p>&nbsp;<\/p>\n<p>&nbsp;<\/p>\n<p>&nbsp;<\/p>\n<p><img loading=\"lazy\" decoding=\"async\" class=\" wp-image-545 alignleft\" src=\"https:\/\/wp.ufpel.edu.br\/labforma\/files\/2024\/09\/servletrecuperafoto-3-333x400.jpg\" alt=\"\" width=\"132\" height=\"159\" srcset=\"https:\/\/wp.ufpel.edu.br\/labforma\/files\/2024\/09\/servletrecuperafoto-3-333x400.jpg 333w, https:\/\/wp.ufpel.edu.br\/labforma\/files\/2024\/09\/servletrecuperafoto-3-851x1024.jpg 851w, https:\/\/wp.ufpel.edu.br\/labforma\/files\/2024\/09\/servletrecuperafoto-3-768x924.jpg 768w, https:\/\/wp.ufpel.edu.br\/labforma\/files\/2024\/09\/servletrecuperafoto-3.jpg 1080w\" sizes=\"auto, (max-width: 132px) 100vw, 132px\" \/><\/p>\n<p>&nbsp;<\/p>\n<p style=\"text-align: justify;\"><span style=\"font-family: arial, helvetica, sans-serif; font-size: 12pt;\">Tamara Insauriaga Bueno<\/span><\/p>\n<p style=\"text-align: justify;\"><span style=\"font-family: arial, helvetica, sans-serif; font-size: 12pt;\"> Lattes: <a href=\"http:\/\/lattes.cnpq.br\/3974398892091297\">http:\/\/lattes.cnpq.br\/3974398892091297<\/a><\/span><\/p>\n<p>&nbsp;<\/p>\n<p>&nbsp;<\/p>\n<p style=\"text-align: justify;\"><img loading=\"lazy\" decoding=\"async\" class=\" wp-image-530 alignleft\" src=\"https:\/\/wp.ufpel.edu.br\/labforma\/files\/2024\/09\/servletrecuperafoto-13-293x400.jpg\" alt=\"\" width=\"127\" height=\"174\" srcset=\"https:\/\/wp.ufpel.edu.br\/labforma\/files\/2024\/09\/servletrecuperafoto-13-293x400.jpg 293w, https:\/\/wp.ufpel.edu.br\/labforma\/files\/2024\/09\/servletrecuperafoto-13-751x1024.jpg 751w, https:\/\/wp.ufpel.edu.br\/labforma\/files\/2024\/09\/servletrecuperafoto-13-768x1047.jpg 768w, https:\/\/wp.ufpel.edu.br\/labforma\/files\/2024\/09\/servletrecuperafoto-13.jpg 818w\" sizes=\"auto, (max-width: 127px) 100vw, 127px\" \/><\/p>\n<p>&nbsp;<\/p>\n<p style=\"text-align: justify;\"><span style=\"font-family: arial, helvetica, sans-serif; font-size: 12pt;\">Tatiane Mena Silveira Melgares<\/span><\/p>\n<p style=\"text-align: justify;\"><span style=\"font-family: arial, helvetica, sans-serif; font-size: 12pt;\">Lattes: <a href=\"http:\/\/lattes.cnpq.br\/7183958994596911\">http:\/\/lattes.cnpq.br\/7183958994596911<\/a><\/span><\/p>\n<p>&nbsp;<\/p>\n<p>&nbsp;<\/p>\n","protected":false},"excerpt":{"rendered":"<p>SOBRE O LABFORMA O Laborat\u00f3rio de forma\u00e7\u00e3o docente e reconhecimento das inf\u00e2ncias, ou LabForma, \u00e9 um grupo de pesquisa vinculado ao CNPq e \u00e0 Universidade Federal de Pelotas. Liderado pela prof\u00aa Dr\u00aa Maiane Liana Hatschbach Ourique, o grupo \u00e9 integrado por alunos da gradua\u00e7\u00e3o, especializa\u00e7\u00e3o, mestrado, doutorado, professoras da rede municipal e privada de Pelotas,&hellip;<\/p>\n","protected":false},"author":1155,"featured_media":0,"parent":0,"menu_order":0,"comment_status":"closed","ping_status":"closed","template":"","meta":{"footnotes":""},"class_list":["post-2","page","type-page","status-publish","hentry"],"_links":{"self":[{"href":"https:\/\/wp.ufpel.edu.br\/labforma\/wp-json\/wp\/v2\/pages\/2","targetHints":{"allow":["GET"]}}],"collection":[{"href":"https:\/\/wp.ufpel.edu.br\/labforma\/wp-json\/wp\/v2\/pages"}],"about":[{"href":"https:\/\/wp.ufpel.edu.br\/labforma\/wp-json\/wp\/v2\/types\/page"}],"author":[{"embeddable":true,"href":"https:\/\/wp.ufpel.edu.br\/labforma\/wp-json\/wp\/v2\/users\/1155"}],"replies":[{"embeddable":true,"href":"https:\/\/wp.ufpel.edu.br\/labforma\/wp-json\/wp\/v2\/comments?post=2"}],"version-history":[{"count":3,"href":"https:\/\/wp.ufpel.edu.br\/labforma\/wp-json\/wp\/v2\/pages\/2\/revisions"}],"predecessor-version":[{"id":17,"href":"https:\/\/wp.ufpel.edu.br\/labforma\/wp-json\/wp\/v2\/pages\/2\/revisions\/17"}],"wp:attachment":[{"href":"https:\/\/wp.ufpel.edu.br\/labforma\/wp-json\/wp\/v2\/media?parent=2"}],"curies":[{"name":"wp","href":"https:\/\/api.w.org\/{rel}","templated":true}]}}