{"id":139,"date":"2021-05-25T17:12:06","date_gmt":"2021-05-25T20:12:06","guid":{"rendered":"https:\/\/wp.ufpel.edu.br\/labforma\/?page_id=139"},"modified":"2024-09-12T13:33:45","modified_gmt":"2024-09-12T16:33:45","slug":"galeria","status":"publish","type":"page","link":"https:\/\/wp.ufpel.edu.br\/labforma\/galeria\/","title":{"rendered":"Galeria"},"content":{"rendered":"<p style=\"text-align: center;\"><span style=\"font-family: arial, helvetica, sans-serif; font-size: 12pt;\">Sa\u00edda de campo com as turmas Educa\u00e7\u00e3o Infantil I e Pr\u00e1ticas Educativas IX do curso de Pedagogia UFPel<\/span><\/p>\n<p style=\"text-align: center;\"><span style=\"font-family: arial, helvetica, sans-serif; font-size: 12pt;\">13 de agosto de 2024<\/span><\/p>\n<div style=\"width: 700px;\" class=\"wp-video\"><video class=\"wp-video-shortcode\" id=\"video-139-1\" width=\"700\" height=\"1247\" preload=\"metadata\" controls=\"controls\"><source type=\"video\/mp4\" src=\"https:\/\/wp.ufpel.edu.br\/labforma\/files\/2024\/08\/Snapinsta.app_video_An8qoL0Pqgv7Z10ksUE7WVgZeSpWhti8LTow2QNzsxTUNBg7CYEwrqknMJUQ2rpCZZYfETnsV3edxvIdYe_K4RY7.mp4?_=1\" \/><a href=\"https:\/\/wp.ufpel.edu.br\/labforma\/files\/2024\/08\/Snapinsta.app_video_An8qoL0Pqgv7Z10ksUE7WVgZeSpWhti8LTow2QNzsxTUNBg7CYEwrqknMJUQ2rpCZZYfETnsV3edxvIdYe_K4RY7.mp4\">https:\/\/wp.ufpel.edu.br\/labforma\/files\/2024\/08\/Snapinsta.app_video_An8qoL0Pqgv7Z10ksUE7WVgZeSpWhti8LTow2QNzsxTUNBg7CYEwrqknMJUQ2rpCZZYfETnsV3edxvIdYe_K4RY7.mp4<\/a><\/video><\/div>\n<p><!--nextpage--><\/p>\n<p style=\"text-align: center;\"><span style=\"font-family: arial, helvetica, sans-serif; font-size: 12pt;\">XIII Seminario Internacional de la Red Estrado: \u201cDos d\u00e9cadas de estudios sobre el trabajo docente. Existir, resistir y construir nuevos horizontes\u201d<\/span><\/p>\n<p style=\"text-align: center;\"><span style=\"font-family: arial, helvetica, sans-serif; font-size: 12pt;\">Setembro de 2023<\/span><\/p>\n<div style=\"width: 700px;\" class=\"wp-video\"><video class=\"wp-video-shortcode\" id=\"video-139-2\" width=\"700\" height=\"1247\" preload=\"metadata\" controls=\"controls\"><source type=\"video\/mp4\" src=\"https:\/\/wp.ufpel.edu.br\/labforma\/files\/2024\/08\/Snapinsta.app_video_An_MurhnlyI_fLBEFYHB-ygZLkUL0wJ7BfduJ-1YkZyLTftrJvGbUY6RigYIDkWJkJfEE0MtBLOkDwFyZpRDiw.mp4?_=2\" \/><a href=\"https:\/\/wp.ufpel.edu.br\/labforma\/files\/2024\/08\/Snapinsta.app_video_An_MurhnlyI_fLBEFYHB-ygZLkUL0wJ7BfduJ-1YkZyLTftrJvGbUY6RigYIDkWJkJfEE0MtBLOkDwFyZpRDiw.mp4\">https:\/\/wp.ufpel.edu.br\/labforma\/files\/2024\/08\/Snapinsta.app_video_An_MurhnlyI_fLBEFYHB-ygZLkUL0wJ7BfduJ-1YkZyLTftrJvGbUY6RigYIDkWJkJfEE0MtBLOkDwFyZpRDiw.mp4<\/a><\/video><\/div>\n<p><!--nextpage--><\/p>\n<p style=\"text-align: center;\"><span style=\"font-family: arial, helvetica, sans-serif; font-size: 12pt;\">Escola Doutoral em Estrasburgo, Fran\u00e7a<\/span><\/p>\n<p style=\"text-align: center;\"><span style=\"font-family: arial, helvetica, sans-serif; font-size: 12pt;\">Julho de 2024<\/span><\/p>\n<div style=\"width: 700px;\" class=\"wp-video\"><video class=\"wp-video-shortcode\" id=\"video-139-3\" width=\"700\" height=\"1247\" preload=\"metadata\" controls=\"controls\"><source type=\"video\/mp4\" src=\"https:\/\/wp.ufpel.edu.br\/labforma\/files\/2024\/08\/Snapinsta.app_video_An9jNV8Xucvm097TWpA_5G1wIULGYc788vqATI5VEKXHdJ9dGr1lQ5GdTNQwOGQsaX_SKT-iziZte-dbT3gHt7MI.mp4?_=3\" \/><a href=\"https:\/\/wp.ufpel.edu.br\/labforma\/files\/2024\/08\/Snapinsta.app_video_An9jNV8Xucvm097TWpA_5G1wIULGYc788vqATI5VEKXHdJ9dGr1lQ5GdTNQwOGQsaX_SKT-iziZte-dbT3gHt7MI.mp4\">https:\/\/wp.ufpel.edu.br\/labforma\/files\/2024\/08\/Snapinsta.app_video_An9jNV8Xucvm097TWpA_5G1wIULGYc788vqATI5VEKXHdJ9dGr1lQ5GdTNQwOGQsaX_SKT-iziZte-dbT3gHt7MI.mp4<\/a><\/video><\/div>\n<p><!--nextpage--><\/p>\n<p style=\"text-align: center;\"><span style=\"font-family: arial, helvetica, sans-serif; font-size: 12pt;\">Forma\u00e7\u00e3o continuada das professoras de Educa\u00e7\u00e3o Infantil, da cidade de Cangu\u00e7u\u2013RS.<\/span><\/p>\n<p style=\"text-align: center;\"><span style=\"font-family: arial, helvetica, sans-serif; font-size: 12pt;\">05 de abril de 2024<\/span><\/p>\n<p><img loading=\"lazy\" decoding=\"async\" class=\"size-medium wp-image-462 aligncenter\" src=\"https:\/\/wp.ufpel.edu.br\/labforma\/files\/2024\/09\/Screenshot_1-400x309.png\" alt=\"\" width=\"400\" height=\"309\" srcset=\"https:\/\/wp.ufpel.edu.br\/labforma\/files\/2024\/09\/Screenshot_1-400x309.png 400w, https:\/\/wp.ufpel.edu.br\/labforma\/files\/2024\/09\/Screenshot_1.png 494w\" sizes=\"auto, (max-width: 400px) 100vw, 400px\" \/> <img loading=\"lazy\" decoding=\"async\" class=\"size-medium wp-image-463 aligncenter\" src=\"https:\/\/wp.ufpel.edu.br\/labforma\/files\/2024\/09\/Screenshot_2-400x305.png\" alt=\"\" width=\"400\" height=\"305\" srcset=\"https:\/\/wp.ufpel.edu.br\/labforma\/files\/2024\/09\/Screenshot_2-400x305.png 400w, https:\/\/wp.ufpel.edu.br\/labforma\/files\/2024\/09\/Screenshot_2.png 489w\" sizes=\"auto, (max-width: 400px) 100vw, 400px\" \/> <img loading=\"lazy\" decoding=\"async\" class=\"size-medium wp-image-464 aligncenter\" src=\"https:\/\/wp.ufpel.edu.br\/labforma\/files\/2024\/09\/Screenshot_3-400x293.png\" alt=\"\" width=\"400\" height=\"293\" srcset=\"https:\/\/wp.ufpel.edu.br\/labforma\/files\/2024\/09\/Screenshot_3-400x293.png 400w, https:\/\/wp.ufpel.edu.br\/labforma\/files\/2024\/09\/Screenshot_3.png 495w\" sizes=\"auto, (max-width: 400px) 100vw, 400px\" \/> <img loading=\"lazy\" decoding=\"async\" class=\"wp-image-465 aligncenter\" src=\"https:\/\/wp.ufpel.edu.br\/labforma\/files\/2024\/09\/Screenshot_4-400x195.png\" alt=\"\" width=\"656\" height=\"320\" srcset=\"https:\/\/wp.ufpel.edu.br\/labforma\/files\/2024\/09\/Screenshot_4-400x195.png 400w, https:\/\/wp.ufpel.edu.br\/labforma\/files\/2024\/09\/Screenshot_4-768x374.png 768w, https:\/\/wp.ufpel.edu.br\/labforma\/files\/2024\/09\/Screenshot_4.png 799w\" sizes=\"auto, (max-width: 656px) 100vw, 656px\" \/><\/p>\n<p><!--nextpage--><\/p>\n<p style=\"text-align: center;\"><span style=\"font-family: arial, helvetica, sans-serif; font-size: 12pt;\">Registros do III Ciclo de debates: A vida na escola infantil<\/span><\/p>\n<p style=\"text-align: center;\"><span style=\"font-family: arial, helvetica, sans-serif; font-size: 12pt;\">13 e 14 de dezembro de 2023<\/span><\/p>\n<p><img loading=\"lazy\" decoding=\"async\" class=\"size-medium wp-image-466 aligncenter\" src=\"https:\/\/wp.ufpel.edu.br\/labforma\/files\/2024\/09\/Screenshot_5-400x272.png\" alt=\"\" width=\"400\" height=\"272\" srcset=\"https:\/\/wp.ufpel.edu.br\/labforma\/files\/2024\/09\/Screenshot_5-400x272.png 400w, https:\/\/wp.ufpel.edu.br\/labforma\/files\/2024\/09\/Screenshot_5.png 730w\" sizes=\"auto, (max-width: 400px) 100vw, 400px\" \/> <img loading=\"lazy\" decoding=\"async\" class=\"size-medium wp-image-467 aligncenter\" src=\"https:\/\/wp.ufpel.edu.br\/labforma\/files\/2024\/09\/Screenshot_6-400x287.png\" alt=\"\" width=\"400\" height=\"287\" srcset=\"https:\/\/wp.ufpel.edu.br\/labforma\/files\/2024\/09\/Screenshot_6-400x287.png 400w, https:\/\/wp.ufpel.edu.br\/labforma\/files\/2024\/09\/Screenshot_6.png 755w\" sizes=\"auto, (max-width: 400px) 100vw, 400px\" \/> <img loading=\"lazy\" decoding=\"async\" class=\"size-medium wp-image-468 aligncenter\" src=\"https:\/\/wp.ufpel.edu.br\/labforma\/files\/2024\/09\/Screenshot_7-400x254.png\" alt=\"\" width=\"400\" height=\"254\" srcset=\"https:\/\/wp.ufpel.edu.br\/labforma\/files\/2024\/09\/Screenshot_7-400x254.png 400w, https:\/\/wp.ufpel.edu.br\/labforma\/files\/2024\/09\/Screenshot_7.png 759w\" sizes=\"auto, (max-width: 400px) 100vw, 400px\" \/> <img loading=\"lazy\" decoding=\"async\" class=\"size-medium wp-image-469 aligncenter\" src=\"https:\/\/wp.ufpel.edu.br\/labforma\/files\/2024\/09\/Screenshot_8-400x253.png\" alt=\"\" width=\"400\" height=\"253\" srcset=\"https:\/\/wp.ufpel.edu.br\/labforma\/files\/2024\/09\/Screenshot_8-400x253.png 400w, https:\/\/wp.ufpel.edu.br\/labforma\/files\/2024\/09\/Screenshot_8.png 697w\" sizes=\"auto, (max-width: 400px) 100vw, 400px\" \/> <img loading=\"lazy\" decoding=\"async\" class=\"size-medium wp-image-470 aligncenter\" src=\"https:\/\/wp.ufpel.edu.br\/labforma\/files\/2024\/09\/Screenshot_9-400x306.png\" alt=\"\" width=\"400\" height=\"306\" srcset=\"https:\/\/wp.ufpel.edu.br\/labforma\/files\/2024\/09\/Screenshot_9-400x306.png 400w, https:\/\/wp.ufpel.edu.br\/labforma\/files\/2024\/09\/Screenshot_9.png 648w\" sizes=\"auto, (max-width: 400px) 100vw, 400px\" \/> <img loading=\"lazy\" decoding=\"async\" class=\"size-medium wp-image-471 aligncenter\" src=\"https:\/\/wp.ufpel.edu.br\/labforma\/files\/2024\/09\/Screenshot_10-400x297.png\" alt=\"\" width=\"400\" height=\"297\" srcset=\"https:\/\/wp.ufpel.edu.br\/labforma\/files\/2024\/09\/Screenshot_10-400x297.png 400w, https:\/\/wp.ufpel.edu.br\/labforma\/files\/2024\/09\/Screenshot_10.png 666w\" sizes=\"auto, (max-width: 400px) 100vw, 400px\" \/> <img loading=\"lazy\" decoding=\"async\" class=\"size-medium wp-image-472 aligncenter\" src=\"https:\/\/wp.ufpel.edu.br\/labforma\/files\/2024\/09\/Screenshot_11-400x252.png\" alt=\"\" width=\"400\" height=\"252\" srcset=\"https:\/\/wp.ufpel.edu.br\/labforma\/files\/2024\/09\/Screenshot_11-400x252.png 400w, https:\/\/wp.ufpel.edu.br\/labforma\/files\/2024\/09\/Screenshot_11.png 712w\" sizes=\"auto, (max-width: 400px) 100vw, 400px\" \/><\/p>\n<p><!--nextpage--><\/p>\n<p style=\"text-align: center;\"><span style=\"font-family: arial, helvetica, sans-serif; font-size: 12pt;\">LabForma na 8\u00aa SIIEPE UFPel<\/span><\/p>\n<p style=\"text-align: center;\"><span style=\"font-family: arial, helvetica, sans-serif; font-size: 12pt;\">17 a 21 de outubro de 2022 no campus Cap\u00e3o do Le\u00e3o<\/span><\/p>\n<p><img loading=\"lazy\" decoding=\"async\" class=\"size-medium wp-image-474 aligncenter\" src=\"https:\/\/wp.ufpel.edu.br\/labforma\/files\/2024\/09\/WhatsApp-Image-2024-09-12-at-13.26.57-400x297.jpeg\" alt=\"\" width=\"400\" height=\"297\" srcset=\"https:\/\/wp.ufpel.edu.br\/labforma\/files\/2024\/09\/WhatsApp-Image-2024-09-12-at-13.26.57-400x297.jpeg 400w, https:\/\/wp.ufpel.edu.br\/labforma\/files\/2024\/09\/WhatsApp-Image-2024-09-12-at-13.26.57-1024x760.jpeg 1024w, https:\/\/wp.ufpel.edu.br\/labforma\/files\/2024\/09\/WhatsApp-Image-2024-09-12-at-13.26.57-768x570.jpeg 768w, https:\/\/wp.ufpel.edu.br\/labforma\/files\/2024\/09\/WhatsApp-Image-2024-09-12-at-13.26.57.jpeg 1056w\" sizes=\"auto, (max-width: 400px) 100vw, 400px\" \/> <img loading=\"lazy\" decoding=\"async\" class=\"size-medium wp-image-475 aligncenter\" src=\"https:\/\/wp.ufpel.edu.br\/labforma\/files\/2024\/09\/WhatsApp-Image-2024-09-12-at-13.26.58-400x300.jpeg\" alt=\"\" width=\"400\" height=\"300\" srcset=\"https:\/\/wp.ufpel.edu.br\/labforma\/files\/2024\/09\/WhatsApp-Image-2024-09-12-at-13.26.58-400x300.jpeg 400w, https:\/\/wp.ufpel.edu.br\/labforma\/files\/2024\/09\/WhatsApp-Image-2024-09-12-at-13.26.58-1024x768.jpeg 1024w, https:\/\/wp.ufpel.edu.br\/labforma\/files\/2024\/09\/WhatsApp-Image-2024-09-12-at-13.26.58-768x576.jpeg 768w, https:\/\/wp.ufpel.edu.br\/labforma\/files\/2024\/09\/WhatsApp-Image-2024-09-12-at-13.26.58-1536x1152.jpeg 1536w, https:\/\/wp.ufpel.edu.br\/labforma\/files\/2024\/09\/WhatsApp-Image-2024-09-12-at-13.26.58.jpeg 1600w\" sizes=\"auto, (max-width: 400px) 100vw, 400px\" \/><\/p>\n<p><!--nextpage--><\/p>\n<p style=\"text-align: center;\"><span style=\"font-family: arial, helvetica, sans-serif; font-size: 12pt;\">Retorno das atividades presenciais do LabForma e acolhida dos novos integrantes.<\/span><\/p>\n<p style=\"text-align: center;\"><span style=\"font-family: arial, helvetica, sans-serif; font-size: 12pt;\">18\/04\/2022<\/span><\/p>\n<p><img loading=\"lazy\" decoding=\"async\" class=\" wp-image-476 aligncenter\" src=\"https:\/\/wp.ufpel.edu.br\/labforma\/files\/2024\/09\/WhatsApp-Image-2022-04-18-at-21.46.14-400x184.jpeg\" alt=\"\" width=\"537\" height=\"247\" srcset=\"https:\/\/wp.ufpel.edu.br\/labforma\/files\/2024\/09\/WhatsApp-Image-2022-04-18-at-21.46.14-400x184.jpeg 400w, https:\/\/wp.ufpel.edu.br\/labforma\/files\/2024\/09\/WhatsApp-Image-2022-04-18-at-21.46.14-1024x472.jpeg 1024w, https:\/\/wp.ufpel.edu.br\/labforma\/files\/2024\/09\/WhatsApp-Image-2022-04-18-at-21.46.14-768x354.jpeg 768w, https:\/\/wp.ufpel.edu.br\/labforma\/files\/2024\/09\/WhatsApp-Image-2022-04-18-at-21.46.14-1536x708.jpeg 1536w, https:\/\/wp.ufpel.edu.br\/labforma\/files\/2024\/09\/WhatsApp-Image-2022-04-18-at-21.46.14.jpeg 1600w\" sizes=\"auto, (max-width: 537px) 100vw, 537px\" \/><\/p>\n<p>&nbsp;<\/p>\n<p style=\"text-align: center;\"><!--nextpage--><\/p>\n<p style=\"text-align: center;\"><span style=\"font-size: 12pt; font-family: arial, helvetica, sans-serif;\">II Ciclo de Debates: Outros tempos, outra escola de Educa\u00e7\u00e3o Infantil<\/span><\/p>\n<p style=\"text-align: center;\"><span style=\"font-size: 12pt; font-family: arial, helvetica, sans-serif;\">(02\/06\/2020 &#8211; 04\/08\/2020)<\/span><\/p>\n<p><img loading=\"lazy\" decoding=\"async\" class=\"wp-image-477 aligncenter\" src=\"https:\/\/wp.ufpel.edu.br\/labforma\/files\/2024\/09\/Screenshot_12-400x234.png\" alt=\"\" width=\"609\" height=\"356\" srcset=\"https:\/\/wp.ufpel.edu.br\/labforma\/files\/2024\/09\/Screenshot_12-400x234.png 400w, https:\/\/wp.ufpel.edu.br\/labforma\/files\/2024\/09\/Screenshot_12.png 698w\" sizes=\"auto, (max-width: 609px) 100vw, 609px\" \/><\/p>\n<p><!--nextpage--><\/p>\n<p style=\"text-align: center;\"><span style=\"font-weight: 400; font-family: arial, helvetica, sans-serif; font-size: 12pt;\">Sa\u00edda de campo: Semin\u00e1rio em comemora\u00e7\u00e3o aos 50 anos do CE e 30 anos da Unidade de Educa\u00e7\u00e3o Infantil Ip\u00ea Amarelo, UFSM\/RS<\/span><\/p>\n<p style=\"text-align: center;\"><span style=\"font-weight: 400; font-family: arial, helvetica, sans-serif; font-size: 12pt;\">Dia: 12\/11\/2019<\/span><\/p>\n<p style=\"text-align: center;\"><span style=\"font-family: arial, helvetica, sans-serif; font-size: 12pt;\">A\u00e7\u00e3o: Vida de Professor: experi\u00eancias de autoforma\u00e7\u00e3o e redes de desenvolvimento humano<\/span><\/p>\n<p><img loading=\"lazy\" decoding=\"async\" class=\" wp-image-478 aligncenter\" src=\"https:\/\/wp.ufpel.edu.br\/labforma\/files\/2024\/09\/K-400x300.jpeg\" alt=\"\" width=\"496\" height=\"372\" srcset=\"https:\/\/wp.ufpel.edu.br\/labforma\/files\/2024\/09\/K-400x300.jpeg 400w, https:\/\/wp.ufpel.edu.br\/labforma\/files\/2024\/09\/K-1024x768.jpeg 1024w, https:\/\/wp.ufpel.edu.br\/labforma\/files\/2024\/09\/K-768x576.jpeg 768w, https:\/\/wp.ufpel.edu.br\/labforma\/files\/2024\/09\/K.jpeg 1280w\" sizes=\"auto, (max-width: 496px) 100vw, 496px\" \/><\/p>\n<p><img loading=\"lazy\" decoding=\"async\" class=\" wp-image-479 aligncenter\" src=\"https:\/\/wp.ufpel.edu.br\/labforma\/files\/2024\/09\/WhatsApp-Image-2020-10-25-at-23.09.43-400x225.jpeg\" alt=\"\" width=\"512\" height=\"288\" srcset=\"https:\/\/wp.ufpel.edu.br\/labforma\/files\/2024\/09\/WhatsApp-Image-2020-10-25-at-23.09.43-400x225.jpeg 400w, https:\/\/wp.ufpel.edu.br\/labforma\/files\/2024\/09\/WhatsApp-Image-2020-10-25-at-23.09.43-1024x575.jpeg 1024w, https:\/\/wp.ufpel.edu.br\/labforma\/files\/2024\/09\/WhatsApp-Image-2020-10-25-at-23.09.43-768x431.jpeg 768w, https:\/\/wp.ufpel.edu.br\/labforma\/files\/2024\/09\/WhatsApp-Image-2020-10-25-at-23.09.43-460x260.jpeg 460w, https:\/\/wp.ufpel.edu.br\/labforma\/files\/2024\/09\/WhatsApp-Image-2020-10-25-at-23.09.43.jpeg 1280w\" sizes=\"auto, (max-width: 512px) 100vw, 512px\" \/><\/p>\n<p><img loading=\"lazy\" decoding=\"async\" class=\" wp-image-480 aligncenter\" src=\"https:\/\/wp.ufpel.edu.br\/labforma\/files\/2024\/09\/C-400x300.jpg\" alt=\"\" width=\"480\" height=\"360\" srcset=\"https:\/\/wp.ufpel.edu.br\/labforma\/files\/2024\/09\/C-400x300.jpg 400w, https:\/\/wp.ufpel.edu.br\/labforma\/files\/2024\/09\/C-1024x768.jpg 1024w, https:\/\/wp.ufpel.edu.br\/labforma\/files\/2024\/09\/C-768x576.jpg 768w, https:\/\/wp.ufpel.edu.br\/labforma\/files\/2024\/09\/C.jpg 1280w\" sizes=\"auto, (max-width: 480px) 100vw, 480px\" \/><\/p>\n<p><!--nextpage--><\/p>\n<p style=\"text-align: center;\"><span style=\"font-weight: 400; font-family: arial, helvetica, sans-serif; font-size: 12pt;\">Palestra com Gandhi Piorsky (25\/11\/2019)<\/span><\/p>\n<p style=\"text-align: center;\"><span style=\"font-weight: 400; font-family: arial, helvetica, sans-serif; font-size: 12pt;\">Local: Escola Amigos do Verde\/POA)<\/span><\/p>\n<p><img loading=\"lazy\" decoding=\"async\" class=\"wp-image-481 aligncenter\" src=\"https:\/\/wp.ufpel.edu.br\/labforma\/files\/2024\/09\/H-400x300.jpeg\" alt=\"\" width=\"595\" height=\"446\" srcset=\"https:\/\/wp.ufpel.edu.br\/labforma\/files\/2024\/09\/H-400x300.jpeg 400w, https:\/\/wp.ufpel.edu.br\/labforma\/files\/2024\/09\/H-1024x768.jpeg 1024w, https:\/\/wp.ufpel.edu.br\/labforma\/files\/2024\/09\/H-768x576.jpeg 768w, https:\/\/wp.ufpel.edu.br\/labforma\/files\/2024\/09\/H.jpeg 1280w\" sizes=\"auto, (max-width: 595px) 100vw, 595px\" \/><\/p>\n<p>&nbsp;<\/p>\n<p><!--nextpage--><\/p>\n<p style=\"text-align: center;\"><span style=\"font-weight: 400; font-family: arial, helvetica, sans-serif; font-size: 12pt;\">Visita \u00e0 Escola Projeto \/POA<\/span><\/p>\n<p style=\"text-align: center;\"><span style=\"font-weight: 400; font-family: arial, helvetica, sans-serif; font-size: 12pt;\">(25\/11\/2019)<\/span><\/p>\n<p style=\"text-align: center;\"><span style=\"font-weight: 400; font-family: arial, helvetica, sans-serif; font-size: 12pt;\">Coord. Deborah Vier Fischer<\/span><\/p>\n<p><img loading=\"lazy\" decoding=\"async\" class=\"wp-image-482 aligncenter\" src=\"https:\/\/wp.ufpel.edu.br\/labforma\/files\/2024\/09\/D-400x300.jpg\" alt=\"\" width=\"520\" height=\"390\" srcset=\"https:\/\/wp.ufpel.edu.br\/labforma\/files\/2024\/09\/D-400x300.jpg 400w, https:\/\/wp.ufpel.edu.br\/labforma\/files\/2024\/09\/D-1024x768.jpg 1024w, https:\/\/wp.ufpel.edu.br\/labforma\/files\/2024\/09\/D-768x576.jpg 768w, https:\/\/wp.ufpel.edu.br\/labforma\/files\/2024\/09\/D.jpg 1280w\" sizes=\"auto, (max-width: 520px) 100vw, 520px\" \/><\/p>\n<p><!--nextpage--><\/p>\n<p style=\"text-align: center;\"><span style=\"font-weight: 400; font-family: arial, helvetica, sans-serif; font-size: 12pt;\">Visita \u00e0 Escola Amigos do Verde\/POA<\/span><\/p>\n<p style=\"text-align: center;\"><span style=\"font-weight: 400; font-family: arial, helvetica, sans-serif; font-size: 12pt;\">(25\/11\/2019)<\/span><\/p>\n<p><img loading=\"lazy\" decoding=\"async\" class=\" wp-image-483 aligncenter\" src=\"https:\/\/wp.ufpel.edu.br\/labforma\/files\/2024\/09\/L-400x300.jpeg\" alt=\"\" width=\"479\" height=\"359\" srcset=\"https:\/\/wp.ufpel.edu.br\/labforma\/files\/2024\/09\/L-400x300.jpeg 400w, https:\/\/wp.ufpel.edu.br\/labforma\/files\/2024\/09\/L-1024x768.jpeg 1024w, https:\/\/wp.ufpel.edu.br\/labforma\/files\/2024\/09\/L-768x576.jpeg 768w, https:\/\/wp.ufpel.edu.br\/labforma\/files\/2024\/09\/L.jpeg 1280w\" sizes=\"auto, (max-width: 479px) 100vw, 479px\" \/><\/p>\n<p>&nbsp;<\/p>\n<p><!--nextpage--><\/p>\n<p style=\"text-align: center;\"><span style=\"font-family: arial, helvetica, sans-serif; font-size: 12pt;\">I Ciclo de Debates: o desenvolvimento profissional docente e o lugar da inf\u00e2ncia<\/span><\/p>\n<p style=\"text-align: center;\"><span style=\"font-family: arial, helvetica, sans-serif; font-size: 12pt;\">(07\/06\/2019 &#8211; 24\/06\/2019)<\/span><\/p>\n<p style=\"text-align: justify;\"><img loading=\"lazy\" decoding=\"async\" class=\"size-medium wp-image-484 aligncenter\" src=\"https:\/\/wp.ufpel.edu.br\/labforma\/files\/2024\/09\/Screenshot_13-400x288.png\" alt=\"\" width=\"400\" height=\"288\" srcset=\"https:\/\/wp.ufpel.edu.br\/labforma\/files\/2024\/09\/Screenshot_13-400x288.png 400w, https:\/\/wp.ufpel.edu.br\/labforma\/files\/2024\/09\/Screenshot_13.png 624w\" sizes=\"auto, (max-width: 400px) 100vw, 400px\" \/><\/p>\n<p>&nbsp;<\/p>\n<p><!--nextpage--><\/p>\n<p style=\"text-align: center;\"><span style=\"font-family: arial, helvetica, sans-serif; font-size: 12pt;\">5\u00aa Semana Integrada de Inova\u00e7\u00e3o, Ensino, Pesquisa e Extens\u00e3o. <\/span><\/p>\n<p style=\"text-align: center;\"><span style=\"font-family: arial, helvetica, sans-serif; font-size: 12pt;\">Out. 2019<\/span><\/p>\n<p style=\"text-align: center;\"><img loading=\"lazy\" decoding=\"async\" class=\"alignnone size-medium wp-image-485\" src=\"https:\/\/wp.ufpel.edu.br\/labforma\/files\/2024\/09\/Screenshot_14-400x289.png\" alt=\"\" width=\"400\" height=\"289\" srcset=\"https:\/\/wp.ufpel.edu.br\/labforma\/files\/2024\/09\/Screenshot_14-400x289.png 400w, https:\/\/wp.ufpel.edu.br\/labforma\/files\/2024\/09\/Screenshot_14.png 590w\" sizes=\"auto, (max-width: 400px) 100vw, 400px\" \/><\/p>\n<p><!--nextpage--><\/p>\n<p style=\"text-align: center;\"><span style=\"font-weight: 400;\"><span style=\"font-family: arial, helvetica, sans-serif; font-size: 12pt;\">Sa\u00edda de campo: Visita \u00e0 Escuela P\u00fablica Sustentable de Latinoam\u00e9rica (Canelones, Uruguai)<\/span><\/span><\/p>\n<p style=\"text-align: center;\"><span style=\"font-weight: 400; font-family: arial, helvetica, sans-serif; font-size: 12pt;\">Dez. 2018<\/span><\/p>\n<p style=\"text-align: justify;\"><span style=\"font-weight: 400;\"><img loading=\"lazy\" decoding=\"async\" class=\"size-medium wp-image-486 aligncenter\" src=\"https:\/\/wp.ufpel.edu.br\/labforma\/files\/2024\/09\/0c04a09a-7260-4a47-940c-ea9346c2f3af-400x300.jpg\" alt=\"\" width=\"400\" height=\"300\" srcset=\"https:\/\/wp.ufpel.edu.br\/labforma\/files\/2024\/09\/0c04a09a-7260-4a47-940c-ea9346c2f3af-400x300.jpg 400w, https:\/\/wp.ufpel.edu.br\/labforma\/files\/2024\/09\/0c04a09a-7260-4a47-940c-ea9346c2f3af-1024x768.jpg 1024w, https:\/\/wp.ufpel.edu.br\/labforma\/files\/2024\/09\/0c04a09a-7260-4a47-940c-ea9346c2f3af-768x576.jpg 768w, https:\/\/wp.ufpel.edu.br\/labforma\/files\/2024\/09\/0c04a09a-7260-4a47-940c-ea9346c2f3af.jpg 1280w\" sizes=\"auto, (max-width: 400px) 100vw, 400px\" \/><\/span><\/p>\n<p><img loading=\"lazy\" decoding=\"async\" class=\"size-medium wp-image-487 aligncenter\" src=\"https:\/\/wp.ufpel.edu.br\/labforma\/files\/2024\/09\/WhatsApp-Image-2020-11-04-at-13.59.45-400x225.jpeg\" alt=\"\" width=\"400\" height=\"225\" srcset=\"https:\/\/wp.ufpel.edu.br\/labforma\/files\/2024\/09\/WhatsApp-Image-2020-11-04-at-13.59.45-400x225.jpeg 400w, https:\/\/wp.ufpel.edu.br\/labforma\/files\/2024\/09\/WhatsApp-Image-2020-11-04-at-13.59.45-1024x575.jpeg 1024w, https:\/\/wp.ufpel.edu.br\/labforma\/files\/2024\/09\/WhatsApp-Image-2020-11-04-at-13.59.45-768x431.jpeg 768w, https:\/\/wp.ufpel.edu.br\/labforma\/files\/2024\/09\/WhatsApp-Image-2020-11-04-at-13.59.45-460x260.jpeg 460w, https:\/\/wp.ufpel.edu.br\/labforma\/files\/2024\/09\/WhatsApp-Image-2020-11-04-at-13.59.45.jpeg 1040w\" sizes=\"auto, (max-width: 400px) 100vw, 400px\" \/><\/p>\n","protected":false},"excerpt":{"rendered":"<p>Sa\u00edda de campo com as turmas Educa\u00e7\u00e3o Infantil I e Pr\u00e1ticas Educativas IX do curso de Pedagogia UFPel 13 de agosto de 2024<\/p>\n","protected":false},"author":1155,"featured_media":0,"parent":0,"menu_order":0,"comment_status":"closed","ping_status":"closed","template":"","meta":{"footnotes":""},"class_list":["post-139","page","type-page","status-publish","hentry"],"_links":{"self":[{"href":"https:\/\/wp.ufpel.edu.br\/labforma\/wp-json\/wp\/v2\/pages\/139","targetHints":{"allow":["GET"]}}],"collection":[{"href":"https:\/\/wp.ufpel.edu.br\/labforma\/wp-json\/wp\/v2\/pages"}],"about":[{"href":"https:\/\/wp.ufpel.edu.br\/labforma\/wp-json\/wp\/v2\/types\/page"}],"author":[{"embeddable":true,"href":"https:\/\/wp.ufpel.edu.br\/labforma\/wp-json\/wp\/v2\/users\/1155"}],"replies":[{"embeddable":true,"href":"https:\/\/wp.ufpel.edu.br\/labforma\/wp-json\/wp\/v2\/comments?post=139"}],"version-history":[{"count":20,"href":"https:\/\/wp.ufpel.edu.br\/labforma\/wp-json\/wp\/v2\/pages\/139\/revisions"}],"predecessor-version":[{"id":488,"href":"https:\/\/wp.ufpel.edu.br\/labforma\/wp-json\/wp\/v2\/pages\/139\/revisions\/488"}],"wp:attachment":[{"href":"https:\/\/wp.ufpel.edu.br\/labforma\/wp-json\/wp\/v2\/media?parent=139"}],"curies":[{"name":"wp","href":"https:\/\/api.w.org\/{rel}","templated":true}]}}