{"id":132,"date":"2019-06-07T19:24:09","date_gmt":"2019-06-07T22:24:09","guid":{"rendered":"https:\/\/wp.ufpel.edu.br\/labforma\/?page_id=132"},"modified":"2024-09-12T14:16:12","modified_gmt":"2024-09-12T17:16:12","slug":"eventos","status":"publish","type":"page","link":"https:\/\/wp.ufpel.edu.br\/labforma\/eventos\/","title":{"rendered":"Eventos"},"content":{"rendered":"<p style=\"text-align: center;\"><span style=\"font-family: arial, helvetica, sans-serif; font-size: 12pt;\">Os grupos de pesquisa <a href=\"https:\/\/www.instagram.com\/labforma.ufpel\/\">LabForma<\/a>, <a href=\"https:\/\/www.instagram.com\/gepi__ufpel\/\">GEPI<\/a> e <a href=\"https:\/\/www.instagram.com\/projeto.montessori.ufpel\/\">Projeto Montessori &#8211; Educa\u00e7\u00e3o para paz<\/a> convidam para o\u00a0<\/span><strong><span style=\"font-family: arial, helvetica, sans-serif; font-size: 12pt;\">IV Ciclo de Debates e I Semin\u00e1rio Internacional Inf\u00e2ncias e Forma\u00e7\u00e3o Docente: pr\u00e1ticas n\u00e3o-hegem\u00f4nicas na Educa\u00e7\u00e3o Infantil<\/span><\/strong><\/p>\n<p><img loading=\"lazy\" decoding=\"async\" class=\"aligncenter wp-image-359 size-medium\" src=\"https:\/\/wp.ufpel.edu.br\/labforma\/files\/2024\/08\/WhatsApp-Image-2024-08-25-at-15.39.59-e1724611263248-400x400.jpeg\" alt=\"\" width=\"400\" height=\"400\" \/><\/p>\n<p><span style=\"font-family: arial, helvetica, sans-serif; font-size: 12pt;\">Tem interesse em mandar trabalho para o evento? Confere <a href=\"https:\/\/docs.google.com\/document\/d\/1Wr9pwTMzS6Xvlm62Q9GlCINmmPU6dp_T\/edit?usp=sharing&amp;ouid=101514873940339176043&amp;rtpof=true&amp;sd=true\">AQUI<\/a> as informa\u00e7\u00f5es para submiss\u00e3o de trabalhos.<\/span><\/p>\n<p><span style=\"font-family: arial, helvetica, sans-serif; font-size: 12pt;\">Atente-se as datas:<\/span><\/p>\n<p><span style=\"font-family: arial, helvetica, sans-serif; font-size: 12pt;\"><span style=\"font-weight: 400;\">Prazos para submiss\u00e3o: <\/span><b>05 a 19 de agosto<\/b><\/span><\/p>\n<p><span style=\"font-family: arial, helvetica, sans-serif; font-size: 12pt;\"><span style=\"font-weight: 400;\">Previs\u00e3o do resultado da avalia\u00e7\u00e3o: <strong>31<\/strong><\/span><b>\u00a0de agosto<\/b><\/span><\/p>\n<p><span style=\"font-family: arial, helvetica, sans-serif; font-size: 12pt;\">Quer participar apenas como ouvinte do evento? \u00c9 s\u00f3 fazer sua inscri\u00e7\u00e3o <a href=\"https:\/\/forms.gle\/NfEYHMRFw5v8iq5Z7\">AQUI.<\/a><\/span><\/p>\n<p><span style=\"font-family: arial, helvetica, sans-serif; font-size: 12pt;\">Onde vai ser o evento? No audit\u00f3rio do CEHUS<\/span><\/p>\n<p><span style=\"font-family: arial, helvetica, sans-serif; font-size: 12pt;\">Onde fica o CEHUS? Na rua Coronel Alberto Rosa, 117 &#8211; Centro, Pelotas.<\/span><\/p>\n<p style=\"text-align: justify;\"><span style=\"font-family: arial, helvetica, sans-serif; font-size: 12pt;\">Esta a\u00e7\u00e3o cria um espa\u00e7o de discuss\u00e3o e reflex\u00e3o sobre a educa\u00e7\u00e3o e o cuidado na Educa\u00e7\u00e3o Infantil, constituindo-se numa oportunidade para fortalecer a forma\u00e7\u00e3o docente numa perspectiva n\u00e3o-hegem\u00f4nica.<\/span><\/p>\n<p style=\"text-align: justify;\"><span style=\"font-family: arial, helvetica, sans-serif; font-size: 12pt;\">Alguns dos nossos objetivos s\u00e3o d<\/span><span style=\"font-family: arial, helvetica, sans-serif; font-size: 12pt;\">iscutir as concep\u00e7\u00f5es e pr\u00e1ticas que justificam o trabalho na Educa\u00e7\u00e3o Infantil; <\/span><span style=\"font-family: arial, helvetica, sans-serif; font-size: 12pt;\">fortalecer as parcerias entre universidade e escola; d<\/span><span style=\"font-family: arial, helvetica, sans-serif; font-size: 12pt;\">ar visibilidade \u00e0 documenta\u00e7\u00e3o pedag\u00f3gica produzida por estagi\u00e1rias no curso de Pedagogia e f<\/span><span style=\"font-family: arial, helvetica, sans-serif; font-size: 12pt;\">ortalecer as a\u00e7\u00f5es de ensino, pesquisa e extens\u00e3o desenvolvida pelos grupos de pesquisa parceiros, sediados na UFPel, na UFSM e em Instituto Polit\u00e9cnico de Portalegre\/Portugal.<\/span><\/p>\n<hr \/>\n<p><strong><img loading=\"lazy\" decoding=\"async\" class=\" wp-image-534 alignleft\" src=\"https:\/\/wp.ufpel.edu.br\/labforma\/files\/2024\/09\/Screenshot_1-1-282x400.png\" alt=\"\" width=\"266\" height=\"377\" srcset=\"https:\/\/wp.ufpel.edu.br\/labforma\/files\/2024\/09\/Screenshot_1-1-282x400.png 282w, https:\/\/wp.ufpel.edu.br\/labforma\/files\/2024\/09\/Screenshot_1-1.png 611w\" sizes=\"auto, (max-width: 266px) 100vw, 266px\" \/><\/strong><\/p>\n<p>&nbsp;<\/p>\n<p>&nbsp;<\/p>\n<p>&nbsp;<\/p>\n<p><strong><span style=\"font-family: arial, helvetica, sans-serif; font-size: 12pt;\">Os anais do nosso evento j\u00e1 est\u00e3o dispon\u00edveis!<\/span><\/strong><\/p>\n<p><span style=\"font-family: arial, helvetica, sans-serif; font-size: 12pt;\">Voc\u00ea pode conferir clicando <a href=\"https:\/\/drive.google.com\/file\/d\/1_pKwfmGaqWT53RLZtFd40f8Gb6CwpfUw\/view?usp=sharing\">AQUI.<\/a><\/span><\/p>\n<p>&nbsp;<\/p>\n<p>&nbsp;<\/p>\n<p>&nbsp;<\/p>\n<p>&nbsp;<\/p>\n<p>&nbsp;<\/p>\n<hr \/>\n<p><strong><span style=\"font-family: arial, helvetica, sans-serif; font-size: 12pt;\">Confere aqui a programa\u00e7\u00e3o do evento<\/span><\/strong><\/p>\n<p><strong><span style=\"font-size: 12pt; font-family: arial, helvetica, sans-serif;\">DIA 02\/09\/2024 <\/span><\/strong><\/p>\n<p><strong><span style=\"font-size: 12pt; font-family: arial, helvetica, sans-serif;\">13h30 &#8211; Credenciamento <\/span><\/strong><\/p>\n<p><strong><span style=\"font-size: 12pt; font-family: arial, helvetica, sans-serif;\">14h \u2013 Um olhar para os espa\u00e7os de cuidado e educa\u00e7\u00e3o dos beb\u00eas nas institui\u00e7\u00f5es da inf\u00e2ncia <\/span><\/strong><\/p>\n<p><span style=\"font-size: 12pt; font-family: arial, helvetica, sans-serif;\">Profa. Ma. Carmen Orofino (Associa\u00e7\u00e3o Pikler Brasil) <\/span><\/p>\n<p><span style=\"font-size: 12pt; font-family: arial, helvetica, sans-serif;\">Mediadora: Profa. Dra. Elisa Vanti (UFPel) <\/span><\/p>\n<p><strong><span style=\"font-size: 12pt; font-family: arial, helvetica, sans-serif;\">16h \u2013 Palestra: Invisibilidade das inf\u00e2ncias: repercuss\u00f5es na Educa\u00e7\u00e3o Infantil <\/span><\/strong><\/p>\n<p><span style=\"font-size: 12pt; font-family: arial, helvetica, sans-serif;\">Profa. Dra. Narjara Mendes Garcia (FURG) <\/span><\/p>\n<p><span style=\"font-size: 12pt; font-family: arial, helvetica, sans-serif;\">Mediadora: Profa. Dra. Hardalla do Valle (UFPel) <\/span><\/p>\n<p><strong><span style=\"font-size: 12pt; font-family: arial, helvetica, sans-serif;\">19h- Vernissage: cartografias poss\u00edveis na ousadia de desafiar pedagogias hegem\u00f4nicas. <\/span><\/strong><\/p>\n<p><span style=\"font-size: 12pt; font-family: arial, helvetica, sans-serif;\">Organiza\u00e7\u00e3o: Professoras e estagi\u00e1rias de Educa\u00e7\u00e3o Infantil 2024 <\/span><\/p>\n<p><strong><span style=\"font-size: 12pt; font-family: arial, helvetica, sans-serif;\">DIA 03\/09\/2024 <\/span><\/strong><\/p>\n<p><strong><span style=\"font-size: 12pt; font-family: arial, helvetica, sans-serif;\">9h &#8211; Apresenta\u00e7\u00e3o de trabalhos <\/span><\/strong><\/p>\n<p><strong><span style=\"font-size: 12pt; font-family: arial, helvetica, sans-serif;\">14h \u2013 Palestra: As pr\u00e1ticas de est\u00e1gios curriculares com as inf\u00e2ncias: desafios emergentes nos contextos de forma\u00e7\u00e3o inicial docente em Portugal <\/span><\/strong><\/p>\n<p><span style=\"font-size: 12pt; font-family: arial, helvetica, sans-serif;\">Profa. Dra. Am\u00e9lia de Jesus G. March\u00e3o (Instituto Polit\u00e9cnico de Portalegre-Portugal) <\/span><\/p>\n<p><span style=\"font-size: 12pt; font-family: arial, helvetica, sans-serif;\">Mediadora: Profa. Dra. Maiane Ourique <\/span><\/p>\n<p><strong><span style=\"font-size: 12pt; font-family: arial, helvetica, sans-serif;\">16h \u2013 Mesa tem\u00e1tica: As pr\u00e1ticas de est\u00e1gios curriculares com as inf\u00e2ncias: desafios emergentes nos contextos brasileiros de forma\u00e7\u00e3o inicial docente <\/span><\/strong><\/p>\n<p><span style=\"font-size: 12pt; font-family: arial, helvetica, sans-serif;\">Profa. Dra. Sueli Salva (UFSM) <\/span><\/p>\n<p><span style=\"font-size: 12pt; font-family: arial, helvetica, sans-serif;\">Profa. Dra. Elisa Vanti (UFPel) <\/span><\/p>\n<p><span style=\"font-size: 12pt; font-family: arial, helvetica, sans-serif;\">Profa. Dra. Hardalla do Valle (UFPel) <\/span><\/p>\n<p><span style=\"font-size: 12pt; font-family: arial, helvetica, sans-serif;\">Profa. Dra. Maiane Ourique (UFPel) <\/span><\/p>\n<p><strong><span style=\"font-size: 12pt; font-family: arial, helvetica, sans-serif;\">19h- Encerramento do evento<\/span><\/strong><\/p>\n<p><img loading=\"lazy\" decoding=\"async\" class=\"alignnone wp-image-334\" src=\"https:\/\/wp.ufpel.edu.br\/labforma\/files\/2024\/08\/3-1-400x400.png\" alt=\"\" width=\"346\" height=\"346\" \/><img loading=\"lazy\" decoding=\"async\" class=\"alignnone wp-image-335\" src=\"https:\/\/wp.ufpel.edu.br\/labforma\/files\/2024\/08\/4-400x400.png\" alt=\"\" width=\"346\" height=\"346\" \/><\/p>\n<hr \/>\n<p style=\"text-align: center;\"><strong><span style=\"font-family: arial, helvetica, sans-serif; font-size: 12pt;\">Comiss\u00e3o cient\u00edfica do evento<\/span><\/strong><\/p>\n<p><strong><span style=\"font-family: arial, helvetica, sans-serif; font-size: 12pt;\">Profa Dra Elisa dos Santos Vanti &#8211; <\/span><\/strong><span style=\"font-family: arial, helvetica, sans-serif; font-size: 12pt;\">http:\/\/lattes.cnpq.br\/1814729352827890<\/span><\/p>\n<p><span style=\"font-family: arial, helvetica, sans-serif; font-size: 12pt;\"><strong>Profa Dra Marta Cristina Cezar Pozzobon &#8211;<\/strong>\u00a0<\/span><span style=\"font-family: arial, helvetica, sans-serif; font-size: 12pt;\">http:\/\/lattes.cnpq.br\/9502904964107859<\/span><\/p>\n<p><strong><span style=\"font-family: arial, helvetica, sans-serif; font-size: 12pt;\">Profa Dra Helenara Plaszewski &#8211; <\/span><\/strong><span style=\"font-family: arial, helvetica, sans-serif; font-size: 12pt;\">http:\/\/lattes.cnpq.br\/0501305200912745<\/span><\/p>\n<p><!--nextpage--><\/p>\n<p style=\"text-align: center;\"><span style=\"font-family: arial, helvetica, sans-serif; font-size: 12pt;\">O grupo de pesquisa Laborat\u00f3rio de Forma\u00e7\u00e3o e Estudos da Inf\u00e2ncia (LabForma\/UFPel) convida para o <strong>III Ciclo de debates: a vida na escola Infantil.<\/strong><\/span><\/p>\n<p><img loading=\"lazy\" decoding=\"async\" class=\"size-medium wp-image-409 aligncenter\" src=\"https:\/\/wp.ufpel.edu.br\/labforma\/files\/2023\/11\/Screenshot_6-1-400x400.png\" alt=\"\" width=\"400\" height=\"400\" srcset=\"https:\/\/wp.ufpel.edu.br\/labforma\/files\/2023\/11\/Screenshot_6-1-400x400.png 400w, https:\/\/wp.ufpel.edu.br\/labforma\/files\/2023\/11\/Screenshot_6-1-200x200.png 200w, https:\/\/wp.ufpel.edu.br\/labforma\/files\/2023\/11\/Screenshot_6-1-50x50.png 50w, https:\/\/wp.ufpel.edu.br\/labforma\/files\/2023\/11\/Screenshot_6-1.png 503w\" sizes=\"auto, (max-width: 400px) 100vw, 400px\" \/><\/p>\n<p>&nbsp;<\/p>\n<p><span style=\"font-family: arial, helvetica, sans-serif; font-size: 12pt;\">O evento ser\u00e1 sediado no Audit\u00f3rio Andrew Valad\u00e3o (campus Anglo\/UFPel) e ocorrer\u00e1 nos dias 13 e 14 de dezembro, a partir das 9h. Confira nossa programa\u00e7\u00e3o:<\/span><\/p>\n<p><img loading=\"lazy\" decoding=\"async\" class=\"wp-image-536 alignnone\" src=\"https:\/\/wp.ufpel.edu.br\/labforma\/files\/2024\/09\/Screenshot_2-1-400x396.png\" alt=\"\" width=\"330\" height=\"327\" srcset=\"https:\/\/wp.ufpel.edu.br\/labforma\/files\/2024\/09\/Screenshot_2-1-400x396.png 400w, https:\/\/wp.ufpel.edu.br\/labforma\/files\/2024\/09\/Screenshot_2-1-768x761.png 768w, https:\/\/wp.ufpel.edu.br\/labforma\/files\/2024\/09\/Screenshot_2-1-50x50.png 50w, https:\/\/wp.ufpel.edu.br\/labforma\/files\/2024\/09\/Screenshot_2-1.png 858w\" sizes=\"auto, (max-width: 330px) 100vw, 330px\" \/> <img loading=\"lazy\" decoding=\"async\" class=\"wp-image-537 alignnone\" src=\"https:\/\/wp.ufpel.edu.br\/labforma\/files\/2024\/09\/Screenshot_3-1-400x397.png\" alt=\"\" width=\"328\" height=\"326\" srcset=\"https:\/\/wp.ufpel.edu.br\/labforma\/files\/2024\/09\/Screenshot_3-1-400x397.png 400w, https:\/\/wp.ufpel.edu.br\/labforma\/files\/2024\/09\/Screenshot_3-1-200x200.png 200w, https:\/\/wp.ufpel.edu.br\/labforma\/files\/2024\/09\/Screenshot_3-1-768x762.png 768w, https:\/\/wp.ufpel.edu.br\/labforma\/files\/2024\/09\/Screenshot_3-1-50x50.png 50w, https:\/\/wp.ufpel.edu.br\/labforma\/files\/2024\/09\/Screenshot_3-1.png 859w\" sizes=\"auto, (max-width: 328px) 100vw, 328px\" \/><\/p>\n<p>&nbsp;<\/p>\n<p><span style=\"font-family: arial, helvetica, sans-serif; font-size: 12pt;\"><strong>Encerramento do III Ciclo de Debates!<\/strong> Agradecemos a todos presentes pelas ricas partilhas no decorrer desses dois dias.<\/span><\/p>\n<p><img loading=\"lazy\" decoding=\"async\" class=\" wp-image-466 aligncenter\" src=\"https:\/\/wp.ufpel.edu.br\/labforma\/files\/2024\/09\/Screenshot_5-400x272.png\" alt=\"\" width=\"470\" height=\"320\" srcset=\"https:\/\/wp.ufpel.edu.br\/labforma\/files\/2024\/09\/Screenshot_5-400x272.png 400w, https:\/\/wp.ufpel.edu.br\/labforma\/files\/2024\/09\/Screenshot_5.png 730w\" sizes=\"auto, (max-width: 470px) 100vw, 470px\" \/><\/p>\n<p><!--nextpage--><\/p>\n<p><img loading=\"lazy\" decoding=\"async\" class=\"size-medium wp-image-431 alignleft\" src=\"https:\/\/wp.ufpel.edu.br\/labforma\/files\/2020\/08\/Screenshot_19-313x400.png\" alt=\"\" width=\"313\" height=\"400\" srcset=\"https:\/\/wp.ufpel.edu.br\/labforma\/files\/2020\/08\/Screenshot_19-313x400.png 313w, https:\/\/wp.ufpel.edu.br\/labforma\/files\/2020\/08\/Screenshot_19.png 659w\" sizes=\"auto, (max-width: 313px) 100vw, 313px\" \/><\/p>\n<p><span style=\"font-family: arial, helvetica, sans-serif; font-size: 12pt;\">Vem a\u00ed o <strong>II Ciclo de Debates: outro tempo, outra escola de Educa\u00e7\u00e3o Infantil.<\/strong><\/span><\/p>\n<p style=\"text-align: justify;\"><span style=\"font-family: arial, helvetica, sans-serif; font-size: 12pt;\">O Grupo de Pesquisa Laborat\u00f3rio de Forma\u00e7\u00e3o e Estudos da Inf\u00e2ncia (LabForma\/UFPel\/CNPq) convida profissionais atuantes na Educa\u00e7\u00e3o Infantil e estudantes de Pedagogia para participarem do II Ciclo de Debates, com foco na forma\u00e7\u00e3o humana e no planejamento de uma outra escola de Educa\u00e7\u00e3o Infantil p\u00f3s-pandemia. Os encontros ser\u00e3o virtuais, transmitidos no canal do <a href=\"https:\/\/www.youtube.com\/channel\/UC2xptvn9pD-MHXRYG6p0Dsw\">LabForma no Youtube<\/a>, \u00e0s ter\u00e7as-feiras, de 02\/06 a 04\/08\/2020, das 17h \u00e0s 19h. \u00c9 necess\u00e1rio inscrever-se para receber o link de acesso ao evento.<\/span><\/p>\n<p>&nbsp;<\/p>\n<p>&nbsp;<\/p>\n<p>&nbsp;<\/p>\n<p style=\"text-align: center;\"><span style=\"font-family: arial, helvetica, sans-serif; font-size: 12pt;\"><strong>Nosso evento chegou ao fim &#8230; e foi lindo!<\/strong><\/span><\/p>\n<p><img loading=\"lazy\" decoding=\"async\" class=\"size-medium wp-image-539 alignleft\" src=\"https:\/\/wp.ufpel.edu.br\/labforma\/files\/2024\/09\/Screenshot_4-1-400x360.png\" alt=\"\" width=\"400\" height=\"360\" srcset=\"https:\/\/wp.ufpel.edu.br\/labforma\/files\/2024\/09\/Screenshot_4-1-400x360.png 400w, https:\/\/wp.ufpel.edu.br\/labforma\/files\/2024\/09\/Screenshot_4-1-768x691.png 768w, https:\/\/wp.ufpel.edu.br\/labforma\/files\/2024\/09\/Screenshot_4-1.png 806w\" sizes=\"auto, (max-width: 400px) 100vw, 400px\" \/><\/p>\n<p><span style=\"font-family: arial, helvetica, sans-serif; font-size: 12pt;\">Ao longo dos debates no II Ciclo de Debates, fomos construindo e apontando alguns princ\u00edpios para a pr\u00e1tica na Educa\u00e7\u00e3o Infantil, como:<\/span><\/p>\n<p><span style=\"font-family: arial, helvetica, sans-serif; font-size: 12pt;\">&#8211; toda forma\u00e7\u00e3o \u00e9 autoforma\u00e7\u00e3o e, assim, as mudan\u00e7as em nossa pr\u00e1tica pedag\u00f3gica come\u00e7am necessariamente por altera\u00e7\u00f5es subjetivas;<\/span><\/p>\n<p><span style=\"font-family: arial, helvetica, sans-serif; font-size: 12pt;\">&#8211; o ambiente virtual pode servir, neste momento, para fortalecer as experi\u00eancias de v\u00ednculo com as fam\u00edlias e as crian\u00e7as, sendo presen\u00e7a na aus\u00eancia;<\/span><\/p>\n<p><span style=\"font-family: arial, helvetica, sans-serif; font-size: 12pt;\">&#8211; as sugest\u00f5es de atividades para serem feitas em casa precisam levar em considera\u00e7\u00e3o os diferentes ritmos das crian\u00e7as e suas possibilidades de execu\u00e7\u00e3o, pois os pais n\u00e3o podem ser tomados como auxiliares da professora em sua aus\u00eancia;<\/span><\/p>\n<p><span style=\"font-family: arial, helvetica, sans-serif; font-size: 12pt;\">&#8211; os cuidados com a sa\u00fade emocional de crian\u00e7as e professores ganham destaque neste momento de isolamento social;<\/span><\/p>\n<p><span style=\"font-family: arial, helvetica, sans-serif; font-size: 12pt;\">&#8211; Educa\u00e7\u00e3o Infantil com significado formativo se faz na rela\u00e7\u00e3o com as fam\u00edlias, mas casa e escola denotam especificidades de a\u00e7\u00f5es que precisamos preservar;<\/span><\/p>\n<p><span style=\"font-family: arial, helvetica, sans-serif; font-size: 12pt;\">&#8211; o planejamento na Educa\u00e7\u00e3o Infantil \u00e9 a soma das inten\u00e7\u00f5es do professor e da crian\u00e7as;<\/span><\/p>\n<p><span style=\"font-family: arial, helvetica, sans-serif; font-size: 12pt;\">&#8211; a intencionalidade educativa no cotidiano da Educa\u00e7\u00e3o Infantil reside em toda atividade que promove experi\u00eancias de significado para a crian\u00e7a e oportuniza a integra\u00e7\u00e3o de conhecimentos.\u00a0<\/span><\/p>\n<p><span style=\"font-family: arial, helvetica, sans-serif; font-size: 12pt;\">Ap\u00f3s fazer uma retrospectiva de tudo que passou, conclu\u00edmos que nosso evento foi cheio de pot\u00eancia criativa e reiteramos aqui nossa gratid\u00e3o e a manifesta\u00e7\u00e3o de que, junto a voc\u00eas, seguiremos lutando e resistindo em nome de uma educa\u00e7\u00e3o p\u00fablica, gratuita e de qualidade por e para todas as crian\u00e7as.\u00a0<\/span><\/p>\n<p><span style=\"font-family: arial, helvetica, sans-serif; font-size: 12pt;\">Para aqueles que n\u00e3o conseguiram acompanhar ao vivo o II Ciclo de Debates, lembramos que os encontros est\u00e3o dispon\u00edveis no nosso canal do YouTube.<\/span><\/p>\n<p><span style=\"font-family: arial, helvetica, sans-serif; font-size: 12pt;\">Equipe LabForma<\/span><\/p>\n<p><!--nextpage--><\/p>\n<p><span style=\"font-family: arial, helvetica, sans-serif; font-size: 12pt;\">Registros do LabForma, de junho de 2019, durante o <\/span><strong style=\"font-family: arial, helvetica, sans-serif; font-size: 12pt;\">I CICLO DE DEBATES<\/strong><span style=\"font-family: arial, helvetica, sans-serif; font-size: 12pt;\">, no CEHUS\/UFPel.<\/span><\/p>\n<p><img loading=\"lazy\" decoding=\"async\" class=\"size-medium wp-image-449 alignleft\" src=\"https:\/\/wp.ufpel.edu.br\/labforma\/files\/2019\/06\/Screenshot_27-282x400.png\" alt=\"\" width=\"282\" height=\"400\" srcset=\"https:\/\/wp.ufpel.edu.br\/labforma\/files\/2019\/06\/Screenshot_27-282x400.png 282w, https:\/\/wp.ufpel.edu.br\/labforma\/files\/2019\/06\/Screenshot_27.png 347w\" sizes=\"auto, (max-width: 282px) 100vw, 282px\" \/><\/p>\n<p>&nbsp;<\/p>\n<p style=\"text-align: justify;\"><span style=\"font-family: arial, helvetica, sans-serif; font-size: 12pt;\">Ao longo dos debates sobre as diferentes inf\u00e2ncias e os diferentes modos de abord\u00e1-las na pr\u00e1xis pedag\u00f3gica, proporcionados ao longo do I Ciclo, foi poss\u00edvel ampliar o processo de desenvolvimento profissional dos professores, enfocando o lugar da inf\u00e2ncia nestes processos formativos. Al\u00e9m disso, proporcionou-se um espa\u00e7o de divulga\u00e7\u00e3o das percep\u00e7\u00f5es e conceitos que est\u00e3o sendo constru\u00eddos pelas acad\u00eamicas do curso de p\u00f3s-gradua\u00e7\u00e3o em Educa\u00e7\u00e3o (\u00e1rea Educa\u00e7\u00e3o Infantil) da UFPel sobre a Inf\u00e2ncia e a Doc\u00eancia.<\/span><\/p>\n<p style=\"text-align: justify;\"><img loading=\"lazy\" decoding=\"async\" class=\" wp-image-484 aligncenter\" src=\"https:\/\/wp.ufpel.edu.br\/labforma\/files\/2024\/09\/Screenshot_13-400x288.png\" alt=\"\" width=\"486\" height=\"350\" srcset=\"https:\/\/wp.ufpel.edu.br\/labforma\/files\/2024\/09\/Screenshot_13-400x288.png 400w, https:\/\/wp.ufpel.edu.br\/labforma\/files\/2024\/09\/Screenshot_13.png 624w\" sizes=\"auto, (max-width: 486px) 100vw, 486px\" \/><\/p>\n","protected":false},"excerpt":{"rendered":"<p>Os grupos de pesquisa LabForma, GEPI e Projeto Montessori &#8211; Educa\u00e7\u00e3o para paz convidam para o\u00a0IV Ciclo de Debates e I Semin\u00e1rio Internacional Inf\u00e2ncias e Forma\u00e7\u00e3o Docente: pr\u00e1ticas n\u00e3o-hegem\u00f4nicas na Educa\u00e7\u00e3o Infantil Tem interesse em mandar trabalho para o evento? Confere AQUI as informa\u00e7\u00f5es para submiss\u00e3o de trabalhos. Atente-se as datas: Prazos para submiss\u00e3o: 05&hellip;<\/p>\n","protected":false},"author":1155,"featured_media":0,"parent":0,"menu_order":0,"comment_status":"closed","ping_status":"closed","template":"","meta":{"footnotes":""},"class_list":["post-132","page","type-page","status-publish","hentry"],"_links":{"self":[{"href":"https:\/\/wp.ufpel.edu.br\/labforma\/wp-json\/wp\/v2\/pages\/132","targetHints":{"allow":["GET"]}}],"collection":[{"href":"https:\/\/wp.ufpel.edu.br\/labforma\/wp-json\/wp\/v2\/pages"}],"about":[{"href":"https:\/\/wp.ufpel.edu.br\/labforma\/wp-json\/wp\/v2\/types\/page"}],"author":[{"embeddable":true,"href":"https:\/\/wp.ufpel.edu.br\/labforma\/wp-json\/wp\/v2\/users\/1155"}],"replies":[{"embeddable":true,"href":"https:\/\/wp.ufpel.edu.br\/labforma\/wp-json\/wp\/v2\/comments?post=132"}],"version-history":[{"count":24,"href":"https:\/\/wp.ufpel.edu.br\/labforma\/wp-json\/wp\/v2\/pages\/132\/revisions"}],"predecessor-version":[{"id":540,"href":"https:\/\/wp.ufpel.edu.br\/labforma\/wp-json\/wp\/v2\/pages\/132\/revisions\/540"}],"wp:attachment":[{"href":"https:\/\/wp.ufpel.edu.br\/labforma\/wp-json\/wp\/v2\/media?parent=132"}],"curies":[{"name":"wp","href":"https:\/\/api.w.org\/{rel}","templated":true}]}}