{"id":5,"date":"2010-06-07T09:58:56","date_gmt":"2010-06-07T12:58:56","guid":{"rendered":"https:\/\/wp.ufpel.edu.br\/labeventos\/?page_id=5"},"modified":"2010-09-13T16:15:05","modified_gmt":"2010-09-13T19:15:05","slug":"quem-somos","status":"publish","type":"page","link":"https:\/\/wp.ufpel.edu.br\/labeventos\/quem-somos\/","title":{"rendered":"Quem Somos"},"content":{"rendered":"<p style=\"text-align: justify\">\n<p style=\"text-align: justify\">O <strong>Laborat\u00f3rio de Eventos<\/strong> do Curso de Bacharelado em Turismo da Universidade Federal de Pelotas \u00e9 formado por bolsistas e estudantes do Curso de Turismo &#8211; UFPel. O <strong>Laborat\u00f3rio de Eventos<\/strong> est\u00e1 sob a coordena\u00e7\u00e3o da Professora Msc. Caroline Ceretta.<\/p>\n<p style=\"text-align: justify\">\n<p style=\"text-align: left\">\ufeff\ufeff\ufeff\ufeff<\/p>\n","protected":false},"excerpt":{"rendered":"<p>O Laborat\u00f3rio de Eventos do Curso de Bacharelado em Turismo da Universidade Federal de Pelotas \u00e9 formado por bolsistas e estudantes do Curso de Turismo &#8211; UFPel. O Laborat\u00f3rio de Eventos est\u00e1 sob a coordena\u00e7\u00e3o da Professora Msc. Caroline Ceretta. \ufeff\ufeff\ufeff\ufeff<\/p>\n","protected":false},"author":63,"featured_media":0,"parent":0,"menu_order":1,"comment_status":"closed","ping_status":"closed","template":"","meta":{"footnotes":""},"class_list":["post-5","page","type-page","status-publish","hentry"],"_links":{"self":[{"href":"https:\/\/wp.ufpel.edu.br\/labeventos\/wp-json\/wp\/v2\/pages\/5","targetHints":{"allow":["GET"]}}],"collection":[{"href":"https:\/\/wp.ufpel.edu.br\/labeventos\/wp-json\/wp\/v2\/pages"}],"about":[{"href":"https:\/\/wp.ufpel.edu.br\/labeventos\/wp-json\/wp\/v2\/types\/page"}],"author":[{"embeddable":true,"href":"https:\/\/wp.ufpel.edu.br\/labeventos\/wp-json\/wp\/v2\/users\/63"}],"replies":[{"embeddable":true,"href":"https:\/\/wp.ufpel.edu.br\/labeventos\/wp-json\/wp\/v2\/comments?post=5"}],"version-history":[{"count":14,"href":"https:\/\/wp.ufpel.edu.br\/labeventos\/wp-json\/wp\/v2\/pages\/5\/revisions"}],"predecessor-version":[{"id":42,"href":"https:\/\/wp.ufpel.edu.br\/labeventos\/wp-json\/wp\/v2\/pages\/5\/revisions\/42"}],"wp:attachment":[{"href":"https:\/\/wp.ufpel.edu.br\/labeventos\/wp-json\/wp\/v2\/media?parent=5"}],"curies":[{"name":"wp","href":"https:\/\/api.w.org\/{rel}","templated":true}]}}