{"id":20,"date":"2010-06-07T17:32:41","date_gmt":"2010-06-07T20:32:41","guid":{"rendered":"https:\/\/wp.ufpel.edu.br\/labeventos\/?page_id=20"},"modified":"2010-11-29T10:31:36","modified_gmt":"2010-11-29T13:31:36","slug":"fotos-de-eventos-realizados","status":"publish","type":"page","link":"https:\/\/wp.ufpel.edu.br\/labeventos\/fotos-de-eventos-realizados\/","title":{"rendered":"Fotos de Eventos Realizados"},"content":{"rendered":"\n\t\t<style type=\"text\/css\">\n\t\t\t#gallery-1 {\n\t\t\t\tmargin: auto;\n\t\t\t}\n\t\t\t#gallery-1 .gallery-item {\n\t\t\t\tfloat: left;\n\t\t\t\tmargin-top: 10px;\n\t\t\t\ttext-align: center;\n\t\t\t\twidth: 33%;\n\t\t\t}\n\t\t\t#gallery-1 img {\n\t\t\t\tborder: 2px solid #cfcfcf;\n\t\t\t}\n\t\t\t#gallery-1 .gallery-caption {\n\t\t\t\tmargin-left: 0;\n\t\t\t}\n\t\t\t\/* see gallery_shortcode() in wp-includes\/media.php *\/\n\t\t<\/style>\n\t\t<div id='gallery-1' class='gallery galleryid-20 gallery-columns-3 gallery-size-thumbnail'><dl class='gallery-item'>\n\t\t\t<dt class='gallery-icon landscape'>\n\t\t\t\t<a href='https:\/\/wp.ufpel.edu.br\/labeventos\/files\/2010\/06\/DSC03039.jpg'><img loading=\"lazy\" decoding=\"async\" width=\"150\" height=\"150\" src=\"https:\/\/wp.ufpel.edu.br\/labeventos\/files\/2010\/06\/DSC03039-150x150.jpg\" class=\"attachment-thumbnail size-thumbnail\" alt=\"\" aria-describedby=\"gallery-1-323\" \/><\/a>\n\t\t\t<\/dt>\n\t\t\t\t<dd class='wp-caption-text gallery-caption' id='gallery-1-323'>\n\t\t\t\tEquipe de trabalho do VIII CPTUR\n\t\t\t\t<\/dd><\/dl><dl class='gallery-item'>\n\t\t\t<dt class='gallery-icon landscape'>\n\t\t\t\t<a href='https:\/\/wp.ufpel.edu.br\/labeventos\/files\/2010\/06\/DSC03076.jpg'><img loading=\"lazy\" decoding=\"async\" width=\"150\" height=\"150\" src=\"https:\/\/wp.ufpel.edu.br\/labeventos\/files\/2010\/06\/DSC03076-150x150.jpg\" class=\"attachment-thumbnail size-thumbnail\" alt=\"\" aria-describedby=\"gallery-1-322\" \/><\/a>\n\t\t\t<\/dt>\n\t\t\t\t<dd class='wp-caption-text gallery-caption' id='gallery-1-322'>\n\t\t\t\tPalestrante com professoras do curso de Turismo\/UFPEL\n\t\t\t\t<\/dd><\/dl><dl class='gallery-item'>\n\t\t\t<dt class='gallery-icon landscape'>\n\t\t\t\t<a href='https:\/\/wp.ufpel.edu.br\/labeventos\/files\/2010\/06\/DSC03045.jpg'><img loading=\"lazy\" decoding=\"async\" width=\"150\" height=\"150\" src=\"https:\/\/wp.ufpel.edu.br\/labeventos\/files\/2010\/06\/DSC03045-150x150.jpg\" class=\"attachment-thumbnail size-thumbnail\" alt=\"\" aria-describedby=\"gallery-1-321\" \/><\/a>\n\t\t\t<\/dt>\n\t\t\t\t<dd class='wp-caption-text gallery-caption' id='gallery-1-321'>\n\t\t\t\tEquipe organizadora do VIII CPTUR\n\t\t\t\t<\/dd><\/dl><br style=\"clear: both\" \/><dl class='gallery-item'>\n\t\t\t<dt class='gallery-icon landscape'>\n\t\t\t\t<a href='https:\/\/wp.ufpel.edu.br\/labeventos\/files\/2010\/06\/DSC03031.jpg'><img loading=\"lazy\" decoding=\"async\" width=\"150\" height=\"150\" src=\"https:\/\/wp.ufpel.edu.br\/labeventos\/files\/2010\/06\/DSC03031-150x150.jpg\" class=\"attachment-thumbnail size-thumbnail\" alt=\"\" aria-describedby=\"gallery-1-319\" \/><\/a>\n\t\t\t<\/dt>\n\t\t\t\t<dd class='wp-caption-text gallery-caption' id='gallery-1-319'>\n\t\t\t\tCoordenadoras do CPTUR  e Laborat\u00f3rio de Eventos com palestrantes\n\t\t\t\t<\/dd><\/dl><dl class='gallery-item'>\n\t\t\t<dt class='gallery-icon landscape'>\n\t\t\t\t<a href='https:\/\/wp.ufpel.edu.br\/labeventos\/files\/2010\/06\/DSC03060.jpg'><img loading=\"lazy\" decoding=\"async\" width=\"150\" height=\"150\" src=\"https:\/\/wp.ufpel.edu.br\/labeventos\/files\/2010\/06\/DSC03060-150x150.jpg\" class=\"attachment-thumbnail size-thumbnail\" alt=\"\" aria-describedby=\"gallery-1-318\" \/><\/a>\n\t\t\t<\/dt>\n\t\t\t\t<dd class='wp-caption-text gallery-caption' id='gallery-1-318'>\n\t\t\t\tPalestra\n\t\t\t\t<\/dd><\/dl><dl class='gallery-item'>\n\t\t\t<dt class='gallery-icon landscape'>\n\t\t\t\t<a href='https:\/\/wp.ufpel.edu.br\/labeventos\/files\/2010\/06\/DSC03085.jpg'><img loading=\"lazy\" decoding=\"async\" width=\"150\" height=\"150\" src=\"https:\/\/wp.ufpel.edu.br\/labeventos\/files\/2010\/06\/DSC03085-150x150.jpg\" class=\"attachment-thumbnail size-thumbnail\" alt=\"\" aria-describedby=\"gallery-1-316\" \/><\/a>\n\t\t\t<\/dt>\n\t\t\t\t<dd class='wp-caption-text gallery-caption' id='gallery-1-316'>\n\t\t\t\tpalestra\n\t\t\t\t<\/dd><\/dl><br style=\"clear: both\" \/><dl class='gallery-item'>\n\t\t\t<dt class='gallery-icon landscape'>\n\t\t\t\t<a href='https:\/\/wp.ufpel.edu.br\/labeventos\/files\/2010\/06\/DSC03071.jpg'><img loading=\"lazy\" decoding=\"async\" width=\"150\" height=\"150\" src=\"https:\/\/wp.ufpel.edu.br\/labeventos\/files\/2010\/06\/DSC03071-150x150.jpg\" class=\"attachment-thumbnail size-thumbnail\" alt=\"\" aria-describedby=\"gallery-1-315\" \/><\/a>\n\t\t\t<\/dt>\n\t\t\t\t<dd class='wp-caption-text gallery-caption' id='gallery-1-315'>\n\t\t\t\tcoquetel \n\t\t\t\t<\/dd><\/dl><dl class='gallery-item'>\n\t\t\t<dt class='gallery-icon landscape'>\n\t\t\t\t<a href='https:\/\/wp.ufpel.edu.br\/labeventos\/files\/2010\/06\/DSC03055.jpg'><img loading=\"lazy\" decoding=\"async\" width=\"150\" height=\"150\" src=\"https:\/\/wp.ufpel.edu.br\/labeventos\/files\/2010\/06\/DSC03055-150x150.jpg\" class=\"attachment-thumbnail size-thumbnail\" alt=\"\" aria-describedby=\"gallery-1-314\" \/><\/a>\n\t\t\t<\/dt>\n\t\t\t\t<dd class='wp-caption-text gallery-caption' id='gallery-1-314'>\n\t\t\t\tM\u00fasicos &#8211; coffee-break\n\t\t\t\t<\/dd><\/dl><dl class='gallery-item'>\n\t\t\t<dt class='gallery-icon landscape'>\n\t\t\t\t<a href='https:\/\/wp.ufpel.edu.br\/labeventos\/files\/2010\/06\/DSC03018.jpg'><img loading=\"lazy\" decoding=\"async\" width=\"150\" height=\"150\" src=\"https:\/\/wp.ufpel.edu.br\/labeventos\/files\/2010\/06\/DSC03018-150x150.jpg\" class=\"attachment-thumbnail size-thumbnail\" alt=\"\" aria-describedby=\"gallery-1-313\" \/><\/a>\n\t\t\t<\/dt>\n\t\t\t\t<dd class='wp-caption-text gallery-caption' id='gallery-1-313'>\n\t\t\t\tM\u00fasico com equipe de trabalho &#8211; coquetel\n\t\t\t\t<\/dd><\/dl><br style=\"clear: both\" \/><dl class='gallery-item'>\n\t\t\t<dt class='gallery-icon portrait'>\n\t\t\t\t<a href='https:\/\/wp.ufpel.edu.br\/labeventos\/files\/2010\/06\/DSC03013.jpg'><img loading=\"lazy\" decoding=\"async\" width=\"150\" height=\"150\" src=\"https:\/\/wp.ufpel.edu.br\/labeventos\/files\/2010\/06\/DSC03013-150x150.jpg\" class=\"attachment-thumbnail size-thumbnail\" alt=\"\" aria-describedby=\"gallery-1-312\" \/><\/a>\n\t\t\t<\/dt>\n\t\t\t\t<dd class='wp-caption-text gallery-caption' id='gallery-1-312'>\n\t\t\t\tCoquetel com degusta\u00e7\u00e3o do Pelotas Colonial\n\t\t\t\t<\/dd><\/dl><dl class='gallery-item'>\n\t\t\t<dt class='gallery-icon landscape'>\n\t\t\t\t<a href='https:\/\/wp.ufpel.edu.br\/labeventos\/files\/2010\/06\/DSC03008.jpg'><img loading=\"lazy\" decoding=\"async\" width=\"150\" height=\"150\" src=\"https:\/\/wp.ufpel.edu.br\/labeventos\/files\/2010\/06\/DSC03008-150x150.jpg\" class=\"attachment-thumbnail size-thumbnail\" alt=\"\" aria-describedby=\"gallery-1-311\" \/><\/a>\n\t\t\t<\/dt>\n\t\t\t\t<dd class='wp-caption-text gallery-caption' id='gallery-1-311'>\n\t\t\t\tPalestra\n\t\t\t\t<\/dd><\/dl><dl class='gallery-item'>\n\t\t\t<dt class='gallery-icon landscape'>\n\t\t\t\t<a href='https:\/\/wp.ufpel.edu.br\/labeventos\/files\/2010\/06\/DSC03112.jpg'><img loading=\"lazy\" decoding=\"async\" width=\"150\" height=\"150\" src=\"https:\/\/wp.ufpel.edu.br\/labeventos\/files\/2010\/06\/DSC03112-150x150.jpg\" class=\"attachment-thumbnail size-thumbnail\" alt=\"\" aria-describedby=\"gallery-1-310\" \/><\/a>\n\t\t\t<\/dt>\n\t\t\t\t<dd class='wp-caption-text gallery-caption' id='gallery-1-310'>\n\t\t\t\tFesta de encerramento do CPTUR no JG \n\t\t\t\t<\/dd><\/dl><br style=\"clear: both\" \/><dl class='gallery-item'>\n\t\t\t<dt class='gallery-icon landscape'>\n\t\t\t\t<a href='https:\/\/wp.ufpel.edu.br\/labeventos\/files\/2010\/06\/DSC06093.jpg'><img loading=\"lazy\" decoding=\"async\" width=\"150\" height=\"150\" src=\"https:\/\/wp.ufpel.edu.br\/labeventos\/files\/2010\/06\/DSC06093-150x150.jpg\" class=\"attachment-thumbnail size-thumbnail\" alt=\"\" aria-describedby=\"gallery-1-286\" \/><\/a>\n\t\t\t<\/dt>\n\t\t\t\t<dd class='wp-caption-text gallery-caption' id='gallery-1-286'>\n\t\t\t\tA equipe do Laborat\u00f3rio de Eventos na recep\u00e7\u00e3o da Inaugura\u00e7\u00e3o do Pr\u00e9dio da Reitoria, das Faculdades de Letras, Nutri\u00e7\u00e3o e Enfermagem, no campus Porto &#8211; UFPel\n\t\t\t\t<\/dd><\/dl><dl class='gallery-item'>\n\t\t\t<dt class='gallery-icon landscape'>\n\t\t\t\t<a href='https:\/\/wp.ufpel.edu.br\/labeventos\/files\/2010\/06\/DSC06089.jpg'><img loading=\"lazy\" decoding=\"async\" width=\"150\" height=\"150\" src=\"https:\/\/wp.ufpel.edu.br\/labeventos\/files\/2010\/06\/DSC06089-150x150.jpg\" class=\"attachment-thumbnail size-thumbnail\" alt=\"\" aria-describedby=\"gallery-1-285\" \/><\/a>\n\t\t\t<\/dt>\n\t\t\t\t<dd class='wp-caption-text gallery-caption' id='gallery-1-285'>\n\t\t\t\tA equipe do Laborat\u00f3rio de Eventos na recep\u00e7\u00e3o da Inaugura\u00e7\u00e3o do Pr\u00e9dio da Reitoria, das Faculdades de Letras, Nutri\u00e7\u00e3o e Enfermagem, no campus Porto &#8211; UFPel\n\t\t\t\t<\/dd><\/dl><dl class='gallery-item'>\n\t\t\t<dt class='gallery-icon landscape'>\n\t\t\t\t<a href='https:\/\/wp.ufpel.edu.br\/labeventos\/files\/2010\/06\/DSC06090.jpg'><img loading=\"lazy\" decoding=\"async\" width=\"150\" height=\"150\" src=\"https:\/\/wp.ufpel.edu.br\/labeventos\/files\/2010\/06\/DSC06090-150x150.jpg\" class=\"attachment-thumbnail size-thumbnail\" alt=\"\" aria-describedby=\"gallery-1-284\" \/><\/a>\n\t\t\t<\/dt>\n\t\t\t\t<dd class='wp-caption-text gallery-caption' id='gallery-1-284'>\n\t\t\t\tA equipe do Laborat\u00f3rio de Eventos na recep\u00e7\u00e3o da Inaugura\u00e7\u00e3o do Pr\u00e9dio da Reitoria, das Faculdades de Letras, Nutri\u00e7\u00e3o e Enfermagem, no campus Porto &#8211; UFPel\n\t\t\t\t<\/dd><\/dl><br style=\"clear: both\" \/><dl class='gallery-item'>\n\t\t\t<dt class='gallery-icon landscape'>\n\t\t\t\t<a href='https:\/\/wp.ufpel.edu.br\/labeventos\/files\/2010\/06\/foto-lula.jpg'><img loading=\"lazy\" decoding=\"async\" width=\"150\" height=\"150\" src=\"https:\/\/wp.ufpel.edu.br\/labeventos\/files\/2010\/06\/foto-lula-150x150.jpg\" class=\"attachment-thumbnail size-thumbnail\" alt=\"\" aria-describedby=\"gallery-1-283\" \/><\/a>\n\t\t\t<\/dt>\n\t\t\t\t<dd class='wp-caption-text gallery-caption' id='gallery-1-283'>\n\t\t\t\tA equipe do Laborat\u00f3rio de Eventos na recep\u00e7\u00e3o da Inaugura\u00e7\u00e3o do Pr\u00e9dio da Reitoria, das Faculdades de Letras, Nutri\u00e7\u00e3o e Enfermagem, no campus Porto &#8211; UFPel\n\t\t\t\t<\/dd><\/dl><dl class='gallery-item'>\n\t\t\t<dt class='gallery-icon landscape'>\n\t\t\t\t<a href='https:\/\/wp.ufpel.edu.br\/labeventos\/files\/2010\/06\/DSC06058.jpg'><img loading=\"lazy\" decoding=\"async\" width=\"150\" height=\"150\" src=\"https:\/\/wp.ufpel.edu.br\/labeventos\/files\/2010\/06\/DSC06058-150x150.jpg\" class=\"attachment-thumbnail size-thumbnail\" alt=\"\" aria-describedby=\"gallery-1-259\" \/><\/a>\n\t\t\t<\/dt>\n\t\t\t\t<dd class='wp-caption-text gallery-caption' id='gallery-1-259'>\n\t\t\t\tEquipe do Laborat\u00f3rio de Eventos organiza cerimonial e protocolo do 1\u00ba Semin\u00e1rio de Turismo Rural na Costa Doce\n\t\t\t\t<\/dd><\/dl><dl class='gallery-item'>\n\t\t\t<dt class='gallery-icon landscape'>\n\t\t\t\t<a href='https:\/\/wp.ufpel.edu.br\/labeventos\/files\/2010\/06\/DSC05902.jpg'><img loading=\"lazy\" decoding=\"async\" width=\"150\" height=\"150\" src=\"https:\/\/wp.ufpel.edu.br\/labeventos\/files\/2010\/06\/DSC05902-150x150.jpg\" class=\"attachment-thumbnail size-thumbnail\" alt=\"\" aria-describedby=\"gallery-1-258\" srcset=\"https:\/\/wp.ufpel.edu.br\/labeventos\/files\/2010\/06\/DSC05902-150x150.jpg 150w, https:\/\/wp.ufpel.edu.br\/labeventos\/files\/2010\/06\/DSC05902-300x298.jpg 300w, https:\/\/wp.ufpel.edu.br\/labeventos\/files\/2010\/06\/DSC05902.jpg 483w\" sizes=\"auto, (max-width: 150px) 100vw, 150px\" \/><\/a>\n\t\t\t<\/dt>\n\t\t\t\t<dd class='wp-caption-text gallery-caption' id='gallery-1-258'>\n\t\t\t\tEquipe do Laborat\u00f3rio de Eventos organiza cerimonial e protocolo de formatura interna do Curso de Bacharelado em Turismo\n\t\t\t\t<\/dd><\/dl><br style=\"clear: both\" \/><dl class='gallery-item'>\n\t\t\t<dt class='gallery-icon landscape'>\n\t\t\t\t<a href='https:\/\/wp.ufpel.edu.br\/labeventos\/files\/2010\/06\/S5031490-e1285956998472.jpg'><img loading=\"lazy\" decoding=\"async\" width=\"150\" height=\"124\" src=\"https:\/\/wp.ufpel.edu.br\/labeventos\/files\/2010\/06\/S5031490-e1285957113940-150x124.jpg\" class=\"attachment-thumbnail size-thumbnail\" alt=\"\" aria-describedby=\"gallery-1-244\" \/><\/a>\n\t\t\t<\/dt>\n\t\t\t\t<dd class='wp-caption-text gallery-caption' id='gallery-1-244'>\n\t\t\t\tLaborat\u00f3rio de Eventos presente no 4\u00ba Congreso de Investigaci\u00f3n Tur\u00edstica em Montevideo.\n\t\t\t\t<\/dd><\/dl><dl class='gallery-item'>\n\t\t\t<dt class='gallery-icon landscape'>\n\t\t\t\t<a href='https:\/\/wp.ufpel.edu.br\/labeventos\/files\/2010\/06\/DSC05205-e1285957443456.jpg'><img loading=\"lazy\" decoding=\"async\" width=\"150\" height=\"150\" src=\"https:\/\/wp.ufpel.edu.br\/labeventos\/files\/2010\/06\/DSC05205-e1285957443456-150x150.jpg\" class=\"attachment-thumbnail size-thumbnail\" alt=\"\" aria-describedby=\"gallery-1-95\" \/><\/a>\n\t\t\t<\/dt>\n\t\t\t\t<dd class='wp-caption-text gallery-caption' id='gallery-1-95'>\n\t\t\t\tRecep\u00e7\u00e3o dos Bixos 2010 com Coquetel\n\t\t\t\t<\/dd><\/dl><dl class='gallery-item'>\n\t\t\t<dt class='gallery-icon landscape'>\n\t\t\t\t<a href='https:\/\/wp.ufpel.edu.br\/labeventos\/files\/2010\/06\/C\u00f3pia-de-fim-de-ano-066.jpg'><img loading=\"lazy\" decoding=\"async\" width=\"150\" height=\"150\" src=\"https:\/\/wp.ufpel.edu.br\/labeventos\/files\/2010\/06\/C\u00f3pia-de-fim-de-ano-066-150x150.jpg\" class=\"attachment-thumbnail size-thumbnail\" alt=\"\" aria-describedby=\"gallery-1-119\" \/><\/a>\n\t\t\t<\/dt>\n\t\t\t\t<dd class='wp-caption-text gallery-caption' id='gallery-1-119'>\n\t\t\t\tFesta Fim de Ano\/Encerramento 2009\/2\n\t\t\t\t<\/dd><\/dl><br style=\"clear: both\" \/><dl class='gallery-item'>\n\t\t\t<dt class='gallery-icon landscape'>\n\t\t\t\t<a href='https:\/\/wp.ufpel.edu.br\/labeventos\/files\/2010\/06\/C\u00f3pia-de-fim-de-ano-076.jpg'><img loading=\"lazy\" decoding=\"async\" width=\"150\" height=\"150\" src=\"https:\/\/wp.ufpel.edu.br\/labeventos\/files\/2010\/06\/C\u00f3pia-de-fim-de-ano-076-150x150.jpg\" class=\"attachment-thumbnail size-thumbnail\" alt=\"\" aria-describedby=\"gallery-1-121\" \/><\/a>\n\t\t\t<\/dt>\n\t\t\t\t<dd class='wp-caption-text gallery-caption' id='gallery-1-121'>\n\t\t\t\tFesta de Fim de Ano &#8211; Encerramento Semestre 2009\/2\n\t\t\t\t<\/dd><\/dl><dl class='gallery-item'>\n\t\t\t<dt class='gallery-icon landscape'>\n\t\t\t\t<a href='https:\/\/wp.ufpel.edu.br\/labeventos\/files\/2010\/06\/C\u00f3pia-de-fim-de-ano-080.jpg'><img loading=\"lazy\" decoding=\"async\" width=\"150\" height=\"150\" src=\"https:\/\/wp.ufpel.edu.br\/labeventos\/files\/2010\/06\/C\u00f3pia-de-fim-de-ano-080-150x150.jpg\" class=\"attachment-thumbnail size-thumbnail\" alt=\"\" aria-describedby=\"gallery-1-120\" \/><\/a>\n\t\t\t<\/dt>\n\t\t\t\t<dd class='wp-caption-text gallery-caption' id='gallery-1-120'>\n\t\t\t\tFesta de Fim de Ano e Encerramento do Semestre 2009\/2\n\t\t\t\t<\/dd><\/dl><dl class='gallery-item'>\n\t\t\t<dt class='gallery-icon landscape'>\n\t\t\t\t<a href='https:\/\/wp.ufpel.edu.br\/labeventos\/files\/2010\/06\/DSC05269.jpg'><img loading=\"lazy\" decoding=\"async\" width=\"150\" height=\"150\" src=\"https:\/\/wp.ufpel.edu.br\/labeventos\/files\/2010\/06\/DSC05269-150x150.jpg\" class=\"attachment-thumbnail size-thumbnail\" alt=\"\" aria-describedby=\"gallery-1-125\" \/><\/a>\n\t\t\t<\/dt>\n\t\t\t\t<dd class='wp-caption-text gallery-caption' id='gallery-1-125'>\n\t\t\t\tLaborat\u00f3rio de Eventos no Semin\u00e1rios Eventos do Sul, em Caxias do Sul\/RS\n\t\t\t\t<\/dd><\/dl><br style=\"clear: both\" \/><dl class='gallery-item'>\n\t\t\t<dt class='gallery-icon landscape'>\n\t\t\t\t<a href='https:\/\/wp.ufpel.edu.br\/labeventos\/files\/2010\/06\/DSC05271.jpg'><img loading=\"lazy\" decoding=\"async\" width=\"150\" height=\"150\" src=\"https:\/\/wp.ufpel.edu.br\/labeventos\/files\/2010\/06\/DSC05271-150x150.jpg\" class=\"attachment-thumbnail size-thumbnail\" alt=\"\" aria-describedby=\"gallery-1-126\" \/><\/a>\n\t\t\t<\/dt>\n\t\t\t\t<dd class='wp-caption-text gallery-caption' id='gallery-1-126'>\n\t\t\t\tSemin\u00e1rios Eventos do Sul, em Caxias do Sul-RS\n\t\t\t\t<\/dd><\/dl><dl class='gallery-item'>\n\t\t\t<dt class='gallery-icon landscape'>\n\t\t\t\t<a href='https:\/\/wp.ufpel.edu.br\/labeventos\/files\/2010\/06\/DSC05323.jpg'><img loading=\"lazy\" decoding=\"async\" width=\"150\" height=\"150\" src=\"https:\/\/wp.ufpel.edu.br\/labeventos\/files\/2010\/06\/DSC05323-150x150.jpg\" class=\"attachment-thumbnail size-thumbnail\" alt=\"\" aria-describedby=\"gallery-1-122\" \/><\/a>\n\t\t\t<\/dt>\n\t\t\t\t<dd class='wp-caption-text gallery-caption' id='gallery-1-122'>\n\t\t\t\tEquipe do Laborat\u00f3rio de Eventos &#8211; Festa Julina do Turismo\n\t\t\t\t<\/dd><\/dl><dl class='gallery-item'>\n\t\t\t<dt class='gallery-icon landscape'>\n\t\t\t\t<a href='https:\/\/wp.ufpel.edu.br\/labeventos\/files\/2010\/06\/DSC05326.jpg'><img loading=\"lazy\" decoding=\"async\" width=\"150\" height=\"150\" src=\"https:\/\/wp.ufpel.edu.br\/labeventos\/files\/2010\/06\/DSC05326-150x150.jpg\" class=\"attachment-thumbnail size-thumbnail\" alt=\"\" aria-describedby=\"gallery-1-124\" \/><\/a>\n\t\t\t<\/dt>\n\t\t\t\t<dd class='wp-caption-text gallery-caption' id='gallery-1-124'>\n\t\t\t\tCasamento na ro\u00e7a na Festa Julina do Turismo\n\t\t\t\t<\/dd><\/dl><br style=\"clear: both\" \/><dl class='gallery-item'>\n\t\t\t<dt class='gallery-icon landscape'>\n\t\t\t\t<a href='https:\/\/wp.ufpel.edu.br\/labeventos\/files\/2010\/06\/DSC05337.jpg'><img loading=\"lazy\" decoding=\"async\" width=\"150\" height=\"150\" src=\"https:\/\/wp.ufpel.edu.br\/labeventos\/files\/2010\/06\/DSC05337-150x150.jpg\" class=\"attachment-thumbnail size-thumbnail\" alt=\"\" aria-describedby=\"gallery-1-123\" \/><\/a>\n\t\t\t<\/dt>\n\t\t\t\t<dd class='wp-caption-text gallery-caption' id='gallery-1-123'>\n\t\t\t\tLaborat\u00f3rio de Eventos e Professores do Turismo na Festa Julina\n\t\t\t\t<\/dd><\/dl>\n\t\t\t<br style='clear: both' \/>\n\t\t<\/div>\n\n","protected":false},"excerpt":{"rendered":"","protected":false},"author":63,"featured_media":0,"parent":0,"menu_order":5,"comment_status":"closed","ping_status":"open","template":"","meta":{"footnotes":""},"class_list":["post-20","page","type-page","status-publish","hentry"],"_links":{"self":[{"href":"https:\/\/wp.ufpel.edu.br\/labeventos\/wp-json\/wp\/v2\/pages\/20","targetHints":{"allow":["GET"]}}],"collection":[{"href":"https:\/\/wp.ufpel.edu.br\/labeventos\/wp-json\/wp\/v2\/pages"}],"about":[{"href":"https:\/\/wp.ufpel.edu.br\/labeventos\/wp-json\/wp\/v2\/types\/page"}],"author":[{"embeddable":true,"href":"https:\/\/wp.ufpel.edu.br\/labeventos\/wp-json\/wp\/v2\/users\/63"}],"replies":[{"embeddable":true,"href":"https:\/\/wp.ufpel.edu.br\/labeventos\/wp-json\/wp\/v2\/comments?post=20"}],"version-history":[{"count":25,"href":"https:\/\/wp.ufpel.edu.br\/labeventos\/wp-json\/wp\/v2\/pages\/20\/revisions"}],"predecessor-version":[{"id":324,"href":"https:\/\/wp.ufpel.edu.br\/labeventos\/wp-json\/wp\/v2\/pages\/20\/revisions\/324"}],"wp:attachment":[{"href":"https:\/\/wp.ufpel.edu.br\/labeventos\/wp-json\/wp\/v2\/media?parent=20"}],"curies":[{"name":"wp","href":"https:\/\/api.w.org\/{rel}","templated":true}]}}