{"id":199,"date":"2010-09-07T16:26:29","date_gmt":"2010-09-07T19:26:29","guid":{"rendered":"https:\/\/wp.ufpel.edu.br\/labeventos\/"},"modified":"2010-09-13T16:20:53","modified_gmt":"2010-09-13T19:20:53","slug":"kit-evento","status":"publish","type":"page","link":"https:\/\/wp.ufpel.edu.br\/labeventos\/kit-evento\/","title":{"rendered":"Kit Evento"},"content":{"rendered":"<p style=\"text-align: justify\">\u00a0\u00a0\u00a0\u00a0\u00a0 O Laborat\u00f3rio de Eventos est\u00e1 lan\u00e7ando o \u201cKit Evento\u201d, um conjunto de servi\u00e7os executados pela equipe do laborat\u00f3rio para bem atender seu evento.<\/p>\n<p style=\"text-align: justify\">\u00a0\u00a0\u00a0\u00a0 \u00a0Neste encontram-se: servi\u00e7o de recepcionistas, organiza\u00e7\u00e3o de coffee-break, formata\u00e7\u00e3o de check-list, lista de presen\u00e7a do evento e empr\u00e9stimo de bandeiras para o cerimonial.<\/p>\n<p style=\"text-align: justify\">\u00a0\u00a0\u00a0\u00a0\u00a0 Informa\u00e7\u00f5es pelo telefone (53)\u00a03222.1526 ou pelo email: labeventos@ufpel.edu.br.<\/p>\n","protected":false},"excerpt":{"rendered":"<p>\u00a0\u00a0\u00a0\u00a0\u00a0 O Laborat\u00f3rio de Eventos est\u00e1 lan\u00e7ando o \u201cKit Evento\u201d, um conjunto de servi\u00e7os executados pela equipe do laborat\u00f3rio para bem atender seu evento. \u00a0\u00a0\u00a0\u00a0 \u00a0Neste encontram-se: servi\u00e7o de recepcionistas, organiza\u00e7\u00e3o de coffee-break, formata\u00e7\u00e3o de check-list, lista de presen\u00e7a do evento e empr\u00e9stimo de bandeiras para o cerimonial. \u00a0\u00a0\u00a0\u00a0\u00a0 Informa\u00e7\u00f5es pelo telefone (53)\u00a03222.1526 ou pelo [&hellip;]<\/p>\n","protected":false},"author":63,"featured_media":0,"parent":0,"menu_order":2,"comment_status":"closed","ping_status":"open","template":"","meta":{"footnotes":""},"class_list":["post-199","page","type-page","status-publish","hentry"],"_links":{"self":[{"href":"https:\/\/wp.ufpel.edu.br\/labeventos\/wp-json\/wp\/v2\/pages\/199","targetHints":{"allow":["GET"]}}],"collection":[{"href":"https:\/\/wp.ufpel.edu.br\/labeventos\/wp-json\/wp\/v2\/pages"}],"about":[{"href":"https:\/\/wp.ufpel.edu.br\/labeventos\/wp-json\/wp\/v2\/types\/page"}],"author":[{"embeddable":true,"href":"https:\/\/wp.ufpel.edu.br\/labeventos\/wp-json\/wp\/v2\/users\/63"}],"replies":[{"embeddable":true,"href":"https:\/\/wp.ufpel.edu.br\/labeventos\/wp-json\/wp\/v2\/comments?post=199"}],"version-history":[{"count":10,"href":"https:\/\/wp.ufpel.edu.br\/labeventos\/wp-json\/wp\/v2\/pages\/199\/revisions"}],"predecessor-version":[{"id":215,"href":"https:\/\/wp.ufpel.edu.br\/labeventos\/wp-json\/wp\/v2\/pages\/199\/revisions\/215"}],"wp:attachment":[{"href":"https:\/\/wp.ufpel.edu.br\/labeventos\/wp-json\/wp\/v2\/media?parent=199"}],"curies":[{"name":"wp","href":"https:\/\/api.w.org\/{rel}","templated":true}]}}