{"id":179,"date":"2010-08-23T22:36:14","date_gmt":"2010-08-24T01:36:14","guid":{"rendered":"https:\/\/wp.ufpel.edu.br\/labeventos\/"},"modified":"2010-09-13T16:23:23","modified_gmt":"2010-09-13T19:23:23","slug":"horario-de-atendimento","status":"publish","type":"page","link":"https:\/\/wp.ufpel.edu.br\/labeventos\/horario-de-atendimento\/","title":{"rendered":"Hor\u00e1rio de Atendimento"},"content":{"rendered":"<p>Hor\u00e1rio de Atendimento do Laborat\u00f3rio de Eventos<\/p>\n<p>Segunda \u00e0 Sexta: 08h \u00e0s 12h &#8211; 14h \u00e0s 18h<\/p>\n","protected":false},"excerpt":{"rendered":"<p>Hor\u00e1rio de Atendimento do Laborat\u00f3rio de Eventos Segunda \u00e0 Sexta: 08h \u00e0s 12h &#8211; 14h \u00e0s 18h<\/p>\n","protected":false},"author":63,"featured_media":0,"parent":0,"menu_order":4,"comment_status":"closed","ping_status":"closed","template":"","meta":{"footnotes":""},"class_list":["post-179","page","type-page","status-publish","hentry"],"_links":{"self":[{"href":"https:\/\/wp.ufpel.edu.br\/labeventos\/wp-json\/wp\/v2\/pages\/179","targetHints":{"allow":["GET"]}}],"collection":[{"href":"https:\/\/wp.ufpel.edu.br\/labeventos\/wp-json\/wp\/v2\/pages"}],"about":[{"href":"https:\/\/wp.ufpel.edu.br\/labeventos\/wp-json\/wp\/v2\/types\/page"}],"author":[{"embeddable":true,"href":"https:\/\/wp.ufpel.edu.br\/labeventos\/wp-json\/wp\/v2\/users\/63"}],"replies":[{"embeddable":true,"href":"https:\/\/wp.ufpel.edu.br\/labeventos\/wp-json\/wp\/v2\/comments?post=179"}],"version-history":[{"count":3,"href":"https:\/\/wp.ufpel.edu.br\/labeventos\/wp-json\/wp\/v2\/pages\/179\/revisions"}],"predecessor-version":[{"id":223,"href":"https:\/\/wp.ufpel.edu.br\/labeventos\/wp-json\/wp\/v2\/pages\/179\/revisions\/223"}],"wp:attachment":[{"href":"https:\/\/wp.ufpel.edu.br\/labeventos\/wp-json\/wp\/v2\/media?parent=179"}],"curies":[{"name":"wp","href":"https:\/\/api.w.org\/{rel}","templated":true}]}}