{"id":17,"date":"2010-06-07T17:34:49","date_gmt":"2010-06-07T20:34:49","guid":{"rendered":"https:\/\/wp.ufpel.edu.br\/labeventos\/?page_id=17"},"modified":"2010-09-13T16:22:48","modified_gmt":"2010-09-13T19:22:48","slug":"materiais-para-emprestimo","status":"publish","type":"page","link":"https:\/\/wp.ufpel.edu.br\/labeventos\/materiais-para-emprestimo\/","title":{"rendered":"Materiais para Empr\u00e9stimo"},"content":{"rendered":"<ul>\n<li>bandeja prata (5)<\/li>\n<li>talheres de uso comum<\/li>\n<li>mesa redonda (1)<\/li>\n<li>jarra de vidro (4)<\/li>\n<li>prato de vidro raso (16)<\/li>\n<li>prato de vidro fundo (17)<\/li>\n<li>puff azul (3)<\/li>\n<li>pedestal para microfone (1)<\/li>\n<li>ta\u00e7a grande (116)<\/li>\n<li>ta\u00e7a pequena (72)<\/li>\n<li>placa UFPel (2)<\/li>\n<li>mural (2)<\/li>\n<li>caixa de som (4)<\/li>\n<li>mastro grande (3)<\/li>\n<li>suporte para mastro triplo (1)<\/li>\n<li>suporte para microfone (1)<\/li>\n<li>microfone (1)<\/li>\n<li>compartimento para instrumentos musicais (1)<\/li>\n<li>mastro normal (7)<\/li>\n<li>suporte para mastro (8)<\/li>\n<li>bandeiras:<\/li>\n<\/ul>\n<p style=\"text-align: justify\">&#8211; UFPel (1); Pelotas (1); AULP (2); Mo\u00e7ambique (2); Uruguai (2); Cabo Verde (2); Brasil (3); Brasil (camur\u00e7a) (1); Rio Grande do Sul (3); S\u00e3o Tom\u00e9 (2); Portugal (1); Guin\u00e9 Bissau (2); Bol\u00edvia (3); Uni\u00e3o Europ\u00e9ia (1); Macau (2);\u00a0Paraguai (2); Angola (2); Chile (3); Cangu\u00e7u (1); Argentina (3).<\/p>\n","protected":false},"excerpt":{"rendered":"<p>bandeja prata (5) talheres de uso comum mesa redonda (1) jarra de vidro (4) prato de vidro raso (16) prato de vidro fundo (17) puff azul (3) pedestal para microfone (1) ta\u00e7a grande (116) ta\u00e7a pequena (72) placa UFPel (2) mural (2) caixa de som (4) mastro grande (3) suporte para mastro triplo (1) suporte [&hellip;]<\/p>\n","protected":false},"author":63,"featured_media":0,"parent":0,"menu_order":3,"comment_status":"closed","ping_status":"open","template":"","meta":{"footnotes":""},"class_list":["post-17","page","type-page","status-publish","hentry"],"_links":{"self":[{"href":"https:\/\/wp.ufpel.edu.br\/labeventos\/wp-json\/wp\/v2\/pages\/17","targetHints":{"allow":["GET"]}}],"collection":[{"href":"https:\/\/wp.ufpel.edu.br\/labeventos\/wp-json\/wp\/v2\/pages"}],"about":[{"href":"https:\/\/wp.ufpel.edu.br\/labeventos\/wp-json\/wp\/v2\/types\/page"}],"author":[{"embeddable":true,"href":"https:\/\/wp.ufpel.edu.br\/labeventos\/wp-json\/wp\/v2\/users\/63"}],"replies":[{"embeddable":true,"href":"https:\/\/wp.ufpel.edu.br\/labeventos\/wp-json\/wp\/v2\/comments?post=17"}],"version-history":[{"count":8,"href":"https:\/\/wp.ufpel.edu.br\/labeventos\/wp-json\/wp\/v2\/pages\/17\/revisions"}],"predecessor-version":[{"id":38,"href":"https:\/\/wp.ufpel.edu.br\/labeventos\/wp-json\/wp\/v2\/pages\/17\/revisions\/38"}],"wp:attachment":[{"href":"https:\/\/wp.ufpel.edu.br\/labeventos\/wp-json\/wp\/v2\/media?parent=17"}],"curies":[{"name":"wp","href":"https:\/\/api.w.org\/{rel}","templated":true}]}}