{"id":14,"date":"2010-06-07T11:09:24","date_gmt":"2010-06-07T14:09:24","guid":{"rendered":"https:\/\/wp.ufpel.edu.br\/labeventos\/?page_id=14"},"modified":"2010-08-23T22:55:07","modified_gmt":"2010-08-24T01:55:07","slug":"servicos-prestados","status":"publish","type":"page","link":"https:\/\/wp.ufpel.edu.br\/labeventos\/servicos-prestados\/","title":{"rendered":"Finalidade e Servi\u00e7os Prestados"},"content":{"rendered":"<p style=\"text-align: justify\"><span style=\"text-decoration: underline\">Finalidade:<\/span><\/p>\n<p style=\"text-align: justify\">O\u00a0<strong>Laborat\u00f3rio de Eventos<\/strong> tem por finalidade a presta\u00e7\u00e3o de servi\u00e7os em eventos destinados \u00e0 comunidade acad\u00eamica da UFPEL\u00a0e comunidade em geral. Al\u00e9m disso, qualificar o ensino atrav\u00e9s da experi\u00eancia no atendimento \u00e0s demandas em planejamento e organiza\u00e7\u00e3o de eventos.<\/p>\n<p style=\"text-align: justify\"><span style=\"text-decoration: underline\">Servi\u00e7os:<\/span><\/p>\n<ul>\n<li>Recep\u00e7\u00e3o em eventos;<\/li>\n<li>Organiza\u00e7\u00e3o de coquet\u00e9is e coffee &#8211; break (or\u00e7amentos e organiza\u00e7\u00e3o);<\/li>\n<li>Empr\u00e9stimo de materiais;<\/li>\n<li>Organiza\u00e7\u00e3o de eventos, aulas inaugurais, confraterniza\u00e7\u00f5es, aux\u00edlio em aulas espec\u00edficas relacionadas \u00e0 eventos e gastronomia.<\/li>\n<\/ul>\n","protected":false},"excerpt":{"rendered":"<p>Finalidade: O\u00a0Laborat\u00f3rio de Eventos tem por finalidade a presta\u00e7\u00e3o de servi\u00e7os em eventos destinados \u00e0 comunidade acad\u00eamica da UFPEL\u00a0e comunidade em geral. Al\u00e9m disso, qualificar o ensino atrav\u00e9s da experi\u00eancia no atendimento \u00e0s demandas em planejamento e organiza\u00e7\u00e3o de eventos. Servi\u00e7os: Recep\u00e7\u00e3o em eventos; Organiza\u00e7\u00e3o de coquet\u00e9is e coffee &#8211; break (or\u00e7amentos e organiza\u00e7\u00e3o); Empr\u00e9stimo [&hellip;]<\/p>\n","protected":false},"author":63,"featured_media":0,"parent":0,"menu_order":2,"comment_status":"closed","ping_status":"closed","template":"","meta":{"footnotes":""},"class_list":["post-14","page","type-page","status-publish","hentry"],"_links":{"self":[{"href":"https:\/\/wp.ufpel.edu.br\/labeventos\/wp-json\/wp\/v2\/pages\/14","targetHints":{"allow":["GET"]}}],"collection":[{"href":"https:\/\/wp.ufpel.edu.br\/labeventos\/wp-json\/wp\/v2\/pages"}],"about":[{"href":"https:\/\/wp.ufpel.edu.br\/labeventos\/wp-json\/wp\/v2\/types\/page"}],"author":[{"embeddable":true,"href":"https:\/\/wp.ufpel.edu.br\/labeventos\/wp-json\/wp\/v2\/users\/63"}],"replies":[{"embeddable":true,"href":"https:\/\/wp.ufpel.edu.br\/labeventos\/wp-json\/wp\/v2\/comments?post=14"}],"version-history":[{"count":8,"href":"https:\/\/wp.ufpel.edu.br\/labeventos\/wp-json\/wp\/v2\/pages\/14\/revisions"}],"predecessor-version":[{"id":16,"href":"https:\/\/wp.ufpel.edu.br\/labeventos\/wp-json\/wp\/v2\/pages\/14\/revisions\/16"}],"wp:attachment":[{"href":"https:\/\/wp.ufpel.edu.br\/labeventos\/wp-json\/wp\/v2\/media?parent=14"}],"curies":[{"name":"wp","href":"https:\/\/api.w.org\/{rel}","templated":true}]}}