{"id":840,"date":"2024-07-26T20:59:33","date_gmt":"2024-07-26T23:59:33","guid":{"rendered":"https:\/\/wp.ufpel.edu.br\/labeq\/?page_id=840"},"modified":"2024-07-26T21:02:29","modified_gmt":"2024-07-27T00:02:29","slug":"outros-materiais","status":"publish","type":"page","link":"https:\/\/wp.ufpel.edu.br\/labeq\/producoes\/outros-materiais\/","title":{"rendered":"Outros Materiais"},"content":{"rendered":"<p>P\u00e1gina em atualiza\u00e7\u00e3o<\/p>\n","protected":false},"excerpt":{"rendered":"<p>P\u00e1gina em atualiza\u00e7\u00e3o<\/p>\n","protected":false},"author":590,"featured_media":0,"parent":180,"menu_order":0,"comment_status":"closed","ping_status":"closed","template":"","meta":{"footnotes":""},"class_list":["post-840","page","type-page","status-publish","hentry"],"jetpack-related-posts":[{"id":834,"url":"https:\/\/wp.ufpel.edu.br\/labeq\/producoes\/materiais-didaticos-e-produtos-educacionais\/","url_meta":{"origin":840,"position":0},"title":"Materiais Did\u00e1ticos e Produtos Educacionais","author":"labeq","date":"26\/07\/2024","format":false,"excerpt":"P\u00e1gina em atualiza\u00e7\u00e3o","rel":"","context":"Post similar","block_context":{"text":"Post similar","link":""},"img":{"alt_text":"","src":"","width":0,"height":0},"classes":[]},{"id":180,"url":"https:\/\/wp.ufpel.edu.br\/labeq\/producoes\/","url_meta":{"origin":840,"position":1},"title":"Produ\u00e7\u00f5es e Acervo","author":"labeq","date":"11\/08\/2022","format":false,"excerpt":"O grupo de pesquisa LABEQ realiza produ\u00e7\u00f5es muito variadas: de artigos, livros e cap\u00edtulos de livros a materiais did\u00e1ticos, instrumentos e ferramentas. Nesta p\u00e1gina voc\u00ea poder\u00e1 ter acesso \u00e0s refer\u00eancias dos materiais publicados em revistas, livros e cap\u00edtulos de livros, assim como a disponibiliza\u00e7\u00e3o dos arquivos dos demais materiais ainda\u2026","rel":"","context":"Post similar","block_context":{"text":"Post similar","link":""},"img":{"alt_text":"","src":"","width":0,"height":0},"classes":[]},{"id":825,"url":"https:\/\/wp.ufpel.edu.br\/labeq\/producoes\/artigos\/","url_meta":{"origin":840,"position":2},"title":"Artigos","author":"labeq","date":"26\/07\/2024","format":false,"excerpt":"P\u00e1gina em atualiza\u00e7\u00e3o","rel":"","context":"Post similar","block_context":{"text":"Post similar","link":""},"img":{"alt_text":"","src":"","width":0,"height":0},"classes":[]},{"id":828,"url":"https:\/\/wp.ufpel.edu.br\/labeq\/producoes\/livros\/","url_meta":{"origin":840,"position":3},"title":"Livros","author":"labeq","date":"26\/07\/2024","format":false,"excerpt":"P\u00e1gina em atualiza\u00e7\u00e3o","rel":"","context":"Post similar","block_context":{"text":"Post similar","link":""},"img":{"alt_text":"","src":"","width":0,"height":0},"classes":[]},{"id":831,"url":"https:\/\/wp.ufpel.edu.br\/labeq\/producoes\/capitulos-de-livros\/","url_meta":{"origin":840,"position":4},"title":"Cap\u00edtulos de Livros","author":"labeq","date":"26\/07\/2024","format":false,"excerpt":"P\u00e1gina em atualiza\u00e7\u00e3o","rel":"","context":"Post similar","block_context":{"text":"Post similar","link":""},"img":{"alt_text":"","src":"","width":0,"height":0},"classes":[]},{"id":837,"url":"https:\/\/wp.ufpel.edu.br\/labeq\/producoes\/videos-fotos-e-posts\/","url_meta":{"origin":840,"position":5},"title":"V\u00eddeos, fotos e posts","author":"labeq","date":"26\/07\/2024","format":false,"excerpt":"P\u00e1gina em atualiza\u00e7\u00e3o","rel":"","context":"Post similar","block_context":{"text":"Post similar","link":""},"img":{"alt_text":"","src":"","width":0,"height":0},"classes":[]}],"jetpack_sharing_enabled":true,"_links":{"self":[{"href":"https:\/\/wp.ufpel.edu.br\/labeq\/wp-json\/wp\/v2\/pages\/840","targetHints":{"allow":["GET"]}}],"collection":[{"href":"https:\/\/wp.ufpel.edu.br\/labeq\/wp-json\/wp\/v2\/pages"}],"about":[{"href":"https:\/\/wp.ufpel.edu.br\/labeq\/wp-json\/wp\/v2\/types\/page"}],"author":[{"embeddable":true,"href":"https:\/\/wp.ufpel.edu.br\/labeq\/wp-json\/wp\/v2\/users\/590"}],"replies":[{"embeddable":true,"href":"https:\/\/wp.ufpel.edu.br\/labeq\/wp-json\/wp\/v2\/comments?post=840"}],"version-history":[{"count":3,"href":"https:\/\/wp.ufpel.edu.br\/labeq\/wp-json\/wp\/v2\/pages\/840\/revisions"}],"predecessor-version":[{"id":851,"href":"https:\/\/wp.ufpel.edu.br\/labeq\/wp-json\/wp\/v2\/pages\/840\/revisions\/851"}],"up":[{"embeddable":true,"href":"https:\/\/wp.ufpel.edu.br\/labeq\/wp-json\/wp\/v2\/pages\/180"}],"wp:attachment":[{"href":"https:\/\/wp.ufpel.edu.br\/labeq\/wp-json\/wp\/v2\/media?parent=840"}],"curies":[{"name":"wp","href":"https:\/\/api.w.org\/{rel}","templated":true}]}}