{"id":569,"date":"2023-03-14T12:15:48","date_gmt":"2023-03-14T15:15:48","guid":{"rendered":"https:\/\/wp.ufpel.edu.br\/labeq\/?page_id=569"},"modified":"2023-05-10T09:26:59","modified_gmt":"2023-05-10T12:26:59","slug":"do-laboratorio-da-pesquisa-ao-laboratorio-escolar","status":"publish","type":"page","link":"https:\/\/wp.ufpel.edu.br\/labeq\/projetos\/do-laboratorio-da-pesquisa-ao-laboratorio-escolar\/","title":{"rendered":"Do laborat\u00f3rio da pesquisa ao laborat\u00f3rio escolar"},"content":{"rendered":"<div style=\"padding-left: 40px; padding-right: 40px; padding-up: 40px;\">\n<p>&nbsp;<\/p>\n<p><span style=\"color: #000000;\">O projeto &#8220;Do laborat\u00f3rio da pesquisa ao laborat\u00f3rio escolar&#8221; tem como objetivo integrar a extens\u00e3o nos cursos de Qu\u00edmica por meio da colabora\u00e7\u00e3o dos profissionais formados nesses cursos com os laborat\u00f3rios escolares. A parceria com as escolas \u00e9 vista como uma a\u00e7\u00e3o estrat\u00e9gica para a melhoria da forma\u00e7\u00e3o dos estudantes e outros sujeitos escolares, permitindo a utiliza\u00e7\u00e3o dos espa\u00e7os laboratoriais de forma adequada.<\/span><\/p>\n<p><span style=\"color: #000000;\">Normalmente, os laborat\u00f3rios das escolas n\u00e3o possuem pessoal com forma\u00e7\u00e3o adequada para organiz\u00e1-los e trat\u00e1-los, o que acaba sobrecarregando os docentes das escolas. Por isso, \u00e9 fundamental que a forma\u00e7\u00e3o em Qu\u00edmica esteja integrada com as necessidades das escolas por meio de uma parceria entre o projeto, seus integrantes e os docentes das escolas.<\/span><\/p>\n<p style=\"padding-left: 40px; text-align: justify;\"><span style=\"color: #000000;\">Abaixo \u00e9 poss\u00edvel selecionar os dados das escolas parceiras Click para maiores informa\u00e7\u00f5es.<\/span><\/p>\n<table style=\"border-collapse: collapse; width: 100%;\" border=\"0\">\n<tbody>\n<tr style=\"height: 214px;\">\n<td style=\"width: 50%; height: 115px;\"><a href=\"https:\/\/wp.ufpel.edu.br\/labeq\/projetos\/extensao\/do-laboratorio-da-pesquisa-ao-laboratorio-escolar\/instituto-estadual-de-educacao-assis-brasil\/\"><img class=\"size-full wp-image-558 aligncenter\" src=\"https:\/\/wp.ufpel.edu.br\/labeq\/files\/2023\/03\/baixados.jpg\" alt=\"\" width=\"138\" height=\"136\" \/><\/a><\/td>\n<td style=\"width: 50%; height: 115px;\"><a href=\"https:\/\/wp.ufpel.edu.br\/labeq\/projetos\/extensao\/do-laboratorio-da-pesquisa-ao-laboratorio-escolar\/colegio-tiradentes-da-brigada-militar-de-pelotas\/\"><img class=\"wp-image-557 aligncenter\" src=\"https:\/\/wp.ufpel.edu.br\/labeq\/files\/2023\/03\/11152603_92004_GDO.jpg\" alt=\"\" width=\"138\" height=\"136\" \/><\/a><\/td>\n<\/tr>\n<tr style=\"height: 56px;\">\n<td style=\"width: 50%; height: 22px;\">\n<p style=\"text-align: center;\">Instituto Estadual de Educa\u00e7\u00e3o Assis Brasil<\/p>\n<p style=\"text-align: center;\"><span style=\"color: #ffffff;\"><a style=\"background-color: #991699; color: #fff; border: none; padding: 5px 20px; font-size: 16px; border-radius: 10px; cursor: pointer; transition: all 0.3s ease;\" href=\"https:\/\/wp.ufpel.edu.br\/labeq\/projetos\/extensao\/do-laboratorio-da-pesquisa-ao-laboratorio-escolar\/instituto-estadual-de-educacao-assis-brasil\/\">Click Aqui<\/a><\/span><\/p>\n<\/td>\n<td style=\"width: 50%; height: 22px;\">\n<p style=\"text-align: center;\">Col\u00e9gio Tiradentes Da Brigada Militar<\/p>\n<p style=\"text-align: center;\"><span style=\"color: #0000ff;\"><a style=\"background-color: #991699; color: #fff; border: none; padding: 5px 20px; font-size: 16px; border-radius: 10px; cursor: pointer; transition: all 0.3s ease;\" href=\"https:\/\/wp.ufpel.edu.br\/labeq\/projetos\/extensao\/do-laboratorio-da-pesquisa-ao-laboratorio-escolar\/colegio-tiradentes-da-brigada-militar-de-pelotas\/\">Click Aqui<\/a><\/span><\/p>\n<\/td>\n<\/tr>\n<tr style=\"height: 178px;\">\n<td style=\"width: 50%; height: 73px;\"><a href=\"https:\/\/wp.ufpel.edu.br\/labeq\/colegio-municipal-pelotense\/\"><img class=\" wp-image-559 aligncenter\" src=\"https:\/\/wp.ufpel.edu.br\/labeq\/files\/2023\/03\/baixados.png\" alt=\"\" width=\"138\" height=\"138\" srcset=\"https:\/\/wp.ufpel.edu.br\/labeq\/files\/2023\/03\/baixados.png 225w, https:\/\/wp.ufpel.edu.br\/labeq\/files\/2023\/03\/baixados-200x200.png 200w\" sizes=\"(max-width: 138px) 100vw, 138px\" \/><\/a><\/td>\n<td style=\"width: 50%; height: 73px;\"><a href=\"https:\/\/wp.ufpel.edu.br\/labeq\/eeeb-osmar-da-rocha-grafulha-ciep\/\"><img class=\"wp-image-552 aligncenter\" src=\"https:\/\/wp.ufpel.edu.br\/labeq\/files\/2023\/03\/Capturar.png\" alt=\"\" width=\"179\" height=\"103\" \/><\/a><\/td>\n<\/tr>\n<tr style=\"height: 24px;\">\n<td style=\"width: 50%; height: 24px;\">\n<p style=\"text-align: center;\">Col\u00e9gio Municipal Pelotense<\/p>\n<p style=\"text-align: center;\"><span style=\"color: #0000ff;\"><a style=\"background-color: #991699; color: #fff; border: none; padding: 5px 20px; font-size: 16px; border-radius: 10px; cursor: pointer; transition: all 0.3s ease;\" href=\"https:\/\/wp.ufpel.edu.br\/labeq\/colegio-municipal-pelotense\/\">Click aqui<\/a><\/span><\/p>\n<\/td>\n<td style=\"width: 50%; height: 24px;\">\n<p style=\"text-align: center;\">Eeeb Osmar Da Rocha Grafulha &#8211; Ciep<\/p>\n<p style=\"text-align: center;\"><span style=\"color: #0000ff;\"><a style=\"background-color: #991699; color: #fff; border: none; padding: 5px 20px; font-size: 16px; border-radius: 10px; cursor: pointer; transition: all 0.3s ease;\" href=\"https:\/\/wp.ufpel.edu.br\/labeq\/eeeb-osmar-da-rocha-grafulha-ciep\/\">Click aqui<\/a><\/span><\/p>\n<\/td>\n<\/tr>\n<tr style=\"height: 178px;\">\n<td style=\"width: 50%; height: 73px;\"><a href=\"https:\/\/wp.ufpel.edu.br\/labeq\/escola-estadual-de-ensino-medio-cel-pedro-osorio\/\"><img class=\" wp-image-689 aligncenter\" src=\"https:\/\/wp.ufpel.edu.br\/labeq\/files\/2023\/04\/Escola-Estadual-de-Ensino-Medio-Cel.-Pedro-Osorio.png\" alt=\"\" width=\"138\" height=\"138\" srcset=\"https:\/\/wp.ufpel.edu.br\/labeq\/files\/2023\/04\/Escola-Estadual-de-Ensino-Medio-Cel.-Pedro-Osorio.png 224w, https:\/\/wp.ufpel.edu.br\/labeq\/files\/2023\/04\/Escola-Estadual-de-Ensino-Medio-Cel.-Pedro-Osorio-200x200.png 200w\" sizes=\"(max-width: 138px) 100vw, 138px\" \/><\/a><\/td>\n<td style=\"width: 50%; height: 73px;\"><\/td>\n<\/tr>\n<tr style=\"height: 56px;\">\n<td style=\"width: 50%; height: 22px;\">\n<p style=\"text-align: center;\">Escola Estadual de Ensino M\u00e9dio Cel. Pedro Os\u00f3rio<\/p>\n<p style=\"text-align: center;\"><span style=\"color: #3366ff;\"><a style=\"background-color: #991699; color: #fff; border: none; padding: 5px 20px; font-size: 16px; border-radius: 10px; cursor: pointer; transition: all 0.3s ease;\" href=\"https:\/\/wp.ufpel.edu.br\/labeq\/escola-estadual-de-ensino-medio-cel-pedro-osorio\/\">Click Aqui<\/a><\/span><\/p>\n<\/td>\n<td style=\"width: 50%; height: 22px;\">\n<p style=\"text-align: center;\">\n<\/td>\n<\/tr>\n<\/tbody>\n<\/table>\n<p style=\"text-align: center;\"><span style=\"color: #0000ff;\"><a><span style=\"font-size: 18pt;\">Informa\u00e7\u00f5es Institucionais <\/span><\/a><\/span><\/p>\n<p style=\"text-align: center;\"><span style=\"color: #0000ff;\"><a style=\"background-color: #991699; color: #fff; border: none; padding: 5px 20px; font-size: 16px; border-radius: 10px; cursor: pointer; transition: all 0.3s ease;\" href=\"https:\/\/institucional.ufpel.edu.br\/projetos\/id\/u5737\"> Click Aqui\u00a0 <\/a><\/span><\/p>\n<\/div>\n","protected":false},"excerpt":{"rendered":"<p>&nbsp; O projeto &#8220;Do laborat\u00f3rio da pesquisa ao laborat\u00f3rio escolar&#8221; tem como objetivo integrar a extens\u00e3o nos cursos de Qu\u00edmica por meio da colabora\u00e7\u00e3o dos profissionais formados nesses cursos com os laborat\u00f3rios escolares. A parceria com as escolas \u00e9 vista como uma a\u00e7\u00e3o estrat\u00e9gica para a melhoria da forma\u00e7\u00e3o dos estudantes e outros sujeitos escolares, [&hellip;]<\/p>\n","protected":false},"author":590,"featured_media":0,"parent":157,"menu_order":0,"comment_status":"closed","ping_status":"closed","template":"","meta":{"footnotes":""},"class_list":["post-569","page","type-page","status-publish","hentry"],"jetpack-related-posts":[{"id":157,"url":"https:\/\/wp.ufpel.edu.br\/labeq\/projetos\/","url_meta":{"origin":569,"position":0},"title":"Projetos","author":"labeq","date":"11\/08\/2022","format":false,"excerpt":"Os Projetos de Extens\u00e3o, Pesquisa e Ensino s\u00e3o fundamentais para o desenvolvimento e aprimoramento do ensino superior. Cada um desses projetos tem suas particularidades e import\u00e2ncia para o processo educacional. Os Projetos de Extens\u00e3o s\u00e3o aqueles que buscam levar o conhecimento produzido na universidade para a comunidade externa, por meio\u2026","rel":"","context":"Post similar","block_context":{"text":"Post similar","link":""},"img":{"alt_text":"","src":"","width":0,"height":0},"classes":[]},{"id":577,"url":"https:\/\/wp.ufpel.edu.br\/labeq\/projetos\/do-laboratorio-da-pesquisa-ao-laboratorio-escolar\/instituto-estadual-de-educacao-assis-brasil\/","url_meta":{"origin":569,"position":1},"title":"Instituto Estadual de Educa\u00e7\u00e3o Assis Brasil","author":"labeq","date":"14\/03\/2023","format":false,"excerpt":"Lista de reagente Click Aqui \u00a0 Protocolo de Utiliza\u00e7\u00e3o do laborat\u00f3rio Click Aqui \u00a0 Artigos para pr\u00e1ticas Click Aqui \u00a0 Respons\u00e1veis Michael Costa da Rosa WhatsApp\u00a0 Natalia Maiqueli WhatsApp \u00a0 Professores\u00a0 Camila C. Pereira \u00a0 \u00a0 Hor\u00e1rios\u00a0 Quarta-Feira (manh\u00e3) Sexta-feira\u00a0 \u00a0 (manh\u00e3)","rel":"","context":"Post similar","block_context":{"text":"Post similar","link":""},"img":{"alt_text":"","src":"","width":0,"height":0},"classes":[]},{"id":583,"url":"https:\/\/wp.ufpel.edu.br\/labeq\/projetos\/do-laboratorio-da-pesquisa-ao-laboratorio-escolar\/colegio-tiradentes-da-brigada-militar-de-pelotas\/","url_meta":{"origin":569,"position":2},"title":"Col\u00e9gio Tiradentes Da Brigada Militar De Pelotas","author":"labeq","date":"14\/03\/2023","format":false,"excerpt":"Lista de reagente e Vidreiras Click Aqui \u00a0 Protocolo de Utiliza\u00e7\u00e3o do laborat\u00f3rio Click Aqui \u00a0 Artigos para pr\u00e1ticas Click Aqui \u00a0 Respons\u00e1veis Daniel Enrique de Jesus San Jose Moya WhatsApp\u00a0 \u00a0 Professores\u00a0 Marcelo Moncks Aurelia \u00a0 Hor\u00e1rios\u00a0 Segunda-Feira (Manh\u00e3) \u00a0","rel":"","context":"Post similar","block_context":{"text":"Post similar","link":""},"img":{"alt_text":"","src":"","width":0,"height":0},"classes":[]},{"id":690,"url":"https:\/\/wp.ufpel.edu.br\/labeq\/escola-estadual-de-ensino-medio-cel-pedro-osorio\/","url_meta":{"origin":569,"position":3},"title":"Escola Estadual de Ensino M\u00e9dio Cel. Pedro Os\u00f3rio","author":"labeq","date":"19\/04\/2023","format":false,"excerpt":"Lista de reagentes e vidrier\u00edas\u00a0 Click Aqui Protocolo de Utiliza\u00e7\u00e3o do laborat\u00f3rio Click Aqui Artigos para pr\u00e1ticas Click Aqui Respons\u00e1veis: Jo\u00e3o Pedro WhatsApp Professores Jader Pereira Hor\u00e1rios Segunda (Tarde)","rel":"","context":"Post similar","block_context":{"text":"Post similar","link":""},"img":{"alt_text":"","src":"","width":0,"height":0},"classes":[]},{"id":821,"url":"https:\/\/wp.ufpel.edu.br\/labeq\/lattes\/","url_meta":{"origin":569,"position":4},"title":"lattes","author":"labeq","date":"26\/07\/2024","format":false,"excerpt":"Trabalhos Publicados em Peri\u00f3dicos \u00a0 Frozza, E. ; PASTORIZA, B. S. . 'A Qu\u00edmica \u00e9 uma \u00e1rea experimental!?: discursos sobre a experimenta\u00e7\u00e3o em um curso de forma\u00e7\u00e3o de professores de Qu\u00edmica. CI\u00caNCIA E NATURA, v. 43, p. 1-26, 2021. https:\/\/doi.org\/10.5902\/2179460X43465 \u00a0 PORCIUNCULA, L. A. B. ; PINHEIRO, A. C. ;\u2026","rel":"","context":"Post similar","block_context":{"text":"Post similar","link":""},"img":{"alt_text":"","src":"","width":0,"height":0},"classes":[]},{"id":158,"url":"https:\/\/wp.ufpel.edu.br\/labeq\/sobre\/","url_meta":{"origin":569,"position":5},"title":"Sobre","author":"labeq","date":"11\/08\/2022","format":false,"excerpt":"Repercuss\u00f5es dos trabalhos do grupo O grupo tem repercuss\u00f5es no campo do Ensino de Qu\u00edmica e Ci\u00eancias, nos n\u00edveis b\u00e1sico e superior, desenvolvendo pesquisas ligadas a quest\u00f5es da filosofia da ci\u00eancia, forma\u00e7\u00e3o de professores, curr\u00edculo, produ\u00e7\u00e3o de materiais did\u00e1ticos, dentre outras a\u00e7\u00f5es Informa\u00e7\u00f5es sobre os projetos, integrantes e repercuss\u00f5es do\u2026","rel":"","context":"Post similar","block_context":{"text":"Post similar","link":""},"img":{"alt_text":"","src":"","width":0,"height":0},"classes":[]}],"jetpack_sharing_enabled":true,"_links":{"self":[{"href":"https:\/\/wp.ufpel.edu.br\/labeq\/wp-json\/wp\/v2\/pages\/569","targetHints":{"allow":["GET"]}}],"collection":[{"href":"https:\/\/wp.ufpel.edu.br\/labeq\/wp-json\/wp\/v2\/pages"}],"about":[{"href":"https:\/\/wp.ufpel.edu.br\/labeq\/wp-json\/wp\/v2\/types\/page"}],"author":[{"embeddable":true,"href":"https:\/\/wp.ufpel.edu.br\/labeq\/wp-json\/wp\/v2\/users\/590"}],"replies":[{"embeddable":true,"href":"https:\/\/wp.ufpel.edu.br\/labeq\/wp-json\/wp\/v2\/comments?post=569"}],"version-history":[{"count":12,"href":"https:\/\/wp.ufpel.edu.br\/labeq\/wp-json\/wp\/v2\/pages\/569\/revisions"}],"predecessor-version":[{"id":758,"href":"https:\/\/wp.ufpel.edu.br\/labeq\/wp-json\/wp\/v2\/pages\/569\/revisions\/758"}],"up":[{"embeddable":true,"href":"https:\/\/wp.ufpel.edu.br\/labeq\/wp-json\/wp\/v2\/pages\/157"}],"wp:attachment":[{"href":"https:\/\/wp.ufpel.edu.br\/labeq\/wp-json\/wp\/v2\/media?parent=569"}],"curies":[{"name":"wp","href":"https:\/\/api.w.org\/{rel}","templated":true}]}}