{"id":183,"date":"2022-08-11T17:33:43","date_gmt":"2022-08-11T20:33:43","guid":{"rendered":"https:\/\/wp.ufpel.edu.br\/labeq\/?page_id=183"},"modified":"2024-07-26T20:30:03","modified_gmt":"2024-07-26T23:30:03","slug":"integrantes","status":"publish","type":"page","link":"https:\/\/wp.ufpel.edu.br\/labeq\/integrantes\/","title":{"rendered":"Integrantes"},"content":{"rendered":"<p><a href=\"https:\/\/wp.ufpel.edu.br\/labeq\/files\/2023\/02\/Integrantes-do-Labeq.png\"><img class=\"alignnone size-full wp-image-443\" src=\"https:\/\/wp.ufpel.edu.br\/labeq\/files\/2023\/02\/Integrantes-do-Labeq.png\" alt=\"\" width=\"2000\" height=\"8000\" srcset=\"https:\/\/wp.ufpel.edu.br\/labeq\/files\/2023\/02\/Integrantes-do-Labeq.png 2000w, https:\/\/wp.ufpel.edu.br\/labeq\/files\/2023\/02\/Integrantes-do-Labeq-100x400.png 100w, https:\/\/wp.ufpel.edu.br\/labeq\/files\/2023\/02\/Integrantes-do-Labeq-256x1024.png 256w, https:\/\/wp.ufpel.edu.br\/labeq\/files\/2023\/02\/Integrantes-do-Labeq-768x3072.png 768w, https:\/\/wp.ufpel.edu.br\/labeq\/files\/2023\/02\/Integrantes-do-Labeq-384x1536.png 384w, https:\/\/wp.ufpel.edu.br\/labeq\/files\/2023\/02\/Integrantes-do-Labeq-512x2048.png 512w\" sizes=\"(max-width: 2000px) 100vw, 2000px\" \/><\/a><\/p>\n","protected":false},"excerpt":{"rendered":"","protected":false},"author":590,"featured_media":0,"parent":0,"menu_order":0,"comment_status":"closed","ping_status":"closed","template":"","meta":{"footnotes":""},"class_list":["post-183","page","type-page","status-publish","hentry"],"jetpack-related-posts":[{"id":158,"url":"https:\/\/wp.ufpel.edu.br\/labeq\/sobre\/","url_meta":{"origin":183,"position":0},"title":"Sobre","author":"labeq","date":"11\/08\/2022","format":false,"excerpt":"Repercuss\u00f5es dos trabalhos do grupo O grupo tem repercuss\u00f5es no campo do Ensino de Qu\u00edmica e Ci\u00eancias, nos n\u00edveis b\u00e1sico e superior, desenvolvendo pesquisas ligadas a quest\u00f5es da filosofia da ci\u00eancia, forma\u00e7\u00e3o de professores, curr\u00edculo, produ\u00e7\u00e3o de materiais did\u00e1ticos, dentre outras a\u00e7\u00f5es Informa\u00e7\u00f5es sobre os projetos, integrantes e repercuss\u00f5es do\u2026","rel":"","context":"Post similar","block_context":{"text":"Post similar","link":""},"img":{"alt_text":"","src":"","width":0,"height":0},"classes":[]},{"id":569,"url":"https:\/\/wp.ufpel.edu.br\/labeq\/projetos\/do-laboratorio-da-pesquisa-ao-laboratorio-escolar\/","url_meta":{"origin":183,"position":1},"title":"Do laborat\u00f3rio da pesquisa ao laborat\u00f3rio escolar","author":"labeq","date":"14\/03\/2023","format":false,"excerpt":"\u00a0 O projeto \"Do laborat\u00f3rio da pesquisa ao laborat\u00f3rio escolar\" tem como objetivo integrar a extens\u00e3o nos cursos de Qu\u00edmica por meio da colabora\u00e7\u00e3o dos profissionais formados nesses cursos com os laborat\u00f3rios escolares. A parceria com as escolas \u00e9 vista como uma a\u00e7\u00e3o estrat\u00e9gica para a melhoria da forma\u00e7\u00e3o dos\u2026","rel":"","context":"Post similar","block_context":{"text":"Post similar","link":""},"img":{"alt_text":"","src":"https:\/\/i0.wp.com\/wp.ufpel.edu.br\/labeq\/files\/2023\/03\/baixados.jpg?resize=350%2C200&ssl=1","width":350,"height":200},"classes":[]}],"jetpack_sharing_enabled":true,"_links":{"self":[{"href":"https:\/\/wp.ufpel.edu.br\/labeq\/wp-json\/wp\/v2\/pages\/183","targetHints":{"allow":["GET"]}}],"collection":[{"href":"https:\/\/wp.ufpel.edu.br\/labeq\/wp-json\/wp\/v2\/pages"}],"about":[{"href":"https:\/\/wp.ufpel.edu.br\/labeq\/wp-json\/wp\/v2\/types\/page"}],"author":[{"embeddable":true,"href":"https:\/\/wp.ufpel.edu.br\/labeq\/wp-json\/wp\/v2\/users\/590"}],"replies":[{"embeddable":true,"href":"https:\/\/wp.ufpel.edu.br\/labeq\/wp-json\/wp\/v2\/comments?post=183"}],"version-history":[{"count":33,"href":"https:\/\/wp.ufpel.edu.br\/labeq\/wp-json\/wp\/v2\/pages\/183\/revisions"}],"predecessor-version":[{"id":811,"href":"https:\/\/wp.ufpel.edu.br\/labeq\/wp-json\/wp\/v2\/pages\/183\/revisions\/811"}],"wp:attachment":[{"href":"https:\/\/wp.ufpel.edu.br\/labeq\/wp-json\/wp\/v2\/media?parent=183"}],"curies":[{"name":"wp","href":"https:\/\/api.w.org\/{rel}","templated":true}]}}